{"id":80909,"date":"2025-06-18T12:08:07","date_gmt":"2025-06-18T12:08:07","guid":{"rendered":"https:\/\/www.castrum.ee\/toode\/astinlaudat-ht001-kure-akselivali-kanssa-z44qri\/"},"modified":"2026-05-11T14:27:54","modified_gmt":"2026-05-11T11:27:54","slug":"astinlaudat-ht001-kure-akselivali-kanssa","status":"publish","type":"product","link":"https:\/\/www.castrum.ee\/fi\/toode\/astinlaudat-ht001-kure-akselivali-kanssa\/","title":{"rendered":"Astinlaudat HT001 K\u00fcre | Akseliv\u00e4lin valinnan kanssa"},"content":{"rendered":"<p><strong>Miksi valita juuri n\u00e4m\u00e4 astinlaudat:<\/strong><\/p>\n<ul>\n<li>Tarjoavat lis\u00e4suojaa ajoneuvollesi.<\/li>\n<li>Sopivat ajoneuvoon kuin OEM-lis\u00e4varustus<\/li>\n<li>Helppo asentaa \/ Plug and play.<\/li>\n<\/ul>\n<p><strong>Sarja sis\u00e4lt\u00e4\u00e4:<\/strong><\/p>\n<ul>\n<li>Yhden parin astinlautoja (vasen ja oikea).<\/li>\n<li>Asennukseen tarvittavat kiinnitysv\u00e4lineet.<\/li>\n<li>Asennusohjeet.<\/li>\n<\/ul>\n<p><strong>Helppo asentaa:<\/strong><br \/>\nAstinlattojen asentaminen on eritt\u00e4in helppoa, sill\u00e4 sarjaan sis\u00e4ltyv\u00e4t sek\u00e4 asennusohjeet ett\u00e4 tarvittavat osat. T\u00e4m\u00e4 eliminoi tarpeen ajoneuvon lis\u00e4muutoksille. Astinlatot asennetaan olemassa oleviin kiinnityspaikkoihin ajoneuvon rungossa tai rungossa.<\/p>\n<p><strong>Lis\u00e4suoja ajoneuvon rungolle:<\/strong><br \/>\nAstinlatot tarjoavat suojaa ovelle ja sivupaneeleille kiveist\u00e4, asfaltin palasista sek\u00e4 ahtaisissa paikoissa muiden autojen ovista aiheutuvilta vaurioilta. T\u00e4m\u00e4 on erityisen t\u00e4rke\u00e4\u00e4 soratiell\u00e4 ja maaper\u00e4ll\u00e4. Astinlatot suojaavat my\u00f6s suuremmilta kivilt\u00e4 ja renkaiden alla lent\u00e4vilt\u00e4 esineilt\u00e4.<\/p>\n<p>Lis\u00e4ksi astinlatot on varustettu liukastumisen vastaisella teknologialla, joka parantaa pit\u00e4vyytt\u00e4 ja voi est\u00e4\u00e4 onnettomuuksia tilanteissa, joissa keng\u00e4n pohjassa on p\u00f6ly\u00e4, lunta, \u00f6ljy\u00e4 jne. Samoin se auttaa suojelemaan ajoneuvon lattiamateriaaleja.<\/p>\n<p><strong>T\u00e4rke\u00e4 tieto:<\/strong><\/p>\n<ul>\n<li>Joissakin ajoneuvoissa saattaa olla muovisissa korkit kiinnitysten reikien peitt\u00e4miseksi, jotka on poistettava ennen sivuputkien asennusta.<\/li>\n<li>\u00c4l\u00e4 k\u00e4yt\u00e4 metallisen lis\u00e4varusteiden puhdistukseen autojen pesuaineita, jotka sis\u00e4lt\u00e4v\u00e4t TFR- (Traffic Film Remover) kemikaaleja, koska ne voivat aiheuttaa korroosiota. N\u00e4ill\u00e4 liuottimilla puhdistaminen voi mit\u00e4t\u00f6id\u00e4 takuun.<\/li>\n<li>Suosittelemme eritt\u00e4in vahvasti tarkistamaan pultit ja kiinnitysyksityiskohdat 7 p\u00e4iv\u00e4n kuluttua alkuper\u00e4isest\u00e4 asennuksesta, jotta varmistetaan, ett\u00e4 ne ovat kunnolla kiinnitetyt. Turvallisuussyist\u00e4 kaikki osat olisi tarkistettava 3-6 kuukauden v\u00e4lein.<\/li>\n<\/ul>\n<p><strong>ARP-br\u00e4ndist\u00e4:<\/strong><br \/>\nARP on t\u00e4rke\u00e4 toimija autojen osien ja tarvikkeiden teollisuudessa, tarjoten varaosia ja tarvikkeita 4\u00d74 maastoautoille, lava-autoille, henkil\u00f6autoille, kuorma-autoille ja kaupallisille ajoneuvoille, mukaan lukien sek\u00e4 vanhemmat ett\u00e4 uudemmat mallit. Castrum on ARP-tuotteiden virallinen j\u00e4lleenmyyj\u00e4 Suomessa.<\/p>\n","protected":false},"excerpt":{"rendered":"<p>Anodisoidut alumiini-astinlatot. Sarja sis\u00e4lt\u00e4\u00e4 kaiken asennukseen tarvittavan.<\/p>\n","protected":false},"featured_media":5160,"template":"","meta":{"_acf_changed":false},"mark-ja-mudel":[],"product_brand":[2097,1288,1286,1281,1557,1280,1558,1289,1275],"product_cat":[1067,1066],"product_tag":[],"class_list":{"0":"post-80909","1":"product","2":"type-product","3":"status-publish","4":"has-post-thumbnail","6":"product_brand-arp-fi","7":"product_brand-custom","8":"product_brand-ford","9":"product_brand-t5","10":"product_brand-t5-1","11":"product_brand-t6","12":"product_brand-t6-1","13":"product_brand-transit-custom","14":"product_brand-volkswagen","15":"product_cat-astinlaudat","16":"product_cat-astinlaudat-ja-sivusuojat","17":"product_shipping_class-tukku","19":"first","20":"instock","21":"taxable","22":"shipping-taxable","23":"purchasable","24":"product-type-variable"},"bundled_by":[],"bundle_stock_status":"instock","bundle_stock_quantity":null,"bundle_virtual":false,"bundle_layout":"","bundle_add_to_cart_form_location":"","bundle_editable_in_cart":false,"bundle_sold_individually_context":"","bundle_item_grouping":"","bundle_min_size":"","bundle_max_size":"","bundle_price":[],"bundled_items":[],"bundle_sell_ids":[],"acf":[],"yoast_head":"<!-- This site is optimized with the Yoast SEO plugin v27.5 - https:\/\/yoast.com\/product\/yoast-seo-wordpress\/ -->\n<title>Astinlaudat HT001 K\u00fcre | Akseliv\u00e4lin valinnan kanssa | Castrum<\/title>\n<meta name=\"description\" content=\"Astinlaudat HT001 K\u00fcre akseliv\u00e4lin valinnalla. Kylkiputket ja astinlatot maastoautoille ja henkil\u00f6autoille. Castrum 4x4-lis\u00e4varustus ja varaosat.\" \/>\n<meta name=\"robots\" content=\"index, follow, max-snippet:-1, max-image-preview:large, max-video-preview:-1\" \/>\n<link rel=\"canonical\" href=\"https:\/\/www.castrum.ee\/fi\/toode\/astinlaudat-ht001-kure-akselivali-kanssa\/\" \/>\n<meta property=\"og:locale\" content=\"fi_FI\" \/>\n<meta property=\"og:type\" content=\"article\" \/>\n<meta property=\"og:title\" content=\"Astinlaudat HT001 K\u00fcre | Akseliv\u00e4lin valinnan kanssa | Castrum\" \/>\n<meta property=\"og:description\" content=\"Astinlaudat HT001 K\u00fcre akseliv\u00e4lin valinnalla. Kylkiputket ja astinlatot maastoautoille ja henkil\u00f6autoille. Castrum 4x4-lis\u00e4varustus ja varaosat.\" \/>\n<meta property=\"og:url\" content=\"https:\/\/www.castrum.ee\/fi\/toode\/astinlaudat-ht001-kure-akselivali-kanssa\/\" \/>\n<meta property=\"og:site_name\" content=\"Castrum\" \/>\n<meta property=\"article:publisher\" content=\"https:\/\/www.facebook.com\/castrum.ee\" \/>\n<meta property=\"article:modified_time\" content=\"2026-05-11T11:27:54+00:00\" \/>\n<meta property=\"og:image\" content=\"https:\/\/www.castrum.ee\/wp-content\/uploads\/2025\/06\/final-14-5-scaled-1.jpg\" \/>\n\t<meta property=\"og:image:width\" content=\"2560\" \/>\n\t<meta property=\"og:image:height\" content=\"1700\" \/>\n\t<meta property=\"og:image:type\" content=\"image\/jpeg\" \/>\n<meta name=\"twitter:card\" content=\"summary_large_image\" \/>\n<meta name=\"twitter:label1\" content=\"Arvioitu lukuaika\" \/>\n\t<meta name=\"twitter:data1\" content=\"1 minuutti\" \/>\n<script type=\"application\/ld+json\" class=\"yoast-schema-graph\">{\"@context\":\"https:\\\/\\\/schema.org\",\"@graph\":[{\"@type\":\"WebPage\",\"@id\":\"https:\\\/\\\/www.castrum.ee\\\/fi\\\/toode\\\/astinlaudat-ht001-kure-akselivali-kanssa\\\/\",\"url\":\"https:\\\/\\\/www.castrum.ee\\\/fi\\\/toode\\\/astinlaudat-ht001-kure-akselivali-kanssa\\\/\",\"name\":\"Astinlaudat HT001 K\u00fcre | Akseliv\u00e4lin valinnan kanssa | Castrum\",\"isPartOf\":{\"@id\":\"https:\\\/\\\/www.castrum.ee\\\/fi\\\/#website\"},\"primaryImageOfPage\":{\"@id\":\"https:\\\/\\\/www.castrum.ee\\\/fi\\\/toode\\\/astinlaudat-ht001-kure-akselivali-kanssa\\\/#primaryimage\"},\"image\":{\"@id\":\"https:\\\/\\\/www.castrum.ee\\\/fi\\\/toode\\\/astinlaudat-ht001-kure-akselivali-kanssa\\\/#primaryimage\"},\"thumbnailUrl\":\"https:\\\/\\\/www.castrum.ee\\\/wp-content\\\/uploads\\\/2025\\\/06\\\/final-14-5-scaled-1.jpg\",\"datePublished\":\"2025-06-18T12:08:07+00:00\",\"dateModified\":\"2026-05-11T11:27:54+00:00\",\"description\":\"Astinlaudat HT001 K\u00fcre akseliv\u00e4lin valinnalla. Kylkiputket ja astinlatot maastoautoille ja henkil\u00f6autoille. Castrum 4x4-lis\u00e4varustus ja varaosat.\",\"breadcrumb\":{\"@id\":\"https:\\\/\\\/www.castrum.ee\\\/fi\\\/toode\\\/astinlaudat-ht001-kure-akselivali-kanssa\\\/#breadcrumb\"},\"inLanguage\":\"fi\",\"potentialAction\":[{\"@type\":\"ReadAction\",\"target\":[\"https:\\\/\\\/www.castrum.ee\\\/fi\\\/toode\\\/astinlaudat-ht001-kure-akselivali-kanssa\\\/\"]}]},{\"@type\":\"ImageObject\",\"inLanguage\":\"fi\",\"@id\":\"https:\\\/\\\/www.castrum.ee\\\/fi\\\/toode\\\/astinlaudat-ht001-kure-akselivali-kanssa\\\/#primaryimage\",\"url\":\"https:\\\/\\\/www.castrum.ee\\\/wp-content\\\/uploads\\\/2025\\\/06\\\/final-14-5-scaled-1.jpg\",\"contentUrl\":\"https:\\\/\\\/www.castrum.ee\\\/wp-content\\\/uploads\\\/2025\\\/06\\\/final-14-5-scaled-1.jpg\",\"width\":2560,\"height\":1700},{\"@type\":\"BreadcrumbList\",\"@id\":\"https:\\\/\\\/www.castrum.ee\\\/fi\\\/toode\\\/astinlaudat-ht001-kure-akselivali-kanssa\\\/#breadcrumb\",\"itemListElement\":[{\"@type\":\"ListItem\",\"position\":1,\"name\":\"Home\",\"item\":\"https:\\\/\\\/www.castrum.ee\\\/fi\\\/kotisivu\\\/\"},{\"@type\":\"ListItem\",\"position\":2,\"name\":\"Verkkokauppa\",\"item\":\"https:\\\/\\\/www.castrum.ee\\\/fi\\\/kauppa\\\/\"},{\"@type\":\"ListItem\",\"position\":3,\"name\":\"Astinlaudat HT001 K\u00fcre | Akseliv\u00e4lin valinnan kanssa\"}]},{\"@type\":\"WebSite\",\"@id\":\"https:\\\/\\\/www.castrum.ee\\\/fi\\\/#website\",\"url\":\"https:\\\/\\\/www.castrum.ee\\\/fi\\\/\",\"name\":\"Castrum\",\"description\":\"Maastoautojen, henkil\u00f6autojen ja pienvaunujen lis\u00e4varusteet\",\"publisher\":{\"@id\":\"https:\\\/\\\/www.castrum.ee\\\/fi\\\/#organization\"},\"potentialAction\":[{\"@type\":\"SearchAction\",\"target\":{\"@type\":\"EntryPoint\",\"urlTemplate\":\"https:\\\/\\\/www.castrum.ee\\\/fi\\\/?s={search_term_string}\"},\"query-input\":{\"@type\":\"PropertyValueSpecification\",\"valueRequired\":true,\"valueName\":\"search_term_string\"}}],\"inLanguage\":\"fi\"},{\"@type\":\"Organization\",\"@id\":\"https:\\\/\\\/www.castrum.ee\\\/fi\\\/#organization\",\"name\":\"Castrum Grupp O\u00dc\",\"url\":\"https:\\\/\\\/www.castrum.ee\\\/fi\\\/\",\"logo\":{\"@type\":\"ImageObject\",\"inLanguage\":\"fi\",\"@id\":\"https:\\\/\\\/www.castrum.ee\\\/fi\\\/#\\\/schema\\\/logo\\\/image\\\/\",\"url\":\"https:\\\/\\\/www.castrum.ee\\\/wp-content\\\/uploads\\\/2025\\\/03\\\/Castrum-logo-500.png\",\"contentUrl\":\"https:\\\/\\\/www.castrum.ee\\\/wp-content\\\/uploads\\\/2025\\\/03\\\/Castrum-logo-500.png\",\"width\":500,\"height\":250,\"caption\":\"Castrum Grupp O\u00dc\"},\"image\":{\"@id\":\"https:\\\/\\\/www.castrum.ee\\\/fi\\\/#\\\/schema\\\/logo\\\/image\\\/\"},\"sameAs\":[\"https:\\\/\\\/www.facebook.com\\\/castrum.ee\"]}]}<\/script>\n<!-- \/ Yoast SEO plugin. -->","yoast_head_json":{"title":"Astinlaudat HT001 K\u00fcre | Akseliv\u00e4lin valinnan kanssa | Castrum","description":"Astinlaudat HT001 K\u00fcre akseliv\u00e4lin valinnalla. Kylkiputket ja astinlatot maastoautoille ja henkil\u00f6autoille. Castrum 4x4-lis\u00e4varustus ja varaosat.","robots":{"index":"index","follow":"follow","max-snippet":"max-snippet:-1","max-image-preview":"max-image-preview:large","max-video-preview":"max-video-preview:-1"},"canonical":"https:\/\/www.castrum.ee\/fi\/toode\/astinlaudat-ht001-kure-akselivali-kanssa\/","og_locale":"fi_FI","og_type":"article","og_title":"Astinlaudat HT001 K\u00fcre | Akseliv\u00e4lin valinnan kanssa | Castrum","og_description":"Astinlaudat HT001 K\u00fcre akseliv\u00e4lin valinnalla. Kylkiputket ja astinlatot maastoautoille ja henkil\u00f6autoille. Castrum 4x4-lis\u00e4varustus ja varaosat.","og_url":"https:\/\/www.castrum.ee\/fi\/toode\/astinlaudat-ht001-kure-akselivali-kanssa\/","og_site_name":"Castrum","article_publisher":"https:\/\/www.facebook.com\/castrum.ee","article_modified_time":"2026-05-11T11:27:54+00:00","og_image":[{"width":2560,"height":1700,"url":"https:\/\/www.castrum.ee\/wp-content\/uploads\/2025\/06\/final-14-5-scaled-1.jpg","type":"image\/jpeg"}],"twitter_card":"summary_large_image","twitter_misc":{"Arvioitu lukuaika":"1 minuutti"},"schema":{"@context":"https:\/\/schema.org","@graph":[{"@type":"WebPage","@id":"https:\/\/www.castrum.ee\/fi\/toode\/astinlaudat-ht001-kure-akselivali-kanssa\/","url":"https:\/\/www.castrum.ee\/fi\/toode\/astinlaudat-ht001-kure-akselivali-kanssa\/","name":"Astinlaudat HT001 K\u00fcre | Akseliv\u00e4lin valinnan kanssa | Castrum","isPartOf":{"@id":"https:\/\/www.castrum.ee\/fi\/#website"},"primaryImageOfPage":{"@id":"https:\/\/www.castrum.ee\/fi\/toode\/astinlaudat-ht001-kure-akselivali-kanssa\/#primaryimage"},"image":{"@id":"https:\/\/www.castrum.ee\/fi\/toode\/astinlaudat-ht001-kure-akselivali-kanssa\/#primaryimage"},"thumbnailUrl":"https:\/\/www.castrum.ee\/wp-content\/uploads\/2025\/06\/final-14-5-scaled-1.jpg","datePublished":"2025-06-18T12:08:07+00:00","dateModified":"2026-05-11T11:27:54+00:00","description":"Astinlaudat HT001 K\u00fcre akseliv\u00e4lin valinnalla. Kylkiputket ja astinlatot maastoautoille ja henkil\u00f6autoille. Castrum 4x4-lis\u00e4varustus ja varaosat.","breadcrumb":{"@id":"https:\/\/www.castrum.ee\/fi\/toode\/astinlaudat-ht001-kure-akselivali-kanssa\/#breadcrumb"},"inLanguage":"fi","potentialAction":[{"@type":"ReadAction","target":["https:\/\/www.castrum.ee\/fi\/toode\/astinlaudat-ht001-kure-akselivali-kanssa\/"]}]},{"@type":"ImageObject","inLanguage":"fi","@id":"https:\/\/www.castrum.ee\/fi\/toode\/astinlaudat-ht001-kure-akselivali-kanssa\/#primaryimage","url":"https:\/\/www.castrum.ee\/wp-content\/uploads\/2025\/06\/final-14-5-scaled-1.jpg","contentUrl":"https:\/\/www.castrum.ee\/wp-content\/uploads\/2025\/06\/final-14-5-scaled-1.jpg","width":2560,"height":1700},{"@type":"BreadcrumbList","@id":"https:\/\/www.castrum.ee\/fi\/toode\/astinlaudat-ht001-kure-akselivali-kanssa\/#breadcrumb","itemListElement":[{"@type":"ListItem","position":1,"name":"Home","item":"https:\/\/www.castrum.ee\/fi\/kotisivu\/"},{"@type":"ListItem","position":2,"name":"Verkkokauppa","item":"https:\/\/www.castrum.ee\/fi\/kauppa\/"},{"@type":"ListItem","position":3,"name":"Astinlaudat HT001 K\u00fcre | Akseliv\u00e4lin valinnan kanssa"}]},{"@type":"WebSite","@id":"https:\/\/www.castrum.ee\/fi\/#website","url":"https:\/\/www.castrum.ee\/fi\/","name":"Castrum","description":"Maastoautojen, henkil\u00f6autojen ja pienvaunujen lis\u00e4varusteet","publisher":{"@id":"https:\/\/www.castrum.ee\/fi\/#organization"},"potentialAction":[{"@type":"SearchAction","target":{"@type":"EntryPoint","urlTemplate":"https:\/\/www.castrum.ee\/fi\/?s={search_term_string}"},"query-input":{"@type":"PropertyValueSpecification","valueRequired":true,"valueName":"search_term_string"}}],"inLanguage":"fi"},{"@type":"Organization","@id":"https:\/\/www.castrum.ee\/fi\/#organization","name":"Castrum Grupp O\u00dc","url":"https:\/\/www.castrum.ee\/fi\/","logo":{"@type":"ImageObject","inLanguage":"fi","@id":"https:\/\/www.castrum.ee\/fi\/#\/schema\/logo\/image\/","url":"https:\/\/www.castrum.ee\/wp-content\/uploads\/2025\/03\/Castrum-logo-500.png","contentUrl":"https:\/\/www.castrum.ee\/wp-content\/uploads\/2025\/03\/Castrum-logo-500.png","width":500,"height":250,"caption":"Castrum Grupp O\u00dc"},"image":{"@id":"https:\/\/www.castrum.ee\/fi\/#\/schema\/logo\/image\/"},"sameAs":["https:\/\/www.facebook.com\/castrum.ee"]}]}},"_links":{"self":[{"href":"https:\/\/www.castrum.ee\/fi\/wp-json\/wp\/v2\/product\/80909","targetHints":{"allow":["GET"]}}],"collection":[{"href":"https:\/\/www.castrum.ee\/fi\/wp-json\/wp\/v2\/product"}],"about":[{"href":"https:\/\/www.castrum.ee\/fi\/wp-json\/wp\/v2\/types\/product"}],"wp:featuredmedia":[{"embeddable":true,"href":"https:\/\/www.castrum.ee\/fi\/wp-json\/wp\/v2\/media\/5160"}],"wp:attachment":[{"href":"https:\/\/www.castrum.ee\/fi\/wp-json\/wp\/v2\/media?parent=80909"}],"wp:term":[{"taxonomy":"mark-ja-mudel","embeddable":true,"href":"https:\/\/www.castrum.ee\/fi\/wp-json\/wp\/v2\/mark-ja-mudel?post=80909"},{"taxonomy":"product_brand","embeddable":true,"href":"https:\/\/www.castrum.ee\/fi\/wp-json\/wp\/v2\/product_brand?post=80909"},{"taxonomy":"product_cat","embeddable":true,"href":"https:\/\/www.castrum.ee\/fi\/wp-json\/wp\/v2\/product_cat?post=80909"},{"taxonomy":"product_tag","embeddable":true,"href":"https:\/\/www.castrum.ee\/fi\/wp-json\/wp\/v2\/product_tag?post=80909"}],"curies":[{"name":"wp","href":"https:\/\/api.w.org\/{rel}","templated":true}]}}