{"id":80910,"date":"2025-06-18T12:08:07","date_gmt":"2025-06-18T12:08:07","guid":{"rendered":"https:\/\/www.castrum.ee\/toode\/astinlaudat-ht001-kure-9whtd9\/"},"modified":"2026-05-11T14:27:50","modified_gmt":"2026-05-11T11:27:50","slug":"astinlaudat-ht001-kure","status":"publish","type":"product","link":"https:\/\/www.castrum.ee\/fi\/toode\/astinlaudat-ht001-kure\/","title":{"rendered":"Astinlaudat HT001 K\u00fcre"},"content":{"rendered":"<p><strong>Miksi valita juuri n\u00e4m\u00e4 astinlaudat:<\/strong><\/p>\n<ul>\n<li>Tarjoavat lis\u00e4suojaa ajoneuvollesi.<\/li>\n<li>Sopivat ajoneuvoon kuin OEM-varustus<\/li>\n<li>Helppo asentaa \/ Plug and play.<\/li>\n<\/ul>\n<p><strong>Sarja sis\u00e4lt\u00f6:<\/strong><\/p>\n<ul>\n<li>Yhden parin astinlautoja (vasen ja oikea).<\/li>\n<li>Asennukseen tarvittavat kiinnitysosat.<\/li>\n<li>Asennusohjeen.<\/li>\n<\/ul>\n<p><strong>Helppo asentaa:<\/strong><br \/>\nAstinlautatten asennus on hyvin yksinkertaista, koska sarjaan kuuluu sek\u00e4 asennusohje ett\u00e4 tarvittavat osat. T\u00e4m\u00e4 eliminoi tarpeen ajoneuvon lis\u00e4muutoksille. Astinlaudat asennetaan olemassa oleviin kiinnityspaikkoihin ajoneuvon kehykselle tai korin sivuille.<\/p>\n<p><strong>Lis\u00e4suoja ajoneuvon korille:<\/strong><br \/>\nAstinlaudat tarjoavat suojaa oviin ja sivupaneeloihin kivill\u00e4, asfaltin sirpaleilla sek\u00e4 ahtaissa paikoissa muiden autojen ovissa tapahtuneista vaurioista. T\u00e4m\u00e4 on erityisen t\u00e4rke\u00e4\u00e4 sorap\u00e4\u00e4llysteisill\u00e4 ja maaper\u00e4teill\u00e4. Samoin astinlaudat suojaavat suuremmilta kivill\u00e4 ja py\u00f6rist\u00e4 roiskivilt\u00e4 esineilt\u00e4.<\/p>\n<p>Lis\u00e4ksi astinlaudat on varustettu liukastumisen est\u00e4v\u00e4ll\u00e4 teknologialla, joka parantaa pit\u00e4vyytt\u00e4 ja voi est\u00e4\u00e4 onnettomuuksia tilanteissa, joissa keng\u00e4n pohjassa on likaa, lunta, \u00f6ljy\u00e4 jne. Samoin se auttaa suojaamaan ajoneuvon lattiamattoja.<\/p>\n<p><strong>T\u00e4rke\u00e4 tieto:<\/strong><\/p>\n<ul>\n<li>Joillakin ajoneuvoilla saattaa olla muovisia korkkeja kiinnitysten rei\u00e4n peitt\u00e4miseen, jotka on poistettava ennen sivuputkien asennusta.<\/li>\n<li>\u00c4l\u00e4 k\u00e4yt\u00e4 metallisten lis\u00e4tarvikkeiden puhdistuksessa autopesuaineita, jotka sis\u00e4lt\u00e4v\u00e4t TFR-kemikaalia (Traffic Film Remover), koska ne voivat aiheuttaa korroosiota. N\u00e4ill\u00e4 liuoksilla puhdistaminen voi mit\u00e4t\u00f6id\u00e4 takuun.<\/li>\n<li>Suosittelemme varauksetta tarkistaa ruuveja ja kiinnitysdetaljeja 7 p\u00e4iv\u00e4n kuluttua ensimm\u00e4isest\u00e4 asennuksesta, jotta varmistetaan, ett\u00e4 ne ovat kunnolla kiinnittyneet. Turvallisuuden vuoksi kaikki osat tulee tarkastaa 3\u20136 kuukauden v\u00e4lein.<\/li>\n<\/ul>\n<p><strong>ARP-br\u00e4ndist\u00e4:<\/strong><br \/>\nARP on t\u00e4rke\u00e4 toimija autojen osien ja -tarvikkeiden teollisuudessa, ja se tarjoaa varaosaita ja tarvikkeita 4\u00d74 maastoautoihin, lava-autoihin, henkil\u00f6autoihin, kuorma-autoihin ja kaupallisiin ajoneuvoihin, my\u00f6s vanhemmille ja uudemmille malleille. Castrum on ARP-tuotteiden virallinen j\u00e4lleenmyyj\u00e4 Suomessa.<\/p>\n","protected":false},"excerpt":{"rendered":"<p>Anodoidusta alumiinista valmistetut astinlaudat. Sarja sis\u00e4lt\u00e4\u00e4 kaiken asennukseen tarvittavan.<\/p>\n","protected":false},"featured_media":5153,"template":"","meta":{"_acf_changed":false},"mark-ja-mudel":[],"product_brand":[1500,2097,1339,1551,1437,1438,1307,1317,1308,1275],"product_cat":[1067,1066],"product_tag":[],"class_list":{"0":"post-80910","1":"product","2":"type-product","3":"status-publish","4":"has-post-thumbnail","6":"product_brand-1500","7":"product_brand-arp-fi","8":"product_brand-caddy","9":"product_brand-caddy-maxi-lwb","10":"product_brand-hyundai","11":"product_brand-ix35","12":"product_brand-kia","13":"product_brand-peugeot","14":"product_brand-sportage","15":"product_brand-volkswagen","16":"product_cat-astinlaudat","17":"product_cat-astinlaudat-ja-sivusuojat","18":"product_shipping_class-tukku","20":"first","21":"instock","22":"taxable","23":"shipping-taxable","24":"purchasable","25":"product-type-variable"},"bundled_by":[],"bundle_stock_status":"instock","bundle_stock_quantity":null,"bundle_virtual":false,"bundle_layout":"","bundle_add_to_cart_form_location":"","bundle_editable_in_cart":false,"bundle_sold_individually_context":"","bundle_item_grouping":"","bundle_min_size":"","bundle_max_size":"","bundle_price":[],"bundled_items":[],"bundle_sell_ids":[],"acf":[],"yoast_head":"<!-- This site is optimized with the Yoast SEO plugin v27.5 - https:\/\/yoast.com\/product\/yoast-seo-wordpress\/ -->\n<title>Astinlaudat HT001 K\u00fcre | Castrum<\/title>\n<meta name=\"description\" content=\"Astinlaudat HT001 K\u00fcre - premium astinlaudat ja kylkiputket maastoautoihin. Anodialumiini, helppo asennus.\" \/>\n<meta name=\"robots\" content=\"index, follow, max-snippet:-1, max-image-preview:large, max-video-preview:-1\" \/>\n<link rel=\"canonical\" href=\"https:\/\/www.castrum.ee\/fi\/toode\/astinlaudat-ht001-kure\/\" \/>\n<meta property=\"og:locale\" content=\"fi_FI\" \/>\n<meta property=\"og:type\" content=\"article\" \/>\n<meta property=\"og:title\" content=\"Astinlaudat HT001 K\u00fcre | Castrum\" \/>\n<meta property=\"og:description\" content=\"Astinlaudat HT001 K\u00fcre - premium astinlaudat ja kylkiputket maastoautoihin. Anodialumiini, helppo asennus.\" \/>\n<meta property=\"og:url\" content=\"https:\/\/www.castrum.ee\/fi\/toode\/astinlaudat-ht001-kure\/\" \/>\n<meta property=\"og:site_name\" content=\"Castrum\" \/>\n<meta property=\"article:publisher\" content=\"https:\/\/www.facebook.com\/castrum.ee\" \/>\n<meta property=\"article:modified_time\" content=\"2026-05-11T11:27:50+00:00\" \/>\n<meta property=\"og:image\" content=\"https:\/\/www.castrum.ee\/wp-content\/uploads\/2025\/06\/final-16-5.jpg\" \/>\n\t<meta property=\"og:image:width\" content=\"858\" \/>\n\t<meta property=\"og:image:height\" content=\"570\" \/>\n\t<meta property=\"og:image:type\" content=\"image\/jpeg\" \/>\n<meta name=\"twitter:card\" content=\"summary_large_image\" \/>\n<meta name=\"twitter:label1\" content=\"Arvioitu lukuaika\" \/>\n\t<meta name=\"twitter:data1\" content=\"1 minuutti\" \/>\n<script type=\"application\/ld+json\" class=\"yoast-schema-graph\">{\"@context\":\"https:\\\/\\\/schema.org\",\"@graph\":[{\"@type\":\"WebPage\",\"@id\":\"https:\\\/\\\/www.castrum.ee\\\/fi\\\/toode\\\/astinlaudat-ht001-kure\\\/\",\"url\":\"https:\\\/\\\/www.castrum.ee\\\/fi\\\/toode\\\/astinlaudat-ht001-kure\\\/\",\"name\":\"Astinlaudat HT001 K\u00fcre | Castrum\",\"isPartOf\":{\"@id\":\"https:\\\/\\\/www.castrum.ee\\\/fi\\\/#website\"},\"primaryImageOfPage\":{\"@id\":\"https:\\\/\\\/www.castrum.ee\\\/fi\\\/toode\\\/astinlaudat-ht001-kure\\\/#primaryimage\"},\"image\":{\"@id\":\"https:\\\/\\\/www.castrum.ee\\\/fi\\\/toode\\\/astinlaudat-ht001-kure\\\/#primaryimage\"},\"thumbnailUrl\":\"https:\\\/\\\/www.castrum.ee\\\/wp-content\\\/uploads\\\/2025\\\/06\\\/final-16-5.jpg\",\"datePublished\":\"2025-06-18T12:08:07+00:00\",\"dateModified\":\"2026-05-11T11:27:50+00:00\",\"description\":\"Astinlaudat HT001 K\u00fcre - premium astinlaudat ja kylkiputket maastoautoihin. Anodialumiini, helppo asennus.\",\"breadcrumb\":{\"@id\":\"https:\\\/\\\/www.castrum.ee\\\/fi\\\/toode\\\/astinlaudat-ht001-kure\\\/#breadcrumb\"},\"inLanguage\":\"fi\",\"potentialAction\":[{\"@type\":\"ReadAction\",\"target\":[\"https:\\\/\\\/www.castrum.ee\\\/fi\\\/toode\\\/astinlaudat-ht001-kure\\\/\"]}]},{\"@type\":\"ImageObject\",\"inLanguage\":\"fi\",\"@id\":\"https:\\\/\\\/www.castrum.ee\\\/fi\\\/toode\\\/astinlaudat-ht001-kure\\\/#primaryimage\",\"url\":\"https:\\\/\\\/www.castrum.ee\\\/wp-content\\\/uploads\\\/2025\\\/06\\\/final-16-5.jpg\",\"contentUrl\":\"https:\\\/\\\/www.castrum.ee\\\/wp-content\\\/uploads\\\/2025\\\/06\\\/final-16-5.jpg\",\"width\":858,\"height\":570},{\"@type\":\"BreadcrumbList\",\"@id\":\"https:\\\/\\\/www.castrum.ee\\\/fi\\\/toode\\\/astinlaudat-ht001-kure\\\/#breadcrumb\",\"itemListElement\":[{\"@type\":\"ListItem\",\"position\":1,\"name\":\"Home\",\"item\":\"https:\\\/\\\/www.castrum.ee\\\/fi\\\/kotisivu\\\/\"},{\"@type\":\"ListItem\",\"position\":2,\"name\":\"Verkkokauppa\",\"item\":\"https:\\\/\\\/www.castrum.ee\\\/fi\\\/kauppa\\\/\"},{\"@type\":\"ListItem\",\"position\":3,\"name\":\"Astinlaudat HT001 K\u00fcre\"}]},{\"@type\":\"WebSite\",\"@id\":\"https:\\\/\\\/www.castrum.ee\\\/fi\\\/#website\",\"url\":\"https:\\\/\\\/www.castrum.ee\\\/fi\\\/\",\"name\":\"Castrum\",\"description\":\"Maastoautojen, henkil\u00f6autojen ja pienvaunujen lis\u00e4varusteet\",\"publisher\":{\"@id\":\"https:\\\/\\\/www.castrum.ee\\\/fi\\\/#organization\"},\"potentialAction\":[{\"@type\":\"SearchAction\",\"target\":{\"@type\":\"EntryPoint\",\"urlTemplate\":\"https:\\\/\\\/www.castrum.ee\\\/fi\\\/?s={search_term_string}\"},\"query-input\":{\"@type\":\"PropertyValueSpecification\",\"valueRequired\":true,\"valueName\":\"search_term_string\"}}],\"inLanguage\":\"fi\"},{\"@type\":\"Organization\",\"@id\":\"https:\\\/\\\/www.castrum.ee\\\/fi\\\/#organization\",\"name\":\"Castrum Grupp O\u00dc\",\"url\":\"https:\\\/\\\/www.castrum.ee\\\/fi\\\/\",\"logo\":{\"@type\":\"ImageObject\",\"inLanguage\":\"fi\",\"@id\":\"https:\\\/\\\/www.castrum.ee\\\/fi\\\/#\\\/schema\\\/logo\\\/image\\\/\",\"url\":\"https:\\\/\\\/www.castrum.ee\\\/wp-content\\\/uploads\\\/2025\\\/03\\\/Castrum-logo-500.png\",\"contentUrl\":\"https:\\\/\\\/www.castrum.ee\\\/wp-content\\\/uploads\\\/2025\\\/03\\\/Castrum-logo-500.png\",\"width\":500,\"height\":250,\"caption\":\"Castrum Grupp O\u00dc\"},\"image\":{\"@id\":\"https:\\\/\\\/www.castrum.ee\\\/fi\\\/#\\\/schema\\\/logo\\\/image\\\/\"},\"sameAs\":[\"https:\\\/\\\/www.facebook.com\\\/castrum.ee\"]}]}<\/script>\n<!-- \/ Yoast SEO plugin. -->","yoast_head_json":{"title":"Astinlaudat HT001 K\u00fcre | Castrum","description":"Astinlaudat HT001 K\u00fcre - premium astinlaudat ja kylkiputket maastoautoihin. Anodialumiini, helppo asennus.","robots":{"index":"index","follow":"follow","max-snippet":"max-snippet:-1","max-image-preview":"max-image-preview:large","max-video-preview":"max-video-preview:-1"},"canonical":"https:\/\/www.castrum.ee\/fi\/toode\/astinlaudat-ht001-kure\/","og_locale":"fi_FI","og_type":"article","og_title":"Astinlaudat HT001 K\u00fcre | Castrum","og_description":"Astinlaudat HT001 K\u00fcre - premium astinlaudat ja kylkiputket maastoautoihin. Anodialumiini, helppo asennus.","og_url":"https:\/\/www.castrum.ee\/fi\/toode\/astinlaudat-ht001-kure\/","og_site_name":"Castrum","article_publisher":"https:\/\/www.facebook.com\/castrum.ee","article_modified_time":"2026-05-11T11:27:50+00:00","og_image":[{"width":858,"height":570,"url":"https:\/\/www.castrum.ee\/wp-content\/uploads\/2025\/06\/final-16-5.jpg","type":"image\/jpeg"}],"twitter_card":"summary_large_image","twitter_misc":{"Arvioitu lukuaika":"1 minuutti"},"schema":{"@context":"https:\/\/schema.org","@graph":[{"@type":"WebPage","@id":"https:\/\/www.castrum.ee\/fi\/toode\/astinlaudat-ht001-kure\/","url":"https:\/\/www.castrum.ee\/fi\/toode\/astinlaudat-ht001-kure\/","name":"Astinlaudat HT001 K\u00fcre | Castrum","isPartOf":{"@id":"https:\/\/www.castrum.ee\/fi\/#website"},"primaryImageOfPage":{"@id":"https:\/\/www.castrum.ee\/fi\/toode\/astinlaudat-ht001-kure\/#primaryimage"},"image":{"@id":"https:\/\/www.castrum.ee\/fi\/toode\/astinlaudat-ht001-kure\/#primaryimage"},"thumbnailUrl":"https:\/\/www.castrum.ee\/wp-content\/uploads\/2025\/06\/final-16-5.jpg","datePublished":"2025-06-18T12:08:07+00:00","dateModified":"2026-05-11T11:27:50+00:00","description":"Astinlaudat HT001 K\u00fcre - premium astinlaudat ja kylkiputket maastoautoihin. Anodialumiini, helppo asennus.","breadcrumb":{"@id":"https:\/\/www.castrum.ee\/fi\/toode\/astinlaudat-ht001-kure\/#breadcrumb"},"inLanguage":"fi","potentialAction":[{"@type":"ReadAction","target":["https:\/\/www.castrum.ee\/fi\/toode\/astinlaudat-ht001-kure\/"]}]},{"@type":"ImageObject","inLanguage":"fi","@id":"https:\/\/www.castrum.ee\/fi\/toode\/astinlaudat-ht001-kure\/#primaryimage","url":"https:\/\/www.castrum.ee\/wp-content\/uploads\/2025\/06\/final-16-5.jpg","contentUrl":"https:\/\/www.castrum.ee\/wp-content\/uploads\/2025\/06\/final-16-5.jpg","width":858,"height":570},{"@type":"BreadcrumbList","@id":"https:\/\/www.castrum.ee\/fi\/toode\/astinlaudat-ht001-kure\/#breadcrumb","itemListElement":[{"@type":"ListItem","position":1,"name":"Home","item":"https:\/\/www.castrum.ee\/fi\/kotisivu\/"},{"@type":"ListItem","position":2,"name":"Verkkokauppa","item":"https:\/\/www.castrum.ee\/fi\/kauppa\/"},{"@type":"ListItem","position":3,"name":"Astinlaudat HT001 K\u00fcre"}]},{"@type":"WebSite","@id":"https:\/\/www.castrum.ee\/fi\/#website","url":"https:\/\/www.castrum.ee\/fi\/","name":"Castrum","description":"Maastoautojen, henkil\u00f6autojen ja pienvaunujen lis\u00e4varusteet","publisher":{"@id":"https:\/\/www.castrum.ee\/fi\/#organization"},"potentialAction":[{"@type":"SearchAction","target":{"@type":"EntryPoint","urlTemplate":"https:\/\/www.castrum.ee\/fi\/?s={search_term_string}"},"query-input":{"@type":"PropertyValueSpecification","valueRequired":true,"valueName":"search_term_string"}}],"inLanguage":"fi"},{"@type":"Organization","@id":"https:\/\/www.castrum.ee\/fi\/#organization","name":"Castrum Grupp O\u00dc","url":"https:\/\/www.castrum.ee\/fi\/","logo":{"@type":"ImageObject","inLanguage":"fi","@id":"https:\/\/www.castrum.ee\/fi\/#\/schema\/logo\/image\/","url":"https:\/\/www.castrum.ee\/wp-content\/uploads\/2025\/03\/Castrum-logo-500.png","contentUrl":"https:\/\/www.castrum.ee\/wp-content\/uploads\/2025\/03\/Castrum-logo-500.png","width":500,"height":250,"caption":"Castrum Grupp O\u00dc"},"image":{"@id":"https:\/\/www.castrum.ee\/fi\/#\/schema\/logo\/image\/"},"sameAs":["https:\/\/www.facebook.com\/castrum.ee"]}]}},"_links":{"self":[{"href":"https:\/\/www.castrum.ee\/fi\/wp-json\/wp\/v2\/product\/80910","targetHints":{"allow":["GET"]}}],"collection":[{"href":"https:\/\/www.castrum.ee\/fi\/wp-json\/wp\/v2\/product"}],"about":[{"href":"https:\/\/www.castrum.ee\/fi\/wp-json\/wp\/v2\/types\/product"}],"wp:featuredmedia":[{"embeddable":true,"href":"https:\/\/www.castrum.ee\/fi\/wp-json\/wp\/v2\/media\/5153"}],"wp:attachment":[{"href":"https:\/\/www.castrum.ee\/fi\/wp-json\/wp\/v2\/media?parent=80910"}],"wp:term":[{"taxonomy":"mark-ja-mudel","embeddable":true,"href":"https:\/\/www.castrum.ee\/fi\/wp-json\/wp\/v2\/mark-ja-mudel?post=80910"},{"taxonomy":"product_brand","embeddable":true,"href":"https:\/\/www.castrum.ee\/fi\/wp-json\/wp\/v2\/product_brand?post=80910"},{"taxonomy":"product_cat","embeddable":true,"href":"https:\/\/www.castrum.ee\/fi\/wp-json\/wp\/v2\/product_cat?post=80910"},{"taxonomy":"product_tag","embeddable":true,"href":"https:\/\/www.castrum.ee\/fi\/wp-json\/wp\/v2\/product_tag?post=80910"}],"curies":[{"name":"wp","href":"https:\/\/api.w.org\/{rel}","templated":true}]}}