{"id":80914,"date":"2025-06-18T11:23:20","date_gmt":"2025-06-18T11:23:20","guid":{"rendered":"https:\/\/www.castrum.ee\/toode\/kylkiputket-askelmilla-bb005-delux-c2lfs8\/"},"modified":"2026-05-11T14:27:59","modified_gmt":"2026-05-11T11:27:59","slug":"kylkiputket-askelmilla-bb005-delux","status":"publish","type":"product","link":"https:\/\/www.castrum.ee\/fi\/toode\/kylkiputket-askelmilla-bb005-delux\/","title":{"rendered":"Kylkiputket askelmilla BB005 Delux"},"content":{"rendered":"<p>Ruostumattomasta ter\u00e4ksest\u00e4 valmistetut kylkiputket, jotka on valmistettu uusimmalla teknologialla (CNC \u2013 laserleikat), tarjoten ajoneuvolle paremman suojan ja silmiinpist\u00e4v\u00e4n ulkon\u00e4\u00f6n.<\/p>\n<p><strong>Ominaisuudet<\/strong><\/p>\n<ul>\n<li>Silmiinpist\u00e4v\u00e4 ulkon\u00e4k\u00f6 \u2013 antaa autolle ainutlaatuisen ilmeen.<\/li>\n<li>Valmistettu ruostumattomasta ter\u00e4ksest\u00e4 \u2013 parantaa ajoneuvon suojaa.<\/li>\n<li>Kest\u00e4vyys \u2013 kest\u00e4\u00e4 s\u00e4\u00e4olosuhteita ja ajan kulutusta.<\/li>\n<li>Helppo asennus \/ Plug and play \u2013 kylkiputket on helposti asennettavissa, koska pakkaukseen sis\u00e4ltyv\u00e4t asennusohjeet ja tarvittavat kiinnikkeet. Ajoneuvoa ei tarvitse muualla muokata \u2013 kylkiputket kiinnittyv\u00e4t olemassa oleviin kiinnityspaikoihin.<\/li>\n<\/ul>\n<p><strong>Pakkaukseen sis\u00e4ltyy:<\/strong><\/p>\n<ul>\n<li>Yksi pari kylkiputkia (vasen ja oikea).<\/li>\n<li>Asennukseen tarvittavat kiinnitysosat<\/li>\n<li>Asennusohjeet.<\/li>\n<\/ul>\n<p><strong>Helppo asentaa:<\/strong><\/p>\n<p>Kylkiputkien asennus on eritt\u00e4in helppoa, koska pakkaukseen sis\u00e4ltyv\u00e4t sek\u00e4 asennusohjeet ett\u00e4 tarvittavat osat. T\u00e4m\u00e4 poistaa tarpeen ajoneuvon lis\u00e4muutoksille. Kylkiputket asennetaan olemassa oleviin kiinnityspaikoihin ajoneuvon rungossa tai koissa.<\/p>\n<p><strong>Lis\u00e4suoja ajoneuvon koille:<\/strong><\/p>\n<p>Kylkiputket suojaavat overia ja sivupaneeleita kivi\u00e4, asfalttipaloista sek\u00e4 ahtaissa paikoissa muiden autojen ovilla aiheuttamihin vahinkoihin. T\u00e4m\u00e4 on erityisen t\u00e4rke\u00e4\u00e4 soraa ja maantieteit\u00e4 k\u00e4ytett\u00e4ess\u00e4. Samalla askelmilla suojataan suuremmista kivi\u00e4 ja py\u00f6rist\u00e4 lent\u00e4vist\u00e4 esineist\u00e4.<\/p>\n<p><strong>T\u00e4rke\u00e4\u00e4 tietoa:<\/strong><\/p>\n<ul>\n<li>Joillakin ajoneuvoilla saattaa olla muovia korkkeja kiinnitysten asennusrei&#8217;iss\u00e4, jotka on poistettava ennen kylkiputkien asennusta.<\/li>\n<li>\u00c4l\u00e4 k\u00e4yt\u00e4 metalliosa puhdistukseen autojen puhdistusaineita, jotka sis\u00e4lt\u00e4v\u00e4t TFR- (Traffic Film Remover) -kemikaaleja, sill\u00e4 n\u00e4m\u00e4 voivat aiheuttaa korroosiota. Puhdistaminen n\u00e4ill\u00e4 liuottimilla voi mit\u00e4t\u00f6id\u00e4 takuun.<\/li>\n<li>Suosittelemme voimakkaasti ruuvien ja kiinnitysosien tarkastamista 7 p\u00e4iv\u00e4n kuluttua alkuper\u00e4isest\u00e4 asennuksesta varmistaaksesi, ett\u00e4 ne on kiinnitetty oikein. Turvallisuuden vuoksi kaikki osat tulisi tarkastaa 3\u20136 kuukauden v\u00e4lein.<\/li>\n<\/ul>\n<p><strong>ARP-br\u00e4ndist\u00e4:<\/strong><\/p>\n<p>ARP on t\u00e4rke\u00e4 tekij\u00e4 auto-osien ja -tarvikkeiden teollisuudessa, tarjoten varaosia ja tarvikkeita 4\u00d74-maastoautoille, lava-autoille, henkil\u00f6autoille, hy\u00f6tyajoneuvoille ja kaupallisille ajoneuvoille, sek\u00e4 vanhemmille ett\u00e4 uusimmille malleille. Castrum on ARP-tuotteiden virallinen j\u00e4lleenmyyj\u00e4 Suomessa.<\/p>\n","protected":false},"excerpt":{"rendered":"<p>\u00d8 76 mm ja 1,5 mm sein\u00e4vahvuudella ruostumattomasta ter\u00e4ksest\u00e4 valmistetut kylkiputket askelmilla. Pakkaukseen sis\u00e4ltyv\u00e4t kaikki asennukseen tarvittavat osat.<\/p>\n","protected":false},"featured_media":4891,"template":"","meta":{"_acf_changed":false},"mark-ja-mudel":[],"product_brand":[1276,2097,1316,1503,1339,1340,1448,1345,1288,1469,1295,1309,1336,1457,1310,1483,1458,1286,1450,1534,1278,1302,1437,1294,1446,1535,1401,1307,1513,1529,1417,1285,1323,1478,1325,1282,1284,1530,1298,1297,1311,1317,1326,1374,1305,1329,1299,1439,1555,1337,1308,1528,1301,1556,1368,1306,1559,1277,1313,1322,1289,1440,1331,1312,1275,1303,1296,1328,1344,1304],"product_cat":[1066,1068],"product_tag":[],"class_list":{"0":"post-80914","1":"product","2":"type-product","3":"status-publish","4":"has-post-thumbnail","6":"product_brand-amarok","7":"product_brand-arp-fi","8":"product_brand-audi","9":"product_brand-boxer-swb-mwb-lwb","10":"product_brand-caddy","11":"product_brand-citroen","12":"product_brand-commander","13":"product_brand-cr-v","14":"product_brand-custom","15":"product_brand-cx7","16":"product_brand-d-max","17":"product_brand-dacia","18":"product_brand-discovery","19":"product_brand-discovery-sport","20":"product_brand-duster","21":"product_brand-eclipse-cross","22":"product_brand-evoque","23":"product_brand-ford","24":"product_brand-grand-cherokee","25":"product_brand-grand-vitara","26":"product_brand-hilux","27":"product_brand-honda","28":"product_brand-hyundai","29":"product_brand-isuzu","30":"product_brand-jeep","31":"product_brand-jimny","32":"product_brand-jumper-swb-mwb-lwb","33":"product_brand-kia","34":"product_brand-koleos","35":"product_brand-korando","36":"product_brand-kuga","37":"product_brand-l200","38":"product_brand-land-rover","39":"product_brand-m-class","40":"product_brand-mazda","41":"product_brand-mercedes-benz","42":"product_brand-mitsubishi","43":"product_brand-musso","44":"product_brand-navara","45":"product_brand-nissan","46":"product_brand-opel","47":"product_brand-peugeot","48":"product_brand-q5","49":"product_brand-q7","50":"product_brand-qashqai","51":"product_brand-rav4","52":"product_brand-renault","53":"product_brand-santa-fe","54":"product_brand-sharan","55":"product_brand-sorento","56":"product_brand-sportage","57":"product_brand-ssangyong","58":"product_brand-suzuki","59":"product_brand-t4","60":"product_brand-t7","61":"product_brand-touareg","62":"product_brand-touran","63":"product_brand-toyota","64":"product_brand-trafic","65":"product_brand-transit","66":"product_brand-transit-custom","67":"product_brand-tucson","68":"product_brand-vitara","69":"product_brand-vivaro","70":"product_brand-volkswagen","71":"product_brand-volvo","72":"product_brand-x-class","73":"product_brand-xc60","74":"product_brand-xc70","75":"product_brand-xc90","76":"product_cat-astinlaudat-ja-sivusuojat","77":"product_cat-sivuraudat","78":"product_shipping_class-tukku","80":"first","81":"instock","82":"taxable","83":"shipping-taxable","84":"purchasable","85":"product-type-variable"},"bundled_by":[],"bundle_stock_status":"instock","bundle_stock_quantity":null,"bundle_virtual":false,"bundle_layout":"","bundle_add_to_cart_form_location":"","bundle_editable_in_cart":false,"bundle_sold_individually_context":"","bundle_item_grouping":"","bundle_min_size":"","bundle_max_size":"","bundle_price":[],"bundled_items":[],"bundle_sell_ids":[],"acf":[],"yoast_head":"<!-- This site is optimized with the Yoast SEO plugin v27.5 - https:\/\/yoast.com\/product\/yoast-seo-wordpress\/ -->\n<title>Kylkiputket askelmilla BB005 Delux | ARP<\/title>\n<meta name=\"description\" content=\"Kylkiputket askelmilla BB005 Delux ruostumattomasta ter\u00e4ksest\u00e4. Kylkiputket suojaavat sivupaneeleita ja ovea. Helppoa asennusta, sis\u00e4lt\u00e4\u00e4 kiinnikkeet ja ohjeet.\" \/>\n<meta name=\"robots\" content=\"index, follow, max-snippet:-1, max-image-preview:large, max-video-preview:-1\" \/>\n<link rel=\"canonical\" href=\"https:\/\/www.castrum.ee\/fi\/toode\/kylkiputket-askelmilla-bb005-delux\/\" \/>\n<meta property=\"og:locale\" content=\"fi_FI\" \/>\n<meta property=\"og:type\" content=\"article\" \/>\n<meta property=\"og:title\" content=\"Kylkiputket askelmilla BB005 Delux | ARP\" \/>\n<meta property=\"og:description\" content=\"Kylkiputket askelmilla BB005 Delux ruostumattomasta ter\u00e4ksest\u00e4. Kylkiputket suojaavat sivupaneeleita ja ovea. Helppoa asennusta, sis\u00e4lt\u00e4\u00e4 kiinnikkeet ja ohjeet.\" \/>\n<meta property=\"og:url\" content=\"https:\/\/www.castrum.ee\/fi\/toode\/kylkiputket-askelmilla-bb005-delux\/\" \/>\n<meta property=\"og:site_name\" content=\"Castrum\" \/>\n<meta property=\"article:publisher\" content=\"https:\/\/www.facebook.com\/castrum.ee\" \/>\n<meta property=\"article:modified_time\" content=\"2026-05-11T11:27:59+00:00\" \/>\n<meta property=\"og:image\" content=\"https:\/\/www.castrum.ee\/wp-content\/uploads\/2025\/06\/A53D0363-4B37-4ACE-A941-87F393986311.jpeg\" \/>\n\t<meta property=\"og:image:width\" content=\"800\" \/>\n\t<meta property=\"og:image:height\" content=\"600\" \/>\n\t<meta property=\"og:image:type\" content=\"image\/jpeg\" \/>\n<meta name=\"twitter:card\" content=\"summary_large_image\" \/>\n<meta name=\"twitter:label1\" content=\"Arvioitu lukuaika\" \/>\n\t<meta name=\"twitter:data1\" content=\"1 minuutti\" \/>\n<script type=\"application\/ld+json\" class=\"yoast-schema-graph\">{\"@context\":\"https:\\\/\\\/schema.org\",\"@graph\":[{\"@type\":\"WebPage\",\"@id\":\"https:\\\/\\\/www.castrum.ee\\\/fi\\\/toode\\\/kylkiputket-askelmilla-bb005-delux\\\/\",\"url\":\"https:\\\/\\\/www.castrum.ee\\\/fi\\\/toode\\\/kylkiputket-askelmilla-bb005-delux\\\/\",\"name\":\"Kylkiputket askelmilla BB005 Delux | ARP\",\"isPartOf\":{\"@id\":\"https:\\\/\\\/www.castrum.ee\\\/fi\\\/#website\"},\"primaryImageOfPage\":{\"@id\":\"https:\\\/\\\/www.castrum.ee\\\/fi\\\/toode\\\/kylkiputket-askelmilla-bb005-delux\\\/#primaryimage\"},\"image\":{\"@id\":\"https:\\\/\\\/www.castrum.ee\\\/fi\\\/toode\\\/kylkiputket-askelmilla-bb005-delux\\\/#primaryimage\"},\"thumbnailUrl\":\"https:\\\/\\\/www.castrum.ee\\\/wp-content\\\/uploads\\\/2025\\\/06\\\/A53D0363-4B37-4ACE-A941-87F393986311.jpeg\",\"datePublished\":\"2025-06-18T11:23:20+00:00\",\"dateModified\":\"2026-05-11T11:27:59+00:00\",\"description\":\"Kylkiputket askelmilla BB005 Delux ruostumattomasta ter\u00e4ksest\u00e4. Kylkiputket suojaavat sivupaneeleita ja ovea. Helppoa asennusta, sis\u00e4lt\u00e4\u00e4 kiinnikkeet ja ohjeet.\",\"breadcrumb\":{\"@id\":\"https:\\\/\\\/www.castrum.ee\\\/fi\\\/toode\\\/kylkiputket-askelmilla-bb005-delux\\\/#breadcrumb\"},\"inLanguage\":\"fi\",\"potentialAction\":[{\"@type\":\"ReadAction\",\"target\":[\"https:\\\/\\\/www.castrum.ee\\\/fi\\\/toode\\\/kylkiputket-askelmilla-bb005-delux\\\/\"]}]},{\"@type\":\"ImageObject\",\"inLanguage\":\"fi\",\"@id\":\"https:\\\/\\\/www.castrum.ee\\\/fi\\\/toode\\\/kylkiputket-askelmilla-bb005-delux\\\/#primaryimage\",\"url\":\"https:\\\/\\\/www.castrum.ee\\\/wp-content\\\/uploads\\\/2025\\\/06\\\/A53D0363-4B37-4ACE-A941-87F393986311.jpeg\",\"contentUrl\":\"https:\\\/\\\/www.castrum.ee\\\/wp-content\\\/uploads\\\/2025\\\/06\\\/A53D0363-4B37-4ACE-A941-87F393986311.jpeg\",\"width\":800,\"height\":600},{\"@type\":\"BreadcrumbList\",\"@id\":\"https:\\\/\\\/www.castrum.ee\\\/fi\\\/toode\\\/kylkiputket-askelmilla-bb005-delux\\\/#breadcrumb\",\"itemListElement\":[{\"@type\":\"ListItem\",\"position\":1,\"name\":\"Home\",\"item\":\"https:\\\/\\\/www.castrum.ee\\\/fi\\\/kotisivu\\\/\"},{\"@type\":\"ListItem\",\"position\":2,\"name\":\"Verkkokauppa\",\"item\":\"https:\\\/\\\/www.castrum.ee\\\/fi\\\/kauppa\\\/\"},{\"@type\":\"ListItem\",\"position\":3,\"name\":\"Kylkiputket askelmilla BB005 Delux\"}]},{\"@type\":\"WebSite\",\"@id\":\"https:\\\/\\\/www.castrum.ee\\\/fi\\\/#website\",\"url\":\"https:\\\/\\\/www.castrum.ee\\\/fi\\\/\",\"name\":\"Castrum\",\"description\":\"Maastoautojen, henkil\u00f6autojen ja pienvaunujen lis\u00e4varusteet\",\"publisher\":{\"@id\":\"https:\\\/\\\/www.castrum.ee\\\/fi\\\/#organization\"},\"potentialAction\":[{\"@type\":\"SearchAction\",\"target\":{\"@type\":\"EntryPoint\",\"urlTemplate\":\"https:\\\/\\\/www.castrum.ee\\\/fi\\\/?s={search_term_string}\"},\"query-input\":{\"@type\":\"PropertyValueSpecification\",\"valueRequired\":true,\"valueName\":\"search_term_string\"}}],\"inLanguage\":\"fi\"},{\"@type\":\"Organization\",\"@id\":\"https:\\\/\\\/www.castrum.ee\\\/fi\\\/#organization\",\"name\":\"Castrum Grupp O\u00dc\",\"url\":\"https:\\\/\\\/www.castrum.ee\\\/fi\\\/\",\"logo\":{\"@type\":\"ImageObject\",\"inLanguage\":\"fi\",\"@id\":\"https:\\\/\\\/www.castrum.ee\\\/fi\\\/#\\\/schema\\\/logo\\\/image\\\/\",\"url\":\"https:\\\/\\\/www.castrum.ee\\\/wp-content\\\/uploads\\\/2025\\\/03\\\/Castrum-logo-500.png\",\"contentUrl\":\"https:\\\/\\\/www.castrum.ee\\\/wp-content\\\/uploads\\\/2025\\\/03\\\/Castrum-logo-500.png\",\"width\":500,\"height\":250,\"caption\":\"Castrum Grupp O\u00dc\"},\"image\":{\"@id\":\"https:\\\/\\\/www.castrum.ee\\\/fi\\\/#\\\/schema\\\/logo\\\/image\\\/\"},\"sameAs\":[\"https:\\\/\\\/www.facebook.com\\\/castrum.ee\"]}]}<\/script>\n<!-- \/ Yoast SEO plugin. -->","yoast_head_json":{"title":"Kylkiputket askelmilla BB005 Delux | ARP","description":"Kylkiputket askelmilla BB005 Delux ruostumattomasta ter\u00e4ksest\u00e4. Kylkiputket suojaavat sivupaneeleita ja ovea. Helppoa asennusta, sis\u00e4lt\u00e4\u00e4 kiinnikkeet ja ohjeet.","robots":{"index":"index","follow":"follow","max-snippet":"max-snippet:-1","max-image-preview":"max-image-preview:large","max-video-preview":"max-video-preview:-1"},"canonical":"https:\/\/www.castrum.ee\/fi\/toode\/kylkiputket-askelmilla-bb005-delux\/","og_locale":"fi_FI","og_type":"article","og_title":"Kylkiputket askelmilla BB005 Delux | ARP","og_description":"Kylkiputket askelmilla BB005 Delux ruostumattomasta ter\u00e4ksest\u00e4. Kylkiputket suojaavat sivupaneeleita ja ovea. Helppoa asennusta, sis\u00e4lt\u00e4\u00e4 kiinnikkeet ja ohjeet.","og_url":"https:\/\/www.castrum.ee\/fi\/toode\/kylkiputket-askelmilla-bb005-delux\/","og_site_name":"Castrum","article_publisher":"https:\/\/www.facebook.com\/castrum.ee","article_modified_time":"2026-05-11T11:27:59+00:00","og_image":[{"width":800,"height":600,"url":"https:\/\/www.castrum.ee\/wp-content\/uploads\/2025\/06\/A53D0363-4B37-4ACE-A941-87F393986311.jpeg","type":"image\/jpeg"}],"twitter_card":"summary_large_image","twitter_misc":{"Arvioitu lukuaika":"1 minuutti"},"schema":{"@context":"https:\/\/schema.org","@graph":[{"@type":"WebPage","@id":"https:\/\/www.castrum.ee\/fi\/toode\/kylkiputket-askelmilla-bb005-delux\/","url":"https:\/\/www.castrum.ee\/fi\/toode\/kylkiputket-askelmilla-bb005-delux\/","name":"Kylkiputket askelmilla BB005 Delux | ARP","isPartOf":{"@id":"https:\/\/www.castrum.ee\/fi\/#website"},"primaryImageOfPage":{"@id":"https:\/\/www.castrum.ee\/fi\/toode\/kylkiputket-askelmilla-bb005-delux\/#primaryimage"},"image":{"@id":"https:\/\/www.castrum.ee\/fi\/toode\/kylkiputket-askelmilla-bb005-delux\/#primaryimage"},"thumbnailUrl":"https:\/\/www.castrum.ee\/wp-content\/uploads\/2025\/06\/A53D0363-4B37-4ACE-A941-87F393986311.jpeg","datePublished":"2025-06-18T11:23:20+00:00","dateModified":"2026-05-11T11:27:59+00:00","description":"Kylkiputket askelmilla BB005 Delux ruostumattomasta ter\u00e4ksest\u00e4. Kylkiputket suojaavat sivupaneeleita ja ovea. Helppoa asennusta, sis\u00e4lt\u00e4\u00e4 kiinnikkeet ja ohjeet.","breadcrumb":{"@id":"https:\/\/www.castrum.ee\/fi\/toode\/kylkiputket-askelmilla-bb005-delux\/#breadcrumb"},"inLanguage":"fi","potentialAction":[{"@type":"ReadAction","target":["https:\/\/www.castrum.ee\/fi\/toode\/kylkiputket-askelmilla-bb005-delux\/"]}]},{"@type":"ImageObject","inLanguage":"fi","@id":"https:\/\/www.castrum.ee\/fi\/toode\/kylkiputket-askelmilla-bb005-delux\/#primaryimage","url":"https:\/\/www.castrum.ee\/wp-content\/uploads\/2025\/06\/A53D0363-4B37-4ACE-A941-87F393986311.jpeg","contentUrl":"https:\/\/www.castrum.ee\/wp-content\/uploads\/2025\/06\/A53D0363-4B37-4ACE-A941-87F393986311.jpeg","width":800,"height":600},{"@type":"BreadcrumbList","@id":"https:\/\/www.castrum.ee\/fi\/toode\/kylkiputket-askelmilla-bb005-delux\/#breadcrumb","itemListElement":[{"@type":"ListItem","position":1,"name":"Home","item":"https:\/\/www.castrum.ee\/fi\/kotisivu\/"},{"@type":"ListItem","position":2,"name":"Verkkokauppa","item":"https:\/\/www.castrum.ee\/fi\/kauppa\/"},{"@type":"ListItem","position":3,"name":"Kylkiputket askelmilla BB005 Delux"}]},{"@type":"WebSite","@id":"https:\/\/www.castrum.ee\/fi\/#website","url":"https:\/\/www.castrum.ee\/fi\/","name":"Castrum","description":"Maastoautojen, henkil\u00f6autojen ja pienvaunujen lis\u00e4varusteet","publisher":{"@id":"https:\/\/www.castrum.ee\/fi\/#organization"},"potentialAction":[{"@type":"SearchAction","target":{"@type":"EntryPoint","urlTemplate":"https:\/\/www.castrum.ee\/fi\/?s={search_term_string}"},"query-input":{"@type":"PropertyValueSpecification","valueRequired":true,"valueName":"search_term_string"}}],"inLanguage":"fi"},{"@type":"Organization","@id":"https:\/\/www.castrum.ee\/fi\/#organization","name":"Castrum Grupp O\u00dc","url":"https:\/\/www.castrum.ee\/fi\/","logo":{"@type":"ImageObject","inLanguage":"fi","@id":"https:\/\/www.castrum.ee\/fi\/#\/schema\/logo\/image\/","url":"https:\/\/www.castrum.ee\/wp-content\/uploads\/2025\/03\/Castrum-logo-500.png","contentUrl":"https:\/\/www.castrum.ee\/wp-content\/uploads\/2025\/03\/Castrum-logo-500.png","width":500,"height":250,"caption":"Castrum Grupp O\u00dc"},"image":{"@id":"https:\/\/www.castrum.ee\/fi\/#\/schema\/logo\/image\/"},"sameAs":["https:\/\/www.facebook.com\/castrum.ee"]}]}},"_links":{"self":[{"href":"https:\/\/www.castrum.ee\/fi\/wp-json\/wp\/v2\/product\/80914","targetHints":{"allow":["GET"]}}],"collection":[{"href":"https:\/\/www.castrum.ee\/fi\/wp-json\/wp\/v2\/product"}],"about":[{"href":"https:\/\/www.castrum.ee\/fi\/wp-json\/wp\/v2\/types\/product"}],"wp:featuredmedia":[{"embeddable":true,"href":"https:\/\/www.castrum.ee\/fi\/wp-json\/wp\/v2\/media\/4891"}],"wp:attachment":[{"href":"https:\/\/www.castrum.ee\/fi\/wp-json\/wp\/v2\/media?parent=80914"}],"wp:term":[{"taxonomy":"mark-ja-mudel","embeddable":true,"href":"https:\/\/www.castrum.ee\/fi\/wp-json\/wp\/v2\/mark-ja-mudel?post=80914"},{"taxonomy":"product_brand","embeddable":true,"href":"https:\/\/www.castrum.ee\/fi\/wp-json\/wp\/v2\/product_brand?post=80914"},{"taxonomy":"product_cat","embeddable":true,"href":"https:\/\/www.castrum.ee\/fi\/wp-json\/wp\/v2\/product_cat?post=80914"},{"taxonomy":"product_tag","embeddable":true,"href":"https:\/\/www.castrum.ee\/fi\/wp-json\/wp\/v2\/product_tag?post=80914"}],"curies":[{"name":"wp","href":"https:\/\/api.w.org\/{rel}","templated":true}]}}