{"id":80915,"date":"2025-06-18T10:41:59","date_gmt":"2025-06-18T10:41:59","guid":{"rendered":"https:\/\/www.castrum.ee\/toode\/kylkiputket-bb003-asos-2-u0caab\/"},"modified":"2026-05-11T14:28:11","modified_gmt":"2026-05-11T11:28:11","slug":"kylkiputket-bb003-asos-2","status":"publish","type":"product","link":"https:\/\/www.castrum.ee\/fi\/toode\/kylkiputket-bb003-asos-2\/","title":{"rendered":"Kylkiputket BB003 Asos"},"content":{"rendered":"<p>Ruostumattomasta ter\u00e4ksest\u00e4 valmistetut kylkiputket, jotka on valmistettu modernilla tekniikalla (CNC \u2013 laserleikkaus), tarjoten ajoneuvolle paremman suojan ja silmiinpist\u00e4v\u00e4n ulkon\u00e4\u00f6n.<\/p>\n<p><strong>Ominaisuudet<\/strong><\/p>\n<ul>\n<li>Silmiinpist\u00e4v\u00e4 ulkon\u00e4k\u00f6 \u2013 antaa autolle ainutlaatuisen ilmeen.<\/li>\n<li>Valmistettu ruostumattomasta ter\u00e4ksest\u00e4 \u2013 parantaa ajoneuvon suojaa.<\/li>\n<li>Kest\u00e4vyys \u2013 kest\u00e4\u00e4 s\u00e4\u00e4olosuhteita ja ajan kulutusta.<\/li>\n<li>Helppo asennus \/ Plug and play \u2013 kylkiputket on helposti asennettavissa, sill\u00e4 pakkauksessa on asennusohjeet ja tarvittavat kiinnikkeet. Ajoneuvoa ei tarvitse muuttaa erikseen \u2013 kylkiputket kiinnitet\u00e4\u00e4n olemassa oleviin kiinnityspaikkoihin.<\/li>\n<\/ul>\n<p><strong>Sarja sis\u00e4lt\u00e4\u00e4:<\/strong><\/p>\n<ul>\n<li>Yhden parin kylkiputkia (vasen ja oikea).<\/li>\n<li>Asennukseen tarvittavat kiinnikkeet<\/li>\n<li>Asennusohjeen.<\/li>\n<\/ul>\n<p><strong>Helppo asentaa:<\/strong><br \/>\nKylkiputkien asennus on hyvin helppoa, sill\u00e4 pakkauksessa on sek\u00e4 asennusohje ett\u00e4 tarvittavat osat. T\u00e4m\u00e4 poistaa tarpeen ajoneuvon lis\u00e4muutoksille. Kylkiputket asennetaan olemassa oleviin kiinnityspaikkoihin ajoneuvon rungossa tai koripuolella.<\/p>\n<p><strong>Lis\u00e4suoja ajoneuvon koripuolelle:<\/strong><br \/>\nKylkiputket suojaavat ovia ja sivupaneeleita kivi\u00e4, asfaltin palasia ja ahtaissa paikoissa muiden autojen ovista aiheutuvia vahinkoja vastaan. T\u00e4m\u00e4 on erityisen t\u00e4rke\u00e4\u00e4 sorateill\u00e4 ja mutaisilla teill\u00e4. Samoin astinlaudat suojaavat suuremmilta kivilta ja py\u00f6rist\u00e4 heitettyjen esineiden v\u00e4\u00e4rink\u00e4yt\u00f6lt\u00e4.<\/p>\n<p><strong>T\u00e4rke\u00e4 tieto:<\/strong><\/p>\n<ul>\n<li>Joillakin ajoneuvoilla voi olla muovisia korkkeja kiinnitysten asennusrei&#8217;ille, jotka on poistettava ennen kylkiputkien asennusta.<\/li>\n<li>\u00c4l\u00e4 k\u00e4yt\u00e4 metallivarusteiden puhdistamiseen auto-puhdistusaineita, jotka sis\u00e4lt\u00e4v\u00e4t TFR- (Traffic Film Remover) kemikaaleja, sill\u00e4 ne voivat aiheuttaa korroosiota. Puhdistaminen n\u00e4ill\u00e4 liuottimilla voi mit\u00e4t\u00f6id\u00e4 takuun.<\/li>\n<li>Suosittelemme l\u00e4mpim\u00e4sti tarkistamaan ruuvit ja kiinnitysosat 7 p\u00e4iv\u00e4n kuluttua ensimm\u00e4isest\u00e4 asennuksesta, varmistaaksemme, ett\u00e4 ne on tiukasti kiinnitetty. Turvallisuuden vuoksi kaikki osat tulisi tarkistaa jokaisen 3\u20136 kuukauden j\u00e4lkeen.<\/li>\n<\/ul>\n<p><strong>ARP-merkist\u00e4:<\/strong><br \/>\nARP on t\u00e4rke\u00e4 toimija autonosien ja -varusteiden teollisuudessa, tarjoten varaosa ja tarvikkeita 4\u00d74 maastoautoihin, lava-autoihin, henkil\u00f6autoihin, hy\u00f6tyajoneuvoihin ja kuorma-autoihin, mukaan lukien sek\u00e4 vanhemmat ett\u00e4 uudemmat mallit. Castrum on ARP-tuotteiden virallinen j\u00e4lleenmyyj\u00e4 Suomessa.<\/p>\n","protected":false},"excerpt":{"rendered":"<p>Ruostumattomasta ter\u00e4ksest\u00e4 valmistetut kylkiputket, jotka on valmistettu modernilla tekniikalla (CNC \u2013 laserleikkaus), tarjoten ajoneuvolle paremman suojan ja silmiinpist\u00e4v\u00e4n ulkon\u00e4\u00f6n.<\/p>\n","protected":false},"featured_media":4111,"template":"","meta":{"_acf_changed":false},"mark-ja-mudel":[],"product_brand":[2097,1450,1534,1278,1446,1530,1298,1297,1311,1299,1528,1332,1301,1277,1313,1312,1533],"product_cat":[1066,1068],"product_tag":[],"class_list":{"0":"post-80915","1":"product","2":"type-product","3":"status-publish","4":"has-post-thumbnail","6":"product_brand-arp-fi","7":"product_brand-grand-cherokee","8":"product_brand-grand-vitara","9":"product_brand-hilux","10":"product_brand-jeep","11":"product_brand-musso","12":"product_brand-navara","13":"product_brand-nissan","14":"product_brand-opel","15":"product_brand-renault","16":"product_brand-ssangyong","17":"product_brand-subaru","18":"product_brand-suzuki","19":"product_brand-toyota","20":"product_brand-trafic","21":"product_brand-vivaro","22":"product_brand-xv","23":"product_cat-astinlaudat-ja-sivusuojat","24":"product_cat-sivuraudat","25":"product_shipping_class-tukku","27":"first","28":"instock","29":"taxable","30":"shipping-taxable","31":"purchasable","32":"product-type-variable"},"bundled_by":[],"bundle_stock_status":"instock","bundle_stock_quantity":null,"bundle_virtual":false,"bundle_layout":"","bundle_add_to_cart_form_location":"","bundle_editable_in_cart":false,"bundle_sold_individually_context":"","bundle_item_grouping":"","bundle_min_size":"","bundle_max_size":"","bundle_price":[],"bundled_items":[],"bundle_sell_ids":[],"acf":[],"yoast_head":"<!-- This site is optimized with the Yoast SEO plugin v27.5 - https:\/\/yoast.com\/product\/yoast-seo-wordpress\/ -->\n<title>Kylkiputket BB003 Asos | Castrum<\/title>\n<meta name=\"description\" content=\"Kylkiputket BB003 Asos ruostumattomasta ter\u00e4ksest\u00e4. Kylkiputket ja astinlaudat maastoautoihin. Helppoa asennusta, maksimaalista suojaa.\" \/>\n<meta name=\"robots\" content=\"index, follow, max-snippet:-1, max-image-preview:large, max-video-preview:-1\" \/>\n<link rel=\"canonical\" href=\"https:\/\/www.castrum.ee\/fi\/toode\/kylkiputket-bb003-asos-2\/\" \/>\n<meta property=\"og:locale\" content=\"fi_FI\" \/>\n<meta property=\"og:type\" content=\"article\" \/>\n<meta property=\"og:title\" content=\"Kylkiputket BB003 Asos | Castrum\" \/>\n<meta property=\"og:description\" content=\"Kylkiputket BB003 Asos ruostumattomasta ter\u00e4ksest\u00e4. Kylkiputket ja astinlaudat maastoautoihin. Helppoa asennusta, maksimaalista suojaa.\" \/>\n<meta property=\"og:url\" content=\"https:\/\/www.castrum.ee\/fi\/toode\/kylkiputket-bb003-asos-2\/\" \/>\n<meta property=\"og:site_name\" content=\"Castrum\" \/>\n<meta property=\"article:publisher\" content=\"https:\/\/www.facebook.com\/castrum.ee\" \/>\n<meta property=\"article:modified_time\" content=\"2026-05-11T11:28:11+00:00\" \/>\n<meta property=\"og:image\" content=\"https:\/\/www.castrum.ee\/wp-content\/uploads\/2025\/06\/final-11-2.jpg\" \/>\n\t<meta property=\"og:image:width\" content=\"800\" \/>\n\t<meta property=\"og:image:height\" content=\"600\" \/>\n\t<meta property=\"og:image:type\" content=\"image\/jpeg\" \/>\n<meta name=\"twitter:card\" content=\"summary_large_image\" \/>\n<meta name=\"twitter:label1\" content=\"Arvioitu lukuaika\" \/>\n\t<meta name=\"twitter:data1\" content=\"1 minuutti\" \/>\n<script type=\"application\/ld+json\" class=\"yoast-schema-graph\">{\"@context\":\"https:\\\/\\\/schema.org\",\"@graph\":[{\"@type\":\"WebPage\",\"@id\":\"https:\\\/\\\/www.castrum.ee\\\/fi\\\/toode\\\/kylkiputket-bb003-asos-2\\\/\",\"url\":\"https:\\\/\\\/www.castrum.ee\\\/fi\\\/toode\\\/kylkiputket-bb003-asos-2\\\/\",\"name\":\"Kylkiputket BB003 Asos | Castrum\",\"isPartOf\":{\"@id\":\"https:\\\/\\\/www.castrum.ee\\\/fi\\\/#website\"},\"primaryImageOfPage\":{\"@id\":\"https:\\\/\\\/www.castrum.ee\\\/fi\\\/toode\\\/kylkiputket-bb003-asos-2\\\/#primaryimage\"},\"image\":{\"@id\":\"https:\\\/\\\/www.castrum.ee\\\/fi\\\/toode\\\/kylkiputket-bb003-asos-2\\\/#primaryimage\"},\"thumbnailUrl\":\"https:\\\/\\\/www.castrum.ee\\\/wp-content\\\/uploads\\\/2025\\\/06\\\/final-11-2.jpg\",\"datePublished\":\"2025-06-18T10:41:59+00:00\",\"dateModified\":\"2026-05-11T11:28:11+00:00\",\"description\":\"Kylkiputket BB003 Asos ruostumattomasta ter\u00e4ksest\u00e4. Kylkiputket ja astinlaudat maastoautoihin. Helppoa asennusta, maksimaalista suojaa.\",\"breadcrumb\":{\"@id\":\"https:\\\/\\\/www.castrum.ee\\\/fi\\\/toode\\\/kylkiputket-bb003-asos-2\\\/#breadcrumb\"},\"inLanguage\":\"fi\",\"potentialAction\":[{\"@type\":\"ReadAction\",\"target\":[\"https:\\\/\\\/www.castrum.ee\\\/fi\\\/toode\\\/kylkiputket-bb003-asos-2\\\/\"]}]},{\"@type\":\"ImageObject\",\"inLanguage\":\"fi\",\"@id\":\"https:\\\/\\\/www.castrum.ee\\\/fi\\\/toode\\\/kylkiputket-bb003-asos-2\\\/#primaryimage\",\"url\":\"https:\\\/\\\/www.castrum.ee\\\/wp-content\\\/uploads\\\/2025\\\/06\\\/final-11-2.jpg\",\"contentUrl\":\"https:\\\/\\\/www.castrum.ee\\\/wp-content\\\/uploads\\\/2025\\\/06\\\/final-11-2.jpg\",\"width\":800,\"height\":600},{\"@type\":\"BreadcrumbList\",\"@id\":\"https:\\\/\\\/www.castrum.ee\\\/fi\\\/toode\\\/kylkiputket-bb003-asos-2\\\/#breadcrumb\",\"itemListElement\":[{\"@type\":\"ListItem\",\"position\":1,\"name\":\"Home\",\"item\":\"https:\\\/\\\/www.castrum.ee\\\/fi\\\/kotisivu\\\/\"},{\"@type\":\"ListItem\",\"position\":2,\"name\":\"Verkkokauppa\",\"item\":\"https:\\\/\\\/www.castrum.ee\\\/fi\\\/kauppa\\\/\"},{\"@type\":\"ListItem\",\"position\":3,\"name\":\"Kylkiputket BB003 Asos\"}]},{\"@type\":\"WebSite\",\"@id\":\"https:\\\/\\\/www.castrum.ee\\\/fi\\\/#website\",\"url\":\"https:\\\/\\\/www.castrum.ee\\\/fi\\\/\",\"name\":\"Castrum\",\"description\":\"Maastoautojen, henkil\u00f6autojen ja pienvaunujen lis\u00e4varusteet\",\"publisher\":{\"@id\":\"https:\\\/\\\/www.castrum.ee\\\/fi\\\/#organization\"},\"potentialAction\":[{\"@type\":\"SearchAction\",\"target\":{\"@type\":\"EntryPoint\",\"urlTemplate\":\"https:\\\/\\\/www.castrum.ee\\\/fi\\\/?s={search_term_string}\"},\"query-input\":{\"@type\":\"PropertyValueSpecification\",\"valueRequired\":true,\"valueName\":\"search_term_string\"}}],\"inLanguage\":\"fi\"},{\"@type\":\"Organization\",\"@id\":\"https:\\\/\\\/www.castrum.ee\\\/fi\\\/#organization\",\"name\":\"Castrum Grupp O\u00dc\",\"url\":\"https:\\\/\\\/www.castrum.ee\\\/fi\\\/\",\"logo\":{\"@type\":\"ImageObject\",\"inLanguage\":\"fi\",\"@id\":\"https:\\\/\\\/www.castrum.ee\\\/fi\\\/#\\\/schema\\\/logo\\\/image\\\/\",\"url\":\"https:\\\/\\\/www.castrum.ee\\\/wp-content\\\/uploads\\\/2025\\\/03\\\/Castrum-logo-500.png\",\"contentUrl\":\"https:\\\/\\\/www.castrum.ee\\\/wp-content\\\/uploads\\\/2025\\\/03\\\/Castrum-logo-500.png\",\"width\":500,\"height\":250,\"caption\":\"Castrum Grupp O\u00dc\"},\"image\":{\"@id\":\"https:\\\/\\\/www.castrum.ee\\\/fi\\\/#\\\/schema\\\/logo\\\/image\\\/\"},\"sameAs\":[\"https:\\\/\\\/www.facebook.com\\\/castrum.ee\"]}]}<\/script>\n<!-- \/ Yoast SEO plugin. -->","yoast_head_json":{"title":"Kylkiputket BB003 Asos | Castrum","description":"Kylkiputket BB003 Asos ruostumattomasta ter\u00e4ksest\u00e4. Kylkiputket ja astinlaudat maastoautoihin. Helppoa asennusta, maksimaalista suojaa.","robots":{"index":"index","follow":"follow","max-snippet":"max-snippet:-1","max-image-preview":"max-image-preview:large","max-video-preview":"max-video-preview:-1"},"canonical":"https:\/\/www.castrum.ee\/fi\/toode\/kylkiputket-bb003-asos-2\/","og_locale":"fi_FI","og_type":"article","og_title":"Kylkiputket BB003 Asos | Castrum","og_description":"Kylkiputket BB003 Asos ruostumattomasta ter\u00e4ksest\u00e4. Kylkiputket ja astinlaudat maastoautoihin. Helppoa asennusta, maksimaalista suojaa.","og_url":"https:\/\/www.castrum.ee\/fi\/toode\/kylkiputket-bb003-asos-2\/","og_site_name":"Castrum","article_publisher":"https:\/\/www.facebook.com\/castrum.ee","article_modified_time":"2026-05-11T11:28:11+00:00","og_image":[{"width":800,"height":600,"url":"https:\/\/www.castrum.ee\/wp-content\/uploads\/2025\/06\/final-11-2.jpg","type":"image\/jpeg"}],"twitter_card":"summary_large_image","twitter_misc":{"Arvioitu lukuaika":"1 minuutti"},"schema":{"@context":"https:\/\/schema.org","@graph":[{"@type":"WebPage","@id":"https:\/\/www.castrum.ee\/fi\/toode\/kylkiputket-bb003-asos-2\/","url":"https:\/\/www.castrum.ee\/fi\/toode\/kylkiputket-bb003-asos-2\/","name":"Kylkiputket BB003 Asos | Castrum","isPartOf":{"@id":"https:\/\/www.castrum.ee\/fi\/#website"},"primaryImageOfPage":{"@id":"https:\/\/www.castrum.ee\/fi\/toode\/kylkiputket-bb003-asos-2\/#primaryimage"},"image":{"@id":"https:\/\/www.castrum.ee\/fi\/toode\/kylkiputket-bb003-asos-2\/#primaryimage"},"thumbnailUrl":"https:\/\/www.castrum.ee\/wp-content\/uploads\/2025\/06\/final-11-2.jpg","datePublished":"2025-06-18T10:41:59+00:00","dateModified":"2026-05-11T11:28:11+00:00","description":"Kylkiputket BB003 Asos ruostumattomasta ter\u00e4ksest\u00e4. Kylkiputket ja astinlaudat maastoautoihin. Helppoa asennusta, maksimaalista suojaa.","breadcrumb":{"@id":"https:\/\/www.castrum.ee\/fi\/toode\/kylkiputket-bb003-asos-2\/#breadcrumb"},"inLanguage":"fi","potentialAction":[{"@type":"ReadAction","target":["https:\/\/www.castrum.ee\/fi\/toode\/kylkiputket-bb003-asos-2\/"]}]},{"@type":"ImageObject","inLanguage":"fi","@id":"https:\/\/www.castrum.ee\/fi\/toode\/kylkiputket-bb003-asos-2\/#primaryimage","url":"https:\/\/www.castrum.ee\/wp-content\/uploads\/2025\/06\/final-11-2.jpg","contentUrl":"https:\/\/www.castrum.ee\/wp-content\/uploads\/2025\/06\/final-11-2.jpg","width":800,"height":600},{"@type":"BreadcrumbList","@id":"https:\/\/www.castrum.ee\/fi\/toode\/kylkiputket-bb003-asos-2\/#breadcrumb","itemListElement":[{"@type":"ListItem","position":1,"name":"Home","item":"https:\/\/www.castrum.ee\/fi\/kotisivu\/"},{"@type":"ListItem","position":2,"name":"Verkkokauppa","item":"https:\/\/www.castrum.ee\/fi\/kauppa\/"},{"@type":"ListItem","position":3,"name":"Kylkiputket BB003 Asos"}]},{"@type":"WebSite","@id":"https:\/\/www.castrum.ee\/fi\/#website","url":"https:\/\/www.castrum.ee\/fi\/","name":"Castrum","description":"Maastoautojen, henkil\u00f6autojen ja pienvaunujen lis\u00e4varusteet","publisher":{"@id":"https:\/\/www.castrum.ee\/fi\/#organization"},"potentialAction":[{"@type":"SearchAction","target":{"@type":"EntryPoint","urlTemplate":"https:\/\/www.castrum.ee\/fi\/?s={search_term_string}"},"query-input":{"@type":"PropertyValueSpecification","valueRequired":true,"valueName":"search_term_string"}}],"inLanguage":"fi"},{"@type":"Organization","@id":"https:\/\/www.castrum.ee\/fi\/#organization","name":"Castrum Grupp O\u00dc","url":"https:\/\/www.castrum.ee\/fi\/","logo":{"@type":"ImageObject","inLanguage":"fi","@id":"https:\/\/www.castrum.ee\/fi\/#\/schema\/logo\/image\/","url":"https:\/\/www.castrum.ee\/wp-content\/uploads\/2025\/03\/Castrum-logo-500.png","contentUrl":"https:\/\/www.castrum.ee\/wp-content\/uploads\/2025\/03\/Castrum-logo-500.png","width":500,"height":250,"caption":"Castrum Grupp O\u00dc"},"image":{"@id":"https:\/\/www.castrum.ee\/fi\/#\/schema\/logo\/image\/"},"sameAs":["https:\/\/www.facebook.com\/castrum.ee"]}]}},"_links":{"self":[{"href":"https:\/\/www.castrum.ee\/fi\/wp-json\/wp\/v2\/product\/80915","targetHints":{"allow":["GET"]}}],"collection":[{"href":"https:\/\/www.castrum.ee\/fi\/wp-json\/wp\/v2\/product"}],"about":[{"href":"https:\/\/www.castrum.ee\/fi\/wp-json\/wp\/v2\/types\/product"}],"wp:featuredmedia":[{"embeddable":true,"href":"https:\/\/www.castrum.ee\/fi\/wp-json\/wp\/v2\/media\/4111"}],"wp:attachment":[{"href":"https:\/\/www.castrum.ee\/fi\/wp-json\/wp\/v2\/media?parent=80915"}],"wp:term":[{"taxonomy":"mark-ja-mudel","embeddable":true,"href":"https:\/\/www.castrum.ee\/fi\/wp-json\/wp\/v2\/mark-ja-mudel?post=80915"},{"taxonomy":"product_brand","embeddable":true,"href":"https:\/\/www.castrum.ee\/fi\/wp-json\/wp\/v2\/product_brand?post=80915"},{"taxonomy":"product_cat","embeddable":true,"href":"https:\/\/www.castrum.ee\/fi\/wp-json\/wp\/v2\/product_cat?post=80915"},{"taxonomy":"product_tag","embeddable":true,"href":"https:\/\/www.castrum.ee\/fi\/wp-json\/wp\/v2\/product_tag?post=80915"}],"curies":[{"name":"wp","href":"https:\/\/api.w.org\/{rel}","templated":true}]}}