{"id":80916,"date":"2025-06-18T10:36:43","date_gmt":"2025-06-18T10:36:43","guid":{"rendered":"https:\/\/www.castrum.ee\/toode\/astinlaudat-bb002-hunter-akselin-valiasetus-valikkojen-kanssa-xdepio\/"},"modified":"2026-05-11T14:28:20","modified_gmt":"2026-05-11T11:28:20","slug":"astinlaudat-bb002-hunter-akselin-valiasetus-valikkojen-kanssa","status":"publish","type":"product","link":"https:\/\/www.castrum.ee\/fi\/toode\/astinlaudat-bb002-hunter-akselin-valiasetus-valikkojen-kanssa\/","title":{"rendered":"Astinlaudat BB002 Hunter | Akselin v\u00e4liasetus valikkojen kanssa"},"content":{"rendered":"<p><strong>Miksi valita juuri n\u00e4m\u00e4 astinlaudat:<\/strong><\/p>\n<ul>\n<li>Tarjoavat lis\u00e4suojaa ajoneuvollesi.<\/li>\n<li>Sopivat ajoneuvoon kuten OEM-lis\u00e4varuste.<\/li>\n<li>Helppo asentaa \/ Plug and play.<\/li>\n<\/ul>\n<p><strong>Sarja sis\u00e4lt\u00f6:<\/strong><\/p>\n<ul>\n<li>Yhden parin astinlautoja (vasen ja oikea).<\/li>\n<li>Asennukseen tarvittavat kiinnittimen.<\/li>\n<li>Asennusohjeen.<\/li>\n<\/ul>\n<p><strong>Helppo asentaa:<\/strong><br \/>\nAstinlauttojen asentaminen on eritt\u00e4in helppo, koska sarjaan kuuluvat asennusohje ja tarvittavat osat. T\u00e4m\u00e4 poistaa ajoneuvon lis\u00e4muutostarpeen. Astinlaudat asennetaan ajoneuvon rungon tai korin olemassa oleviin kiinnityspaikoihin.<\/p>\n<p><strong>Lis\u00e4suoja ajoneuvon korin:<\/strong><br \/>\nAstinlaudat suojaavat ovia ja sivupaneeleita kivi\u00e4, asfaltin palasia ja ahtaissa paikoituspaikoissa muiden autojen ovista aiheutuvilta vaurioilta. T\u00e4m\u00e4 on erityisen t\u00e4rke\u00e4 soratie- ja maa-autoteilla. Lis\u00e4ksi astinlaudat suojaavat suuremmista kivi\u00e4 ja renkaista lennosta olevista esineist\u00e4.<\/p>\n<p>Lis\u00e4ksi astinlaudat on varustettu liukumisen vastaisella teknologialla, joka parantaa pit\u00e4vyytt\u00e4 ja voi est\u00e4\u00e4 onnettomuuksien tilanteessa, jossa keng\u00e4n kannan p\u00e4\u00e4ll\u00e4 on likaa, lunta, \u00f6ljy\u00e4 jne. Se my\u00f6s auttaa suojaamaan ajoneuvon lattiamatoja.<\/p>\n<p><strong>T\u00e4rke\u00e4\u00e4 tietoa:<\/strong><\/p>\n<ul>\n<li>Joidenkin ajoneuvojen kiinnitysten asennusaukoissa voi olla muovisia korkkeja, jotka on poistettava ennen sivupaneelien asennusta.<\/li>\n<li>\u00c4l\u00e4 k\u00e4yt\u00e4 metallisten lis\u00e4varusteiden puhdistamiseen autopesuaineita, jotka sis\u00e4lt\u00e4v\u00e4t TFR- (Traffic Film Remover) kemikaaleja, sill\u00e4 n\u00e4m\u00e4 voivat aiheuttaa korroosiota. N\u00e4ill\u00e4 liuottimilla puhdistaminen voi mit\u00e4t\u00f6id\u00e4 takuun.<\/li>\n<li>Suosittelemme voimakkaasti ruuvien ja kiinnitysten tarkistamista 7 p\u00e4iv\u00e4n kuluttua ensimm\u00e4isest\u00e4 asennuksesta varmistaaksesi, ett\u00e4 ne on kiinnitetty oikein. Turvallisuussyist\u00e4 kaikki osat on tarkistettava 3\u20136 kuukauden v\u00e4lein.<\/li>\n<\/ul>\n<p><strong>ARP-br\u00e4ndist\u00e4:<\/strong><br \/>\nARP on t\u00e4rke\u00e4 toimija auto-osien ja -tarvikkeiden teollisuudessa, tarjoten varaosia ja tarvikkeita 4\u00d74-maastureihin, lava-autoihin, henkil\u00f6autoihin, hy\u00f6tyajoneuvoihin ja kaupallisiin ajoneuvoihin, mukaan lukien sek\u00e4 vanhemmat ett\u00e4 uudemmat mallit. Castrum on ARP-tuotteiden virallinen j\u00e4lleenmyyj\u00e4 Suomessa.<\/p>\n","protected":false},"excerpt":{"rendered":"<p>Ruostumattomasta ter\u00e4ksest\u00e4 valmistetut astinlaudat. Sarja sis\u00e4lt\u00e4\u00e4 kaikki asenukseen tarvittavaa.<\/p>\n","protected":false},"featured_media":4061,"template":"","meta":{"_acf_changed":false},"mark-ja-mudel":[],"product_brand":[2097,1503,1340,1401,1282,1317,1290],"product_cat":[1067,1066],"product_tag":[],"class_list":{"0":"post-80916","1":"product","2":"type-product","3":"status-publish","4":"has-post-thumbnail","6":"product_brand-arp-fi","7":"product_brand-boxer-swb-mwb-lwb","8":"product_brand-citroen","9":"product_brand-jumper-swb-mwb-lwb","10":"product_brand-mercedes-benz","11":"product_brand-peugeot","12":"product_brand-sprinter","13":"product_cat-astinlaudat","14":"product_cat-astinlaudat-ja-sivusuojat","15":"product_shipping_class-tukku","17":"first","18":"instock","19":"taxable","20":"shipping-taxable","21":"purchasable","22":"product-type-variable"},"bundled_by":[],"bundle_stock_status":"instock","bundle_stock_quantity":null,"bundle_virtual":false,"bundle_layout":"","bundle_add_to_cart_form_location":"","bundle_editable_in_cart":false,"bundle_sold_individually_context":"","bundle_item_grouping":"","bundle_min_size":"","bundle_max_size":"","bundle_price":[],"bundled_items":[],"bundle_sell_ids":[],"acf":[],"yoast_head":"<!-- This site is optimized with the Yoast SEO plugin v27.5 - https:\/\/yoast.com\/product\/yoast-seo-wordpress\/ -->\n<title>Astinlaudat BB002 Hunter | Akselin v\u00e4liasetus<\/title>\n<meta name=\"description\" content=\"Astinlaudat BB002 Hunter akselin v\u00e4liasetus valikolla. Ruostumatonta ter\u00e4st\u00e4, plug and play -asennus. Maastoauto- ja pikapa-varustus.\" \/>\n<meta name=\"robots\" content=\"index, follow, max-snippet:-1, max-image-preview:large, max-video-preview:-1\" \/>\n<link rel=\"canonical\" href=\"https:\/\/www.castrum.ee\/fi\/toode\/astinlaudat-bb002-hunter-akselin-valiasetus-valikkojen-kanssa\/\" \/>\n<meta property=\"og:locale\" content=\"fi_FI\" \/>\n<meta property=\"og:type\" content=\"article\" \/>\n<meta property=\"og:title\" content=\"Astinlaudat BB002 Hunter | Akselin v\u00e4liasetus\" \/>\n<meta property=\"og:description\" content=\"Astinlaudat BB002 Hunter akselin v\u00e4liasetus valikolla. Ruostumatonta ter\u00e4st\u00e4, plug and play -asennus. Maastoauto- ja pikapa-varustus.\" \/>\n<meta property=\"og:url\" content=\"https:\/\/www.castrum.ee\/fi\/toode\/astinlaudat-bb002-hunter-akselin-valiasetus-valikkojen-kanssa\/\" \/>\n<meta property=\"og:site_name\" content=\"Castrum\" \/>\n<meta property=\"article:publisher\" content=\"https:\/\/www.facebook.com\/castrum.ee\" \/>\n<meta property=\"article:modified_time\" content=\"2026-05-11T11:28:20+00:00\" \/>\n<meta property=\"og:image\" content=\"https:\/\/www.castrum.ee\/wp-content\/uploads\/2025\/06\/695D0015-8D77-40E4-ACEB-0BD95C2611D6.jpeg\" \/>\n\t<meta property=\"og:image:width\" content=\"800\" \/>\n\t<meta property=\"og:image:height\" content=\"600\" \/>\n\t<meta property=\"og:image:type\" content=\"image\/jpeg\" \/>\n<meta name=\"twitter:card\" content=\"summary_large_image\" \/>\n<meta name=\"twitter:label1\" content=\"Arvioitu lukuaika\" \/>\n\t<meta name=\"twitter:data1\" content=\"1 minuutti\" \/>\n<script type=\"application\/ld+json\" class=\"yoast-schema-graph\">{\"@context\":\"https:\\\/\\\/schema.org\",\"@graph\":[{\"@type\":\"WebPage\",\"@id\":\"https:\\\/\\\/www.castrum.ee\\\/fi\\\/toode\\\/astinlaudat-bb002-hunter-akselin-valiasetus-valikkojen-kanssa\\\/\",\"url\":\"https:\\\/\\\/www.castrum.ee\\\/fi\\\/toode\\\/astinlaudat-bb002-hunter-akselin-valiasetus-valikkojen-kanssa\\\/\",\"name\":\"Astinlaudat BB002 Hunter | Akselin v\u00e4liasetus\",\"isPartOf\":{\"@id\":\"https:\\\/\\\/www.castrum.ee\\\/fi\\\/#website\"},\"primaryImageOfPage\":{\"@id\":\"https:\\\/\\\/www.castrum.ee\\\/fi\\\/toode\\\/astinlaudat-bb002-hunter-akselin-valiasetus-valikkojen-kanssa\\\/#primaryimage\"},\"image\":{\"@id\":\"https:\\\/\\\/www.castrum.ee\\\/fi\\\/toode\\\/astinlaudat-bb002-hunter-akselin-valiasetus-valikkojen-kanssa\\\/#primaryimage\"},\"thumbnailUrl\":\"https:\\\/\\\/www.castrum.ee\\\/wp-content\\\/uploads\\\/2025\\\/06\\\/695D0015-8D77-40E4-ACEB-0BD95C2611D6.jpeg\",\"datePublished\":\"2025-06-18T10:36:43+00:00\",\"dateModified\":\"2026-05-11T11:28:20+00:00\",\"description\":\"Astinlaudat BB002 Hunter akselin v\u00e4liasetus valikolla. Ruostumatonta ter\u00e4st\u00e4, plug and play -asennus. Maastoauto- ja pikapa-varustus.\",\"breadcrumb\":{\"@id\":\"https:\\\/\\\/www.castrum.ee\\\/fi\\\/toode\\\/astinlaudat-bb002-hunter-akselin-valiasetus-valikkojen-kanssa\\\/#breadcrumb\"},\"inLanguage\":\"fi\",\"potentialAction\":[{\"@type\":\"ReadAction\",\"target\":[\"https:\\\/\\\/www.castrum.ee\\\/fi\\\/toode\\\/astinlaudat-bb002-hunter-akselin-valiasetus-valikkojen-kanssa\\\/\"]}]},{\"@type\":\"ImageObject\",\"inLanguage\":\"fi\",\"@id\":\"https:\\\/\\\/www.castrum.ee\\\/fi\\\/toode\\\/astinlaudat-bb002-hunter-akselin-valiasetus-valikkojen-kanssa\\\/#primaryimage\",\"url\":\"https:\\\/\\\/www.castrum.ee\\\/wp-content\\\/uploads\\\/2025\\\/06\\\/695D0015-8D77-40E4-ACEB-0BD95C2611D6.jpeg\",\"contentUrl\":\"https:\\\/\\\/www.castrum.ee\\\/wp-content\\\/uploads\\\/2025\\\/06\\\/695D0015-8D77-40E4-ACEB-0BD95C2611D6.jpeg\",\"width\":800,\"height\":600},{\"@type\":\"BreadcrumbList\",\"@id\":\"https:\\\/\\\/www.castrum.ee\\\/fi\\\/toode\\\/astinlaudat-bb002-hunter-akselin-valiasetus-valikkojen-kanssa\\\/#breadcrumb\",\"itemListElement\":[{\"@type\":\"ListItem\",\"position\":1,\"name\":\"Home\",\"item\":\"https:\\\/\\\/www.castrum.ee\\\/fi\\\/kotisivu\\\/\"},{\"@type\":\"ListItem\",\"position\":2,\"name\":\"Verkkokauppa\",\"item\":\"https:\\\/\\\/www.castrum.ee\\\/fi\\\/kauppa\\\/\"},{\"@type\":\"ListItem\",\"position\":3,\"name\":\"Astinlaudat BB002 Hunter | Akselin v\u00e4liasetus valikkojen kanssa\"}]},{\"@type\":\"WebSite\",\"@id\":\"https:\\\/\\\/www.castrum.ee\\\/fi\\\/#website\",\"url\":\"https:\\\/\\\/www.castrum.ee\\\/fi\\\/\",\"name\":\"Castrum\",\"description\":\"Maastoautojen, henkil\u00f6autojen ja pienvaunujen lis\u00e4varusteet\",\"publisher\":{\"@id\":\"https:\\\/\\\/www.castrum.ee\\\/fi\\\/#organization\"},\"potentialAction\":[{\"@type\":\"SearchAction\",\"target\":{\"@type\":\"EntryPoint\",\"urlTemplate\":\"https:\\\/\\\/www.castrum.ee\\\/fi\\\/?s={search_term_string}\"},\"query-input\":{\"@type\":\"PropertyValueSpecification\",\"valueRequired\":true,\"valueName\":\"search_term_string\"}}],\"inLanguage\":\"fi\"},{\"@type\":\"Organization\",\"@id\":\"https:\\\/\\\/www.castrum.ee\\\/fi\\\/#organization\",\"name\":\"Castrum Grupp O\u00dc\",\"url\":\"https:\\\/\\\/www.castrum.ee\\\/fi\\\/\",\"logo\":{\"@type\":\"ImageObject\",\"inLanguage\":\"fi\",\"@id\":\"https:\\\/\\\/www.castrum.ee\\\/fi\\\/#\\\/schema\\\/logo\\\/image\\\/\",\"url\":\"https:\\\/\\\/www.castrum.ee\\\/wp-content\\\/uploads\\\/2025\\\/03\\\/Castrum-logo-500.png\",\"contentUrl\":\"https:\\\/\\\/www.castrum.ee\\\/wp-content\\\/uploads\\\/2025\\\/03\\\/Castrum-logo-500.png\",\"width\":500,\"height\":250,\"caption\":\"Castrum Grupp O\u00dc\"},\"image\":{\"@id\":\"https:\\\/\\\/www.castrum.ee\\\/fi\\\/#\\\/schema\\\/logo\\\/image\\\/\"},\"sameAs\":[\"https:\\\/\\\/www.facebook.com\\\/castrum.ee\"]}]}<\/script>\n<!-- \/ Yoast SEO plugin. -->","yoast_head_json":{"title":"Astinlaudat BB002 Hunter | Akselin v\u00e4liasetus","description":"Astinlaudat BB002 Hunter akselin v\u00e4liasetus valikolla. Ruostumatonta ter\u00e4st\u00e4, plug and play -asennus. Maastoauto- ja pikapa-varustus.","robots":{"index":"index","follow":"follow","max-snippet":"max-snippet:-1","max-image-preview":"max-image-preview:large","max-video-preview":"max-video-preview:-1"},"canonical":"https:\/\/www.castrum.ee\/fi\/toode\/astinlaudat-bb002-hunter-akselin-valiasetus-valikkojen-kanssa\/","og_locale":"fi_FI","og_type":"article","og_title":"Astinlaudat BB002 Hunter | Akselin v\u00e4liasetus","og_description":"Astinlaudat BB002 Hunter akselin v\u00e4liasetus valikolla. Ruostumatonta ter\u00e4st\u00e4, plug and play -asennus. Maastoauto- ja pikapa-varustus.","og_url":"https:\/\/www.castrum.ee\/fi\/toode\/astinlaudat-bb002-hunter-akselin-valiasetus-valikkojen-kanssa\/","og_site_name":"Castrum","article_publisher":"https:\/\/www.facebook.com\/castrum.ee","article_modified_time":"2026-05-11T11:28:20+00:00","og_image":[{"width":800,"height":600,"url":"https:\/\/www.castrum.ee\/wp-content\/uploads\/2025\/06\/695D0015-8D77-40E4-ACEB-0BD95C2611D6.jpeg","type":"image\/jpeg"}],"twitter_card":"summary_large_image","twitter_misc":{"Arvioitu lukuaika":"1 minuutti"},"schema":{"@context":"https:\/\/schema.org","@graph":[{"@type":"WebPage","@id":"https:\/\/www.castrum.ee\/fi\/toode\/astinlaudat-bb002-hunter-akselin-valiasetus-valikkojen-kanssa\/","url":"https:\/\/www.castrum.ee\/fi\/toode\/astinlaudat-bb002-hunter-akselin-valiasetus-valikkojen-kanssa\/","name":"Astinlaudat BB002 Hunter | Akselin v\u00e4liasetus","isPartOf":{"@id":"https:\/\/www.castrum.ee\/fi\/#website"},"primaryImageOfPage":{"@id":"https:\/\/www.castrum.ee\/fi\/toode\/astinlaudat-bb002-hunter-akselin-valiasetus-valikkojen-kanssa\/#primaryimage"},"image":{"@id":"https:\/\/www.castrum.ee\/fi\/toode\/astinlaudat-bb002-hunter-akselin-valiasetus-valikkojen-kanssa\/#primaryimage"},"thumbnailUrl":"https:\/\/www.castrum.ee\/wp-content\/uploads\/2025\/06\/695D0015-8D77-40E4-ACEB-0BD95C2611D6.jpeg","datePublished":"2025-06-18T10:36:43+00:00","dateModified":"2026-05-11T11:28:20+00:00","description":"Astinlaudat BB002 Hunter akselin v\u00e4liasetus valikolla. Ruostumatonta ter\u00e4st\u00e4, plug and play -asennus. Maastoauto- ja pikapa-varustus.","breadcrumb":{"@id":"https:\/\/www.castrum.ee\/fi\/toode\/astinlaudat-bb002-hunter-akselin-valiasetus-valikkojen-kanssa\/#breadcrumb"},"inLanguage":"fi","potentialAction":[{"@type":"ReadAction","target":["https:\/\/www.castrum.ee\/fi\/toode\/astinlaudat-bb002-hunter-akselin-valiasetus-valikkojen-kanssa\/"]}]},{"@type":"ImageObject","inLanguage":"fi","@id":"https:\/\/www.castrum.ee\/fi\/toode\/astinlaudat-bb002-hunter-akselin-valiasetus-valikkojen-kanssa\/#primaryimage","url":"https:\/\/www.castrum.ee\/wp-content\/uploads\/2025\/06\/695D0015-8D77-40E4-ACEB-0BD95C2611D6.jpeg","contentUrl":"https:\/\/www.castrum.ee\/wp-content\/uploads\/2025\/06\/695D0015-8D77-40E4-ACEB-0BD95C2611D6.jpeg","width":800,"height":600},{"@type":"BreadcrumbList","@id":"https:\/\/www.castrum.ee\/fi\/toode\/astinlaudat-bb002-hunter-akselin-valiasetus-valikkojen-kanssa\/#breadcrumb","itemListElement":[{"@type":"ListItem","position":1,"name":"Home","item":"https:\/\/www.castrum.ee\/fi\/kotisivu\/"},{"@type":"ListItem","position":2,"name":"Verkkokauppa","item":"https:\/\/www.castrum.ee\/fi\/kauppa\/"},{"@type":"ListItem","position":3,"name":"Astinlaudat BB002 Hunter | Akselin v\u00e4liasetus valikkojen kanssa"}]},{"@type":"WebSite","@id":"https:\/\/www.castrum.ee\/fi\/#website","url":"https:\/\/www.castrum.ee\/fi\/","name":"Castrum","description":"Maastoautojen, henkil\u00f6autojen ja pienvaunujen lis\u00e4varusteet","publisher":{"@id":"https:\/\/www.castrum.ee\/fi\/#organization"},"potentialAction":[{"@type":"SearchAction","target":{"@type":"EntryPoint","urlTemplate":"https:\/\/www.castrum.ee\/fi\/?s={search_term_string}"},"query-input":{"@type":"PropertyValueSpecification","valueRequired":true,"valueName":"search_term_string"}}],"inLanguage":"fi"},{"@type":"Organization","@id":"https:\/\/www.castrum.ee\/fi\/#organization","name":"Castrum Grupp O\u00dc","url":"https:\/\/www.castrum.ee\/fi\/","logo":{"@type":"ImageObject","inLanguage":"fi","@id":"https:\/\/www.castrum.ee\/fi\/#\/schema\/logo\/image\/","url":"https:\/\/www.castrum.ee\/wp-content\/uploads\/2025\/03\/Castrum-logo-500.png","contentUrl":"https:\/\/www.castrum.ee\/wp-content\/uploads\/2025\/03\/Castrum-logo-500.png","width":500,"height":250,"caption":"Castrum Grupp O\u00dc"},"image":{"@id":"https:\/\/www.castrum.ee\/fi\/#\/schema\/logo\/image\/"},"sameAs":["https:\/\/www.facebook.com\/castrum.ee"]}]}},"_links":{"self":[{"href":"https:\/\/www.castrum.ee\/fi\/wp-json\/wp\/v2\/product\/80916","targetHints":{"allow":["GET"]}}],"collection":[{"href":"https:\/\/www.castrum.ee\/fi\/wp-json\/wp\/v2\/product"}],"about":[{"href":"https:\/\/www.castrum.ee\/fi\/wp-json\/wp\/v2\/types\/product"}],"wp:featuredmedia":[{"embeddable":true,"href":"https:\/\/www.castrum.ee\/fi\/wp-json\/wp\/v2\/media\/4061"}],"wp:attachment":[{"href":"https:\/\/www.castrum.ee\/fi\/wp-json\/wp\/v2\/media?parent=80916"}],"wp:term":[{"taxonomy":"mark-ja-mudel","embeddable":true,"href":"https:\/\/www.castrum.ee\/fi\/wp-json\/wp\/v2\/mark-ja-mudel?post=80916"},{"taxonomy":"product_brand","embeddable":true,"href":"https:\/\/www.castrum.ee\/fi\/wp-json\/wp\/v2\/product_brand?post=80916"},{"taxonomy":"product_cat","embeddable":true,"href":"https:\/\/www.castrum.ee\/fi\/wp-json\/wp\/v2\/product_cat?post=80916"},{"taxonomy":"product_tag","embeddable":true,"href":"https:\/\/www.castrum.ee\/fi\/wp-json\/wp\/v2\/product_tag?post=80916"}],"curies":[{"name":"wp","href":"https:\/\/api.w.org\/{rel}","templated":true}]}}