{"id":80921,"date":"2025-06-18T10:36:33","date_gmt":"2025-06-18T10:36:33","guid":{"rendered":"https:\/\/www.castrum.ee\/toode\/astinlaudat-ab018-chaos-2-y3yatq\/"},"modified":"2026-05-11T14:28:29","modified_gmt":"2026-05-11T11:28:29","slug":"astinlaudat-ab018-chaos-2","status":"publish","type":"product","link":"https:\/\/www.castrum.ee\/fi\/toode\/astinlaudat-ab018-chaos-2\/","title":{"rendered":"Astinlaudat AB018 Chaos"},"content":{"rendered":"<p><strong>Miksi valita juuri n\u00e4m\u00e4 astinlaudat:<\/strong><\/p>\n<ul>\n<li>Tarjoavat lis\u00e4suojaa ajoneuvollesi.<\/li>\n<li>Sopivat ajoneuvoon kuten alkuper\u00e4inen lis\u00e4varustus<\/li>\n<li>Helppo asentaa \/ Plug and play.<\/li>\n<\/ul>\n<p><strong>Sarja sis\u00e4lt\u00e4\u00e4:<\/strong><\/p>\n<ul>\n<li>Yhden parin astinlautoja (vasen ja oikea).<\/li>\n<li>Asennukseen tarvittavat kiinnitysosat.<\/li>\n<li>Asennusoppaan.<\/li>\n<\/ul>\n<p><strong>Helppo asentaa:<\/strong><br \/>\nAstinlaudan asennus on hyvin yksinkertaista, koska sarjassa on mukana asennusohje ja tarvittavat osat. T\u00e4m\u00e4 poistaa tarpeen ajoneuvon lis\u00e4muutoksille. Astinlaudat asennetaan olemassa oleville kiinnityskohdille ajoneuvon rungossa tai korikossa.<\/p>\n<p><strong>Lis\u00e4suoja ajoneuvon korikoolle:<\/strong><br \/>\nAstinlaudat suojaavat ovia ja sivupaneeleita kiveniskuilta, asfaltinpaladoilta ja ahtaissa paikoissa muiden autojen oville syntyneilt\u00e4 vahingoilta. T\u00e4m\u00e4 on erityisen t\u00e4rke\u00e4\u00e4 sorateill\u00e4 ja maantieill\u00e4. Samoin astinlaudat suojaavat suuremmilta kivilt\u00e4 ja py\u00f6rist\u00e4 lent\u00e4vilta esineilt\u00e4.<\/p>\n<p>Lis\u00e4ksi astinlaudat on varustettu liukkauden vastaisella teknologialla, joka parantaa pit\u00e4vyytt\u00e4 ja voi est\u00e4\u00e4 onnettomuuksia tilanteissa, joissa jalkineilla on p\u00f6ly\u00e4, lunta, \u00f6ljy\u00e4 jne. Samalla se auttaa suojaamaan ajoneuvon jalkamattoita.<\/p>\n<p><strong>T\u00e4rke\u00e4\u00e4 tietoa:<\/strong><\/p>\n<ul>\n<li>Joissakin ajoneuvoissa voi olla muovisia korkkeja kiinnitysten asennusreikien peitt\u00e4miseen, jotka on poistettava ennen kylkiputkien asennusta.<\/li>\n<li>\u00c4l\u00e4 k\u00e4yt\u00e4 metallisten lis\u00e4varusteiden puhdistamiseen autopesuaineita, jotka sis\u00e4lt\u00e4v\u00e4t TFR- (Traffic Film Remover) -kemikaaleja, koska ne voivat aiheuttaa korroosiota. N\u00e4ill\u00e4 liuottimilla puhdistaminen voi mit\u00e4t\u00f6id\u00e4 takuun.<\/li>\n<li>Suosittelemme eritt\u00e4in paljon tarkistamaan ruuvit ja kiinnitysosiot 7 p\u00e4iv\u00e4n kuluttua alkuper\u00e4isest\u00e4 asennuksesta varmistaaksesi, ett\u00e4 ne ovat kunnolla kiinnittyneet. Turvallisuuden vuoksi kaikki osat tulee tarkistaa 3\u20136 kuukauden v\u00e4lein.<\/li>\n<\/ul>\n<p><strong>ARP-br\u00e4ndist\u00e4:<\/strong><br \/>\nARP on auton osien ja -varusteiden teollisuuden merkitt\u00e4v\u00e4 toimija, joka tarjoaa varaosia ja tarvikkeita 4\u00d74 maastoautoihin, lava-autoihin, henkil\u00f6autoihin, apuajoneuvoihin ja kaupallisiin ajoneuvoihin, mukaan lukien sek\u00e4 vanhemmat ett\u00e4 uudemmat mallit. Castrum on ARP:n tuotteiden virallinen j\u00e4lleenmyyj\u00e4 Suomessa.<\/p>\n","protected":false},"excerpt":{"rendered":"<ul>\n<li>Valmistettu 2,5 mm St37-ter\u00e4slevyst\u00e4<\/li>\n<li>Astinlauta on vahvistettu taivutetuilla reunoilla ja rei&#8217;itystekniikalla<\/li>\n<li>Astinlaudan yl\u00e4reunassa on 4 LED-valaisinta<\/li>\n<li>Ruostonkest\u00e4vyys saavutetaan EDP-pinnoituksella. Astinlaudan musta v\u00e4ri on mattapinnoituksella.<\/li>\n<\/ul>\n","protected":false},"featured_media":3857,"template":"","meta":{"_acf_changed":false},"mark-ja-mudel":[],"product_brand":[2097,1285,1284,1298,1297],"product_cat":[1067,1066],"product_tag":[],"class_list":{"0":"post-80921","1":"product","2":"type-product","3":"status-publish","4":"has-post-thumbnail","6":"product_brand-arp-fi","7":"product_brand-l200","8":"product_brand-mitsubishi","9":"product_brand-navara","10":"product_brand-nissan","11":"product_cat-astinlaudat","12":"product_cat-astinlaudat-ja-sivusuojat","13":"product_shipping_class-tukku","15":"first","16":"instock","17":"taxable","18":"shipping-taxable","19":"purchasable","20":"product-type-variable"},"bundled_by":[],"bundle_stock_status":"instock","bundle_stock_quantity":null,"bundle_virtual":false,"bundle_layout":"","bundle_add_to_cart_form_location":"","bundle_editable_in_cart":false,"bundle_sold_individually_context":"","bundle_item_grouping":"","bundle_min_size":"","bundle_max_size":"","bundle_price":[],"bundled_items":[],"bundle_sell_ids":[],"acf":[],"yoast_head":"<!-- This site is optimized with the Yoast SEO plugin v27.5 - https:\/\/yoast.com\/product\/yoast-seo-wordpress\/ -->\n<title>Astinlaudat AB018 Chaos | Castrum<\/title>\n<meta name=\"description\" content=\"Astinlaudat AB018 Chaos - Kylkiputket ja astinlaudat maastoautoihin ja lava-autoihin. Ruostumaton ter\u00e4s, mattamusta pinnoite, LED-valaistus.\" \/>\n<meta name=\"robots\" content=\"index, follow, max-snippet:-1, max-image-preview:large, max-video-preview:-1\" \/>\n<link rel=\"canonical\" href=\"https:\/\/www.castrum.ee\/fi\/toode\/astinlaudat-ab018-chaos-2\/\" \/>\n<meta property=\"og:locale\" content=\"fi_FI\" \/>\n<meta property=\"og:type\" content=\"article\" \/>\n<meta property=\"og:title\" content=\"Astinlaudat AB018 Chaos | Castrum\" \/>\n<meta property=\"og:description\" content=\"Astinlaudat AB018 Chaos - Kylkiputket ja astinlaudat maastoautoihin ja lava-autoihin. Ruostumaton ter\u00e4s, mattamusta pinnoite, LED-valaistus.\" \/>\n<meta property=\"og:url\" content=\"https:\/\/www.castrum.ee\/fi\/toode\/astinlaudat-ab018-chaos-2\/\" \/>\n<meta property=\"og:site_name\" content=\"Castrum\" \/>\n<meta property=\"article:publisher\" content=\"https:\/\/www.facebook.com\/castrum.ee\" \/>\n<meta property=\"article:modified_time\" content=\"2026-05-11T11:28:29+00:00\" \/>\n<meta property=\"og:image\" content=\"https:\/\/www.castrum.ee\/wp-content\/uploads\/2025\/06\/67D2BBBD-D67B-4BFA-96D6-4C8EC6649E3F.jpeg\" \/>\n\t<meta property=\"og:image:width\" content=\"960\" \/>\n\t<meta property=\"og:image:height\" content=\"540\" \/>\n\t<meta property=\"og:image:type\" content=\"image\/jpeg\" \/>\n<meta name=\"twitter:card\" content=\"summary_large_image\" \/>\n<meta name=\"twitter:label1\" content=\"Arvioitu lukuaika\" \/>\n\t<meta name=\"twitter:data1\" content=\"1 minuutti\" \/>\n<script type=\"application\/ld+json\" class=\"yoast-schema-graph\">{\"@context\":\"https:\\\/\\\/schema.org\",\"@graph\":[{\"@type\":\"WebPage\",\"@id\":\"https:\\\/\\\/www.castrum.ee\\\/fi\\\/toode\\\/astinlaudat-ab018-chaos-2\\\/\",\"url\":\"https:\\\/\\\/www.castrum.ee\\\/fi\\\/toode\\\/astinlaudat-ab018-chaos-2\\\/\",\"name\":\"Astinlaudat AB018 Chaos | Castrum\",\"isPartOf\":{\"@id\":\"https:\\\/\\\/www.castrum.ee\\\/fi\\\/#website\"},\"primaryImageOfPage\":{\"@id\":\"https:\\\/\\\/www.castrum.ee\\\/fi\\\/toode\\\/astinlaudat-ab018-chaos-2\\\/#primaryimage\"},\"image\":{\"@id\":\"https:\\\/\\\/www.castrum.ee\\\/fi\\\/toode\\\/astinlaudat-ab018-chaos-2\\\/#primaryimage\"},\"thumbnailUrl\":\"https:\\\/\\\/www.castrum.ee\\\/wp-content\\\/uploads\\\/2025\\\/06\\\/67D2BBBD-D67B-4BFA-96D6-4C8EC6649E3F.jpeg\",\"datePublished\":\"2025-06-18T10:36:33+00:00\",\"dateModified\":\"2026-05-11T11:28:29+00:00\",\"description\":\"Astinlaudat AB018 Chaos - Kylkiputket ja astinlaudat maastoautoihin ja lava-autoihin. Ruostumaton ter\u00e4s, mattamusta pinnoite, LED-valaistus.\",\"breadcrumb\":{\"@id\":\"https:\\\/\\\/www.castrum.ee\\\/fi\\\/toode\\\/astinlaudat-ab018-chaos-2\\\/#breadcrumb\"},\"inLanguage\":\"fi\",\"potentialAction\":[{\"@type\":\"ReadAction\",\"target\":[\"https:\\\/\\\/www.castrum.ee\\\/fi\\\/toode\\\/astinlaudat-ab018-chaos-2\\\/\"]}]},{\"@type\":\"ImageObject\",\"inLanguage\":\"fi\",\"@id\":\"https:\\\/\\\/www.castrum.ee\\\/fi\\\/toode\\\/astinlaudat-ab018-chaos-2\\\/#primaryimage\",\"url\":\"https:\\\/\\\/www.castrum.ee\\\/wp-content\\\/uploads\\\/2025\\\/06\\\/67D2BBBD-D67B-4BFA-96D6-4C8EC6649E3F.jpeg\",\"contentUrl\":\"https:\\\/\\\/www.castrum.ee\\\/wp-content\\\/uploads\\\/2025\\\/06\\\/67D2BBBD-D67B-4BFA-96D6-4C8EC6649E3F.jpeg\",\"width\":960,\"height\":540},{\"@type\":\"BreadcrumbList\",\"@id\":\"https:\\\/\\\/www.castrum.ee\\\/fi\\\/toode\\\/astinlaudat-ab018-chaos-2\\\/#breadcrumb\",\"itemListElement\":[{\"@type\":\"ListItem\",\"position\":1,\"name\":\"Home\",\"item\":\"https:\\\/\\\/www.castrum.ee\\\/fi\\\/kotisivu\\\/\"},{\"@type\":\"ListItem\",\"position\":2,\"name\":\"Verkkokauppa\",\"item\":\"https:\\\/\\\/www.castrum.ee\\\/fi\\\/kauppa\\\/\"},{\"@type\":\"ListItem\",\"position\":3,\"name\":\"Astinlaudat AB018 Chaos\"}]},{\"@type\":\"WebSite\",\"@id\":\"https:\\\/\\\/www.castrum.ee\\\/fi\\\/#website\",\"url\":\"https:\\\/\\\/www.castrum.ee\\\/fi\\\/\",\"name\":\"Castrum\",\"description\":\"Maastoautojen, henkil\u00f6autojen ja pienvaunujen lis\u00e4varusteet\",\"publisher\":{\"@id\":\"https:\\\/\\\/www.castrum.ee\\\/fi\\\/#organization\"},\"potentialAction\":[{\"@type\":\"SearchAction\",\"target\":{\"@type\":\"EntryPoint\",\"urlTemplate\":\"https:\\\/\\\/www.castrum.ee\\\/fi\\\/?s={search_term_string}\"},\"query-input\":{\"@type\":\"PropertyValueSpecification\",\"valueRequired\":true,\"valueName\":\"search_term_string\"}}],\"inLanguage\":\"fi\"},{\"@type\":\"Organization\",\"@id\":\"https:\\\/\\\/www.castrum.ee\\\/fi\\\/#organization\",\"name\":\"Castrum Grupp O\u00dc\",\"url\":\"https:\\\/\\\/www.castrum.ee\\\/fi\\\/\",\"logo\":{\"@type\":\"ImageObject\",\"inLanguage\":\"fi\",\"@id\":\"https:\\\/\\\/www.castrum.ee\\\/fi\\\/#\\\/schema\\\/logo\\\/image\\\/\",\"url\":\"https:\\\/\\\/www.castrum.ee\\\/wp-content\\\/uploads\\\/2025\\\/03\\\/Castrum-logo-500.png\",\"contentUrl\":\"https:\\\/\\\/www.castrum.ee\\\/wp-content\\\/uploads\\\/2025\\\/03\\\/Castrum-logo-500.png\",\"width\":500,\"height\":250,\"caption\":\"Castrum Grupp O\u00dc\"},\"image\":{\"@id\":\"https:\\\/\\\/www.castrum.ee\\\/fi\\\/#\\\/schema\\\/logo\\\/image\\\/\"},\"sameAs\":[\"https:\\\/\\\/www.facebook.com\\\/castrum.ee\"]}]}<\/script>\n<!-- \/ Yoast SEO plugin. -->","yoast_head_json":{"title":"Astinlaudat AB018 Chaos | Castrum","description":"Astinlaudat AB018 Chaos - Kylkiputket ja astinlaudat maastoautoihin ja lava-autoihin. Ruostumaton ter\u00e4s, mattamusta pinnoite, LED-valaistus.","robots":{"index":"index","follow":"follow","max-snippet":"max-snippet:-1","max-image-preview":"max-image-preview:large","max-video-preview":"max-video-preview:-1"},"canonical":"https:\/\/www.castrum.ee\/fi\/toode\/astinlaudat-ab018-chaos-2\/","og_locale":"fi_FI","og_type":"article","og_title":"Astinlaudat AB018 Chaos | Castrum","og_description":"Astinlaudat AB018 Chaos - Kylkiputket ja astinlaudat maastoautoihin ja lava-autoihin. Ruostumaton ter\u00e4s, mattamusta pinnoite, LED-valaistus.","og_url":"https:\/\/www.castrum.ee\/fi\/toode\/astinlaudat-ab018-chaos-2\/","og_site_name":"Castrum","article_publisher":"https:\/\/www.facebook.com\/castrum.ee","article_modified_time":"2026-05-11T11:28:29+00:00","og_image":[{"width":960,"height":540,"url":"https:\/\/www.castrum.ee\/wp-content\/uploads\/2025\/06\/67D2BBBD-D67B-4BFA-96D6-4C8EC6649E3F.jpeg","type":"image\/jpeg"}],"twitter_card":"summary_large_image","twitter_misc":{"Arvioitu lukuaika":"1 minuutti"},"schema":{"@context":"https:\/\/schema.org","@graph":[{"@type":"WebPage","@id":"https:\/\/www.castrum.ee\/fi\/toode\/astinlaudat-ab018-chaos-2\/","url":"https:\/\/www.castrum.ee\/fi\/toode\/astinlaudat-ab018-chaos-2\/","name":"Astinlaudat AB018 Chaos | Castrum","isPartOf":{"@id":"https:\/\/www.castrum.ee\/fi\/#website"},"primaryImageOfPage":{"@id":"https:\/\/www.castrum.ee\/fi\/toode\/astinlaudat-ab018-chaos-2\/#primaryimage"},"image":{"@id":"https:\/\/www.castrum.ee\/fi\/toode\/astinlaudat-ab018-chaos-2\/#primaryimage"},"thumbnailUrl":"https:\/\/www.castrum.ee\/wp-content\/uploads\/2025\/06\/67D2BBBD-D67B-4BFA-96D6-4C8EC6649E3F.jpeg","datePublished":"2025-06-18T10:36:33+00:00","dateModified":"2026-05-11T11:28:29+00:00","description":"Astinlaudat AB018 Chaos - Kylkiputket ja astinlaudat maastoautoihin ja lava-autoihin. Ruostumaton ter\u00e4s, mattamusta pinnoite, LED-valaistus.","breadcrumb":{"@id":"https:\/\/www.castrum.ee\/fi\/toode\/astinlaudat-ab018-chaos-2\/#breadcrumb"},"inLanguage":"fi","potentialAction":[{"@type":"ReadAction","target":["https:\/\/www.castrum.ee\/fi\/toode\/astinlaudat-ab018-chaos-2\/"]}]},{"@type":"ImageObject","inLanguage":"fi","@id":"https:\/\/www.castrum.ee\/fi\/toode\/astinlaudat-ab018-chaos-2\/#primaryimage","url":"https:\/\/www.castrum.ee\/wp-content\/uploads\/2025\/06\/67D2BBBD-D67B-4BFA-96D6-4C8EC6649E3F.jpeg","contentUrl":"https:\/\/www.castrum.ee\/wp-content\/uploads\/2025\/06\/67D2BBBD-D67B-4BFA-96D6-4C8EC6649E3F.jpeg","width":960,"height":540},{"@type":"BreadcrumbList","@id":"https:\/\/www.castrum.ee\/fi\/toode\/astinlaudat-ab018-chaos-2\/#breadcrumb","itemListElement":[{"@type":"ListItem","position":1,"name":"Home","item":"https:\/\/www.castrum.ee\/fi\/kotisivu\/"},{"@type":"ListItem","position":2,"name":"Verkkokauppa","item":"https:\/\/www.castrum.ee\/fi\/kauppa\/"},{"@type":"ListItem","position":3,"name":"Astinlaudat AB018 Chaos"}]},{"@type":"WebSite","@id":"https:\/\/www.castrum.ee\/fi\/#website","url":"https:\/\/www.castrum.ee\/fi\/","name":"Castrum","description":"Maastoautojen, henkil\u00f6autojen ja pienvaunujen lis\u00e4varusteet","publisher":{"@id":"https:\/\/www.castrum.ee\/fi\/#organization"},"potentialAction":[{"@type":"SearchAction","target":{"@type":"EntryPoint","urlTemplate":"https:\/\/www.castrum.ee\/fi\/?s={search_term_string}"},"query-input":{"@type":"PropertyValueSpecification","valueRequired":true,"valueName":"search_term_string"}}],"inLanguage":"fi"},{"@type":"Organization","@id":"https:\/\/www.castrum.ee\/fi\/#organization","name":"Castrum Grupp O\u00dc","url":"https:\/\/www.castrum.ee\/fi\/","logo":{"@type":"ImageObject","inLanguage":"fi","@id":"https:\/\/www.castrum.ee\/fi\/#\/schema\/logo\/image\/","url":"https:\/\/www.castrum.ee\/wp-content\/uploads\/2025\/03\/Castrum-logo-500.png","contentUrl":"https:\/\/www.castrum.ee\/wp-content\/uploads\/2025\/03\/Castrum-logo-500.png","width":500,"height":250,"caption":"Castrum Grupp O\u00dc"},"image":{"@id":"https:\/\/www.castrum.ee\/fi\/#\/schema\/logo\/image\/"},"sameAs":["https:\/\/www.facebook.com\/castrum.ee"]}]}},"_links":{"self":[{"href":"https:\/\/www.castrum.ee\/fi\/wp-json\/wp\/v2\/product\/80921","targetHints":{"allow":["GET"]}}],"collection":[{"href":"https:\/\/www.castrum.ee\/fi\/wp-json\/wp\/v2\/product"}],"about":[{"href":"https:\/\/www.castrum.ee\/fi\/wp-json\/wp\/v2\/types\/product"}],"wp:featuredmedia":[{"embeddable":true,"href":"https:\/\/www.castrum.ee\/fi\/wp-json\/wp\/v2\/media\/3857"}],"wp:attachment":[{"href":"https:\/\/www.castrum.ee\/fi\/wp-json\/wp\/v2\/media?parent=80921"}],"wp:term":[{"taxonomy":"mark-ja-mudel","embeddable":true,"href":"https:\/\/www.castrum.ee\/fi\/wp-json\/wp\/v2\/mark-ja-mudel?post=80921"},{"taxonomy":"product_brand","embeddable":true,"href":"https:\/\/www.castrum.ee\/fi\/wp-json\/wp\/v2\/product_brand?post=80921"},{"taxonomy":"product_cat","embeddable":true,"href":"https:\/\/www.castrum.ee\/fi\/wp-json\/wp\/v2\/product_cat?post=80921"},{"taxonomy":"product_tag","embeddable":true,"href":"https:\/\/www.castrum.ee\/fi\/wp-json\/wp\/v2\/product_tag?post=80921"}],"curies":[{"name":"wp","href":"https:\/\/api.w.org\/{rel}","templated":true}]}}