{"id":80922,"date":"2025-06-18T09:21:11","date_gmt":"2025-06-18T09:21:11","guid":{"rendered":"https:\/\/www.castrum.ee\/toode\/kylkiputket-bb004-arena-hof9sc\/"},"modified":"2026-05-11T14:28:43","modified_gmt":"2026-05-11T11:28:43","slug":"kylkiputket-bb004-arena","status":"publish","type":"product","link":"https:\/\/www.castrum.ee\/fi\/toode\/kylkiputket-bb004-arena\/","title":{"rendered":"Kylkiputket BB004 Arena"},"content":{"rendered":"<p>Ruostumattomasta ter\u00e4ksest\u00e4 valmistetut kylkiputket, jotka on valmistettu uusimmalla teknologialla (CNC \u2013 laserleikattu), tarjoten ajoneuvolle parempaa suojaa ja silmiinpist\u00e4v\u00e4\u00e4 ulkon\u00e4k\u00f6\u00e4.<\/p>\n<p><strong>Ominaisuudet<\/strong><\/p>\n<ul>\n<li>Silmiinpist\u00e4v\u00e4 ulkon\u00e4k\u00f6 \u2013 antaa autolle ainutlaatuisen ilmeen.<\/li>\n<li>Valmistettu ruostumattomasta ter\u00e4ksest\u00e4 \u2013 parantaa ajoneuvon suojaa.<\/li>\n<li>Kest\u00e4vyys \u2013 kest\u00e4\u00e4 s\u00e4\u00e4olosuhteita ja ajan kulutusta.<\/li>\n<li>Helppo asennus \/ Plug and play \u2013 kylkiputket asennetaan helposti, sill\u00e4 sarjaan sis\u00e4ltyy asennusohjeet ja tarvittavat kiinnikkeet. Ajoneuvoa ei tarvitse muuntaa ylim\u00e4\u00e4r\u00e4isesti \u2013 kylkiputket kiinnitet\u00e4\u00e4n olemassa oleviin kiinnityspaikkoihin.<\/li>\n<\/ul>\n<p><strong>Sarja sis\u00e4lt\u00e4\u00e4:<\/strong><\/p>\n<ul>\n<li>Yhden parin kylkiputkia (vasen ja oikea).<\/li>\n<li>Asennukseen tarvittavat kiinnitysosat<\/li>\n<li>Asennusohjeen.<\/li>\n<\/ul>\n<p><strong>Helppo asentaa:<\/strong>Kylkiputkien asennus on eritt\u00e4in helppoa, sill\u00e4 sarjaan sis\u00e4ltyv\u00e4t sek\u00e4 asennusohje ett\u00e4 tarvittavat osat. T\u00e4m\u00e4 poistaa tarpeen ajoneuvon ylim\u00e4\u00e4r\u00e4isille muutoksille. Kylkiputket asennetaan olemassa oleviin kiinnityspaikkoihin ajoneuvon rungolla tai koissa.<strong>Lis\u00e4suoja ajoneuvon koille:<\/strong>Kylkiputket suojaavat ovia ja sivupaneelia kiviksilt\u00e4, asfaltin palasilla ja ahtaissa paikoituspaikoissa muiden autojen ovista aiheutuvilta vaurioilta. T\u00e4m\u00e4 on erityisen t\u00e4rke\u00e4\u00e4 sorateill\u00e4 ja maanteill\u00e4. Samoin astinlaudat suojaavat suuremmilta kivilta ja py\u00f6rien aiheuttamilta esineilt\u00e4.<strong>T\u00e4rke\u00e4 tieto:<\/strong><\/p>\n<ul>\n<li>Joissakin ajoneuvoissa saattaa olla muovisia korkeja kiinnitysten asennusrei&#8217;ille, jotka on poistettava ennen kylkiputkien asennusta.<\/li>\n<li>\u00c4l\u00e4 k\u00e4yt\u00e4 metallivarusteiden puhdistukseen auto-pesuaineita, jotka sis\u00e4lt\u00e4v\u00e4t TFR- (Traffic Film Remover) kemikaaleja, koska ne voivat aiheuttaa korroosiota. Pesu n\u00e4ill\u00e4 aineilla voi mit\u00e4t\u00f6id\u00e4 takuun.<\/li>\n<li>Suosittelemme vahvasti kiristysvareiden ja kiinnitysosia tarkistettavaksi 7 p\u00e4iv\u00e4n kuluttua ensimm\u00e4isest\u00e4 asennuksesta, jotta varmistetaan niiden olevan kunnolla kiinnittyneet. Turvallisuuden vuoksi kaikki osat tulee tarkistaa 3\u20136 kuukauden v\u00e4lein.<\/li>\n<\/ul>\n<p><strong>ARP-br\u00e4ndist\u00e4:<\/strong>ARP on t\u00e4rke\u00e4 toimija autonosien ja -tarvikkeiden teollisuudessa, ja se tarjoaa varaosia ja tarvikkeita 4\u00d74 maastoautoihin, lava-autoihin, henkil\u00f6autoihin, hy\u00f6tyajoneuvoihin ja kuorma-autoihin, mukaan lukien sek\u00e4 vanhemmat ett\u00e4 uudemmat mallit. Castrum on ARP:n tuotteiden virallinen j\u00e4lleenmyyj\u00e4 Suomessa.<\/p>\n","protected":false},"excerpt":{"rendered":"<p>Poleeratut ruostumattomat ter\u00e4ksest\u00e4 valmistetut kylkiputket. Sarja sis\u00e4lt\u00e4\u00e4 kaiken asennukseen tarvittavan. \u00d8 76 mm ja 1,5 mm sein\u00e4paksuus ruostumattomasta ter\u00e4ksest\u00e4.<\/p>\n","protected":false},"featured_media":4153,"template":"","meta":{"_acf_changed":false},"mark-ja-mudel":[],"product_brand":[2097,1316,1503,1324,1339,1506,1340,1448,1345,1314,1288,1469,1295,1309,1336,1291,1310,1483,1405,1286,1410,1450,1278,1302,1437,1294,1438,1446,1535,1485,1401,1307,1513,1529,1417,1323,1478,1325,1282,1284,1530,1298,1297,1311,1317,1505,1343,1326,1374,1305,1292,1329,1299,1439,1555,1337,1308,1290,1528,1332,1301,1536,1556,1281,1557,1280,1558,1306,1341,1277,1313,1322,1289,1342,1440,1312,1275,1303,1328,1344,1304,1533],"product_cat":[1066,1068],"product_tag":[],"class_list":{"0":"post-80922","1":"product","2":"type-product","3":"status-publish","4":"has-post-thumbnail","6":"product_brand-arp-fi","7":"product_brand-audi","8":"product_brand-boxer-swb-mwb-lwb","9":"product_brand-c-hr","10":"product_brand-caddy","11":"product_brand-cayenne","12":"product_brand-citroen","13":"product_brand-commander","14":"product_brand-cr-v","15":"product_brand-crafter","16":"product_brand-custom","17":"product_brand-cx7","18":"product_brand-d-max","19":"product_brand-dacia","20":"product_brand-discovery","21":"product_brand-dodge","22":"product_brand-duster","23":"product_brand-eclipse-cross","24":"product_brand-fiat","25":"product_brand-ford","26":"product_brand-fullback","27":"product_brand-grand-cherokee","28":"product_brand-hilux","29":"product_brand-honda","30":"product_brand-hyundai","31":"product_brand-isuzu","32":"product_brand-ix35","33":"product_brand-jeep","34":"product_brand-jimny","35":"product_brand-juke","36":"product_brand-jumper-swb-mwb-lwb","37":"product_brand-kia","38":"product_brand-koleos","39":"product_brand-korando","40":"product_brand-kuga","41":"product_brand-land-rover","42":"product_brand-m-class","43":"product_brand-mazda","44":"product_brand-mercedes-benz","45":"product_brand-mitsubishi","46":"product_brand-musso","47":"product_brand-navara","48":"product_brand-nissan","49":"product_brand-opel","50":"product_brand-peugeot","51":"product_brand-porsche","52":"product_brand-proace","53":"product_brand-q5","54":"product_brand-q7","55":"product_brand-qashqai","56":"product_brand-ram-1500","57":"product_brand-rav4","58":"product_brand-renault","59":"product_brand-santa-fe","60":"product_brand-sharan","61":"product_brand-sorento","62":"product_brand-sportage","63":"product_brand-sprinter","64":"product_brand-ssangyong","65":"product_brand-subaru","66":"product_brand-suzuki","67":"product_brand-sx4","68":"product_brand-t4","69":"product_brand-t5","70":"product_brand-t5-1","71":"product_brand-t6","72":"product_brand-t6-1","73":"product_brand-touareg","74":"product_brand-tourneo-connect","75":"product_brand-toyota","76":"product_brand-trafic","77":"product_brand-transit","78":"product_brand-transit-custom","79":"product_brand-traveller","80":"product_brand-tucson","81":"product_brand-vivaro","82":"product_brand-volkswagen","83":"product_brand-volvo","84":"product_brand-xc60","85":"product_brand-xc70","86":"product_brand-xc90","87":"product_brand-xv","88":"product_cat-astinlaudat-ja-sivusuojat","89":"product_cat-sivuraudat","90":"product_shipping_class-tukku","92":"first","93":"instock","94":"taxable","95":"shipping-taxable","96":"purchasable","97":"product-type-variable"},"bundled_by":[],"bundle_stock_status":"instock","bundle_stock_quantity":null,"bundle_virtual":false,"bundle_layout":"","bundle_add_to_cart_form_location":"","bundle_editable_in_cart":false,"bundle_sold_individually_context":"","bundle_item_grouping":"","bundle_min_size":"","bundle_max_size":"","bundle_price":[],"bundled_items":[],"bundle_sell_ids":[],"acf":[],"yoast_head":"<!-- This site is optimized with the Yoast SEO plugin v27.5 - https:\/\/yoast.com\/product\/yoast-seo-wordpress\/ -->\n<title>Kylkiputket BB004 Arena | ARP | Castrum<\/title>\n<meta name=\"description\" content=\"Kylkiputket BB004 Arena - ruostumattomat ter\u00e4skylkiputket ja astinlaudat maastoautoihin. Kylkiputket, suojakaaret ja varusteet 4x4-ajoneuvoihin.\" \/>\n<meta name=\"robots\" content=\"index, follow, max-snippet:-1, max-image-preview:large, max-video-preview:-1\" \/>\n<link rel=\"canonical\" href=\"https:\/\/www.castrum.ee\/fi\/toode\/kylkiputket-bb004-arena\/\" \/>\n<meta property=\"og:locale\" content=\"fi_FI\" \/>\n<meta property=\"og:type\" content=\"article\" \/>\n<meta property=\"og:title\" content=\"Kylkiputket BB004 Arena | ARP | Castrum\" \/>\n<meta property=\"og:description\" content=\"Kylkiputket BB004 Arena - ruostumattomat ter\u00e4skylkiputket ja astinlaudat maastoautoihin. Kylkiputket, suojakaaret ja varusteet 4x4-ajoneuvoihin.\" \/>\n<meta property=\"og:url\" content=\"https:\/\/www.castrum.ee\/fi\/toode\/kylkiputket-bb004-arena\/\" \/>\n<meta property=\"og:site_name\" content=\"Castrum\" \/>\n<meta property=\"article:publisher\" content=\"https:\/\/www.facebook.com\/castrum.ee\" \/>\n<meta property=\"article:modified_time\" content=\"2026-05-11T11:28:43+00:00\" \/>\n<meta property=\"og:image\" content=\"https:\/\/www.castrum.ee\/wp-content\/uploads\/2025\/06\/12956C67-ABA4-422A-BE20-0BF50E22BAC0.jpeg\" \/>\n\t<meta property=\"og:image:width\" content=\"800\" \/>\n\t<meta property=\"og:image:height\" content=\"600\" \/>\n\t<meta property=\"og:image:type\" content=\"image\/jpeg\" \/>\n<meta name=\"twitter:card\" content=\"summary_large_image\" \/>\n<meta name=\"twitter:label1\" content=\"Arvioitu lukuaika\" \/>\n\t<meta name=\"twitter:data1\" content=\"1 minuutti\" \/>\n<script type=\"application\/ld+json\" class=\"yoast-schema-graph\">{\"@context\":\"https:\\\/\\\/schema.org\",\"@graph\":[{\"@type\":\"WebPage\",\"@id\":\"https:\\\/\\\/www.castrum.ee\\\/fi\\\/toode\\\/kylkiputket-bb004-arena\\\/\",\"url\":\"https:\\\/\\\/www.castrum.ee\\\/fi\\\/toode\\\/kylkiputket-bb004-arena\\\/\",\"name\":\"Kylkiputket BB004 Arena | ARP | Castrum\",\"isPartOf\":{\"@id\":\"https:\\\/\\\/www.castrum.ee\\\/fi\\\/#website\"},\"primaryImageOfPage\":{\"@id\":\"https:\\\/\\\/www.castrum.ee\\\/fi\\\/toode\\\/kylkiputket-bb004-arena\\\/#primaryimage\"},\"image\":{\"@id\":\"https:\\\/\\\/www.castrum.ee\\\/fi\\\/toode\\\/kylkiputket-bb004-arena\\\/#primaryimage\"},\"thumbnailUrl\":\"https:\\\/\\\/www.castrum.ee\\\/wp-content\\\/uploads\\\/2025\\\/06\\\/12956C67-ABA4-422A-BE20-0BF50E22BAC0.jpeg\",\"datePublished\":\"2025-06-18T09:21:11+00:00\",\"dateModified\":\"2026-05-11T11:28:43+00:00\",\"description\":\"Kylkiputket BB004 Arena - ruostumattomat ter\u00e4skylkiputket ja astinlaudat maastoautoihin. Kylkiputket, suojakaaret ja varusteet 4x4-ajoneuvoihin.\",\"breadcrumb\":{\"@id\":\"https:\\\/\\\/www.castrum.ee\\\/fi\\\/toode\\\/kylkiputket-bb004-arena\\\/#breadcrumb\"},\"inLanguage\":\"fi\",\"potentialAction\":[{\"@type\":\"ReadAction\",\"target\":[\"https:\\\/\\\/www.castrum.ee\\\/fi\\\/toode\\\/kylkiputket-bb004-arena\\\/\"]}]},{\"@type\":\"ImageObject\",\"inLanguage\":\"fi\",\"@id\":\"https:\\\/\\\/www.castrum.ee\\\/fi\\\/toode\\\/kylkiputket-bb004-arena\\\/#primaryimage\",\"url\":\"https:\\\/\\\/www.castrum.ee\\\/wp-content\\\/uploads\\\/2025\\\/06\\\/12956C67-ABA4-422A-BE20-0BF50E22BAC0.jpeg\",\"contentUrl\":\"https:\\\/\\\/www.castrum.ee\\\/wp-content\\\/uploads\\\/2025\\\/06\\\/12956C67-ABA4-422A-BE20-0BF50E22BAC0.jpeg\",\"width\":800,\"height\":600},{\"@type\":\"BreadcrumbList\",\"@id\":\"https:\\\/\\\/www.castrum.ee\\\/fi\\\/toode\\\/kylkiputket-bb004-arena\\\/#breadcrumb\",\"itemListElement\":[{\"@type\":\"ListItem\",\"position\":1,\"name\":\"Home\",\"item\":\"https:\\\/\\\/www.castrum.ee\\\/fi\\\/kotisivu\\\/\"},{\"@type\":\"ListItem\",\"position\":2,\"name\":\"Verkkokauppa\",\"item\":\"https:\\\/\\\/www.castrum.ee\\\/fi\\\/kauppa\\\/\"},{\"@type\":\"ListItem\",\"position\":3,\"name\":\"Kylkiputket BB004 Arena\"}]},{\"@type\":\"WebSite\",\"@id\":\"https:\\\/\\\/www.castrum.ee\\\/fi\\\/#website\",\"url\":\"https:\\\/\\\/www.castrum.ee\\\/fi\\\/\",\"name\":\"Castrum\",\"description\":\"Maastoautojen, henkil\u00f6autojen ja pienvaunujen lis\u00e4varusteet\",\"publisher\":{\"@id\":\"https:\\\/\\\/www.castrum.ee\\\/fi\\\/#organization\"},\"potentialAction\":[{\"@type\":\"SearchAction\",\"target\":{\"@type\":\"EntryPoint\",\"urlTemplate\":\"https:\\\/\\\/www.castrum.ee\\\/fi\\\/?s={search_term_string}\"},\"query-input\":{\"@type\":\"PropertyValueSpecification\",\"valueRequired\":true,\"valueName\":\"search_term_string\"}}],\"inLanguage\":\"fi\"},{\"@type\":\"Organization\",\"@id\":\"https:\\\/\\\/www.castrum.ee\\\/fi\\\/#organization\",\"name\":\"Castrum Grupp O\u00dc\",\"url\":\"https:\\\/\\\/www.castrum.ee\\\/fi\\\/\",\"logo\":{\"@type\":\"ImageObject\",\"inLanguage\":\"fi\",\"@id\":\"https:\\\/\\\/www.castrum.ee\\\/fi\\\/#\\\/schema\\\/logo\\\/image\\\/\",\"url\":\"https:\\\/\\\/www.castrum.ee\\\/wp-content\\\/uploads\\\/2025\\\/03\\\/Castrum-logo-500.png\",\"contentUrl\":\"https:\\\/\\\/www.castrum.ee\\\/wp-content\\\/uploads\\\/2025\\\/03\\\/Castrum-logo-500.png\",\"width\":500,\"height\":250,\"caption\":\"Castrum Grupp O\u00dc\"},\"image\":{\"@id\":\"https:\\\/\\\/www.castrum.ee\\\/fi\\\/#\\\/schema\\\/logo\\\/image\\\/\"},\"sameAs\":[\"https:\\\/\\\/www.facebook.com\\\/castrum.ee\"]}]}<\/script>\n<!-- \/ Yoast SEO plugin. -->","yoast_head_json":{"title":"Kylkiputket BB004 Arena | ARP | Castrum","description":"Kylkiputket BB004 Arena - ruostumattomat ter\u00e4skylkiputket ja astinlaudat maastoautoihin. Kylkiputket, suojakaaret ja varusteet 4x4-ajoneuvoihin.","robots":{"index":"index","follow":"follow","max-snippet":"max-snippet:-1","max-image-preview":"max-image-preview:large","max-video-preview":"max-video-preview:-1"},"canonical":"https:\/\/www.castrum.ee\/fi\/toode\/kylkiputket-bb004-arena\/","og_locale":"fi_FI","og_type":"article","og_title":"Kylkiputket BB004 Arena | ARP | Castrum","og_description":"Kylkiputket BB004 Arena - ruostumattomat ter\u00e4skylkiputket ja astinlaudat maastoautoihin. Kylkiputket, suojakaaret ja varusteet 4x4-ajoneuvoihin.","og_url":"https:\/\/www.castrum.ee\/fi\/toode\/kylkiputket-bb004-arena\/","og_site_name":"Castrum","article_publisher":"https:\/\/www.facebook.com\/castrum.ee","article_modified_time":"2026-05-11T11:28:43+00:00","og_image":[{"width":800,"height":600,"url":"https:\/\/www.castrum.ee\/wp-content\/uploads\/2025\/06\/12956C67-ABA4-422A-BE20-0BF50E22BAC0.jpeg","type":"image\/jpeg"}],"twitter_card":"summary_large_image","twitter_misc":{"Arvioitu lukuaika":"1 minuutti"},"schema":{"@context":"https:\/\/schema.org","@graph":[{"@type":"WebPage","@id":"https:\/\/www.castrum.ee\/fi\/toode\/kylkiputket-bb004-arena\/","url":"https:\/\/www.castrum.ee\/fi\/toode\/kylkiputket-bb004-arena\/","name":"Kylkiputket BB004 Arena | ARP | Castrum","isPartOf":{"@id":"https:\/\/www.castrum.ee\/fi\/#website"},"primaryImageOfPage":{"@id":"https:\/\/www.castrum.ee\/fi\/toode\/kylkiputket-bb004-arena\/#primaryimage"},"image":{"@id":"https:\/\/www.castrum.ee\/fi\/toode\/kylkiputket-bb004-arena\/#primaryimage"},"thumbnailUrl":"https:\/\/www.castrum.ee\/wp-content\/uploads\/2025\/06\/12956C67-ABA4-422A-BE20-0BF50E22BAC0.jpeg","datePublished":"2025-06-18T09:21:11+00:00","dateModified":"2026-05-11T11:28:43+00:00","description":"Kylkiputket BB004 Arena - ruostumattomat ter\u00e4skylkiputket ja astinlaudat maastoautoihin. Kylkiputket, suojakaaret ja varusteet 4x4-ajoneuvoihin.","breadcrumb":{"@id":"https:\/\/www.castrum.ee\/fi\/toode\/kylkiputket-bb004-arena\/#breadcrumb"},"inLanguage":"fi","potentialAction":[{"@type":"ReadAction","target":["https:\/\/www.castrum.ee\/fi\/toode\/kylkiputket-bb004-arena\/"]}]},{"@type":"ImageObject","inLanguage":"fi","@id":"https:\/\/www.castrum.ee\/fi\/toode\/kylkiputket-bb004-arena\/#primaryimage","url":"https:\/\/www.castrum.ee\/wp-content\/uploads\/2025\/06\/12956C67-ABA4-422A-BE20-0BF50E22BAC0.jpeg","contentUrl":"https:\/\/www.castrum.ee\/wp-content\/uploads\/2025\/06\/12956C67-ABA4-422A-BE20-0BF50E22BAC0.jpeg","width":800,"height":600},{"@type":"BreadcrumbList","@id":"https:\/\/www.castrum.ee\/fi\/toode\/kylkiputket-bb004-arena\/#breadcrumb","itemListElement":[{"@type":"ListItem","position":1,"name":"Home","item":"https:\/\/www.castrum.ee\/fi\/kotisivu\/"},{"@type":"ListItem","position":2,"name":"Verkkokauppa","item":"https:\/\/www.castrum.ee\/fi\/kauppa\/"},{"@type":"ListItem","position":3,"name":"Kylkiputket BB004 Arena"}]},{"@type":"WebSite","@id":"https:\/\/www.castrum.ee\/fi\/#website","url":"https:\/\/www.castrum.ee\/fi\/","name":"Castrum","description":"Maastoautojen, henkil\u00f6autojen ja pienvaunujen lis\u00e4varusteet","publisher":{"@id":"https:\/\/www.castrum.ee\/fi\/#organization"},"potentialAction":[{"@type":"SearchAction","target":{"@type":"EntryPoint","urlTemplate":"https:\/\/www.castrum.ee\/fi\/?s={search_term_string}"},"query-input":{"@type":"PropertyValueSpecification","valueRequired":true,"valueName":"search_term_string"}}],"inLanguage":"fi"},{"@type":"Organization","@id":"https:\/\/www.castrum.ee\/fi\/#organization","name":"Castrum Grupp O\u00dc","url":"https:\/\/www.castrum.ee\/fi\/","logo":{"@type":"ImageObject","inLanguage":"fi","@id":"https:\/\/www.castrum.ee\/fi\/#\/schema\/logo\/image\/","url":"https:\/\/www.castrum.ee\/wp-content\/uploads\/2025\/03\/Castrum-logo-500.png","contentUrl":"https:\/\/www.castrum.ee\/wp-content\/uploads\/2025\/03\/Castrum-logo-500.png","width":500,"height":250,"caption":"Castrum Grupp O\u00dc"},"image":{"@id":"https:\/\/www.castrum.ee\/fi\/#\/schema\/logo\/image\/"},"sameAs":["https:\/\/www.facebook.com\/castrum.ee"]}]}},"_links":{"self":[{"href":"https:\/\/www.castrum.ee\/fi\/wp-json\/wp\/v2\/product\/80922","targetHints":{"allow":["GET"]}}],"collection":[{"href":"https:\/\/www.castrum.ee\/fi\/wp-json\/wp\/v2\/product"}],"about":[{"href":"https:\/\/www.castrum.ee\/fi\/wp-json\/wp\/v2\/types\/product"}],"wp:featuredmedia":[{"embeddable":true,"href":"https:\/\/www.castrum.ee\/fi\/wp-json\/wp\/v2\/media\/4153"}],"wp:attachment":[{"href":"https:\/\/www.castrum.ee\/fi\/wp-json\/wp\/v2\/media?parent=80922"}],"wp:term":[{"taxonomy":"mark-ja-mudel","embeddable":true,"href":"https:\/\/www.castrum.ee\/fi\/wp-json\/wp\/v2\/mark-ja-mudel?post=80922"},{"taxonomy":"product_brand","embeddable":true,"href":"https:\/\/www.castrum.ee\/fi\/wp-json\/wp\/v2\/product_brand?post=80922"},{"taxonomy":"product_cat","embeddable":true,"href":"https:\/\/www.castrum.ee\/fi\/wp-json\/wp\/v2\/product_cat?post=80922"},{"taxonomy":"product_tag","embeddable":true,"href":"https:\/\/www.castrum.ee\/fi\/wp-json\/wp\/v2\/product_tag?post=80922"}],"curies":[{"name":"wp","href":"https:\/\/api.w.org\/{rel}","templated":true}]}}