{"id":80925,"date":"2025-06-18T08:51:34","date_gmt":"2025-06-18T08:51:34","guid":{"rendered":"https:\/\/www.castrum.ee\/toode\/astinlaudat-bb002-hunter-bpbrok\/"},"modified":"2026-05-11T14:28:53","modified_gmt":"2026-05-11T11:28:53","slug":"astinlaudat-bb002-hunter","status":"publish","type":"product","link":"https:\/\/www.castrum.ee\/fi\/toode\/astinlaudat-bb002-hunter\/","title":{"rendered":"Astinlaudat BB002 Hunter"},"content":{"rendered":"<p><strong>Miksi valita juuri n\u00e4m\u00e4 astinlaudat:<\/strong><\/p>\n<ul>\n<li>Tarjoavat lis\u00e4suojaa ajoneuvollesi.<\/li>\n<li>Sopivat ajoneuvoon kuin OEM-lis\u00e4varustus<\/li>\n<li>Helppo asentaa \/ Plug and play.<\/li>\n<\/ul>\n<p><strong>Sarja sis\u00e4lt\u00f6:<\/strong><\/p>\n<ul>\n<li>Yhden parin astinlautoja (vasen ja oikea).<\/li>\n<li>Asennukseen tarvittavat kiinnitysosat.<\/li>\n<li>Asennusohjekirja.<\/li>\n<\/ul>\n<p><strong>Helppo asentaa:<\/strong><br \/>\nAstinlautojen asennus on eritt\u00e4in helppoa, koska sarjassa on mukana sek\u00e4 asennusohjekirja ett\u00e4 tarvittavat osat. T\u00e4m\u00e4 poistaa tarpeen ajoneuvon lis\u00e4muutoksille. Astinlaudat kiinnitet\u00e4\u00e4n ajoneuvon rungon tai korin olemassa oleviin kiinnityskohtiin.<\/p>\n<p><strong>Lis\u00e4suoja ajoneuvon korille:<\/strong><br \/>\nAstinlaudat suojaavat ovia ja sivupaneeleita kivist\u00e4, asfaltin palasista ja ahtaissa paikoituspaikoissa muiden autojen ovista aiheutuvilta vahingoilta. T\u00e4m\u00e4 on erityisen t\u00e4rke\u00e4\u00e4 sorateill\u00e4 ja maantieyhteydell\u00e4. Samoin astinlaudat suojaavat suuremmilta kivilt\u00e4 ja py\u00f6rilt\u00e4 lent\u00e4vilt\u00e4 esineilt\u00e4.<\/p>\n<p>Lis\u00e4ksi astinlaudat on varustettu liukumisenesto-tekniikalla, joka parantaa pit\u00e4vyytt\u00e4 ja voi est\u00e4\u00e4 onnettomuuksia tilanteissa, joissa kenkien pohjalla on lunta, \u00f6ljy\u00e4 tai muuta. Samoin se auttaa suojaamaan ajoneuvon lattiamatot.<\/p>\n<p><strong>T\u00e4rke\u00e4 tieto:<\/strong><\/p>\n<ul>\n<li>Joissakin ajoneuvoissa saattaa olla muovia tukkeja kiinnitysreikien peitt\u00e4miseen, jotka on poistettava ennen sivuputkien asennusta.<\/li>\n<li>\u00c4l\u00e4 k\u00e4yt\u00e4 metalliset lis\u00e4varusteet puhdistamiseen autojen pesuaineita, jotka sis\u00e4lt\u00e4v\u00e4t TFR (Traffic Film Remover) -kemikaaleja, koska ne voivat aiheuttaa korroosiota. N\u00e4ill\u00e4 liuoksilla puhdistaminen voi mit\u00e4t\u00f6id\u00e4 takuun.<\/li>\n<li>Suosittelemme l\u00e4mpim\u00e4sti ruuvien ja kiinnitysosien tarkistamista 7 p\u00e4iv\u00e4n kuluttua alkuper\u00e4isest\u00e4 asennuksesta varmistaaksesi, ett\u00e4 ne on kiinnitetty oikein. Turvallisuussyist\u00e4 kaikki osat tulee tarkistaa 3\u20136 kuukauden v\u00e4lein.<\/li>\n<\/ul>\n<p><strong>ARP-br\u00e4ndist\u00e4:<\/strong><br \/>\nARP on t\u00e4rke\u00e4 toimija auto-osien ja -tarvikkeiden teollisuudessa, ja se tarjoaa varaosi ja tarvikkeita 4\u00d74 maastoautoihin, lava-autoihin, henkil\u00f6autoihin, pakettiautoihin ja kaupallisiin ajoneuvoihin, mukaan lukien sek\u00e4 vanhemmat ett\u00e4 uudemmat mallit. Castrum on ARP-tuotteiden virallinen j\u00e4lleenmyyj\u00e4 Suomessa.<\/p>\n","protected":false},"excerpt":{"rendered":"<p>Ruostumattomasta ter\u00e4ksest\u00e4 valmistettavat astinlaudat. Sarja sis\u00e4lt\u00e4\u00e4 kaiken tarvittavan asennukseen.<\/p>\n","protected":false},"featured_media":4061,"template":"","meta":{"_acf_changed":false},"mark-ja-mudel":[],"product_brand":[1276,2097,1469,1450,1446,1535,1478,1325,1282,1298,1297,1311,1299,1301,1556,1313,1312,1275],"product_cat":[1067,1066],"product_tag":[],"class_list":{"0":"post-80925","1":"product","2":"type-product","3":"status-publish","4":"has-post-thumbnail","6":"product_brand-amarok","7":"product_brand-arp-fi","8":"product_brand-cx7","9":"product_brand-grand-cherokee","10":"product_brand-jeep","11":"product_brand-jimny","12":"product_brand-m-class","13":"product_brand-mazda","14":"product_brand-mercedes-benz","15":"product_brand-navara","16":"product_brand-nissan","17":"product_brand-opel","18":"product_brand-renault","19":"product_brand-suzuki","20":"product_brand-t4","21":"product_brand-trafic","22":"product_brand-vivaro","23":"product_brand-volkswagen","24":"product_cat-astinlaudat","25":"product_cat-astinlaudat-ja-sivusuojat","26":"product_shipping_class-tukku","28":"first","29":"instock","30":"taxable","31":"shipping-taxable","32":"purchasable","33":"product-type-variable"},"bundled_by":[],"bundle_stock_status":"instock","bundle_stock_quantity":null,"bundle_virtual":false,"bundle_layout":"","bundle_add_to_cart_form_location":"","bundle_editable_in_cart":false,"bundle_sold_individually_context":"","bundle_item_grouping":"","bundle_min_size":"","bundle_max_size":"","bundle_price":[],"bundled_items":[],"bundle_sell_ids":[],"acf":[],"yoast_head":"<!-- This site is optimized with the Yoast SEO plugin v27.5 - https:\/\/yoast.com\/product\/yoast-seo-wordpress\/ -->\n<title>Astinlaudat BB002 Hunter | ARP | Castrum<\/title>\n<meta name=\"description\" content=\"Astinlaudat BB002 Hunter ruostumattomasta ter\u00e4ksest\u00e4. Astinlaudat ja kylkiputket maastoautoihin, lava-autoihin ja pakettiautoihin. Helppo asennus.\" \/>\n<meta name=\"robots\" content=\"index, follow, max-snippet:-1, max-image-preview:large, max-video-preview:-1\" \/>\n<link rel=\"canonical\" href=\"https:\/\/www.castrum.ee\/fi\/toode\/astinlaudat-bb002-hunter\/\" \/>\n<meta property=\"og:locale\" content=\"fi_FI\" \/>\n<meta property=\"og:type\" content=\"article\" \/>\n<meta property=\"og:title\" content=\"Astinlaudat BB002 Hunter | ARP | Castrum\" \/>\n<meta property=\"og:description\" content=\"Astinlaudat BB002 Hunter ruostumattomasta ter\u00e4ksest\u00e4. Astinlaudat ja kylkiputket maastoautoihin, lava-autoihin ja pakettiautoihin. Helppo asennus.\" \/>\n<meta property=\"og:url\" content=\"https:\/\/www.castrum.ee\/fi\/toode\/astinlaudat-bb002-hunter\/\" \/>\n<meta property=\"og:site_name\" content=\"Castrum\" \/>\n<meta property=\"article:publisher\" content=\"https:\/\/www.facebook.com\/castrum.ee\" \/>\n<meta property=\"article:modified_time\" content=\"2026-05-11T11:28:53+00:00\" \/>\n<meta property=\"og:image\" content=\"https:\/\/www.castrum.ee\/wp-content\/uploads\/2025\/06\/695D0015-8D77-40E4-ACEB-0BD95C2611D6.jpeg\" \/>\n\t<meta property=\"og:image:width\" content=\"800\" \/>\n\t<meta property=\"og:image:height\" content=\"600\" \/>\n\t<meta property=\"og:image:type\" content=\"image\/jpeg\" \/>\n<meta name=\"twitter:card\" content=\"summary_large_image\" \/>\n<meta name=\"twitter:label1\" content=\"Arvioitu lukuaika\" \/>\n\t<meta name=\"twitter:data1\" content=\"1 minuutti\" \/>\n<script type=\"application\/ld+json\" class=\"yoast-schema-graph\">{\"@context\":\"https:\\\/\\\/schema.org\",\"@graph\":[{\"@type\":\"WebPage\",\"@id\":\"https:\\\/\\\/www.castrum.ee\\\/fi\\\/toode\\\/astinlaudat-bb002-hunter\\\/\",\"url\":\"https:\\\/\\\/www.castrum.ee\\\/fi\\\/toode\\\/astinlaudat-bb002-hunter\\\/\",\"name\":\"Astinlaudat BB002 Hunter | ARP | Castrum\",\"isPartOf\":{\"@id\":\"https:\\\/\\\/www.castrum.ee\\\/fi\\\/#website\"},\"primaryImageOfPage\":{\"@id\":\"https:\\\/\\\/www.castrum.ee\\\/fi\\\/toode\\\/astinlaudat-bb002-hunter\\\/#primaryimage\"},\"image\":{\"@id\":\"https:\\\/\\\/www.castrum.ee\\\/fi\\\/toode\\\/astinlaudat-bb002-hunter\\\/#primaryimage\"},\"thumbnailUrl\":\"https:\\\/\\\/www.castrum.ee\\\/wp-content\\\/uploads\\\/2025\\\/06\\\/695D0015-8D77-40E4-ACEB-0BD95C2611D6.jpeg\",\"datePublished\":\"2025-06-18T08:51:34+00:00\",\"dateModified\":\"2026-05-11T11:28:53+00:00\",\"description\":\"Astinlaudat BB002 Hunter ruostumattomasta ter\u00e4ksest\u00e4. Astinlaudat ja kylkiputket maastoautoihin, lava-autoihin ja pakettiautoihin. Helppo asennus.\",\"breadcrumb\":{\"@id\":\"https:\\\/\\\/www.castrum.ee\\\/fi\\\/toode\\\/astinlaudat-bb002-hunter\\\/#breadcrumb\"},\"inLanguage\":\"fi\",\"potentialAction\":[{\"@type\":\"ReadAction\",\"target\":[\"https:\\\/\\\/www.castrum.ee\\\/fi\\\/toode\\\/astinlaudat-bb002-hunter\\\/\"]}]},{\"@type\":\"ImageObject\",\"inLanguage\":\"fi\",\"@id\":\"https:\\\/\\\/www.castrum.ee\\\/fi\\\/toode\\\/astinlaudat-bb002-hunter\\\/#primaryimage\",\"url\":\"https:\\\/\\\/www.castrum.ee\\\/wp-content\\\/uploads\\\/2025\\\/06\\\/695D0015-8D77-40E4-ACEB-0BD95C2611D6.jpeg\",\"contentUrl\":\"https:\\\/\\\/www.castrum.ee\\\/wp-content\\\/uploads\\\/2025\\\/06\\\/695D0015-8D77-40E4-ACEB-0BD95C2611D6.jpeg\",\"width\":800,\"height\":600},{\"@type\":\"BreadcrumbList\",\"@id\":\"https:\\\/\\\/www.castrum.ee\\\/fi\\\/toode\\\/astinlaudat-bb002-hunter\\\/#breadcrumb\",\"itemListElement\":[{\"@type\":\"ListItem\",\"position\":1,\"name\":\"Home\",\"item\":\"https:\\\/\\\/www.castrum.ee\\\/fi\\\/kotisivu\\\/\"},{\"@type\":\"ListItem\",\"position\":2,\"name\":\"Verkkokauppa\",\"item\":\"https:\\\/\\\/www.castrum.ee\\\/fi\\\/kauppa\\\/\"},{\"@type\":\"ListItem\",\"position\":3,\"name\":\"Astinlaudat BB002 Hunter\"}]},{\"@type\":\"WebSite\",\"@id\":\"https:\\\/\\\/www.castrum.ee\\\/fi\\\/#website\",\"url\":\"https:\\\/\\\/www.castrum.ee\\\/fi\\\/\",\"name\":\"Castrum\",\"description\":\"Maastoautojen, henkil\u00f6autojen ja pienvaunujen lis\u00e4varusteet\",\"publisher\":{\"@id\":\"https:\\\/\\\/www.castrum.ee\\\/fi\\\/#organization\"},\"potentialAction\":[{\"@type\":\"SearchAction\",\"target\":{\"@type\":\"EntryPoint\",\"urlTemplate\":\"https:\\\/\\\/www.castrum.ee\\\/fi\\\/?s={search_term_string}\"},\"query-input\":{\"@type\":\"PropertyValueSpecification\",\"valueRequired\":true,\"valueName\":\"search_term_string\"}}],\"inLanguage\":\"fi\"},{\"@type\":\"Organization\",\"@id\":\"https:\\\/\\\/www.castrum.ee\\\/fi\\\/#organization\",\"name\":\"Castrum Grupp O\u00dc\",\"url\":\"https:\\\/\\\/www.castrum.ee\\\/fi\\\/\",\"logo\":{\"@type\":\"ImageObject\",\"inLanguage\":\"fi\",\"@id\":\"https:\\\/\\\/www.castrum.ee\\\/fi\\\/#\\\/schema\\\/logo\\\/image\\\/\",\"url\":\"https:\\\/\\\/www.castrum.ee\\\/wp-content\\\/uploads\\\/2025\\\/03\\\/Castrum-logo-500.png\",\"contentUrl\":\"https:\\\/\\\/www.castrum.ee\\\/wp-content\\\/uploads\\\/2025\\\/03\\\/Castrum-logo-500.png\",\"width\":500,\"height\":250,\"caption\":\"Castrum Grupp O\u00dc\"},\"image\":{\"@id\":\"https:\\\/\\\/www.castrum.ee\\\/fi\\\/#\\\/schema\\\/logo\\\/image\\\/\"},\"sameAs\":[\"https:\\\/\\\/www.facebook.com\\\/castrum.ee\"]}]}<\/script>\n<!-- \/ Yoast SEO plugin. -->","yoast_head_json":{"title":"Astinlaudat BB002 Hunter | ARP | Castrum","description":"Astinlaudat BB002 Hunter ruostumattomasta ter\u00e4ksest\u00e4. Astinlaudat ja kylkiputket maastoautoihin, lava-autoihin ja pakettiautoihin. Helppo asennus.","robots":{"index":"index","follow":"follow","max-snippet":"max-snippet:-1","max-image-preview":"max-image-preview:large","max-video-preview":"max-video-preview:-1"},"canonical":"https:\/\/www.castrum.ee\/fi\/toode\/astinlaudat-bb002-hunter\/","og_locale":"fi_FI","og_type":"article","og_title":"Astinlaudat BB002 Hunter | ARP | Castrum","og_description":"Astinlaudat BB002 Hunter ruostumattomasta ter\u00e4ksest\u00e4. Astinlaudat ja kylkiputket maastoautoihin, lava-autoihin ja pakettiautoihin. Helppo asennus.","og_url":"https:\/\/www.castrum.ee\/fi\/toode\/astinlaudat-bb002-hunter\/","og_site_name":"Castrum","article_publisher":"https:\/\/www.facebook.com\/castrum.ee","article_modified_time":"2026-05-11T11:28:53+00:00","og_image":[{"width":800,"height":600,"url":"https:\/\/www.castrum.ee\/wp-content\/uploads\/2025\/06\/695D0015-8D77-40E4-ACEB-0BD95C2611D6.jpeg","type":"image\/jpeg"}],"twitter_card":"summary_large_image","twitter_misc":{"Arvioitu lukuaika":"1 minuutti"},"schema":{"@context":"https:\/\/schema.org","@graph":[{"@type":"WebPage","@id":"https:\/\/www.castrum.ee\/fi\/toode\/astinlaudat-bb002-hunter\/","url":"https:\/\/www.castrum.ee\/fi\/toode\/astinlaudat-bb002-hunter\/","name":"Astinlaudat BB002 Hunter | ARP | Castrum","isPartOf":{"@id":"https:\/\/www.castrum.ee\/fi\/#website"},"primaryImageOfPage":{"@id":"https:\/\/www.castrum.ee\/fi\/toode\/astinlaudat-bb002-hunter\/#primaryimage"},"image":{"@id":"https:\/\/www.castrum.ee\/fi\/toode\/astinlaudat-bb002-hunter\/#primaryimage"},"thumbnailUrl":"https:\/\/www.castrum.ee\/wp-content\/uploads\/2025\/06\/695D0015-8D77-40E4-ACEB-0BD95C2611D6.jpeg","datePublished":"2025-06-18T08:51:34+00:00","dateModified":"2026-05-11T11:28:53+00:00","description":"Astinlaudat BB002 Hunter ruostumattomasta ter\u00e4ksest\u00e4. Astinlaudat ja kylkiputket maastoautoihin, lava-autoihin ja pakettiautoihin. Helppo asennus.","breadcrumb":{"@id":"https:\/\/www.castrum.ee\/fi\/toode\/astinlaudat-bb002-hunter\/#breadcrumb"},"inLanguage":"fi","potentialAction":[{"@type":"ReadAction","target":["https:\/\/www.castrum.ee\/fi\/toode\/astinlaudat-bb002-hunter\/"]}]},{"@type":"ImageObject","inLanguage":"fi","@id":"https:\/\/www.castrum.ee\/fi\/toode\/astinlaudat-bb002-hunter\/#primaryimage","url":"https:\/\/www.castrum.ee\/wp-content\/uploads\/2025\/06\/695D0015-8D77-40E4-ACEB-0BD95C2611D6.jpeg","contentUrl":"https:\/\/www.castrum.ee\/wp-content\/uploads\/2025\/06\/695D0015-8D77-40E4-ACEB-0BD95C2611D6.jpeg","width":800,"height":600},{"@type":"BreadcrumbList","@id":"https:\/\/www.castrum.ee\/fi\/toode\/astinlaudat-bb002-hunter\/#breadcrumb","itemListElement":[{"@type":"ListItem","position":1,"name":"Home","item":"https:\/\/www.castrum.ee\/fi\/kotisivu\/"},{"@type":"ListItem","position":2,"name":"Verkkokauppa","item":"https:\/\/www.castrum.ee\/fi\/kauppa\/"},{"@type":"ListItem","position":3,"name":"Astinlaudat BB002 Hunter"}]},{"@type":"WebSite","@id":"https:\/\/www.castrum.ee\/fi\/#website","url":"https:\/\/www.castrum.ee\/fi\/","name":"Castrum","description":"Maastoautojen, henkil\u00f6autojen ja pienvaunujen lis\u00e4varusteet","publisher":{"@id":"https:\/\/www.castrum.ee\/fi\/#organization"},"potentialAction":[{"@type":"SearchAction","target":{"@type":"EntryPoint","urlTemplate":"https:\/\/www.castrum.ee\/fi\/?s={search_term_string}"},"query-input":{"@type":"PropertyValueSpecification","valueRequired":true,"valueName":"search_term_string"}}],"inLanguage":"fi"},{"@type":"Organization","@id":"https:\/\/www.castrum.ee\/fi\/#organization","name":"Castrum Grupp O\u00dc","url":"https:\/\/www.castrum.ee\/fi\/","logo":{"@type":"ImageObject","inLanguage":"fi","@id":"https:\/\/www.castrum.ee\/fi\/#\/schema\/logo\/image\/","url":"https:\/\/www.castrum.ee\/wp-content\/uploads\/2025\/03\/Castrum-logo-500.png","contentUrl":"https:\/\/www.castrum.ee\/wp-content\/uploads\/2025\/03\/Castrum-logo-500.png","width":500,"height":250,"caption":"Castrum Grupp O\u00dc"},"image":{"@id":"https:\/\/www.castrum.ee\/fi\/#\/schema\/logo\/image\/"},"sameAs":["https:\/\/www.facebook.com\/castrum.ee"]}]}},"_links":{"self":[{"href":"https:\/\/www.castrum.ee\/fi\/wp-json\/wp\/v2\/product\/80925","targetHints":{"allow":["GET"]}}],"collection":[{"href":"https:\/\/www.castrum.ee\/fi\/wp-json\/wp\/v2\/product"}],"about":[{"href":"https:\/\/www.castrum.ee\/fi\/wp-json\/wp\/v2\/types\/product"}],"wp:featuredmedia":[{"embeddable":true,"href":"https:\/\/www.castrum.ee\/fi\/wp-json\/wp\/v2\/media\/4061"}],"wp:attachment":[{"href":"https:\/\/www.castrum.ee\/fi\/wp-json\/wp\/v2\/media?parent=80925"}],"wp:term":[{"taxonomy":"mark-ja-mudel","embeddable":true,"href":"https:\/\/www.castrum.ee\/fi\/wp-json\/wp\/v2\/mark-ja-mudel?post=80925"},{"taxonomy":"product_brand","embeddable":true,"href":"https:\/\/www.castrum.ee\/fi\/wp-json\/wp\/v2\/product_brand?post=80925"},{"taxonomy":"product_cat","embeddable":true,"href":"https:\/\/www.castrum.ee\/fi\/wp-json\/wp\/v2\/product_cat?post=80925"},{"taxonomy":"product_tag","embeddable":true,"href":"https:\/\/www.castrum.ee\/fi\/wp-json\/wp\/v2\/product_tag?post=80925"}],"curies":[{"name":"wp","href":"https:\/\/api.w.org\/{rel}","templated":true}]}}