{"id":80927,"date":"2025-06-18T08:49:04","date_gmt":"2025-06-18T08:49:04","guid":{"rendered":"https:\/\/www.castrum.ee\/toode\/astinlaudat-bb001-hector-siyslx\/"},"modified":"2026-05-11T14:29:05","modified_gmt":"2026-05-11T11:29:05","slug":"astinlaudat-bb001-hector","status":"publish","type":"product","link":"https:\/\/www.castrum.ee\/fi\/toode\/astinlaudat-bb001-hector\/","title":{"rendered":"Astinlaudat BB001 Hector"},"content":{"rendered":"<p><strong>Miksi valita n\u00e4m\u00e4 astinlaudat:<\/strong><\/p>\n<ul>\n<li>Tarjoavat lis\u00e4suojaa ajoneuvollesi.<\/li>\n<li>Sopivat ajoneuvoon kuin OEM-lis\u00e4varustus<\/li>\n<li>Helppo asentaa \/ Plug and play.<\/li>\n<\/ul>\n<p><strong>Sarja sis\u00e4lt\u00f6:<\/strong><\/p>\n<ul>\n<li>Yhden parin astinlautoja (vasen ja oikea).<\/li>\n<li>Asennukseen tarvittavat kiinnittimet.<\/li>\n<li>Asennusohjeiston.<\/li>\n<\/ul>\n<p><strong>Helppo asentaa:<\/strong><br \/>\nAstinlaudan asennus on hyvin yksinkertaista, koska sarjaan sis\u00e4ltyy sek\u00e4 asennusohjeistot ett\u00e4 tarvittavat osat. T\u00e4m\u00e4 poistaa tarpeen ajoneuvon lis\u00e4muutoksille. Astinlaudat asennetaan olemassa oleviin kiinnityspaikkoihin ajoneuvon rungossa tai korin reunalla.<\/p>\n<p><strong>Lis\u00e4suoja ajoneuvon koriille:<\/strong><br \/>\nAstinlaudat suojaavat ovia ja sivupaneelej\u00e4 kivilta, asfaltin sirpaleilta sek\u00e4 vaurioilta, joita muiden autojen ovet voivat aiheuttaa ahtaissa paikoissa pys\u00e4k\u00f6it\u00e4ess\u00e4. T\u00e4m\u00e4 on erityisen t\u00e4rke\u00e4\u00e4 sora- ja maanteiill\u00e4. Samoin astinlaudat suojaavat suuremmilta kivilta ja py\u00f6rien heitt\u00e4milt\u00e4 esineilt\u00e4.<\/p>\n<p>Lis\u00e4ksi astinlaudat on varustettu liukumattomalla teknologialla, joka parantaa pit\u00e4vyytt\u00e4 ja voi est\u00e4\u00e4 onnettomuuksia tilanteissa, joissa jalkineiden pohjassa on likaa, lunta, \u00f6ljy\u00e4 jne. Samoin se auttaa suojelemaan ajoneuvon lattiamattoja.<\/p>\n<p><strong>T\u00e4rke\u00e4\u00e4 tietoa:<\/strong><\/p>\n<ul>\n<li>Joissakin ajoneuvoissa saattaa olla muovisia korkkeja kiinnitysten rei\u00e4n peitt\u00e4miseksi, jotka on poistettava ennen kylkiputkien asennusta.<\/li>\n<li>\u00c4l\u00e4 k\u00e4yt\u00e4 metalliset lis\u00e4varusteet puhdistamiseen autopesuaineita, jotka sis\u00e4lt\u00e4v\u00e4t TFR-kemikaaleja (Traffic Film Remover), koska n\u00e4m\u00e4 voivat aiheuttaa ruostumista. N\u00e4iden liuottimien avulla pesu voi mit\u00e4t\u00f6id\u00e4 takuun.<\/li>\n<li>Suosittelemme vahvasti ruuvien ja kiinnitysosat tarkistamisen 7 p\u00e4iv\u00e4\u00e4 ensimm\u00e4isen asennuksen j\u00e4lkeen varmistaaksesi, ett\u00e4 ne ovat asianmukaisesti kiinnitetyt. Turvallisuussyist\u00e4 kaikki osat tulee tarkistaa 3\u20136 kuukauden v\u00e4lein.<\/li>\n<\/ul>\n<p><strong>ARP-br\u00e4ndist\u00e4:<\/strong><br \/>\nARP on t\u00e4rke\u00e4 toimija autoosien ja -varusteiden teollisuudessa tarjoten varaosia ja tarvikkeita 4\u00d74 maastoautoille, lava-autoille, henkil\u00f6autoille, hy\u00f6tyajoneuvoille ja kuorma-autoille, mukaan lukien sek\u00e4 vanhemmat ett\u00e4 uudemmat mallit. Castrum on ARP-tuotteiden virallinen j\u00e4lleenmyyj\u00e4 Suomessa.<\/p>\n","protected":false},"excerpt":{"rendered":"<p>Ruostumattomasta ter\u00e4ksest\u00e4 tehdyt astinlaudat. Sarja sis\u00e4lt\u00e4\u00e4 kaiken mit\u00e4 tarvitaan asennukseen.<\/p>\n","protected":false},"featured_media":3906,"template":"","meta":{"_acf_changed":false},"mark-ja-mudel":[],"product_brand":[2097,1339,1448,1345,1288,1469,1295,1286,1450,1278,1302,1437,1294,1446,1535,1417,1325,1530,1298,1297,1311,1329,1299,1439,1528,1301,1556,1368,1277,1313,1322,1289,1312,1275],"product_cat":[1067,1066],"product_tag":[],"class_list":{"0":"post-80927","1":"product","2":"type-product","3":"status-publish","4":"has-post-thumbnail","6":"product_brand-arp-fi","7":"product_brand-caddy","8":"product_brand-commander","9":"product_brand-cr-v","10":"product_brand-custom","11":"product_brand-cx7","12":"product_brand-d-max","13":"product_brand-ford","14":"product_brand-grand-cherokee","15":"product_brand-hilux","16":"product_brand-honda","17":"product_brand-hyundai","18":"product_brand-isuzu","19":"product_brand-jeep","20":"product_brand-jimny","21":"product_brand-kuga","22":"product_brand-mazda","23":"product_brand-musso","24":"product_brand-navara","25":"product_brand-nissan","26":"product_brand-opel","27":"product_brand-rav4","28":"product_brand-renault","29":"product_brand-santa-fe","30":"product_brand-ssangyong","31":"product_brand-suzuki","32":"product_brand-t4","33":"product_brand-t7","34":"product_brand-toyota","35":"product_brand-trafic","36":"product_brand-transit","37":"product_brand-transit-custom","38":"product_brand-vivaro","39":"product_brand-volkswagen","40":"product_cat-astinlaudat","41":"product_cat-astinlaudat-ja-sivusuojat","42":"product_shipping_class-tukku","44":"first","45":"instock","46":"taxable","47":"shipping-taxable","48":"purchasable","49":"product-type-variable"},"bundled_by":[],"bundle_stock_status":"instock","bundle_stock_quantity":null,"bundle_virtual":false,"bundle_layout":"","bundle_add_to_cart_form_location":"","bundle_editable_in_cart":false,"bundle_sold_individually_context":"","bundle_item_grouping":"","bundle_min_size":"","bundle_max_size":"","bundle_price":[],"bundled_items":[],"bundle_sell_ids":[],"acf":[],"yoast_head":"<!-- This site is optimized with the Yoast SEO plugin v27.5 - https:\/\/yoast.com\/product\/yoast-seo-wordpress\/ -->\n<title>Astinlaudat BB001 Hector | Castrum<\/title>\n<meta name=\"description\" content=\"Astinlaudat BB001 Hector - kylkiputket ja astinlaudat maastoautoille ja lava-autoille. Helppoon asennukseen, ruostumaton ter\u00e4s. Lis\u00e4varusteet.\" \/>\n<meta name=\"robots\" content=\"index, follow, max-snippet:-1, max-image-preview:large, max-video-preview:-1\" \/>\n<link rel=\"canonical\" href=\"https:\/\/www.castrum.ee\/fi\/toode\/astinlaudat-bb001-hector\/\" \/>\n<meta property=\"og:locale\" content=\"fi_FI\" \/>\n<meta property=\"og:type\" content=\"article\" \/>\n<meta property=\"og:title\" content=\"Astinlaudat BB001 Hector | Castrum\" \/>\n<meta property=\"og:description\" content=\"Astinlaudat BB001 Hector - kylkiputket ja astinlaudat maastoautoille ja lava-autoille. Helppoon asennukseen, ruostumaton ter\u00e4s. Lis\u00e4varusteet.\" \/>\n<meta property=\"og:url\" content=\"https:\/\/www.castrum.ee\/fi\/toode\/astinlaudat-bb001-hector\/\" \/>\n<meta property=\"og:site_name\" content=\"Castrum\" \/>\n<meta property=\"article:publisher\" content=\"https:\/\/www.facebook.com\/castrum.ee\" \/>\n<meta property=\"article:modified_time\" content=\"2026-05-11T11:29:05+00:00\" \/>\n<meta property=\"og:image\" content=\"https:\/\/www.castrum.ee\/wp-content\/uploads\/2025\/06\/final-341.jpg\" \/>\n\t<meta property=\"og:image:width\" content=\"800\" \/>\n\t<meta property=\"og:image:height\" content=\"600\" \/>\n\t<meta property=\"og:image:type\" content=\"image\/jpeg\" \/>\n<meta name=\"twitter:card\" content=\"summary_large_image\" \/>\n<meta name=\"twitter:label1\" content=\"Arvioitu lukuaika\" \/>\n\t<meta name=\"twitter:data1\" content=\"1 minuutti\" \/>\n<script type=\"application\/ld+json\" class=\"yoast-schema-graph\">{\"@context\":\"https:\\\/\\\/schema.org\",\"@graph\":[{\"@type\":\"WebPage\",\"@id\":\"https:\\\/\\\/www.castrum.ee\\\/fi\\\/toode\\\/astinlaudat-bb001-hector\\\/\",\"url\":\"https:\\\/\\\/www.castrum.ee\\\/fi\\\/toode\\\/astinlaudat-bb001-hector\\\/\",\"name\":\"Astinlaudat BB001 Hector | Castrum\",\"isPartOf\":{\"@id\":\"https:\\\/\\\/www.castrum.ee\\\/fi\\\/#website\"},\"primaryImageOfPage\":{\"@id\":\"https:\\\/\\\/www.castrum.ee\\\/fi\\\/toode\\\/astinlaudat-bb001-hector\\\/#primaryimage\"},\"image\":{\"@id\":\"https:\\\/\\\/www.castrum.ee\\\/fi\\\/toode\\\/astinlaudat-bb001-hector\\\/#primaryimage\"},\"thumbnailUrl\":\"https:\\\/\\\/www.castrum.ee\\\/wp-content\\\/uploads\\\/2025\\\/06\\\/final-341.jpg\",\"datePublished\":\"2025-06-18T08:49:04+00:00\",\"dateModified\":\"2026-05-11T11:29:05+00:00\",\"description\":\"Astinlaudat BB001 Hector - kylkiputket ja astinlaudat maastoautoille ja lava-autoille. Helppoon asennukseen, ruostumaton ter\u00e4s. Lis\u00e4varusteet.\",\"breadcrumb\":{\"@id\":\"https:\\\/\\\/www.castrum.ee\\\/fi\\\/toode\\\/astinlaudat-bb001-hector\\\/#breadcrumb\"},\"inLanguage\":\"fi\",\"potentialAction\":[{\"@type\":\"ReadAction\",\"target\":[\"https:\\\/\\\/www.castrum.ee\\\/fi\\\/toode\\\/astinlaudat-bb001-hector\\\/\"]}]},{\"@type\":\"ImageObject\",\"inLanguage\":\"fi\",\"@id\":\"https:\\\/\\\/www.castrum.ee\\\/fi\\\/toode\\\/astinlaudat-bb001-hector\\\/#primaryimage\",\"url\":\"https:\\\/\\\/www.castrum.ee\\\/wp-content\\\/uploads\\\/2025\\\/06\\\/final-341.jpg\",\"contentUrl\":\"https:\\\/\\\/www.castrum.ee\\\/wp-content\\\/uploads\\\/2025\\\/06\\\/final-341.jpg\",\"width\":800,\"height\":600},{\"@type\":\"BreadcrumbList\",\"@id\":\"https:\\\/\\\/www.castrum.ee\\\/fi\\\/toode\\\/astinlaudat-bb001-hector\\\/#breadcrumb\",\"itemListElement\":[{\"@type\":\"ListItem\",\"position\":1,\"name\":\"Home\",\"item\":\"https:\\\/\\\/www.castrum.ee\\\/fi\\\/kotisivu\\\/\"},{\"@type\":\"ListItem\",\"position\":2,\"name\":\"Verkkokauppa\",\"item\":\"https:\\\/\\\/www.castrum.ee\\\/fi\\\/kauppa\\\/\"},{\"@type\":\"ListItem\",\"position\":3,\"name\":\"Astinlaudat BB001 Hector\"}]},{\"@type\":\"WebSite\",\"@id\":\"https:\\\/\\\/www.castrum.ee\\\/fi\\\/#website\",\"url\":\"https:\\\/\\\/www.castrum.ee\\\/fi\\\/\",\"name\":\"Castrum\",\"description\":\"Maastoautojen, henkil\u00f6autojen ja pienvaunujen lis\u00e4varusteet\",\"publisher\":{\"@id\":\"https:\\\/\\\/www.castrum.ee\\\/fi\\\/#organization\"},\"potentialAction\":[{\"@type\":\"SearchAction\",\"target\":{\"@type\":\"EntryPoint\",\"urlTemplate\":\"https:\\\/\\\/www.castrum.ee\\\/fi\\\/?s={search_term_string}\"},\"query-input\":{\"@type\":\"PropertyValueSpecification\",\"valueRequired\":true,\"valueName\":\"search_term_string\"}}],\"inLanguage\":\"fi\"},{\"@type\":\"Organization\",\"@id\":\"https:\\\/\\\/www.castrum.ee\\\/fi\\\/#organization\",\"name\":\"Castrum Grupp O\u00dc\",\"url\":\"https:\\\/\\\/www.castrum.ee\\\/fi\\\/\",\"logo\":{\"@type\":\"ImageObject\",\"inLanguage\":\"fi\",\"@id\":\"https:\\\/\\\/www.castrum.ee\\\/fi\\\/#\\\/schema\\\/logo\\\/image\\\/\",\"url\":\"https:\\\/\\\/www.castrum.ee\\\/wp-content\\\/uploads\\\/2025\\\/03\\\/Castrum-logo-500.png\",\"contentUrl\":\"https:\\\/\\\/www.castrum.ee\\\/wp-content\\\/uploads\\\/2025\\\/03\\\/Castrum-logo-500.png\",\"width\":500,\"height\":250,\"caption\":\"Castrum Grupp O\u00dc\"},\"image\":{\"@id\":\"https:\\\/\\\/www.castrum.ee\\\/fi\\\/#\\\/schema\\\/logo\\\/image\\\/\"},\"sameAs\":[\"https:\\\/\\\/www.facebook.com\\\/castrum.ee\"]}]}<\/script>\n<!-- \/ Yoast SEO plugin. -->","yoast_head_json":{"title":"Astinlaudat BB001 Hector | Castrum","description":"Astinlaudat BB001 Hector - kylkiputket ja astinlaudat maastoautoille ja lava-autoille. Helppoon asennukseen, ruostumaton ter\u00e4s. Lis\u00e4varusteet.","robots":{"index":"index","follow":"follow","max-snippet":"max-snippet:-1","max-image-preview":"max-image-preview:large","max-video-preview":"max-video-preview:-1"},"canonical":"https:\/\/www.castrum.ee\/fi\/toode\/astinlaudat-bb001-hector\/","og_locale":"fi_FI","og_type":"article","og_title":"Astinlaudat BB001 Hector | Castrum","og_description":"Astinlaudat BB001 Hector - kylkiputket ja astinlaudat maastoautoille ja lava-autoille. Helppoon asennukseen, ruostumaton ter\u00e4s. Lis\u00e4varusteet.","og_url":"https:\/\/www.castrum.ee\/fi\/toode\/astinlaudat-bb001-hector\/","og_site_name":"Castrum","article_publisher":"https:\/\/www.facebook.com\/castrum.ee","article_modified_time":"2026-05-11T11:29:05+00:00","og_image":[{"width":800,"height":600,"url":"https:\/\/www.castrum.ee\/wp-content\/uploads\/2025\/06\/final-341.jpg","type":"image\/jpeg"}],"twitter_card":"summary_large_image","twitter_misc":{"Arvioitu lukuaika":"1 minuutti"},"schema":{"@context":"https:\/\/schema.org","@graph":[{"@type":"WebPage","@id":"https:\/\/www.castrum.ee\/fi\/toode\/astinlaudat-bb001-hector\/","url":"https:\/\/www.castrum.ee\/fi\/toode\/astinlaudat-bb001-hector\/","name":"Astinlaudat BB001 Hector | Castrum","isPartOf":{"@id":"https:\/\/www.castrum.ee\/fi\/#website"},"primaryImageOfPage":{"@id":"https:\/\/www.castrum.ee\/fi\/toode\/astinlaudat-bb001-hector\/#primaryimage"},"image":{"@id":"https:\/\/www.castrum.ee\/fi\/toode\/astinlaudat-bb001-hector\/#primaryimage"},"thumbnailUrl":"https:\/\/www.castrum.ee\/wp-content\/uploads\/2025\/06\/final-341.jpg","datePublished":"2025-06-18T08:49:04+00:00","dateModified":"2026-05-11T11:29:05+00:00","description":"Astinlaudat BB001 Hector - kylkiputket ja astinlaudat maastoautoille ja lava-autoille. Helppoon asennukseen, ruostumaton ter\u00e4s. Lis\u00e4varusteet.","breadcrumb":{"@id":"https:\/\/www.castrum.ee\/fi\/toode\/astinlaudat-bb001-hector\/#breadcrumb"},"inLanguage":"fi","potentialAction":[{"@type":"ReadAction","target":["https:\/\/www.castrum.ee\/fi\/toode\/astinlaudat-bb001-hector\/"]}]},{"@type":"ImageObject","inLanguage":"fi","@id":"https:\/\/www.castrum.ee\/fi\/toode\/astinlaudat-bb001-hector\/#primaryimage","url":"https:\/\/www.castrum.ee\/wp-content\/uploads\/2025\/06\/final-341.jpg","contentUrl":"https:\/\/www.castrum.ee\/wp-content\/uploads\/2025\/06\/final-341.jpg","width":800,"height":600},{"@type":"BreadcrumbList","@id":"https:\/\/www.castrum.ee\/fi\/toode\/astinlaudat-bb001-hector\/#breadcrumb","itemListElement":[{"@type":"ListItem","position":1,"name":"Home","item":"https:\/\/www.castrum.ee\/fi\/kotisivu\/"},{"@type":"ListItem","position":2,"name":"Verkkokauppa","item":"https:\/\/www.castrum.ee\/fi\/kauppa\/"},{"@type":"ListItem","position":3,"name":"Astinlaudat BB001 Hector"}]},{"@type":"WebSite","@id":"https:\/\/www.castrum.ee\/fi\/#website","url":"https:\/\/www.castrum.ee\/fi\/","name":"Castrum","description":"Maastoautojen, henkil\u00f6autojen ja pienvaunujen lis\u00e4varusteet","publisher":{"@id":"https:\/\/www.castrum.ee\/fi\/#organization"},"potentialAction":[{"@type":"SearchAction","target":{"@type":"EntryPoint","urlTemplate":"https:\/\/www.castrum.ee\/fi\/?s={search_term_string}"},"query-input":{"@type":"PropertyValueSpecification","valueRequired":true,"valueName":"search_term_string"}}],"inLanguage":"fi"},{"@type":"Organization","@id":"https:\/\/www.castrum.ee\/fi\/#organization","name":"Castrum Grupp O\u00dc","url":"https:\/\/www.castrum.ee\/fi\/","logo":{"@type":"ImageObject","inLanguage":"fi","@id":"https:\/\/www.castrum.ee\/fi\/#\/schema\/logo\/image\/","url":"https:\/\/www.castrum.ee\/wp-content\/uploads\/2025\/03\/Castrum-logo-500.png","contentUrl":"https:\/\/www.castrum.ee\/wp-content\/uploads\/2025\/03\/Castrum-logo-500.png","width":500,"height":250,"caption":"Castrum Grupp O\u00dc"},"image":{"@id":"https:\/\/www.castrum.ee\/fi\/#\/schema\/logo\/image\/"},"sameAs":["https:\/\/www.facebook.com\/castrum.ee"]}]}},"_links":{"self":[{"href":"https:\/\/www.castrum.ee\/fi\/wp-json\/wp\/v2\/product\/80927","targetHints":{"allow":["GET"]}}],"collection":[{"href":"https:\/\/www.castrum.ee\/fi\/wp-json\/wp\/v2\/product"}],"about":[{"href":"https:\/\/www.castrum.ee\/fi\/wp-json\/wp\/v2\/types\/product"}],"wp:featuredmedia":[{"embeddable":true,"href":"https:\/\/www.castrum.ee\/fi\/wp-json\/wp\/v2\/media\/3906"}],"wp:attachment":[{"href":"https:\/\/www.castrum.ee\/fi\/wp-json\/wp\/v2\/media?parent=80927"}],"wp:term":[{"taxonomy":"mark-ja-mudel","embeddable":true,"href":"https:\/\/www.castrum.ee\/fi\/wp-json\/wp\/v2\/mark-ja-mudel?post=80927"},{"taxonomy":"product_brand","embeddable":true,"href":"https:\/\/www.castrum.ee\/fi\/wp-json\/wp\/v2\/product_brand?post=80927"},{"taxonomy":"product_cat","embeddable":true,"href":"https:\/\/www.castrum.ee\/fi\/wp-json\/wp\/v2\/product_cat?post=80927"},{"taxonomy":"product_tag","embeddable":true,"href":"https:\/\/www.castrum.ee\/fi\/wp-json\/wp\/v2\/product_tag?post=80927"}],"curies":[{"name":"wp","href":"https:\/\/api.w.org\/{rel}","templated":true}]}}