{"id":80933,"date":"2025-06-11T07:33:00","date_gmt":"2025-06-11T07:33:00","guid":{"rendered":"https:\/\/www.castrum.ee\/toode\/astinlaudat-ab008-ronesans-black-akselivali-valinta-hdzjac\/"},"modified":"2026-05-11T14:29:30","modified_gmt":"2026-05-11T11:29:30","slug":"astinlaudat-ab008-ronesans-black-akselivali-valinta","status":"publish","type":"product","link":"https:\/\/www.castrum.ee\/fi\/toode\/astinlaudat-ab008-ronesans-black-akselivali-valinta\/","title":{"rendered":"Astinlaudat AB008 Ronesans Black | Akseliv\u00e4lin valinta"},"content":{"rendered":"<p><strong>Miksi valita n\u00e4m\u00e4 astinlaudat:<\/strong><\/p>\n<ul>\n<li>Tarjoavat lis\u00e4suojaa ajoneuvollesi.<\/li>\n<li>Sopivat ajoneuvoon kuin alkuper\u00e4inen lis\u00e4varustus<\/li>\n<li>Helppo asentaa \/ Plug and play.<\/li>\n<\/ul>\n<p><strong>Sarja sis\u00e4lt\u00e4\u00e4:<\/strong><\/p>\n<ul>\n<li>Yhden parin astinlautoja (vasen ja oikea).<\/li>\n<li>Asennukseen tarvittavat kiinnitteet.<\/li>\n<li>Asennusohjeistuksen.<\/li>\n<\/ul>\n<p><strong>Helppo asentaa:<\/strong><br \/>\nAstinlauttojen asennus on hyvin helppoa, koska sarjassa on sek\u00e4 asennusohjeisto ett\u00e4 tarvittavat osat. T\u00e4m\u00e4 poistaa tarpeen ajoneuvon lis\u00e4muutoksille. Astinlaudat asennetaan ajoneuvon rungon tai rungon olemassa oleviin kiinnityspaikkoihin.<\/p>\n<p><strong>Lis\u00e4suoja ajoneuvon rungalle:<\/strong><br \/>\nAstinlaudat suojaavat ovia ja sivupaneelia kivist\u00e4, asfaltin paloista sek\u00e4 ahtaissa paikoissa muiden autojen ovista aiheutuvilta vaurioilta. T\u00e4m\u00e4 on erityisen t\u00e4rke\u00e4\u00e4 sorateill\u00e4 ja maaper\u00e4teill\u00e4. Samoin astinlaudat suojaavat suuremmilta kivilt\u00e4 ja py\u00f6rist\u00e4 heitetyilt\u00e4 esineilt\u00e4.<\/p>\n<p>Lis\u00e4ksi astinlaudat on varustettu liukumista est\u00e4v\u00e4ll\u00e4 teknologialla, joka parantaa pit\u00e4vyytt\u00e4 ja voi est\u00e4\u00e4 onnettomuuksia tilanteissa, joissa keng\u00e4n alla on lunta, likaaa, \u00f6ljy\u00e4 jne. Se auttaa my\u00f6s suojaamaan ajoneuvon lattiamattoita.<\/p>\n<p><strong>T\u00e4rke\u00e4\u00e4 tietoa:<\/strong><\/p>\n<ul>\n<li>Joissakin ajoneuvoissa kiinnitysten asennusrei\u00e4t saattavat olla peitetty muovisilla tulpilla, jotka on poistettava ennen sivuputkien asentamista.<\/li>\n<li>\u00c4l\u00e4 k\u00e4yt\u00e4 metallisin lis\u00e4varusteiden puhdistukseen autontarvikkeita, jotka sis\u00e4lt\u00e4v\u00e4t TFR- (Traffic Film Remover) kemikaaleja, koska ne voivat aiheuttaa korroosiota. Puhdistaminen n\u00e4ill\u00e4 liuoksilla voi mit\u00e4t\u00f6id\u00e4 takuun.<\/li>\n<li>Suosittelemme voimakkaasti ruuvien ja kiinnitysosat tarkastamaan 7 p\u00e4iv\u00e4\u00e4 ensimm\u00e4isen asennuksen j\u00e4lkeen varmistaaksesi, ett\u00e4 ne ovat kunnolla kiinnitetty. Turvallisuuden vuoksi kaikki osat tulee tarkistaa 3\u20136 kuukauden v\u00e4lein.<\/li>\n<\/ul>\n<p><strong>ARP-br\u00e4ndist\u00e4:<\/strong><br \/>\nARP on autonosien ja -tarvikkeiden teollisuudessa t\u00e4rke\u00e4 toimija, joka tarjoaa varaosi ja tarvikkeita 4\u00d74 maastoautoihin, lava-autoihin, henkil\u00f6autoihin, hy\u00f6tyajoneuvoihin ja kaupallisiin ajoneuvoihin, mukaan lukien sek\u00e4 vanhemmat ett\u00e4 uudemmat mallit. Castrum on ARP-tuotteiden virallinen j\u00e4lleenmyyj\u00e4 Suomessa.<\/p>\n","protected":false},"excerpt":{"rendered":"<p>Anodisoidut alumiiniastinlaudat. Sarja sis\u00e4lt\u00e4\u00e4 kaiken asennukseen tarvittavan.<\/p>\n","protected":false},"featured_media":3729,"template":"","meta":{"_acf_changed":false},"mark-ja-mudel":[],"product_brand":[2097,1288,1286,1289],"product_cat":[1067,1066],"product_tag":[],"class_list":{"0":"post-80933","1":"product","2":"type-product","3":"status-publish","4":"has-post-thumbnail","6":"product_brand-arp-fi","7":"product_brand-custom","8":"product_brand-ford","9":"product_brand-transit-custom","10":"product_cat-astinlaudat","11":"product_cat-astinlaudat-ja-sivusuojat","12":"product_shipping_class-tukku","14":"first","15":"instock","16":"taxable","17":"shipping-taxable","18":"purchasable","19":"product-type-variable"},"bundled_by":[],"bundle_stock_status":"instock","bundle_stock_quantity":null,"bundle_virtual":false,"bundle_layout":"","bundle_add_to_cart_form_location":"","bundle_editable_in_cart":false,"bundle_sold_individually_context":"","bundle_item_grouping":"","bundle_min_size":"","bundle_max_size":"","bundle_price":[],"bundled_items":[],"bundle_sell_ids":[],"acf":[],"yoast_head":"<!-- This site is optimized with the Yoast SEO plugin v27.5 - https:\/\/yoast.com\/product\/yoast-seo-wordpress\/ -->\n<title>Astinlaudat AB008 Ronesans Black | Akselivalinta | Castrum<\/title>\n<meta name=\"description\" content=\"Astinlaudat AB008 Ronesans Black akselivalinnalla. Kylkiputket ja astinlaudat maastoautoihin ja pakettiautoihin. Anodisoidut alumiini-astinlaudat.\" \/>\n<meta name=\"robots\" content=\"index, follow, max-snippet:-1, max-image-preview:large, max-video-preview:-1\" \/>\n<link rel=\"canonical\" href=\"https:\/\/www.castrum.ee\/fi\/toode\/astinlaudat-ab008-ronesans-black-akselivali-valinta\/\" \/>\n<meta property=\"og:locale\" content=\"fi_FI\" \/>\n<meta property=\"og:type\" content=\"article\" \/>\n<meta property=\"og:title\" content=\"Astinlaudat AB008 Ronesans Black | Akselivalinta | Castrum\" \/>\n<meta property=\"og:description\" content=\"Astinlaudat AB008 Ronesans Black akselivalinnalla. Kylkiputket ja astinlaudat maastoautoihin ja pakettiautoihin. Anodisoidut alumiini-astinlaudat.\" \/>\n<meta property=\"og:url\" content=\"https:\/\/www.castrum.ee\/fi\/toode\/astinlaudat-ab008-ronesans-black-akselivali-valinta\/\" \/>\n<meta property=\"og:site_name\" content=\"Castrum\" \/>\n<meta property=\"article:publisher\" content=\"https:\/\/www.facebook.com\/castrum.ee\" \/>\n<meta property=\"article:modified_time\" content=\"2026-05-11T11:29:30+00:00\" \/>\n<meta property=\"og:image\" content=\"https:\/\/www.castrum.ee\/wp-content\/uploads\/2025\/06\/final-25-3-scaled-1.jpg\" \/>\n\t<meta property=\"og:image:width\" content=\"2560\" \/>\n\t<meta property=\"og:image:height\" content=\"1700\" \/>\n\t<meta property=\"og:image:type\" content=\"image\/jpeg\" \/>\n<meta name=\"twitter:card\" content=\"summary_large_image\" \/>\n<meta name=\"twitter:label1\" content=\"Arvioitu lukuaika\" \/>\n\t<meta name=\"twitter:data1\" content=\"1 minuutti\" \/>\n<script type=\"application\/ld+json\" class=\"yoast-schema-graph\">{\"@context\":\"https:\\\/\\\/schema.org\",\"@graph\":[{\"@type\":\"WebPage\",\"@id\":\"https:\\\/\\\/www.castrum.ee\\\/fi\\\/toode\\\/astinlaudat-ab008-ronesans-black-akselivali-valinta\\\/\",\"url\":\"https:\\\/\\\/www.castrum.ee\\\/fi\\\/toode\\\/astinlaudat-ab008-ronesans-black-akselivali-valinta\\\/\",\"name\":\"Astinlaudat AB008 Ronesans Black | Akselivalinta | Castrum\",\"isPartOf\":{\"@id\":\"https:\\\/\\\/www.castrum.ee\\\/fi\\\/#website\"},\"primaryImageOfPage\":{\"@id\":\"https:\\\/\\\/www.castrum.ee\\\/fi\\\/toode\\\/astinlaudat-ab008-ronesans-black-akselivali-valinta\\\/#primaryimage\"},\"image\":{\"@id\":\"https:\\\/\\\/www.castrum.ee\\\/fi\\\/toode\\\/astinlaudat-ab008-ronesans-black-akselivali-valinta\\\/#primaryimage\"},\"thumbnailUrl\":\"https:\\\/\\\/www.castrum.ee\\\/wp-content\\\/uploads\\\/2025\\\/06\\\/final-25-3-scaled-1.jpg\",\"datePublished\":\"2025-06-11T07:33:00+00:00\",\"dateModified\":\"2026-05-11T11:29:30+00:00\",\"description\":\"Astinlaudat AB008 Ronesans Black akselivalinnalla. Kylkiputket ja astinlaudat maastoautoihin ja pakettiautoihin. Anodisoidut alumiini-astinlaudat.\",\"breadcrumb\":{\"@id\":\"https:\\\/\\\/www.castrum.ee\\\/fi\\\/toode\\\/astinlaudat-ab008-ronesans-black-akselivali-valinta\\\/#breadcrumb\"},\"inLanguage\":\"fi\",\"potentialAction\":[{\"@type\":\"ReadAction\",\"target\":[\"https:\\\/\\\/www.castrum.ee\\\/fi\\\/toode\\\/astinlaudat-ab008-ronesans-black-akselivali-valinta\\\/\"]}]},{\"@type\":\"ImageObject\",\"inLanguage\":\"fi\",\"@id\":\"https:\\\/\\\/www.castrum.ee\\\/fi\\\/toode\\\/astinlaudat-ab008-ronesans-black-akselivali-valinta\\\/#primaryimage\",\"url\":\"https:\\\/\\\/www.castrum.ee\\\/wp-content\\\/uploads\\\/2025\\\/06\\\/final-25-3-scaled-1.jpg\",\"contentUrl\":\"https:\\\/\\\/www.castrum.ee\\\/wp-content\\\/uploads\\\/2025\\\/06\\\/final-25-3-scaled-1.jpg\",\"width\":2560,\"height\":1700},{\"@type\":\"BreadcrumbList\",\"@id\":\"https:\\\/\\\/www.castrum.ee\\\/fi\\\/toode\\\/astinlaudat-ab008-ronesans-black-akselivali-valinta\\\/#breadcrumb\",\"itemListElement\":[{\"@type\":\"ListItem\",\"position\":1,\"name\":\"Home\",\"item\":\"https:\\\/\\\/www.castrum.ee\\\/fi\\\/kotisivu\\\/\"},{\"@type\":\"ListItem\",\"position\":2,\"name\":\"Verkkokauppa\",\"item\":\"https:\\\/\\\/www.castrum.ee\\\/fi\\\/kauppa\\\/\"},{\"@type\":\"ListItem\",\"position\":3,\"name\":\"Astinlaudat AB008 Ronesans Black | Akseliv\u00e4lin valinta\"}]},{\"@type\":\"WebSite\",\"@id\":\"https:\\\/\\\/www.castrum.ee\\\/fi\\\/#website\",\"url\":\"https:\\\/\\\/www.castrum.ee\\\/fi\\\/\",\"name\":\"Castrum\",\"description\":\"Maastoautojen, henkil\u00f6autojen ja pienvaunujen lis\u00e4varusteet\",\"publisher\":{\"@id\":\"https:\\\/\\\/www.castrum.ee\\\/fi\\\/#organization\"},\"potentialAction\":[{\"@type\":\"SearchAction\",\"target\":{\"@type\":\"EntryPoint\",\"urlTemplate\":\"https:\\\/\\\/www.castrum.ee\\\/fi\\\/?s={search_term_string}\"},\"query-input\":{\"@type\":\"PropertyValueSpecification\",\"valueRequired\":true,\"valueName\":\"search_term_string\"}}],\"inLanguage\":\"fi\"},{\"@type\":\"Organization\",\"@id\":\"https:\\\/\\\/www.castrum.ee\\\/fi\\\/#organization\",\"name\":\"Castrum Grupp O\u00dc\",\"url\":\"https:\\\/\\\/www.castrum.ee\\\/fi\\\/\",\"logo\":{\"@type\":\"ImageObject\",\"inLanguage\":\"fi\",\"@id\":\"https:\\\/\\\/www.castrum.ee\\\/fi\\\/#\\\/schema\\\/logo\\\/image\\\/\",\"url\":\"https:\\\/\\\/www.castrum.ee\\\/wp-content\\\/uploads\\\/2025\\\/03\\\/Castrum-logo-500.png\",\"contentUrl\":\"https:\\\/\\\/www.castrum.ee\\\/wp-content\\\/uploads\\\/2025\\\/03\\\/Castrum-logo-500.png\",\"width\":500,\"height\":250,\"caption\":\"Castrum Grupp O\u00dc\"},\"image\":{\"@id\":\"https:\\\/\\\/www.castrum.ee\\\/fi\\\/#\\\/schema\\\/logo\\\/image\\\/\"},\"sameAs\":[\"https:\\\/\\\/www.facebook.com\\\/castrum.ee\"]}]}<\/script>\n<!-- \/ Yoast SEO plugin. -->","yoast_head_json":{"title":"Astinlaudat AB008 Ronesans Black | Akselivalinta | Castrum","description":"Astinlaudat AB008 Ronesans Black akselivalinnalla. Kylkiputket ja astinlaudat maastoautoihin ja pakettiautoihin. Anodisoidut alumiini-astinlaudat.","robots":{"index":"index","follow":"follow","max-snippet":"max-snippet:-1","max-image-preview":"max-image-preview:large","max-video-preview":"max-video-preview:-1"},"canonical":"https:\/\/www.castrum.ee\/fi\/toode\/astinlaudat-ab008-ronesans-black-akselivali-valinta\/","og_locale":"fi_FI","og_type":"article","og_title":"Astinlaudat AB008 Ronesans Black | Akselivalinta | Castrum","og_description":"Astinlaudat AB008 Ronesans Black akselivalinnalla. Kylkiputket ja astinlaudat maastoautoihin ja pakettiautoihin. Anodisoidut alumiini-astinlaudat.","og_url":"https:\/\/www.castrum.ee\/fi\/toode\/astinlaudat-ab008-ronesans-black-akselivali-valinta\/","og_site_name":"Castrum","article_publisher":"https:\/\/www.facebook.com\/castrum.ee","article_modified_time":"2026-05-11T11:29:30+00:00","og_image":[{"width":2560,"height":1700,"url":"https:\/\/www.castrum.ee\/wp-content\/uploads\/2025\/06\/final-25-3-scaled-1.jpg","type":"image\/jpeg"}],"twitter_card":"summary_large_image","twitter_misc":{"Arvioitu lukuaika":"1 minuutti"},"schema":{"@context":"https:\/\/schema.org","@graph":[{"@type":"WebPage","@id":"https:\/\/www.castrum.ee\/fi\/toode\/astinlaudat-ab008-ronesans-black-akselivali-valinta\/","url":"https:\/\/www.castrum.ee\/fi\/toode\/astinlaudat-ab008-ronesans-black-akselivali-valinta\/","name":"Astinlaudat AB008 Ronesans Black | Akselivalinta | Castrum","isPartOf":{"@id":"https:\/\/www.castrum.ee\/fi\/#website"},"primaryImageOfPage":{"@id":"https:\/\/www.castrum.ee\/fi\/toode\/astinlaudat-ab008-ronesans-black-akselivali-valinta\/#primaryimage"},"image":{"@id":"https:\/\/www.castrum.ee\/fi\/toode\/astinlaudat-ab008-ronesans-black-akselivali-valinta\/#primaryimage"},"thumbnailUrl":"https:\/\/www.castrum.ee\/wp-content\/uploads\/2025\/06\/final-25-3-scaled-1.jpg","datePublished":"2025-06-11T07:33:00+00:00","dateModified":"2026-05-11T11:29:30+00:00","description":"Astinlaudat AB008 Ronesans Black akselivalinnalla. Kylkiputket ja astinlaudat maastoautoihin ja pakettiautoihin. Anodisoidut alumiini-astinlaudat.","breadcrumb":{"@id":"https:\/\/www.castrum.ee\/fi\/toode\/astinlaudat-ab008-ronesans-black-akselivali-valinta\/#breadcrumb"},"inLanguage":"fi","potentialAction":[{"@type":"ReadAction","target":["https:\/\/www.castrum.ee\/fi\/toode\/astinlaudat-ab008-ronesans-black-akselivali-valinta\/"]}]},{"@type":"ImageObject","inLanguage":"fi","@id":"https:\/\/www.castrum.ee\/fi\/toode\/astinlaudat-ab008-ronesans-black-akselivali-valinta\/#primaryimage","url":"https:\/\/www.castrum.ee\/wp-content\/uploads\/2025\/06\/final-25-3-scaled-1.jpg","contentUrl":"https:\/\/www.castrum.ee\/wp-content\/uploads\/2025\/06\/final-25-3-scaled-1.jpg","width":2560,"height":1700},{"@type":"BreadcrumbList","@id":"https:\/\/www.castrum.ee\/fi\/toode\/astinlaudat-ab008-ronesans-black-akselivali-valinta\/#breadcrumb","itemListElement":[{"@type":"ListItem","position":1,"name":"Home","item":"https:\/\/www.castrum.ee\/fi\/kotisivu\/"},{"@type":"ListItem","position":2,"name":"Verkkokauppa","item":"https:\/\/www.castrum.ee\/fi\/kauppa\/"},{"@type":"ListItem","position":3,"name":"Astinlaudat AB008 Ronesans Black | Akseliv\u00e4lin valinta"}]},{"@type":"WebSite","@id":"https:\/\/www.castrum.ee\/fi\/#website","url":"https:\/\/www.castrum.ee\/fi\/","name":"Castrum","description":"Maastoautojen, henkil\u00f6autojen ja pienvaunujen lis\u00e4varusteet","publisher":{"@id":"https:\/\/www.castrum.ee\/fi\/#organization"},"potentialAction":[{"@type":"SearchAction","target":{"@type":"EntryPoint","urlTemplate":"https:\/\/www.castrum.ee\/fi\/?s={search_term_string}"},"query-input":{"@type":"PropertyValueSpecification","valueRequired":true,"valueName":"search_term_string"}}],"inLanguage":"fi"},{"@type":"Organization","@id":"https:\/\/www.castrum.ee\/fi\/#organization","name":"Castrum Grupp O\u00dc","url":"https:\/\/www.castrum.ee\/fi\/","logo":{"@type":"ImageObject","inLanguage":"fi","@id":"https:\/\/www.castrum.ee\/fi\/#\/schema\/logo\/image\/","url":"https:\/\/www.castrum.ee\/wp-content\/uploads\/2025\/03\/Castrum-logo-500.png","contentUrl":"https:\/\/www.castrum.ee\/wp-content\/uploads\/2025\/03\/Castrum-logo-500.png","width":500,"height":250,"caption":"Castrum Grupp O\u00dc"},"image":{"@id":"https:\/\/www.castrum.ee\/fi\/#\/schema\/logo\/image\/"},"sameAs":["https:\/\/www.facebook.com\/castrum.ee"]}]}},"_links":{"self":[{"href":"https:\/\/www.castrum.ee\/fi\/wp-json\/wp\/v2\/product\/80933","targetHints":{"allow":["GET"]}}],"collection":[{"href":"https:\/\/www.castrum.ee\/fi\/wp-json\/wp\/v2\/product"}],"about":[{"href":"https:\/\/www.castrum.ee\/fi\/wp-json\/wp\/v2\/types\/product"}],"wp:featuredmedia":[{"embeddable":true,"href":"https:\/\/www.castrum.ee\/fi\/wp-json\/wp\/v2\/media\/3729"}],"wp:attachment":[{"href":"https:\/\/www.castrum.ee\/fi\/wp-json\/wp\/v2\/media?parent=80933"}],"wp:term":[{"taxonomy":"mark-ja-mudel","embeddable":true,"href":"https:\/\/www.castrum.ee\/fi\/wp-json\/wp\/v2\/mark-ja-mudel?post=80933"},{"taxonomy":"product_brand","embeddable":true,"href":"https:\/\/www.castrum.ee\/fi\/wp-json\/wp\/v2\/product_brand?post=80933"},{"taxonomy":"product_cat","embeddable":true,"href":"https:\/\/www.castrum.ee\/fi\/wp-json\/wp\/v2\/product_cat?post=80933"},{"taxonomy":"product_tag","embeddable":true,"href":"https:\/\/www.castrum.ee\/fi\/wp-json\/wp\/v2\/product_tag?post=80933"}],"curies":[{"name":"wp","href":"https:\/\/api.w.org\/{rel}","templated":true}]}}