{"id":80935,"date":"2025-06-10T11:00:22","date_gmt":"2025-06-10T11:00:22","guid":{"rendered":"https:\/\/www.castrum.ee\/toode\/astinlaudat-ab008-ronesans-silver-zksdds\/"},"modified":"2026-05-11T14:29:34","modified_gmt":"2026-05-11T11:29:34","slug":"astinlaudat-ab008-ronesans-silver","status":"publish","type":"product","link":"https:\/\/www.castrum.ee\/fi\/toode\/astinlaudat-ab008-ronesans-silver\/","title":{"rendered":"Astinlaudat AB008 Ronesans Silver"},"content":{"rendered":"<p><strong>Miksi valita juuri n\u00e4m\u00e4 astinlaudat:<\/strong><\/p>\n<ul>\n<li>Tarjoavat lis\u00e4suojaa ajoneuvollesi.<\/li>\n<li>Sopivat ajoneuvoon kuten OEM-varustus<\/li>\n<li>Helppo asentaa \/ Plug and play.<\/li>\n<\/ul>\n<p><strong>Sarja sis\u00e4lt\u00e4\u00e4:<\/strong><\/p>\n<ul>\n<li>Yhden parin astinlautoja (vasen ja oikea).<\/li>\n<li>Asennukseen tarvittavat kiinnittimet.<\/li>\n<li>Asennusohjeen.<\/li>\n<\/ul>\n<p><strong>Helppo asentaa:<\/strong><br \/>\nAstinlatouden asennus on hyvin yksinkertaista, koska sarjassa on mukana sek\u00e4 asennusohje ett\u00e4 tarvittavat osat. T\u00e4m\u00e4 poistaa tarpeen ajoneuvon lis\u00e4muutoksille. Astinlaudat asennetaan olemassa oleviin kiinnityspaikkoihin ajoneuvon rungossa tai koripaneleissa.<\/p>\n<p><strong>Lis\u00e4suoja ajoneuvon koripaneeleille:<\/strong><br \/>\nAstinlaudat suojaavat ovia ja sivupaneeleita kivist\u00e4, asfalttipaloista sek\u00e4 muiden autojen ovista ahtaissa paikoituspaikoissa aiheutuvilta vaurioilta. T\u00e4m\u00e4 on erityisen t\u00e4rke\u00e4\u00e4 soratiell\u00e4 ja maanteihin liittyviss\u00e4 paikoissa. Astinlaudat suojaavat my\u00f6s suuremmista kivist\u00e4 ja py\u00f6rist\u00e4 heitettyjen esineiden aiheuttamilta vahingoilta.<\/p>\n<p>Lis\u00e4ksi astinlaudat on varustettu liukumattomalla tekniikalla, joka parantaa pit\u00e4vyytt\u00e4 ja voi est\u00e4\u00e4 onnettomuuksia tilanteissa, joissa keng\u00e4t ovat likaisia, lumisia, \u00f6ljyisi\u00e4 jne. Se my\u00f6s auttaa suojaamaan ajoneuvon lattiamatoja.<\/p>\n<p><strong>T\u00e4rke\u00e4 tieto:<\/strong><\/p>\n<ul>\n<li>Joillakin ajoneuvoilla saattaa olla muovisesta kokoja kiinnitysten reikil\u00f6iden peitt\u00e4miseksi, jotka tulee poistaa ennen sivupanelien asennusta.<\/li>\n<li>\u00c4l\u00e4 k\u00e4yt\u00e4 metallisten lis\u00e4varusteiden puhdistamiseen auto-pesuaineita, jotka sis\u00e4lt\u00e4v\u00e4t TFR- (Traffic Film Remover) kemikaaleja, koska n\u00e4m\u00e4 voivat aiheuttaa korroosiota. Puhdistaminen n\u00e4ill\u00e4 liuottimilla voi mit\u00e4t\u00f6id\u00e4 takuun.<\/li>\n<li>Suosittelemme voimakkaasti ruuvien ja kiinnitysosia tarkistamaan 7 p\u00e4iv\u00e4n kuluttua ensimm\u00e4isest\u00e4 asennuksesta, jotta varmistettaisiin, ett\u00e4 ne on kiinnitetty oikein. Turvallisuuden vuoksi kaikki osat tulee tarkistaa 3\u20136 kuukauden v\u00e4lein.<\/li>\n<\/ul>\n<p><strong>ARP-br\u00e4ndist\u00e4:<\/strong><br \/>\nARP on t\u00e4rke\u00e4 toimija autojen osien ja -tarvikkeiden teollisuudessa, tarjoten varaosia ja tarvikkeita 4\u00d74 maastoautoihin, lava-autoihin, henkil\u00f6autoihin, hy\u00f6tyajoneuvoihin ja kuorma-autoihin, sek\u00e4 vanhempiin ett\u00e4 uudempiin malleihin. Castrum on ARP-tuotteiden virallinen j\u00e4lleenmyyj\u00e4 Suomessa.<\/p>\n","protected":false},"excerpt":{"rendered":"<p>Anodisoidut alumiini astinlaudat. Sarja sis\u00e4lt\u00e4\u00e4 kaiken asennukseen tarvittavan.<\/p>\n","protected":false},"featured_media":3601,"template":"","meta":{"_acf_changed":false},"mark-ja-mudel":[],"product_brand":[1276,2097,1404,1447,1395,1448,1345,1288,1295,1291,1318,1405,1286,1410,1450,1278,1302,1294,1446,1535,1285,1282,1284,1530,1298,1297,1317,1305,1292,1287,1555,1528,1301,1556,1281,1557,1280,1558,1368,1277,1322,1289,1275,1396,1296],"product_cat":[1067,1066],"product_tag":[],"class_list":{"0":"post-80935","1":"product","2":"type-product","3":"status-publish","4":"has-post-thumbnail","6":"product_brand-amarok","7":"product_brand-arp-fi","8":"product_brand-caravan","9":"product_brand-cherokee","10":"product_brand-chrysler","11":"product_brand-commander","12":"product_brand-cr-v","13":"product_brand-custom","14":"product_brand-d-max","15":"product_brand-dodge","16":"product_brand-expert","17":"product_brand-fiat","18":"product_brand-ford","19":"product_brand-fullback","20":"product_brand-grand-cherokee","21":"product_brand-hilux","22":"product_brand-honda","23":"product_brand-isuzu","24":"product_brand-jeep","25":"product_brand-jimny","26":"product_brand-l200","27":"product_brand-mercedes-benz","28":"product_brand-mitsubishi","29":"product_brand-musso","30":"product_brand-navara","31":"product_brand-nissan","32":"product_brand-peugeot","33":"product_brand-qashqai","34":"product_brand-ram-1500","35":"product_brand-ranger","36":"product_brand-sharan","37":"product_brand-ssangyong","38":"product_brand-suzuki","39":"product_brand-t4","40":"product_brand-t5","41":"product_brand-t5-1","42":"product_brand-t6","43":"product_brand-t6-1","44":"product_brand-t7","45":"product_brand-toyota","46":"product_brand-transit","47":"product_brand-transit-custom","48":"product_brand-volkswagen","49":"product_brand-voyager","50":"product_brand-x-class","51":"product_cat-astinlaudat","52":"product_cat-astinlaudat-ja-sivusuojat","53":"product_shipping_class-tukku","55":"first","56":"instock","57":"taxable","58":"shipping-taxable","59":"purchasable","60":"product-type-variable"},"bundled_by":[],"bundle_stock_status":"instock","bundle_stock_quantity":null,"bundle_virtual":false,"bundle_layout":"","bundle_add_to_cart_form_location":"","bundle_editable_in_cart":false,"bundle_sold_individually_context":"","bundle_item_grouping":"","bundle_min_size":"","bundle_max_size":"","bundle_price":[],"bundled_items":[],"bundle_sell_ids":[],"acf":[],"yoast_head":"<!-- This site is optimized with the Yoast SEO plugin v27.5 - https:\/\/yoast.com\/product\/yoast-seo-wordpress\/ -->\n<title>Astinlaudat AB008 Ronesans Silver | Castrum<\/title>\n<meta name=\"description\" content=\"Astinlaudat AB008 Ronesans Silver anodisoidusta alumiinista. Kylkiputket ja astinlaudat maastoautoihin ja pakettiautoihin. Helppopaikka asennus.\" \/>\n<meta name=\"robots\" content=\"index, follow, max-snippet:-1, max-image-preview:large, max-video-preview:-1\" \/>\n<link rel=\"canonical\" href=\"https:\/\/www.castrum.ee\/fi\/toode\/astinlaudat-ab008-ronesans-silver\/\" \/>\n<meta property=\"og:locale\" content=\"fi_FI\" \/>\n<meta property=\"og:type\" content=\"article\" \/>\n<meta property=\"og:title\" content=\"Astinlaudat AB008 Ronesans Silver | Castrum\" \/>\n<meta property=\"og:description\" content=\"Astinlaudat AB008 Ronesans Silver anodisoidusta alumiinista. Kylkiputket ja astinlaudat maastoautoihin ja pakettiautoihin. Helppopaikka asennus.\" \/>\n<meta property=\"og:url\" content=\"https:\/\/www.castrum.ee\/fi\/toode\/astinlaudat-ab008-ronesans-silver\/\" \/>\n<meta property=\"og:site_name\" content=\"Castrum\" \/>\n<meta property=\"article:publisher\" content=\"https:\/\/www.facebook.com\/castrum.ee\" \/>\n<meta property=\"article:modified_time\" content=\"2026-05-11T11:29:34+00:00\" \/>\n<meta property=\"og:image\" content=\"https:\/\/www.castrum.ee\/wp-content\/uploads\/2025\/06\/D34361FC-320C-46EF-9E41-A39856E0FB3A.jpeg\" \/>\n\t<meta property=\"og:image:width\" content=\"1484\" \/>\n\t<meta property=\"og:image:height\" content=\"762\" \/>\n\t<meta property=\"og:image:type\" content=\"image\/jpeg\" \/>\n<meta name=\"twitter:card\" content=\"summary_large_image\" \/>\n<meta name=\"twitter:label1\" content=\"Arvioitu lukuaika\" \/>\n\t<meta name=\"twitter:data1\" content=\"1 minuutti\" \/>\n<script type=\"application\/ld+json\" class=\"yoast-schema-graph\">{\"@context\":\"https:\\\/\\\/schema.org\",\"@graph\":[{\"@type\":\"WebPage\",\"@id\":\"https:\\\/\\\/www.castrum.ee\\\/fi\\\/toode\\\/astinlaudat-ab008-ronesans-silver\\\/\",\"url\":\"https:\\\/\\\/www.castrum.ee\\\/fi\\\/toode\\\/astinlaudat-ab008-ronesans-silver\\\/\",\"name\":\"Astinlaudat AB008 Ronesans Silver | Castrum\",\"isPartOf\":{\"@id\":\"https:\\\/\\\/www.castrum.ee\\\/fi\\\/#website\"},\"primaryImageOfPage\":{\"@id\":\"https:\\\/\\\/www.castrum.ee\\\/fi\\\/toode\\\/astinlaudat-ab008-ronesans-silver\\\/#primaryimage\"},\"image\":{\"@id\":\"https:\\\/\\\/www.castrum.ee\\\/fi\\\/toode\\\/astinlaudat-ab008-ronesans-silver\\\/#primaryimage\"},\"thumbnailUrl\":\"https:\\\/\\\/www.castrum.ee\\\/wp-content\\\/uploads\\\/2025\\\/06\\\/D34361FC-320C-46EF-9E41-A39856E0FB3A.jpeg\",\"datePublished\":\"2025-06-10T11:00:22+00:00\",\"dateModified\":\"2026-05-11T11:29:34+00:00\",\"description\":\"Astinlaudat AB008 Ronesans Silver anodisoidusta alumiinista. Kylkiputket ja astinlaudat maastoautoihin ja pakettiautoihin. Helppopaikka asennus.\",\"breadcrumb\":{\"@id\":\"https:\\\/\\\/www.castrum.ee\\\/fi\\\/toode\\\/astinlaudat-ab008-ronesans-silver\\\/#breadcrumb\"},\"inLanguage\":\"fi\",\"potentialAction\":[{\"@type\":\"ReadAction\",\"target\":[\"https:\\\/\\\/www.castrum.ee\\\/fi\\\/toode\\\/astinlaudat-ab008-ronesans-silver\\\/\"]}]},{\"@type\":\"ImageObject\",\"inLanguage\":\"fi\",\"@id\":\"https:\\\/\\\/www.castrum.ee\\\/fi\\\/toode\\\/astinlaudat-ab008-ronesans-silver\\\/#primaryimage\",\"url\":\"https:\\\/\\\/www.castrum.ee\\\/wp-content\\\/uploads\\\/2025\\\/06\\\/D34361FC-320C-46EF-9E41-A39856E0FB3A.jpeg\",\"contentUrl\":\"https:\\\/\\\/www.castrum.ee\\\/wp-content\\\/uploads\\\/2025\\\/06\\\/D34361FC-320C-46EF-9E41-A39856E0FB3A.jpeg\",\"width\":1484,\"height\":762},{\"@type\":\"BreadcrumbList\",\"@id\":\"https:\\\/\\\/www.castrum.ee\\\/fi\\\/toode\\\/astinlaudat-ab008-ronesans-silver\\\/#breadcrumb\",\"itemListElement\":[{\"@type\":\"ListItem\",\"position\":1,\"name\":\"Home\",\"item\":\"https:\\\/\\\/www.castrum.ee\\\/fi\\\/kotisivu\\\/\"},{\"@type\":\"ListItem\",\"position\":2,\"name\":\"Verkkokauppa\",\"item\":\"https:\\\/\\\/www.castrum.ee\\\/fi\\\/kauppa\\\/\"},{\"@type\":\"ListItem\",\"position\":3,\"name\":\"Astinlaudat AB008 Ronesans Silver\"}]},{\"@type\":\"WebSite\",\"@id\":\"https:\\\/\\\/www.castrum.ee\\\/fi\\\/#website\",\"url\":\"https:\\\/\\\/www.castrum.ee\\\/fi\\\/\",\"name\":\"Castrum\",\"description\":\"Maastoautojen, henkil\u00f6autojen ja pienvaunujen lis\u00e4varusteet\",\"publisher\":{\"@id\":\"https:\\\/\\\/www.castrum.ee\\\/fi\\\/#organization\"},\"potentialAction\":[{\"@type\":\"SearchAction\",\"target\":{\"@type\":\"EntryPoint\",\"urlTemplate\":\"https:\\\/\\\/www.castrum.ee\\\/fi\\\/?s={search_term_string}\"},\"query-input\":{\"@type\":\"PropertyValueSpecification\",\"valueRequired\":true,\"valueName\":\"search_term_string\"}}],\"inLanguage\":\"fi\"},{\"@type\":\"Organization\",\"@id\":\"https:\\\/\\\/www.castrum.ee\\\/fi\\\/#organization\",\"name\":\"Castrum Grupp O\u00dc\",\"url\":\"https:\\\/\\\/www.castrum.ee\\\/fi\\\/\",\"logo\":{\"@type\":\"ImageObject\",\"inLanguage\":\"fi\",\"@id\":\"https:\\\/\\\/www.castrum.ee\\\/fi\\\/#\\\/schema\\\/logo\\\/image\\\/\",\"url\":\"https:\\\/\\\/www.castrum.ee\\\/wp-content\\\/uploads\\\/2025\\\/03\\\/Castrum-logo-500.png\",\"contentUrl\":\"https:\\\/\\\/www.castrum.ee\\\/wp-content\\\/uploads\\\/2025\\\/03\\\/Castrum-logo-500.png\",\"width\":500,\"height\":250,\"caption\":\"Castrum Grupp O\u00dc\"},\"image\":{\"@id\":\"https:\\\/\\\/www.castrum.ee\\\/fi\\\/#\\\/schema\\\/logo\\\/image\\\/\"},\"sameAs\":[\"https:\\\/\\\/www.facebook.com\\\/castrum.ee\"]}]}<\/script>\n<!-- \/ Yoast SEO plugin. -->","yoast_head_json":{"title":"Astinlaudat AB008 Ronesans Silver | Castrum","description":"Astinlaudat AB008 Ronesans Silver anodisoidusta alumiinista. Kylkiputket ja astinlaudat maastoautoihin ja pakettiautoihin. Helppopaikka asennus.","robots":{"index":"index","follow":"follow","max-snippet":"max-snippet:-1","max-image-preview":"max-image-preview:large","max-video-preview":"max-video-preview:-1"},"canonical":"https:\/\/www.castrum.ee\/fi\/toode\/astinlaudat-ab008-ronesans-silver\/","og_locale":"fi_FI","og_type":"article","og_title":"Astinlaudat AB008 Ronesans Silver | Castrum","og_description":"Astinlaudat AB008 Ronesans Silver anodisoidusta alumiinista. Kylkiputket ja astinlaudat maastoautoihin ja pakettiautoihin. Helppopaikka asennus.","og_url":"https:\/\/www.castrum.ee\/fi\/toode\/astinlaudat-ab008-ronesans-silver\/","og_site_name":"Castrum","article_publisher":"https:\/\/www.facebook.com\/castrum.ee","article_modified_time":"2026-05-11T11:29:34+00:00","og_image":[{"width":1484,"height":762,"url":"https:\/\/www.castrum.ee\/wp-content\/uploads\/2025\/06\/D34361FC-320C-46EF-9E41-A39856E0FB3A.jpeg","type":"image\/jpeg"}],"twitter_card":"summary_large_image","twitter_misc":{"Arvioitu lukuaika":"1 minuutti"},"schema":{"@context":"https:\/\/schema.org","@graph":[{"@type":"WebPage","@id":"https:\/\/www.castrum.ee\/fi\/toode\/astinlaudat-ab008-ronesans-silver\/","url":"https:\/\/www.castrum.ee\/fi\/toode\/astinlaudat-ab008-ronesans-silver\/","name":"Astinlaudat AB008 Ronesans Silver | Castrum","isPartOf":{"@id":"https:\/\/www.castrum.ee\/fi\/#website"},"primaryImageOfPage":{"@id":"https:\/\/www.castrum.ee\/fi\/toode\/astinlaudat-ab008-ronesans-silver\/#primaryimage"},"image":{"@id":"https:\/\/www.castrum.ee\/fi\/toode\/astinlaudat-ab008-ronesans-silver\/#primaryimage"},"thumbnailUrl":"https:\/\/www.castrum.ee\/wp-content\/uploads\/2025\/06\/D34361FC-320C-46EF-9E41-A39856E0FB3A.jpeg","datePublished":"2025-06-10T11:00:22+00:00","dateModified":"2026-05-11T11:29:34+00:00","description":"Astinlaudat AB008 Ronesans Silver anodisoidusta alumiinista. Kylkiputket ja astinlaudat maastoautoihin ja pakettiautoihin. Helppopaikka asennus.","breadcrumb":{"@id":"https:\/\/www.castrum.ee\/fi\/toode\/astinlaudat-ab008-ronesans-silver\/#breadcrumb"},"inLanguage":"fi","potentialAction":[{"@type":"ReadAction","target":["https:\/\/www.castrum.ee\/fi\/toode\/astinlaudat-ab008-ronesans-silver\/"]}]},{"@type":"ImageObject","inLanguage":"fi","@id":"https:\/\/www.castrum.ee\/fi\/toode\/astinlaudat-ab008-ronesans-silver\/#primaryimage","url":"https:\/\/www.castrum.ee\/wp-content\/uploads\/2025\/06\/D34361FC-320C-46EF-9E41-A39856E0FB3A.jpeg","contentUrl":"https:\/\/www.castrum.ee\/wp-content\/uploads\/2025\/06\/D34361FC-320C-46EF-9E41-A39856E0FB3A.jpeg","width":1484,"height":762},{"@type":"BreadcrumbList","@id":"https:\/\/www.castrum.ee\/fi\/toode\/astinlaudat-ab008-ronesans-silver\/#breadcrumb","itemListElement":[{"@type":"ListItem","position":1,"name":"Home","item":"https:\/\/www.castrum.ee\/fi\/kotisivu\/"},{"@type":"ListItem","position":2,"name":"Verkkokauppa","item":"https:\/\/www.castrum.ee\/fi\/kauppa\/"},{"@type":"ListItem","position":3,"name":"Astinlaudat AB008 Ronesans Silver"}]},{"@type":"WebSite","@id":"https:\/\/www.castrum.ee\/fi\/#website","url":"https:\/\/www.castrum.ee\/fi\/","name":"Castrum","description":"Maastoautojen, henkil\u00f6autojen ja pienvaunujen lis\u00e4varusteet","publisher":{"@id":"https:\/\/www.castrum.ee\/fi\/#organization"},"potentialAction":[{"@type":"SearchAction","target":{"@type":"EntryPoint","urlTemplate":"https:\/\/www.castrum.ee\/fi\/?s={search_term_string}"},"query-input":{"@type":"PropertyValueSpecification","valueRequired":true,"valueName":"search_term_string"}}],"inLanguage":"fi"},{"@type":"Organization","@id":"https:\/\/www.castrum.ee\/fi\/#organization","name":"Castrum Grupp O\u00dc","url":"https:\/\/www.castrum.ee\/fi\/","logo":{"@type":"ImageObject","inLanguage":"fi","@id":"https:\/\/www.castrum.ee\/fi\/#\/schema\/logo\/image\/","url":"https:\/\/www.castrum.ee\/wp-content\/uploads\/2025\/03\/Castrum-logo-500.png","contentUrl":"https:\/\/www.castrum.ee\/wp-content\/uploads\/2025\/03\/Castrum-logo-500.png","width":500,"height":250,"caption":"Castrum Grupp O\u00dc"},"image":{"@id":"https:\/\/www.castrum.ee\/fi\/#\/schema\/logo\/image\/"},"sameAs":["https:\/\/www.facebook.com\/castrum.ee"]}]}},"_links":{"self":[{"href":"https:\/\/www.castrum.ee\/fi\/wp-json\/wp\/v2\/product\/80935","targetHints":{"allow":["GET"]}}],"collection":[{"href":"https:\/\/www.castrum.ee\/fi\/wp-json\/wp\/v2\/product"}],"about":[{"href":"https:\/\/www.castrum.ee\/fi\/wp-json\/wp\/v2\/types\/product"}],"wp:featuredmedia":[{"embeddable":true,"href":"https:\/\/www.castrum.ee\/fi\/wp-json\/wp\/v2\/media\/3601"}],"wp:attachment":[{"href":"https:\/\/www.castrum.ee\/fi\/wp-json\/wp\/v2\/media?parent=80935"}],"wp:term":[{"taxonomy":"mark-ja-mudel","embeddable":true,"href":"https:\/\/www.castrum.ee\/fi\/wp-json\/wp\/v2\/mark-ja-mudel?post=80935"},{"taxonomy":"product_brand","embeddable":true,"href":"https:\/\/www.castrum.ee\/fi\/wp-json\/wp\/v2\/product_brand?post=80935"},{"taxonomy":"product_cat","embeddable":true,"href":"https:\/\/www.castrum.ee\/fi\/wp-json\/wp\/v2\/product_cat?post=80935"},{"taxonomy":"product_tag","embeddable":true,"href":"https:\/\/www.castrum.ee\/fi\/wp-json\/wp\/v2\/product_tag?post=80935"}],"curies":[{"name":"wp","href":"https:\/\/api.w.org\/{rel}","templated":true}]}}