{"id":80936,"date":"2025-06-10T10:32:02","date_gmt":"2025-06-10T10:32:02","guid":{"rendered":"https:\/\/www.castrum.ee\/toode\/astinlaudat-ab005-artemis-fin-akselivali-valikulla-gx6yyf\/"},"modified":"2026-05-11T14:29:48","modified_gmt":"2026-05-11T11:29:48","slug":"astinlaudat-ab005-artemis-fin-akselivali-valikulla","status":"publish","type":"product","link":"https:\/\/www.castrum.ee\/fi\/toode\/astinlaudat-ab005-artemis-fin-akselivali-valikulla\/","title":{"rendered":"Astinlaudat AB005 Artemis Fin | Akseliv\u00e4li\u00e4 valittavissa"},"content":{"rendered":"<p><strong>Miksi valita n\u00e4m\u00e4 astinlaudat:<\/strong><\/p>\n<ul>\n<li>Tarjoavat lis\u00e4suojaa ajoneuvollesi.<\/li>\n<li>Sopivat ajoneuvoon kuin OEM-lis\u00e4varustus<\/li>\n<li>Helppo asentaa \/ Plug and play.<\/li>\n<\/ul>\n<p><strong>Sarja sis\u00e4lt\u00f6:<\/strong><\/p>\n<ul>\n<li>Yhden parin astinlautoja (vasen ja oikea).<\/li>\n<li>Asennukseen tarvittavat kiinnitysosat.<\/li>\n<li>Asennusohjeen.<\/li>\n<\/ul>\n<p><strong>Helppo asentaa:<\/strong><br \/>\nAstinlaustojen asentaminen on eritt\u00e4in helppoa, sill\u00e4 sarjassa on mukana sek\u00e4 asennusohje ett\u00e4 tarvittavat osat. T\u00e4m\u00e4 poistaa tarpeen ajoneuvon lis\u00e4muutoksille. Astinlaudat asennetaan ajoneuvon rungolle tai korin olemassa oleviin kiinnityspaikkoihin.<\/p>\n<p><strong>Lis\u00e4suoja ajoneuvon korille:<\/strong><br \/>\nAstinlaudat suojaavat ovia ja sivupaneeleja kivitykselt\u00e4, asfalttipaloilta ja ahtailla paikoitusalueilla muiden autojen ovien aiheuttamilta vaurioilta. T\u00e4m\u00e4 on erityisen t\u00e4rke\u00e4\u00e4 soratie- ja maantieversioilla. Astinlaudat my\u00f6s suojaavat suuremmilta kivill\u00e4 ja py\u00f6rien alle j\u00e4\u00e4neilt\u00e4 putoavilta esineilt\u00e4.<\/p>\n<p>Lis\u00e4ksi astinlaudat on varustettu liukkautta est\u00e4v\u00e4ll\u00e4 teknologialla, joka parantaa pit\u00e4vyytt\u00e4 ja voi est\u00e4\u00e4 onnettomuuksia tilanteissa, joissa keng\u00e4n kannassa on p\u00f6ly\u00e4, lunta, \u00f6ljy\u00e4 jne. Se auttaa my\u00f6s suojaamaan ajoneuvon jalkamatot.<\/p>\n<p><strong>T\u00e4rke\u00e4 tieto:<\/strong><\/p>\n<ul>\n<li>Joillakin ajoneuvoilla saattaa olla muoviset korkit kiinnitysten asennusreiille, jotka on poistettava ennen kynnyslistajen asentamista.<\/li>\n<li>\u00c4l\u00e4 k\u00e4yt\u00e4 metallisten lis\u00e4varusteiden puhdistamiseen autopesuaineita, jotka sis\u00e4lt\u00e4v\u00e4t TFR- (Traffic Film Remover) kemikaaleja, koska ne voivat aiheuttaa korroosiota. N\u00e4ill\u00e4 liuottimilla puhdistaminen voi mit\u00e4t\u00f6id\u00e4 takuun.<\/li>\n<li>Suosittelemme eritt\u00e4in vahvasti ruuvien ja kiinnityosien tarkistamista 7 p\u00e4iv\u00e4n kuluttua ensimm\u00e4isest\u00e4 asennuksesta, jotta voit varmistaa, ett\u00e4 ne ovat asianmukaisesti kiinnitetty. Turvallisuussyist\u00e4 kaikki osat tulee tarkistaa 3\u20136 kuukauden v\u00e4lein.<\/li>\n<\/ul>\n<p><strong>ARP-br\u00e4ndist\u00e4:<\/strong><br \/>\nARP on t\u00e4rke\u00e4 toimija autonosien ja -lis\u00e4varusteiden teollisuudessa, joka tarjoaa varaosi ja tarvikkeita 4\u00d74 maasturihin, lava-autoihin, henkil\u00f6autoihin, hy\u00f6tyajoneuvoihin ja kuorma-autoihin, my\u00f6s vanhemmille ja uusimmille malleille. Castrum on ARP-tuotteiden virallinen j\u00e4lleenmyyj\u00e4 Suomessa.<\/p>\n","protected":false},"excerpt":{"rendered":"<ul>\n<li>Anodisoidut alumiiniset astinlaudat.<\/li>\n<li>Muoviset nauhaiset ja p\u00e4\u00e4tykiinnikkeist\u00e4 antavat astinlautoille yksinkertaisen, kauniin ja yhten\u00e4isen ilmeen.<\/li>\n<li>Sarja sis\u00e4lt\u00e4\u00e4 kaiken asennukseen tarvittavan.<\/li>\n<\/ul>\n","protected":false},"featured_media":3553,"template":"","meta":{"_acf_changed":false},"mark-ja-mudel":[],"product_brand":[2097,1288,1286,1282,1289],"product_cat":[1067,1066],"product_tag":[],"class_list":{"0":"post-80936","1":"product","2":"type-product","3":"status-publish","4":"has-post-thumbnail","6":"product_brand-arp-fi","7":"product_brand-custom","8":"product_brand-ford","9":"product_brand-mercedes-benz","10":"product_brand-transit-custom","11":"product_cat-astinlaudat","12":"product_cat-astinlaudat-ja-sivusuojat","13":"product_shipping_class-tukku","15":"first","16":"instock","17":"taxable","18":"shipping-taxable","19":"purchasable","20":"product-type-variable"},"bundled_by":[],"bundle_stock_status":"instock","bundle_stock_quantity":null,"bundle_virtual":false,"bundle_layout":"","bundle_add_to_cart_form_location":"","bundle_editable_in_cart":false,"bundle_sold_individually_context":"","bundle_item_grouping":"","bundle_min_size":"","bundle_max_size":"","bundle_price":[],"bundled_items":[],"bundle_sell_ids":[],"acf":[],"yoast_head":"<!-- This site is optimized with the Yoast SEO plugin v27.5 - https:\/\/yoast.com\/product\/yoast-seo-wordpress\/ -->\n<title>Astinlaudat AB005 Artemis Fin | Akseliv\u00e4li\u00e4 | Castrum<\/title>\n<meta name=\"description\" content=\"Astinlaudat AB005 Artemis Fin - anodisoidut alumiiniset astinlaudat ja kynnyssuojat maastureihin. Helppo asennus, OEM-laatu, ARP-merkki.\" \/>\n<meta name=\"robots\" content=\"index, follow, max-snippet:-1, max-image-preview:large, max-video-preview:-1\" \/>\n<link rel=\"canonical\" href=\"https:\/\/www.castrum.ee\/fi\/toode\/astinlaudat-ab005-artemis-fin-akselivali-valikulla\/\" \/>\n<meta property=\"og:locale\" content=\"fi_FI\" \/>\n<meta property=\"og:type\" content=\"article\" \/>\n<meta property=\"og:title\" content=\"Astinlaudat AB005 Artemis Fin | Akseliv\u00e4li\u00e4 | Castrum\" \/>\n<meta property=\"og:description\" content=\"Astinlaudat AB005 Artemis Fin - anodisoidut alumiiniset astinlaudat ja kynnyssuojat maastureihin. Helppo asennus, OEM-laatu, ARP-merkki.\" \/>\n<meta property=\"og:url\" content=\"https:\/\/www.castrum.ee\/fi\/toode\/astinlaudat-ab005-artemis-fin-akselivali-valikulla\/\" \/>\n<meta property=\"og:site_name\" content=\"Castrum\" \/>\n<meta property=\"article:publisher\" content=\"https:\/\/www.facebook.com\/castrum.ee\" \/>\n<meta property=\"article:modified_time\" content=\"2026-05-11T11:29:48+00:00\" \/>\n<meta property=\"og:image\" content=\"https:\/\/www.castrum.ee\/wp-content\/uploads\/2025\/06\/32D6E2CF-9CB6-4BDC-943C-82EB82AEDD65.jpeg\" \/>\n\t<meta property=\"og:image:width\" content=\"800\" \/>\n\t<meta property=\"og:image:height\" content=\"600\" \/>\n\t<meta property=\"og:image:type\" content=\"image\/jpeg\" \/>\n<meta name=\"twitter:card\" content=\"summary_large_image\" \/>\n<meta name=\"twitter:label1\" content=\"Arvioitu lukuaika\" \/>\n\t<meta name=\"twitter:data1\" content=\"1 minuutti\" \/>\n<script type=\"application\/ld+json\" class=\"yoast-schema-graph\">{\"@context\":\"https:\\\/\\\/schema.org\",\"@graph\":[{\"@type\":\"WebPage\",\"@id\":\"https:\\\/\\\/www.castrum.ee\\\/fi\\\/toode\\\/astinlaudat-ab005-artemis-fin-akselivali-valikulla\\\/\",\"url\":\"https:\\\/\\\/www.castrum.ee\\\/fi\\\/toode\\\/astinlaudat-ab005-artemis-fin-akselivali-valikulla\\\/\",\"name\":\"Astinlaudat AB005 Artemis Fin | Akseliv\u00e4li\u00e4 | Castrum\",\"isPartOf\":{\"@id\":\"https:\\\/\\\/www.castrum.ee\\\/fi\\\/#website\"},\"primaryImageOfPage\":{\"@id\":\"https:\\\/\\\/www.castrum.ee\\\/fi\\\/toode\\\/astinlaudat-ab005-artemis-fin-akselivali-valikulla\\\/#primaryimage\"},\"image\":{\"@id\":\"https:\\\/\\\/www.castrum.ee\\\/fi\\\/toode\\\/astinlaudat-ab005-artemis-fin-akselivali-valikulla\\\/#primaryimage\"},\"thumbnailUrl\":\"https:\\\/\\\/www.castrum.ee\\\/wp-content\\\/uploads\\\/2025\\\/06\\\/32D6E2CF-9CB6-4BDC-943C-82EB82AEDD65.jpeg\",\"datePublished\":\"2025-06-10T10:32:02+00:00\",\"dateModified\":\"2026-05-11T11:29:48+00:00\",\"description\":\"Astinlaudat AB005 Artemis Fin - anodisoidut alumiiniset astinlaudat ja kynnyssuojat maastureihin. Helppo asennus, OEM-laatu, ARP-merkki.\",\"breadcrumb\":{\"@id\":\"https:\\\/\\\/www.castrum.ee\\\/fi\\\/toode\\\/astinlaudat-ab005-artemis-fin-akselivali-valikulla\\\/#breadcrumb\"},\"inLanguage\":\"fi\",\"potentialAction\":[{\"@type\":\"ReadAction\",\"target\":[\"https:\\\/\\\/www.castrum.ee\\\/fi\\\/toode\\\/astinlaudat-ab005-artemis-fin-akselivali-valikulla\\\/\"]}]},{\"@type\":\"ImageObject\",\"inLanguage\":\"fi\",\"@id\":\"https:\\\/\\\/www.castrum.ee\\\/fi\\\/toode\\\/astinlaudat-ab005-artemis-fin-akselivali-valikulla\\\/#primaryimage\",\"url\":\"https:\\\/\\\/www.castrum.ee\\\/wp-content\\\/uploads\\\/2025\\\/06\\\/32D6E2CF-9CB6-4BDC-943C-82EB82AEDD65.jpeg\",\"contentUrl\":\"https:\\\/\\\/www.castrum.ee\\\/wp-content\\\/uploads\\\/2025\\\/06\\\/32D6E2CF-9CB6-4BDC-943C-82EB82AEDD65.jpeg\",\"width\":800,\"height\":600},{\"@type\":\"BreadcrumbList\",\"@id\":\"https:\\\/\\\/www.castrum.ee\\\/fi\\\/toode\\\/astinlaudat-ab005-artemis-fin-akselivali-valikulla\\\/#breadcrumb\",\"itemListElement\":[{\"@type\":\"ListItem\",\"position\":1,\"name\":\"Home\",\"item\":\"https:\\\/\\\/www.castrum.ee\\\/fi\\\/kotisivu\\\/\"},{\"@type\":\"ListItem\",\"position\":2,\"name\":\"Verkkokauppa\",\"item\":\"https:\\\/\\\/www.castrum.ee\\\/fi\\\/kauppa\\\/\"},{\"@type\":\"ListItem\",\"position\":3,\"name\":\"Astinlaudat AB005 Artemis Fin | Akseliv\u00e4li\u00e4 valittavissa\"}]},{\"@type\":\"WebSite\",\"@id\":\"https:\\\/\\\/www.castrum.ee\\\/fi\\\/#website\",\"url\":\"https:\\\/\\\/www.castrum.ee\\\/fi\\\/\",\"name\":\"Castrum\",\"description\":\"Maastoautojen, henkil\u00f6autojen ja pienvaunujen lis\u00e4varusteet\",\"publisher\":{\"@id\":\"https:\\\/\\\/www.castrum.ee\\\/fi\\\/#organization\"},\"potentialAction\":[{\"@type\":\"SearchAction\",\"target\":{\"@type\":\"EntryPoint\",\"urlTemplate\":\"https:\\\/\\\/www.castrum.ee\\\/fi\\\/?s={search_term_string}\"},\"query-input\":{\"@type\":\"PropertyValueSpecification\",\"valueRequired\":true,\"valueName\":\"search_term_string\"}}],\"inLanguage\":\"fi\"},{\"@type\":\"Organization\",\"@id\":\"https:\\\/\\\/www.castrum.ee\\\/fi\\\/#organization\",\"name\":\"Castrum Grupp O\u00dc\",\"url\":\"https:\\\/\\\/www.castrum.ee\\\/fi\\\/\",\"logo\":{\"@type\":\"ImageObject\",\"inLanguage\":\"fi\",\"@id\":\"https:\\\/\\\/www.castrum.ee\\\/fi\\\/#\\\/schema\\\/logo\\\/image\\\/\",\"url\":\"https:\\\/\\\/www.castrum.ee\\\/wp-content\\\/uploads\\\/2025\\\/03\\\/Castrum-logo-500.png\",\"contentUrl\":\"https:\\\/\\\/www.castrum.ee\\\/wp-content\\\/uploads\\\/2025\\\/03\\\/Castrum-logo-500.png\",\"width\":500,\"height\":250,\"caption\":\"Castrum Grupp O\u00dc\"},\"image\":{\"@id\":\"https:\\\/\\\/www.castrum.ee\\\/fi\\\/#\\\/schema\\\/logo\\\/image\\\/\"},\"sameAs\":[\"https:\\\/\\\/www.facebook.com\\\/castrum.ee\"]}]}<\/script>\n<!-- \/ Yoast SEO plugin. -->","yoast_head_json":{"title":"Astinlaudat AB005 Artemis Fin | Akseliv\u00e4li\u00e4 | Castrum","description":"Astinlaudat AB005 Artemis Fin - anodisoidut alumiiniset astinlaudat ja kynnyssuojat maastureihin. Helppo asennus, OEM-laatu, ARP-merkki.","robots":{"index":"index","follow":"follow","max-snippet":"max-snippet:-1","max-image-preview":"max-image-preview:large","max-video-preview":"max-video-preview:-1"},"canonical":"https:\/\/www.castrum.ee\/fi\/toode\/astinlaudat-ab005-artemis-fin-akselivali-valikulla\/","og_locale":"fi_FI","og_type":"article","og_title":"Astinlaudat AB005 Artemis Fin | Akseliv\u00e4li\u00e4 | Castrum","og_description":"Astinlaudat AB005 Artemis Fin - anodisoidut alumiiniset astinlaudat ja kynnyssuojat maastureihin. Helppo asennus, OEM-laatu, ARP-merkki.","og_url":"https:\/\/www.castrum.ee\/fi\/toode\/astinlaudat-ab005-artemis-fin-akselivali-valikulla\/","og_site_name":"Castrum","article_publisher":"https:\/\/www.facebook.com\/castrum.ee","article_modified_time":"2026-05-11T11:29:48+00:00","og_image":[{"width":800,"height":600,"url":"https:\/\/www.castrum.ee\/wp-content\/uploads\/2025\/06\/32D6E2CF-9CB6-4BDC-943C-82EB82AEDD65.jpeg","type":"image\/jpeg"}],"twitter_card":"summary_large_image","twitter_misc":{"Arvioitu lukuaika":"1 minuutti"},"schema":{"@context":"https:\/\/schema.org","@graph":[{"@type":"WebPage","@id":"https:\/\/www.castrum.ee\/fi\/toode\/astinlaudat-ab005-artemis-fin-akselivali-valikulla\/","url":"https:\/\/www.castrum.ee\/fi\/toode\/astinlaudat-ab005-artemis-fin-akselivali-valikulla\/","name":"Astinlaudat AB005 Artemis Fin | Akseliv\u00e4li\u00e4 | Castrum","isPartOf":{"@id":"https:\/\/www.castrum.ee\/fi\/#website"},"primaryImageOfPage":{"@id":"https:\/\/www.castrum.ee\/fi\/toode\/astinlaudat-ab005-artemis-fin-akselivali-valikulla\/#primaryimage"},"image":{"@id":"https:\/\/www.castrum.ee\/fi\/toode\/astinlaudat-ab005-artemis-fin-akselivali-valikulla\/#primaryimage"},"thumbnailUrl":"https:\/\/www.castrum.ee\/wp-content\/uploads\/2025\/06\/32D6E2CF-9CB6-4BDC-943C-82EB82AEDD65.jpeg","datePublished":"2025-06-10T10:32:02+00:00","dateModified":"2026-05-11T11:29:48+00:00","description":"Astinlaudat AB005 Artemis Fin - anodisoidut alumiiniset astinlaudat ja kynnyssuojat maastureihin. Helppo asennus, OEM-laatu, ARP-merkki.","breadcrumb":{"@id":"https:\/\/www.castrum.ee\/fi\/toode\/astinlaudat-ab005-artemis-fin-akselivali-valikulla\/#breadcrumb"},"inLanguage":"fi","potentialAction":[{"@type":"ReadAction","target":["https:\/\/www.castrum.ee\/fi\/toode\/astinlaudat-ab005-artemis-fin-akselivali-valikulla\/"]}]},{"@type":"ImageObject","inLanguage":"fi","@id":"https:\/\/www.castrum.ee\/fi\/toode\/astinlaudat-ab005-artemis-fin-akselivali-valikulla\/#primaryimage","url":"https:\/\/www.castrum.ee\/wp-content\/uploads\/2025\/06\/32D6E2CF-9CB6-4BDC-943C-82EB82AEDD65.jpeg","contentUrl":"https:\/\/www.castrum.ee\/wp-content\/uploads\/2025\/06\/32D6E2CF-9CB6-4BDC-943C-82EB82AEDD65.jpeg","width":800,"height":600},{"@type":"BreadcrumbList","@id":"https:\/\/www.castrum.ee\/fi\/toode\/astinlaudat-ab005-artemis-fin-akselivali-valikulla\/#breadcrumb","itemListElement":[{"@type":"ListItem","position":1,"name":"Home","item":"https:\/\/www.castrum.ee\/fi\/kotisivu\/"},{"@type":"ListItem","position":2,"name":"Verkkokauppa","item":"https:\/\/www.castrum.ee\/fi\/kauppa\/"},{"@type":"ListItem","position":3,"name":"Astinlaudat AB005 Artemis Fin | Akseliv\u00e4li\u00e4 valittavissa"}]},{"@type":"WebSite","@id":"https:\/\/www.castrum.ee\/fi\/#website","url":"https:\/\/www.castrum.ee\/fi\/","name":"Castrum","description":"Maastoautojen, henkil\u00f6autojen ja pienvaunujen lis\u00e4varusteet","publisher":{"@id":"https:\/\/www.castrum.ee\/fi\/#organization"},"potentialAction":[{"@type":"SearchAction","target":{"@type":"EntryPoint","urlTemplate":"https:\/\/www.castrum.ee\/fi\/?s={search_term_string}"},"query-input":{"@type":"PropertyValueSpecification","valueRequired":true,"valueName":"search_term_string"}}],"inLanguage":"fi"},{"@type":"Organization","@id":"https:\/\/www.castrum.ee\/fi\/#organization","name":"Castrum Grupp O\u00dc","url":"https:\/\/www.castrum.ee\/fi\/","logo":{"@type":"ImageObject","inLanguage":"fi","@id":"https:\/\/www.castrum.ee\/fi\/#\/schema\/logo\/image\/","url":"https:\/\/www.castrum.ee\/wp-content\/uploads\/2025\/03\/Castrum-logo-500.png","contentUrl":"https:\/\/www.castrum.ee\/wp-content\/uploads\/2025\/03\/Castrum-logo-500.png","width":500,"height":250,"caption":"Castrum Grupp O\u00dc"},"image":{"@id":"https:\/\/www.castrum.ee\/fi\/#\/schema\/logo\/image\/"},"sameAs":["https:\/\/www.facebook.com\/castrum.ee"]}]}},"_links":{"self":[{"href":"https:\/\/www.castrum.ee\/fi\/wp-json\/wp\/v2\/product\/80936","targetHints":{"allow":["GET"]}}],"collection":[{"href":"https:\/\/www.castrum.ee\/fi\/wp-json\/wp\/v2\/product"}],"about":[{"href":"https:\/\/www.castrum.ee\/fi\/wp-json\/wp\/v2\/types\/product"}],"wp:featuredmedia":[{"embeddable":true,"href":"https:\/\/www.castrum.ee\/fi\/wp-json\/wp\/v2\/media\/3553"}],"wp:attachment":[{"href":"https:\/\/www.castrum.ee\/fi\/wp-json\/wp\/v2\/media?parent=80936"}],"wp:term":[{"taxonomy":"mark-ja-mudel","embeddable":true,"href":"https:\/\/www.castrum.ee\/fi\/wp-json\/wp\/v2\/mark-ja-mudel?post=80936"},{"taxonomy":"product_brand","embeddable":true,"href":"https:\/\/www.castrum.ee\/fi\/wp-json\/wp\/v2\/product_brand?post=80936"},{"taxonomy":"product_cat","embeddable":true,"href":"https:\/\/www.castrum.ee\/fi\/wp-json\/wp\/v2\/product_cat?post=80936"},{"taxonomy":"product_tag","embeddable":true,"href":"https:\/\/www.castrum.ee\/fi\/wp-json\/wp\/v2\/product_tag?post=80936"}],"curies":[{"name":"wp","href":"https:\/\/api.w.org\/{rel}","templated":true}]}}