{"id":80937,"date":"2025-06-10T10:32:02","date_gmt":"2025-06-10T10:32:02","guid":{"rendered":"https:\/\/www.castrum.ee\/toode\/astinlaudat-ab005-artemis-fin-qpxu06\/"},"modified":"2026-05-11T14:29:43","modified_gmt":"2026-05-11T11:29:43","slug":"astinlaudat-ab005-artemis-fin","status":"publish","type":"product","link":"https:\/\/www.castrum.ee\/fi\/toode\/astinlaudat-ab005-artemis-fin\/","title":{"rendered":"Astinlaudat AB005 Artemis Fin"},"content":{"rendered":"<p><strong>Miksi valita n\u00e4m\u00e4 astinlaudat:<\/strong><\/p>\n<ul>\n<li>Tarjoavat lis\u00e4suojaa ajoneuvollesi.<\/li>\n<li>Sopivat ajoneuvoon kuten OEM-lis\u00e4varusteet<\/li>\n<li>Helppo asentaa \/ Plug and play.<\/li>\n<\/ul>\n<p><strong>Sarja sis\u00e4lt\u00f6:<\/strong><\/p>\n<ul>\n<li>Yhden parin astinlautoja (vasen ja oikea).<\/li>\n<li>Asennukseen tarvittavat kiinnitysv\u00e4lineet.<\/li>\n<li>Asennusohjeet.<\/li>\n<\/ul>\n<p><strong>Helppo asentaa:<\/strong><br \/>\nAstinlautajen asennus on eritt\u00e4in helppo, koska sarjassa on mukana sek\u00e4 asennusohje ett\u00e4 tarvittavat osat. T\u00e4m\u00e4 eliminoi tarpeen ajoneuvon lis\u00e4muutoksille. Astinlaudat asennetaan olemassa oleviin kiinnityskohtiin ajoneuvon rungolle tai runkoon.<\/p>\n<p><strong>Lis\u00e4suoja ajoneuvon rungolle:<\/strong><br \/>\nAstinlaudat suojaavat ovia ja sivupaneeleita kivist\u00e4, asfaltinpalasista sek\u00e4 ahtaissa paikoissa muiden autojen ovista aiheutuvilta vaurioilta. T\u00e4m\u00e4 on erityisen t\u00e4rke\u00e4\u00e4 sorateilla ja maanteill\u00e4. My\u00f6s astinlaudat suojaavat suuremmilta kivilt\u00e4 ja renkaiden alta heitetyilt\u00e4 esineilt\u00e4.<\/p>\n<p>Lis\u00e4ksi astinlaudat on varustettu liukkauden vastaisella teknologialla, joka parantaa pit\u00e4vyytt\u00e4 ja voi est\u00e4\u00e4 onnettomuuksia tilanteissa, joissa keng\u00e4n pohjalla on likaa, lunta, \u00f6ljy\u00e4 jne. T\u00e4m\u00e4 my\u00f6s auttaa suojaamaan ajoneuvon kumimattoja.<\/p>\n<p><strong>T\u00e4rke\u00e4\u00e4 tietoa:<\/strong><\/p>\n<ul>\n<li>Joissakin ajoneuvoissa saattaa olla muovisesta korkkeja kiinnitysaukkojen peitt\u00e4miseen, jotka on poistettava ennen sivuputkien asennusta.<\/li>\n<li>\u00c4l\u00e4 k\u00e4yt\u00e4 metallisten lis\u00e4tarvikkeiden puhdistuksessa autopesuaineita, jotka sis\u00e4lt\u00e4v\u00e4t TFR- (Traffic Film Remover) kemikaaleja, koska n\u00e4m\u00e4 voivat aiheuttaa korroosiota. N\u00e4ill\u00e4 liuottimilla puhdistaminen voi mit\u00e4t\u00f6id\u00e4 takuun.<\/li>\n<li>Suosittelemme painokkaasti tarkistamaan ruuvit ja kiinnitysdetaljit 7 p\u00e4iv\u00e4n kuluttua alkuper\u00e4isest\u00e4 asennuksesta varmistaaksesi, ett\u00e4 ne on kiinnitetty oikein. Turvallisuuden vuoksi kaikki osat tulee tarkistaa 3\u20136 kuukauden v\u00e4lein.<\/li>\n<\/ul>\n<p><strong>ARP-br\u00e4ndist\u00e4:<\/strong><br \/>\nARP on t\u00e4rke\u00e4 toimija autojen osien ja tarvikkeiden teollisuudessa, ja se tarjoaa varaosia ja tarvikkeita 4\u00d74-maastoautoihin, lava-autoihin, henkil\u00f6autoihin, hy\u00f6tyajoneuvoihin ja kaupallisiin ajoneuvoihin, sek\u00e4 vanhemmille ett\u00e4 uudemmille malleille. Castrum on ARP-tuotteiden virallinen j\u00e4lleenmyyj\u00e4 Suomessa.<\/p>\n","protected":false},"excerpt":{"rendered":"<p>Anodoidusta alumiinista valmistetut astinlaudat. Muovij\u00e4ykisteet ja p\u00e4\u00e4tylevy antavat astinlaudalle yksinkertaisen, kaunis ja yhten\u00e4isen ulkoasun. Sarja sis\u00e4lt\u00e4\u00e4 kaiken asennukseen tarvittavan.<\/p>\n","protected":false},"featured_media":3524,"template":"","meta":{"_acf_changed":false},"mark-ja-mudel":[],"product_brand":[1406,2097,1316,1506,1448,1288,1309,1291,1310,1483,1405,1286,1450,1437,1446,1513,1282,1284,1297,1505,1326,1374,1305,1292,1329,1299,1439,1290,1301,1368,1306,1277,1322,1289,1331,1275,1303,1321,1304],"product_cat":[1067,1066],"product_tag":[],"class_list":{"0":"post-80937","1":"product","2":"type-product","3":"status-publish","4":"has-post-thumbnail","6":"product_brand-1406","7":"product_brand-arp-fi","8":"product_brand-audi","9":"product_brand-cayenne","10":"product_brand-commander","11":"product_brand-custom","12":"product_brand-dacia","13":"product_brand-dodge","14":"product_brand-duster","15":"product_brand-eclipse-cross","16":"product_brand-fiat","17":"product_brand-ford","18":"product_brand-grand-cherokee","19":"product_brand-hyundai","20":"product_brand-jeep","21":"product_brand-koleos","22":"product_brand-mercedes-benz","23":"product_brand-mitsubishi","24":"product_brand-nissan","25":"product_brand-porsche","26":"product_brand-q5","27":"product_brand-q7","28":"product_brand-qashqai","29":"product_brand-ram-1500","30":"product_brand-rav4","31":"product_brand-renault","32":"product_brand-santa-fe","33":"product_brand-sprinter","34":"product_brand-suzuki","35":"product_brand-t7","36":"product_brand-touareg","37":"product_brand-toyota","38":"product_brand-transit","39":"product_brand-transit-custom","40":"product_brand-vitara","41":"product_brand-volkswagen","42":"product_brand-volvo","43":"product_brand-x-trail","44":"product_brand-xc90","45":"product_cat-astinlaudat","46":"product_cat-astinlaudat-ja-sivusuojat","47":"product_shipping_class-tukku","49":"first","50":"instock","51":"taxable","52":"shipping-taxable","53":"purchasable","54":"product-type-variable"},"bundled_by":[],"bundle_stock_status":"instock","bundle_stock_quantity":null,"bundle_virtual":false,"bundle_layout":"","bundle_add_to_cart_form_location":"","bundle_editable_in_cart":false,"bundle_sold_individually_context":"","bundle_item_grouping":"","bundle_min_size":"","bundle_max_size":"","bundle_price":[],"bundled_items":[],"bundle_sell_ids":[],"acf":[],"yoast_head":"<!-- This site is optimized with the Yoast SEO plugin v27.5 - https:\/\/yoast.com\/product\/yoast-seo-wordpress\/ -->\n<title>Astinlaudat AB005 Artemis Fin | Castrum<\/title>\n<meta name=\"description\" content=\"Astinlaudat AB005 Artemis Fin - anodoidusta alumiinista. Kylkiputket, astinlaudat ja tarvikkeet maastoautoihin ja pakettiautoihin.\" \/>\n<meta name=\"robots\" content=\"index, follow, max-snippet:-1, max-image-preview:large, max-video-preview:-1\" \/>\n<link rel=\"canonical\" href=\"https:\/\/www.castrum.ee\/fi\/toode\/astinlaudat-ab005-artemis-fin\/\" \/>\n<meta property=\"og:locale\" content=\"fi_FI\" \/>\n<meta property=\"og:type\" content=\"article\" \/>\n<meta property=\"og:title\" content=\"Astinlaudat AB005 Artemis Fin | Castrum\" \/>\n<meta property=\"og:description\" content=\"Astinlaudat AB005 Artemis Fin - anodoidusta alumiinista. Kylkiputket, astinlaudat ja tarvikkeet maastoautoihin ja pakettiautoihin.\" \/>\n<meta property=\"og:url\" content=\"https:\/\/www.castrum.ee\/fi\/toode\/astinlaudat-ab005-artemis-fin\/\" \/>\n<meta property=\"og:site_name\" content=\"Castrum\" \/>\n<meta property=\"article:publisher\" content=\"https:\/\/www.facebook.com\/castrum.ee\" \/>\n<meta property=\"article:modified_time\" content=\"2026-05-11T11:29:43+00:00\" \/>\n<meta property=\"og:image\" content=\"https:\/\/www.castrum.ee\/wp-content\/uploads\/2025\/06\/final-1304.jpg\" \/>\n\t<meta property=\"og:image:width\" content=\"800\" \/>\n\t<meta property=\"og:image:height\" content=\"600\" \/>\n\t<meta property=\"og:image:type\" content=\"image\/jpeg\" \/>\n<meta name=\"twitter:card\" content=\"summary_large_image\" \/>\n<meta name=\"twitter:label1\" content=\"Arvioitu lukuaika\" \/>\n\t<meta name=\"twitter:data1\" content=\"1 minuutti\" \/>\n<script type=\"application\/ld+json\" class=\"yoast-schema-graph\">{\"@context\":\"https:\\\/\\\/schema.org\",\"@graph\":[{\"@type\":\"WebPage\",\"@id\":\"https:\\\/\\\/www.castrum.ee\\\/fi\\\/toode\\\/astinlaudat-ab005-artemis-fin\\\/\",\"url\":\"https:\\\/\\\/www.castrum.ee\\\/fi\\\/toode\\\/astinlaudat-ab005-artemis-fin\\\/\",\"name\":\"Astinlaudat AB005 Artemis Fin | Castrum\",\"isPartOf\":{\"@id\":\"https:\\\/\\\/www.castrum.ee\\\/fi\\\/#website\"},\"primaryImageOfPage\":{\"@id\":\"https:\\\/\\\/www.castrum.ee\\\/fi\\\/toode\\\/astinlaudat-ab005-artemis-fin\\\/#primaryimage\"},\"image\":{\"@id\":\"https:\\\/\\\/www.castrum.ee\\\/fi\\\/toode\\\/astinlaudat-ab005-artemis-fin\\\/#primaryimage\"},\"thumbnailUrl\":\"https:\\\/\\\/www.castrum.ee\\\/wp-content\\\/uploads\\\/2025\\\/06\\\/final-1304.jpg\",\"datePublished\":\"2025-06-10T10:32:02+00:00\",\"dateModified\":\"2026-05-11T11:29:43+00:00\",\"description\":\"Astinlaudat AB005 Artemis Fin - anodoidusta alumiinista. Kylkiputket, astinlaudat ja tarvikkeet maastoautoihin ja pakettiautoihin.\",\"breadcrumb\":{\"@id\":\"https:\\\/\\\/www.castrum.ee\\\/fi\\\/toode\\\/astinlaudat-ab005-artemis-fin\\\/#breadcrumb\"},\"inLanguage\":\"fi\",\"potentialAction\":[{\"@type\":\"ReadAction\",\"target\":[\"https:\\\/\\\/www.castrum.ee\\\/fi\\\/toode\\\/astinlaudat-ab005-artemis-fin\\\/\"]}]},{\"@type\":\"ImageObject\",\"inLanguage\":\"fi\",\"@id\":\"https:\\\/\\\/www.castrum.ee\\\/fi\\\/toode\\\/astinlaudat-ab005-artemis-fin\\\/#primaryimage\",\"url\":\"https:\\\/\\\/www.castrum.ee\\\/wp-content\\\/uploads\\\/2025\\\/06\\\/final-1304.jpg\",\"contentUrl\":\"https:\\\/\\\/www.castrum.ee\\\/wp-content\\\/uploads\\\/2025\\\/06\\\/final-1304.jpg\",\"width\":800,\"height\":600},{\"@type\":\"BreadcrumbList\",\"@id\":\"https:\\\/\\\/www.castrum.ee\\\/fi\\\/toode\\\/astinlaudat-ab005-artemis-fin\\\/#breadcrumb\",\"itemListElement\":[{\"@type\":\"ListItem\",\"position\":1,\"name\":\"Home\",\"item\":\"https:\\\/\\\/www.castrum.ee\\\/fi\\\/kotisivu\\\/\"},{\"@type\":\"ListItem\",\"position\":2,\"name\":\"Verkkokauppa\",\"item\":\"https:\\\/\\\/www.castrum.ee\\\/fi\\\/kauppa\\\/\"},{\"@type\":\"ListItem\",\"position\":3,\"name\":\"Astinlaudat AB005 Artemis Fin\"}]},{\"@type\":\"WebSite\",\"@id\":\"https:\\\/\\\/www.castrum.ee\\\/fi\\\/#website\",\"url\":\"https:\\\/\\\/www.castrum.ee\\\/fi\\\/\",\"name\":\"Castrum\",\"description\":\"Maastoautojen, henkil\u00f6autojen ja pienvaunujen lis\u00e4varusteet\",\"publisher\":{\"@id\":\"https:\\\/\\\/www.castrum.ee\\\/fi\\\/#organization\"},\"potentialAction\":[{\"@type\":\"SearchAction\",\"target\":{\"@type\":\"EntryPoint\",\"urlTemplate\":\"https:\\\/\\\/www.castrum.ee\\\/fi\\\/?s={search_term_string}\"},\"query-input\":{\"@type\":\"PropertyValueSpecification\",\"valueRequired\":true,\"valueName\":\"search_term_string\"}}],\"inLanguage\":\"fi\"},{\"@type\":\"Organization\",\"@id\":\"https:\\\/\\\/www.castrum.ee\\\/fi\\\/#organization\",\"name\":\"Castrum Grupp O\u00dc\",\"url\":\"https:\\\/\\\/www.castrum.ee\\\/fi\\\/\",\"logo\":{\"@type\":\"ImageObject\",\"inLanguage\":\"fi\",\"@id\":\"https:\\\/\\\/www.castrum.ee\\\/fi\\\/#\\\/schema\\\/logo\\\/image\\\/\",\"url\":\"https:\\\/\\\/www.castrum.ee\\\/wp-content\\\/uploads\\\/2025\\\/03\\\/Castrum-logo-500.png\",\"contentUrl\":\"https:\\\/\\\/www.castrum.ee\\\/wp-content\\\/uploads\\\/2025\\\/03\\\/Castrum-logo-500.png\",\"width\":500,\"height\":250,\"caption\":\"Castrum Grupp O\u00dc\"},\"image\":{\"@id\":\"https:\\\/\\\/www.castrum.ee\\\/fi\\\/#\\\/schema\\\/logo\\\/image\\\/\"},\"sameAs\":[\"https:\\\/\\\/www.facebook.com\\\/castrum.ee\"]}]}<\/script>\n<!-- \/ Yoast SEO plugin. -->","yoast_head_json":{"title":"Astinlaudat AB005 Artemis Fin | Castrum","description":"Astinlaudat AB005 Artemis Fin - anodoidusta alumiinista. Kylkiputket, astinlaudat ja tarvikkeet maastoautoihin ja pakettiautoihin.","robots":{"index":"index","follow":"follow","max-snippet":"max-snippet:-1","max-image-preview":"max-image-preview:large","max-video-preview":"max-video-preview:-1"},"canonical":"https:\/\/www.castrum.ee\/fi\/toode\/astinlaudat-ab005-artemis-fin\/","og_locale":"fi_FI","og_type":"article","og_title":"Astinlaudat AB005 Artemis Fin | Castrum","og_description":"Astinlaudat AB005 Artemis Fin - anodoidusta alumiinista. Kylkiputket, astinlaudat ja tarvikkeet maastoautoihin ja pakettiautoihin.","og_url":"https:\/\/www.castrum.ee\/fi\/toode\/astinlaudat-ab005-artemis-fin\/","og_site_name":"Castrum","article_publisher":"https:\/\/www.facebook.com\/castrum.ee","article_modified_time":"2026-05-11T11:29:43+00:00","og_image":[{"width":800,"height":600,"url":"https:\/\/www.castrum.ee\/wp-content\/uploads\/2025\/06\/final-1304.jpg","type":"image\/jpeg"}],"twitter_card":"summary_large_image","twitter_misc":{"Arvioitu lukuaika":"1 minuutti"},"schema":{"@context":"https:\/\/schema.org","@graph":[{"@type":"WebPage","@id":"https:\/\/www.castrum.ee\/fi\/toode\/astinlaudat-ab005-artemis-fin\/","url":"https:\/\/www.castrum.ee\/fi\/toode\/astinlaudat-ab005-artemis-fin\/","name":"Astinlaudat AB005 Artemis Fin | Castrum","isPartOf":{"@id":"https:\/\/www.castrum.ee\/fi\/#website"},"primaryImageOfPage":{"@id":"https:\/\/www.castrum.ee\/fi\/toode\/astinlaudat-ab005-artemis-fin\/#primaryimage"},"image":{"@id":"https:\/\/www.castrum.ee\/fi\/toode\/astinlaudat-ab005-artemis-fin\/#primaryimage"},"thumbnailUrl":"https:\/\/www.castrum.ee\/wp-content\/uploads\/2025\/06\/final-1304.jpg","datePublished":"2025-06-10T10:32:02+00:00","dateModified":"2026-05-11T11:29:43+00:00","description":"Astinlaudat AB005 Artemis Fin - anodoidusta alumiinista. Kylkiputket, astinlaudat ja tarvikkeet maastoautoihin ja pakettiautoihin.","breadcrumb":{"@id":"https:\/\/www.castrum.ee\/fi\/toode\/astinlaudat-ab005-artemis-fin\/#breadcrumb"},"inLanguage":"fi","potentialAction":[{"@type":"ReadAction","target":["https:\/\/www.castrum.ee\/fi\/toode\/astinlaudat-ab005-artemis-fin\/"]}]},{"@type":"ImageObject","inLanguage":"fi","@id":"https:\/\/www.castrum.ee\/fi\/toode\/astinlaudat-ab005-artemis-fin\/#primaryimage","url":"https:\/\/www.castrum.ee\/wp-content\/uploads\/2025\/06\/final-1304.jpg","contentUrl":"https:\/\/www.castrum.ee\/wp-content\/uploads\/2025\/06\/final-1304.jpg","width":800,"height":600},{"@type":"BreadcrumbList","@id":"https:\/\/www.castrum.ee\/fi\/toode\/astinlaudat-ab005-artemis-fin\/#breadcrumb","itemListElement":[{"@type":"ListItem","position":1,"name":"Home","item":"https:\/\/www.castrum.ee\/fi\/kotisivu\/"},{"@type":"ListItem","position":2,"name":"Verkkokauppa","item":"https:\/\/www.castrum.ee\/fi\/kauppa\/"},{"@type":"ListItem","position":3,"name":"Astinlaudat AB005 Artemis Fin"}]},{"@type":"WebSite","@id":"https:\/\/www.castrum.ee\/fi\/#website","url":"https:\/\/www.castrum.ee\/fi\/","name":"Castrum","description":"Maastoautojen, henkil\u00f6autojen ja pienvaunujen lis\u00e4varusteet","publisher":{"@id":"https:\/\/www.castrum.ee\/fi\/#organization"},"potentialAction":[{"@type":"SearchAction","target":{"@type":"EntryPoint","urlTemplate":"https:\/\/www.castrum.ee\/fi\/?s={search_term_string}"},"query-input":{"@type":"PropertyValueSpecification","valueRequired":true,"valueName":"search_term_string"}}],"inLanguage":"fi"},{"@type":"Organization","@id":"https:\/\/www.castrum.ee\/fi\/#organization","name":"Castrum Grupp O\u00dc","url":"https:\/\/www.castrum.ee\/fi\/","logo":{"@type":"ImageObject","inLanguage":"fi","@id":"https:\/\/www.castrum.ee\/fi\/#\/schema\/logo\/image\/","url":"https:\/\/www.castrum.ee\/wp-content\/uploads\/2025\/03\/Castrum-logo-500.png","contentUrl":"https:\/\/www.castrum.ee\/wp-content\/uploads\/2025\/03\/Castrum-logo-500.png","width":500,"height":250,"caption":"Castrum Grupp O\u00dc"},"image":{"@id":"https:\/\/www.castrum.ee\/fi\/#\/schema\/logo\/image\/"},"sameAs":["https:\/\/www.facebook.com\/castrum.ee"]}]}},"_links":{"self":[{"href":"https:\/\/www.castrum.ee\/fi\/wp-json\/wp\/v2\/product\/80937","targetHints":{"allow":["GET"]}}],"collection":[{"href":"https:\/\/www.castrum.ee\/fi\/wp-json\/wp\/v2\/product"}],"about":[{"href":"https:\/\/www.castrum.ee\/fi\/wp-json\/wp\/v2\/types\/product"}],"wp:featuredmedia":[{"embeddable":true,"href":"https:\/\/www.castrum.ee\/fi\/wp-json\/wp\/v2\/media\/3524"}],"wp:attachment":[{"href":"https:\/\/www.castrum.ee\/fi\/wp-json\/wp\/v2\/media?parent=80937"}],"wp:term":[{"taxonomy":"mark-ja-mudel","embeddable":true,"href":"https:\/\/www.castrum.ee\/fi\/wp-json\/wp\/v2\/mark-ja-mudel?post=80937"},{"taxonomy":"product_brand","embeddable":true,"href":"https:\/\/www.castrum.ee\/fi\/wp-json\/wp\/v2\/product_brand?post=80937"},{"taxonomy":"product_cat","embeddable":true,"href":"https:\/\/www.castrum.ee\/fi\/wp-json\/wp\/v2\/product_cat?post=80937"},{"taxonomy":"product_tag","embeddable":true,"href":"https:\/\/www.castrum.ee\/fi\/wp-json\/wp\/v2\/product_tag?post=80937"}],"curies":[{"name":"wp","href":"https:\/\/api.w.org\/{rel}","templated":true}]}}