{"id":80938,"date":"2025-06-10T10:32:01","date_gmt":"2025-06-10T10:32:01","guid":{"rendered":"https:\/\/www.castrum.ee\/toode\/astinlaudat-ab005-artemis-black-akselivalidyksella-h8asdp\/"},"modified":"2026-05-11T14:29:57","modified_gmt":"2026-05-11T11:29:57","slug":"astinlaudat-ab005-artemis-black-akselivalidyksella","status":"publish","type":"product","link":"https:\/\/www.castrum.ee\/fi\/toode\/astinlaudat-ab005-artemis-black-akselivalidyksella\/","title":{"rendered":"Astinlaudat AB005 Artemis Black | Akseliv\u00e4lidyksell\u00e4"},"content":{"rendered":"<p><strong>Miksi valita juuri n\u00e4m\u00e4 astinlaudat:<\/strong><\/p>\n<ul>\n<li>Tarjoavat lis\u00e4suojaa ajoneuvollesi.<\/li>\n<li>Sopivat ajoneuvoon kuten OEM-lis\u00e4varustus<\/li>\n<li>Helppo asentaa \/ Plug and play.<\/li>\n<\/ul>\n<p><strong>Paketti sis\u00e4lt\u00e4\u00e4:<\/strong><\/p>\n<ul>\n<li>Yhden parin astinlautoja (vasen ja oikea).<\/li>\n<li>Asennukseen tarvittavat kiinnitysv\u00e4lineet.<\/li>\n<li>Asennusoppaan.<\/li>\n<\/ul>\n<p><strong>Helppo asentaa:<\/strong><br \/>\nAstinlautoja on eritt\u00e4in helppo asentaa, sill\u00e4 paketissa on mukana sek\u00e4 asennusopas ett\u00e4 tarvittavat osat. T\u00e4m\u00e4 eliminoi tarpeen ajoneuvon lis\u00e4muutoksille. Astinlaudat asennetaan olemassa oleviin kiinnityspaikkoihin ajoneuvon rungolla tai korin keh\u00e4ll\u00e4.<\/p>\n<p><strong>Lis\u00e4suoja ajoneuvon korin kyljille:<\/strong><br \/>\nAstinlaudat tarjoavat suojaa oviin ja sivupaneleihin kivinpaloja, asfaltin sirpaaleita sek\u00e4 ahtaissa paikoissa muiden autojen ovista aiheutuvia vaurioita vastaan. T\u00e4m\u00e4 on erityisen t\u00e4rke\u00e4\u00e4 sora- ja maantiell\u00e4. My\u00f6s astinlaudat suojaavat suuremmilta kivilta ja renkaiden alla potkaistuivat esineilt\u00e4.<\/p>\n<p>Lis\u00e4ksi astinlaudat on varustettu liukastumista est\u00e4v\u00e4ll\u00e4 teknologialla, joka parantaa pit\u00e4vyytt\u00e4 ja voi est\u00e4\u00e4 onnettomuuksia tilanteissa, joissa jalkineissa on p\u00f6ly\u00e4, lunta, \u00f6ljy\u00e4 jne. Se my\u00f6s auttaa suojelemaan ajoneuvon lattiamatot.<\/p>\n<p><strong>T\u00e4rke\u00e4\u00e4 tietoa:<\/strong><\/p>\n<ul>\n<li>Joissain ajoneuvoissa kiinnitysten asennusreiki\u00e4 varten voi olla muovisia korkkeja, jotka on poistettava ennen sivuputkien asennusta.<\/li>\n<li>\u00c4l\u00e4 k\u00e4yt\u00e4 metallin lis\u00e4varusteiden puhdistamiseen autopesuaineita, jotka sis\u00e4lt\u00e4v\u00e4t TFR (Traffic Film Remover) -kemikaaleja, sill\u00e4 ne voivat aiheuttaa korroosiota. Puhdistaminen n\u00e4ill\u00e4 liuoksilla voi mit\u00e4t\u00f6id\u00e4 takuun.<\/li>\n<li>Suosittelemme vahvasti tarkistamaan ruuvit ja kiinnitysosat 7 p\u00e4iv\u00e4n kuluttua alkuper\u00e4isest\u00e4 asennuksesta sen varmistamiseksi, ett\u00e4 ne on kunnolla kiinnitetty. Turvallisuussyist\u00e4 kaikki osat on tarkistettava 3\u20136 kuukauden v\u00e4lein.<\/li>\n<\/ul>\n<p><strong>ARP-br\u00e4ndist\u00e4:<\/strong><br \/>\nARP on t\u00e4rke\u00e4 toimija autonosien ja -tarvikkeiden teollisuudessa, tarjoten varaosaa ja tarvikkeita 4\u00d74 maastoautoille, lava-autoille, henkil\u00f6autoille, apuajoneuvoille ja kaupallisille ajoneuvoille, sek\u00e4 vanhemmille ett\u00e4 uudemmille malleille. Castrum on ARP-tuotteiden virallinen j\u00e4lleenmyyj\u00e4 Suomessa.<\/p>\n","protected":false},"excerpt":{"rendered":"<p>N\u00e4m\u00e4 astinlaudat on valmistettu anodisoidusta alumiinista ja muovilla muotoilluista p\u00e4\u00e4tylevy, jotka antavat siihen hiotun ilmeen. Askelmat on viimeistelem\u00e4t\u00f6n mustalla muovilla levyll\u00e4. Asennuskiinnikkeet on valmistettu laserleikaustekniikalla. 4 mm ST052-ter\u00e4styssuojat on jauhev\u00e4rip\u00e4\u00e4llysteiset.<\/p>\n","protected":false},"featured_media":3480,"template":"","meta":{"_acf_changed":false},"mark-ja-mudel":[],"product_brand":[2097,1288,1443,1286,1442,1282,1368,1289,1275],"product_cat":[1067,1066],"product_tag":[],"class_list":{"0":"post-80938","1":"product","2":"type-product","3":"status-publish","4":"has-post-thumbnail","6":"product_brand-arp-fi","7":"product_brand-custom","8":"product_brand-daily","9":"product_brand-ford","10":"product_brand-iveco","11":"product_brand-mercedes-benz","12":"product_brand-t7","13":"product_brand-transit-custom","14":"product_brand-volkswagen","15":"product_cat-astinlaudat","16":"product_cat-astinlaudat-ja-sivusuojat","17":"product_shipping_class-tukku","19":"first","20":"instock","21":"taxable","22":"shipping-taxable","23":"purchasable","24":"product-type-variable"},"bundled_by":[],"bundle_stock_status":"instock","bundle_stock_quantity":null,"bundle_virtual":false,"bundle_layout":"","bundle_add_to_cart_form_location":"","bundle_editable_in_cart":false,"bundle_sold_individually_context":"","bundle_item_grouping":"","bundle_min_size":"","bundle_max_size":"","bundle_price":[],"bundled_items":[],"bundle_sell_ids":[],"acf":[],"yoast_head":"<!-- This site is optimized with the Yoast SEO plugin v27.5 - https:\/\/yoast.com\/product\/yoast-seo-wordpress\/ -->\n<title>Astinlaudat AB005 Artemis Black | Akseliv\u00e4lidyksell\u00e4 | Castrum<\/title>\n<meta name=\"description\" content=\"Astinlaudat AB005 Artemis Black akseliv\u00e4livalinnalla. Kylkiputket ja astinlaudat maastoautoihin, lava-autoihin ja pakettiautoihin. Laatu ja suojaus.\" \/>\n<meta name=\"robots\" content=\"index, follow, max-snippet:-1, max-image-preview:large, max-video-preview:-1\" \/>\n<link rel=\"canonical\" href=\"https:\/\/www.castrum.ee\/fi\/toode\/astinlaudat-ab005-artemis-black-akselivalidyksella\/\" \/>\n<meta property=\"og:locale\" content=\"fi_FI\" \/>\n<meta property=\"og:type\" content=\"article\" \/>\n<meta property=\"og:title\" content=\"Astinlaudat AB005 Artemis Black | Akseliv\u00e4lidyksell\u00e4 | Castrum\" \/>\n<meta property=\"og:description\" content=\"Astinlaudat AB005 Artemis Black akseliv\u00e4livalinnalla. Kylkiputket ja astinlaudat maastoautoihin, lava-autoihin ja pakettiautoihin. Laatu ja suojaus.\" \/>\n<meta property=\"og:url\" content=\"https:\/\/www.castrum.ee\/fi\/toode\/astinlaudat-ab005-artemis-black-akselivalidyksella\/\" \/>\n<meta property=\"og:site_name\" content=\"Castrum\" \/>\n<meta property=\"article:publisher\" content=\"https:\/\/www.facebook.com\/castrum.ee\" \/>\n<meta property=\"article:modified_time\" content=\"2026-05-11T11:29:57+00:00\" \/>\n<meta property=\"og:image\" content=\"https:\/\/www.castrum.ee\/wp-content\/uploads\/2025\/06\/final-1305.jpg\" \/>\n\t<meta property=\"og:image:width\" content=\"800\" \/>\n\t<meta property=\"og:image:height\" content=\"600\" \/>\n\t<meta property=\"og:image:type\" content=\"image\/jpeg\" \/>\n<meta name=\"twitter:card\" content=\"summary_large_image\" \/>\n<meta name=\"twitter:label1\" content=\"Arvioitu lukuaika\" \/>\n\t<meta name=\"twitter:data1\" content=\"1 minuutti\" \/>\n<script type=\"application\/ld+json\" class=\"yoast-schema-graph\">{\"@context\":\"https:\\\/\\\/schema.org\",\"@graph\":[{\"@type\":\"WebPage\",\"@id\":\"https:\\\/\\\/www.castrum.ee\\\/fi\\\/toode\\\/astinlaudat-ab005-artemis-black-akselivalidyksella\\\/\",\"url\":\"https:\\\/\\\/www.castrum.ee\\\/fi\\\/toode\\\/astinlaudat-ab005-artemis-black-akselivalidyksella\\\/\",\"name\":\"Astinlaudat AB005 Artemis Black | Akseliv\u00e4lidyksell\u00e4 | Castrum\",\"isPartOf\":{\"@id\":\"https:\\\/\\\/www.castrum.ee\\\/fi\\\/#website\"},\"primaryImageOfPage\":{\"@id\":\"https:\\\/\\\/www.castrum.ee\\\/fi\\\/toode\\\/astinlaudat-ab005-artemis-black-akselivalidyksella\\\/#primaryimage\"},\"image\":{\"@id\":\"https:\\\/\\\/www.castrum.ee\\\/fi\\\/toode\\\/astinlaudat-ab005-artemis-black-akselivalidyksella\\\/#primaryimage\"},\"thumbnailUrl\":\"https:\\\/\\\/www.castrum.ee\\\/wp-content\\\/uploads\\\/2025\\\/06\\\/final-1305.jpg\",\"datePublished\":\"2025-06-10T10:32:01+00:00\",\"dateModified\":\"2026-05-11T11:29:57+00:00\",\"description\":\"Astinlaudat AB005 Artemis Black akseliv\u00e4livalinnalla. Kylkiputket ja astinlaudat maastoautoihin, lava-autoihin ja pakettiautoihin. Laatu ja suojaus.\",\"breadcrumb\":{\"@id\":\"https:\\\/\\\/www.castrum.ee\\\/fi\\\/toode\\\/astinlaudat-ab005-artemis-black-akselivalidyksella\\\/#breadcrumb\"},\"inLanguage\":\"fi\",\"potentialAction\":[{\"@type\":\"ReadAction\",\"target\":[\"https:\\\/\\\/www.castrum.ee\\\/fi\\\/toode\\\/astinlaudat-ab005-artemis-black-akselivalidyksella\\\/\"]}]},{\"@type\":\"ImageObject\",\"inLanguage\":\"fi\",\"@id\":\"https:\\\/\\\/www.castrum.ee\\\/fi\\\/toode\\\/astinlaudat-ab005-artemis-black-akselivalidyksella\\\/#primaryimage\",\"url\":\"https:\\\/\\\/www.castrum.ee\\\/wp-content\\\/uploads\\\/2025\\\/06\\\/final-1305.jpg\",\"contentUrl\":\"https:\\\/\\\/www.castrum.ee\\\/wp-content\\\/uploads\\\/2025\\\/06\\\/final-1305.jpg\",\"width\":800,\"height\":600},{\"@type\":\"BreadcrumbList\",\"@id\":\"https:\\\/\\\/www.castrum.ee\\\/fi\\\/toode\\\/astinlaudat-ab005-artemis-black-akselivalidyksella\\\/#breadcrumb\",\"itemListElement\":[{\"@type\":\"ListItem\",\"position\":1,\"name\":\"Home\",\"item\":\"https:\\\/\\\/www.castrum.ee\\\/fi\\\/kotisivu\\\/\"},{\"@type\":\"ListItem\",\"position\":2,\"name\":\"Verkkokauppa\",\"item\":\"https:\\\/\\\/www.castrum.ee\\\/fi\\\/kauppa\\\/\"},{\"@type\":\"ListItem\",\"position\":3,\"name\":\"Astinlaudat AB005 Artemis Black | Akseliv\u00e4lidyksell\u00e4\"}]},{\"@type\":\"WebSite\",\"@id\":\"https:\\\/\\\/www.castrum.ee\\\/fi\\\/#website\",\"url\":\"https:\\\/\\\/www.castrum.ee\\\/fi\\\/\",\"name\":\"Castrum\",\"description\":\"Maastoautojen, henkil\u00f6autojen ja pienvaunujen lis\u00e4varusteet\",\"publisher\":{\"@id\":\"https:\\\/\\\/www.castrum.ee\\\/fi\\\/#organization\"},\"potentialAction\":[{\"@type\":\"SearchAction\",\"target\":{\"@type\":\"EntryPoint\",\"urlTemplate\":\"https:\\\/\\\/www.castrum.ee\\\/fi\\\/?s={search_term_string}\"},\"query-input\":{\"@type\":\"PropertyValueSpecification\",\"valueRequired\":true,\"valueName\":\"search_term_string\"}}],\"inLanguage\":\"fi\"},{\"@type\":\"Organization\",\"@id\":\"https:\\\/\\\/www.castrum.ee\\\/fi\\\/#organization\",\"name\":\"Castrum Grupp O\u00dc\",\"url\":\"https:\\\/\\\/www.castrum.ee\\\/fi\\\/\",\"logo\":{\"@type\":\"ImageObject\",\"inLanguage\":\"fi\",\"@id\":\"https:\\\/\\\/www.castrum.ee\\\/fi\\\/#\\\/schema\\\/logo\\\/image\\\/\",\"url\":\"https:\\\/\\\/www.castrum.ee\\\/wp-content\\\/uploads\\\/2025\\\/03\\\/Castrum-logo-500.png\",\"contentUrl\":\"https:\\\/\\\/www.castrum.ee\\\/wp-content\\\/uploads\\\/2025\\\/03\\\/Castrum-logo-500.png\",\"width\":500,\"height\":250,\"caption\":\"Castrum Grupp O\u00dc\"},\"image\":{\"@id\":\"https:\\\/\\\/www.castrum.ee\\\/fi\\\/#\\\/schema\\\/logo\\\/image\\\/\"},\"sameAs\":[\"https:\\\/\\\/www.facebook.com\\\/castrum.ee\"]}]}<\/script>\n<!-- \/ Yoast SEO plugin. -->","yoast_head_json":{"title":"Astinlaudat AB005 Artemis Black | Akseliv\u00e4lidyksell\u00e4 | Castrum","description":"Astinlaudat AB005 Artemis Black akseliv\u00e4livalinnalla. Kylkiputket ja astinlaudat maastoautoihin, lava-autoihin ja pakettiautoihin. Laatu ja suojaus.","robots":{"index":"index","follow":"follow","max-snippet":"max-snippet:-1","max-image-preview":"max-image-preview:large","max-video-preview":"max-video-preview:-1"},"canonical":"https:\/\/www.castrum.ee\/fi\/toode\/astinlaudat-ab005-artemis-black-akselivalidyksella\/","og_locale":"fi_FI","og_type":"article","og_title":"Astinlaudat AB005 Artemis Black | Akseliv\u00e4lidyksell\u00e4 | Castrum","og_description":"Astinlaudat AB005 Artemis Black akseliv\u00e4livalinnalla. Kylkiputket ja astinlaudat maastoautoihin, lava-autoihin ja pakettiautoihin. Laatu ja suojaus.","og_url":"https:\/\/www.castrum.ee\/fi\/toode\/astinlaudat-ab005-artemis-black-akselivalidyksella\/","og_site_name":"Castrum","article_publisher":"https:\/\/www.facebook.com\/castrum.ee","article_modified_time":"2026-05-11T11:29:57+00:00","og_image":[{"width":800,"height":600,"url":"https:\/\/www.castrum.ee\/wp-content\/uploads\/2025\/06\/final-1305.jpg","type":"image\/jpeg"}],"twitter_card":"summary_large_image","twitter_misc":{"Arvioitu lukuaika":"1 minuutti"},"schema":{"@context":"https:\/\/schema.org","@graph":[{"@type":"WebPage","@id":"https:\/\/www.castrum.ee\/fi\/toode\/astinlaudat-ab005-artemis-black-akselivalidyksella\/","url":"https:\/\/www.castrum.ee\/fi\/toode\/astinlaudat-ab005-artemis-black-akselivalidyksella\/","name":"Astinlaudat AB005 Artemis Black | Akseliv\u00e4lidyksell\u00e4 | Castrum","isPartOf":{"@id":"https:\/\/www.castrum.ee\/fi\/#website"},"primaryImageOfPage":{"@id":"https:\/\/www.castrum.ee\/fi\/toode\/astinlaudat-ab005-artemis-black-akselivalidyksella\/#primaryimage"},"image":{"@id":"https:\/\/www.castrum.ee\/fi\/toode\/astinlaudat-ab005-artemis-black-akselivalidyksella\/#primaryimage"},"thumbnailUrl":"https:\/\/www.castrum.ee\/wp-content\/uploads\/2025\/06\/final-1305.jpg","datePublished":"2025-06-10T10:32:01+00:00","dateModified":"2026-05-11T11:29:57+00:00","description":"Astinlaudat AB005 Artemis Black akseliv\u00e4livalinnalla. Kylkiputket ja astinlaudat maastoautoihin, lava-autoihin ja pakettiautoihin. Laatu ja suojaus.","breadcrumb":{"@id":"https:\/\/www.castrum.ee\/fi\/toode\/astinlaudat-ab005-artemis-black-akselivalidyksella\/#breadcrumb"},"inLanguage":"fi","potentialAction":[{"@type":"ReadAction","target":["https:\/\/www.castrum.ee\/fi\/toode\/astinlaudat-ab005-artemis-black-akselivalidyksella\/"]}]},{"@type":"ImageObject","inLanguage":"fi","@id":"https:\/\/www.castrum.ee\/fi\/toode\/astinlaudat-ab005-artemis-black-akselivalidyksella\/#primaryimage","url":"https:\/\/www.castrum.ee\/wp-content\/uploads\/2025\/06\/final-1305.jpg","contentUrl":"https:\/\/www.castrum.ee\/wp-content\/uploads\/2025\/06\/final-1305.jpg","width":800,"height":600},{"@type":"BreadcrumbList","@id":"https:\/\/www.castrum.ee\/fi\/toode\/astinlaudat-ab005-artemis-black-akselivalidyksella\/#breadcrumb","itemListElement":[{"@type":"ListItem","position":1,"name":"Home","item":"https:\/\/www.castrum.ee\/fi\/kotisivu\/"},{"@type":"ListItem","position":2,"name":"Verkkokauppa","item":"https:\/\/www.castrum.ee\/fi\/kauppa\/"},{"@type":"ListItem","position":3,"name":"Astinlaudat AB005 Artemis Black | Akseliv\u00e4lidyksell\u00e4"}]},{"@type":"WebSite","@id":"https:\/\/www.castrum.ee\/fi\/#website","url":"https:\/\/www.castrum.ee\/fi\/","name":"Castrum","description":"Maastoautojen, henkil\u00f6autojen ja pienvaunujen lis\u00e4varusteet","publisher":{"@id":"https:\/\/www.castrum.ee\/fi\/#organization"},"potentialAction":[{"@type":"SearchAction","target":{"@type":"EntryPoint","urlTemplate":"https:\/\/www.castrum.ee\/fi\/?s={search_term_string}"},"query-input":{"@type":"PropertyValueSpecification","valueRequired":true,"valueName":"search_term_string"}}],"inLanguage":"fi"},{"@type":"Organization","@id":"https:\/\/www.castrum.ee\/fi\/#organization","name":"Castrum Grupp O\u00dc","url":"https:\/\/www.castrum.ee\/fi\/","logo":{"@type":"ImageObject","inLanguage":"fi","@id":"https:\/\/www.castrum.ee\/fi\/#\/schema\/logo\/image\/","url":"https:\/\/www.castrum.ee\/wp-content\/uploads\/2025\/03\/Castrum-logo-500.png","contentUrl":"https:\/\/www.castrum.ee\/wp-content\/uploads\/2025\/03\/Castrum-logo-500.png","width":500,"height":250,"caption":"Castrum Grupp O\u00dc"},"image":{"@id":"https:\/\/www.castrum.ee\/fi\/#\/schema\/logo\/image\/"},"sameAs":["https:\/\/www.facebook.com\/castrum.ee"]}]}},"_links":{"self":[{"href":"https:\/\/www.castrum.ee\/fi\/wp-json\/wp\/v2\/product\/80938","targetHints":{"allow":["GET"]}}],"collection":[{"href":"https:\/\/www.castrum.ee\/fi\/wp-json\/wp\/v2\/product"}],"about":[{"href":"https:\/\/www.castrum.ee\/fi\/wp-json\/wp\/v2\/types\/product"}],"wp:featuredmedia":[{"embeddable":true,"href":"https:\/\/www.castrum.ee\/fi\/wp-json\/wp\/v2\/media\/3480"}],"wp:attachment":[{"href":"https:\/\/www.castrum.ee\/fi\/wp-json\/wp\/v2\/media?parent=80938"}],"wp:term":[{"taxonomy":"mark-ja-mudel","embeddable":true,"href":"https:\/\/www.castrum.ee\/fi\/wp-json\/wp\/v2\/mark-ja-mudel?post=80938"},{"taxonomy":"product_brand","embeddable":true,"href":"https:\/\/www.castrum.ee\/fi\/wp-json\/wp\/v2\/product_brand?post=80938"},{"taxonomy":"product_cat","embeddable":true,"href":"https:\/\/www.castrum.ee\/fi\/wp-json\/wp\/v2\/product_cat?post=80938"},{"taxonomy":"product_tag","embeddable":true,"href":"https:\/\/www.castrum.ee\/fi\/wp-json\/wp\/v2\/product_tag?post=80938"}],"curies":[{"name":"wp","href":"https:\/\/api.w.org\/{rel}","templated":true}]}}