{"id":80940,"date":"2025-06-10T09:47:41","date_gmt":"2025-06-10T09:47:41","guid":{"rendered":"https:\/\/www.castrum.ee\/toode\/astinlaudat-ab004-artemis-silver-t54aju\/"},"modified":"2026-05-11T14:30:02","modified_gmt":"2026-05-11T11:30:02","slug":"astinlaudat-ab004-artemis-silver","status":"publish","type":"product","link":"https:\/\/www.castrum.ee\/fi\/toode\/astinlaudat-ab004-artemis-silver\/","title":{"rendered":"Astinlaudat AB004 Artemis Silver"},"content":{"rendered":"<p><strong>Miksi valita n\u00e4m\u00e4 astinlaudat:<\/strong><\/p>\n<ul>\n<li>Tarjoavat lis\u00e4suojaa ajoneuvollesi.<\/li>\n<li>Sopivat ajoneuvoon kuin OEM-varusteet<\/li>\n<li>Helppo asentaa \/ Plug and play.<\/li>\n<\/ul>\n<p><strong>Sarja sis\u00e4lt\u00e4\u00e4:<\/strong><\/p>\n<ul>\n<li>Yhden parin astinlautoja (vasen ja oikea).<\/li>\n<li>Asennukseen tarvittavat kiinnitysosat.<\/li>\n<li>Asennusohjekirjan.<\/li>\n<\/ul>\n<p><strong>Helppo asentaa:<\/strong><br \/>\nAstinlautojen asennus on hyvin helppoa, sill\u00e4 sarjassa on mukana sek\u00e4 asennusohjekirja ett\u00e4 tarvittavat osat. T\u00e4m\u00e4 poistaa tarpeen ajoneuvon lis\u00e4muutoksille. Astinlaudat asennetaan olemassa oleviin kiinnityspaikkoihin ajoneuvon rungossa tai korin reunalla.<\/p>\n<p><strong>Lis\u00e4suoja ajoneuvon korin reunalle:<\/strong><br \/>\nAstinlaudat suojaavat ovia ja sivupaneeleja kivi\u00e4, asfalttip\u00e4tki\u00e4 sek\u00e4 ahtaissa paikoitustiloissa muiden autojen ovista aiheutuvia vaurioita vastaan. T\u00e4m\u00e4 on erityisen t\u00e4rke\u00e4\u00e4 soratiell\u00e4 ja maaper\u00e4teill\u00e4. Samoin astinlaudat suojaavat suuremmilta kivill\u00e4 ja renkaista paiskuvista esineist\u00e4.<\/p>\n<p>Lis\u00e4ksi astinlaudat on varustettu liukkauden vastaisella teknologialla, joka parantaa pit\u00e4vyytt\u00e4 ja voi est\u00e4\u00e4 onnettomuuksia tilanteissa, joissa jalkineiden pohjalla on p\u00f6ly\u00e4, lunta, \u00f6ljy\u00e4 jne. Samoin se auttaa suojaamaan ajoneuvon jalanmatot.<\/p>\n<p><strong>T\u00e4rke\u00e4\u00e4 tietoa:<\/strong><\/p>\n<ul>\n<li>Joissain ajoneuvoissa saattaa olla muovisia korkkeja, jotka peitt\u00e4v\u00e4t kiinnitysrei&#8217;i\u00e4 ja ne on poistettava ennen kylkiputkien asentamista.<\/li>\n<li>\u00c4l\u00e4 k\u00e4yt\u00e4 metallivarusteiden puhdistamiseen autopesuaineita, jotka sis\u00e4lt\u00e4v\u00e4t TFR- (Traffic Film Remover) -kemikaaleja, sill\u00e4 ne voivat aiheuttaa ruostumisen. N\u00e4ill\u00e4 liuoksilla puhdistaminen voi mit\u00e4t\u00f6id\u00e4 takuun.<\/li>\n<li>Suosittelemme vahvasti tarkistamaan ruuvit ja kiinnitysosat 7 p\u00e4iv\u00e4n kuluttua ensimm\u00e4isest\u00e4 asennuksesta, jotta voit varmistaa, ett\u00e4 ne ovat kunnolla kiristetty. Turvallisuuden vuoksi kaikki osat tulee tarkistaa 3\u20136 kuukauden v\u00e4lein.<\/li>\n<\/ul>\n<p><strong>ARP-br\u00e4ndist\u00e4:<\/strong><br \/>\nARP on t\u00e4rke\u00e4 toimija auto-osien ja -tarvikkeiden teollisuudessa, ja se tarjoaa varaosia ja tarvikkeita 4\u00d74 maasturautoille, lava-autoille, henkil\u00f6autoille, hy\u00f6tyajoneuvoille ja kaupallisille ajoneuvoille, mukaan lukien sek\u00e4 vanhemmat ett\u00e4 uudemmat mallit. Castrum on ARP-tuotteiden virallinen j\u00e4lleenmyyj\u00e4 Suomessa.<\/p>\n","protected":false},"excerpt":{"rendered":"<ul>\n<li>N\u00e4m\u00e4 astinlaudat on valmistettu ekstruudatusta hopean v\u00e4risest\u00e4 alumiinista ja muovatusta p\u00e4\u00e4tykappaleista, joissa on viimistelty ulkon\u00e4k\u00f6<\/li>\n<li>Askelman pinta on viimistelty mustan muovin levyll\u00e4.<\/li>\n<li>Asennuskiinnikkeet on valmistettu laser-leikkaustekniikalla.<\/li>\n<li>4 mm ST052-ter\u00e4ssilm\u00e4t on jauhev\u00e4ritty.<\/li>\n<\/ul>\n","protected":false},"featured_media":3220,"template":"","meta":{"_acf_changed":false},"mark-ja-mudel":[],"product_brand":[1500,1501,1406,1276,2097,1315,1526,1316,1375,1324,1385,1389,1508,1404,1506,1447,1338,1395,1448,1449,1345,1314,1467,1295,1309,1336,1291,1310,1483,1413,1458,1318,1405,1286,1334,1409,1410,1450,1534,1278,1302,1434,1437,1294,1438,1446,1535,1485,1512,1307,1320,1513,1529,1417,1285,1323,1461,1478,1325,1282,1284,1487,1530,1298,1297,1333,1335,1451,1317,1505,1373,1326,1374,1305,1292,1459,1287,1329,1299,1452,1463,1439,1524,1555,1319,1337,1308,1387,1528,1332,1301,1556,1327,1531,1306,1277,1322,1440,1331,1275,1303,1396,1296,1321,1380,1381,1328,1304,1388,1533,1330],"product_cat":[1067,1066],"product_tag":[],"class_list":{"0":"post-80940","1":"product","2":"type-product","3":"status-publish","4":"has-post-thumbnail","6":"product_brand-1500","7":"product_brand-1501","8":"product_brand-1406","9":"product_brand-amarok","10":"product_brand-arp-fi","11":"product_brand-asx","12":"product_brand-ateca","13":"product_brand-audi","14":"product_brand-bmw","15":"product_brand-c-hr","16":"product_brand-cadillac","17":"product_brand-captiva","18":"product_brand-captur","19":"product_brand-caravan","20":"product_brand-cayenne","21":"product_brand-cherokee","22":"product_brand-chevrolet","23":"product_brand-chrysler","24":"product_brand-commander","25":"product_brand-compass","26":"product_brand-cr-v","27":"product_brand-crafter","28":"product_brand-cx-5","29":"product_brand-d-max","30":"product_brand-dacia","31":"product_brand-discovery","32":"product_brand-dodge","33":"product_brand-duster","34":"product_brand-eclipse-cross","35":"product_brand-edge","36":"product_brand-evoque","37":"product_brand-expert","38":"product_brand-fiat","39":"product_brand-ford","40":"product_brand-forester","41":"product_brand-freemont","42":"product_brand-fullback","43":"product_brand-grand-cherokee","44":"product_brand-grand-vitara","45":"product_brand-hilux","46":"product_brand-honda","47":"product_brand-hr-v","48":"product_brand-hyundai","49":"product_brand-isuzu","50":"product_brand-ix35","51":"product_brand-jeep","52":"product_brand-jimny","53":"product_brand-juke","54":"product_brand-kadjar","55":"product_brand-kia","56":"product_brand-kodiaq","57":"product_brand-koleos","58":"product_brand-korando","59":"product_brand-kuga","60":"product_brand-l200","61":"product_brand-land-rover","62":"product_brand-lexus","63":"product_brand-m-class","64":"product_brand-mazda","65":"product_brand-mercedes-benz","66":"product_brand-mitsubishi","67":"product_brand-murano","68":"product_brand-musso","69":"product_brand-navara","70":"product_brand-nissan","71":"product_brand-outback","72":"product_brand-outlander","73":"product_brand-patriot","74":"product_brand-peugeot","75":"product_brand-porsche","76":"product_brand-q3","77":"product_brand-q5","78":"product_brand-q7","79":"product_brand-qashqai","80":"product_brand-ram-1500","81":"product_brand-range-rover","82":"product_brand-ranger","83":"product_brand-rav4","84":"product_brand-renault","85":"product_brand-renegade","86":"product_brand-rx","87":"product_brand-santa-fe","88":"product_brand-seat","89":"product_brand-sharan","90":"product_brand-skoda","91":"product_brand-sorento","92":"product_brand-sportage","93":"product_brand-srx","94":"product_brand-ssangyong","95":"product_brand-subaru","96":"product_brand-suzuki","97":"product_brand-t4","98":"product_brand-tiguan","99":"product_brand-tivoli","100":"product_brand-touareg","101":"product_brand-toyota","102":"product_brand-transit","103":"product_brand-tucson","104":"product_brand-vitara","105":"product_brand-volkswagen","106":"product_brand-volvo","107":"product_brand-voyager","108":"product_brand-x-class","109":"product_brand-x-trail","110":"product_brand-x3","111":"product_brand-x5","112":"product_brand-xc60","113":"product_brand-xc90","114":"product_brand-xt5","115":"product_brand-xv","116":"product_brand-yeti","117":"product_cat-astinlaudat","118":"product_cat-astinlaudat-ja-sivusuojat","119":"product_shipping_class-tukku","121":"first","122":"instock","123":"taxable","124":"shipping-taxable","125":"purchasable","126":"product-type-variable"},"bundled_by":[],"bundle_stock_status":"instock","bundle_stock_quantity":null,"bundle_virtual":false,"bundle_layout":"","bundle_add_to_cart_form_location":"","bundle_editable_in_cart":false,"bundle_sold_individually_context":"","bundle_item_grouping":"","bundle_min_size":"","bundle_max_size":"","bundle_price":[],"bundled_items":[],"bundle_sell_ids":[],"acf":[],"yoast_head":"<!-- This site is optimized with the Yoast SEO plugin v27.5 - https:\/\/yoast.com\/product\/yoast-seo-wordpress\/ -->\n<title>Astinlaudat AB004 Artemis Silver | Castrum<\/title>\n<meta name=\"description\" content=\"Astinlaudat AB004 Artemis Silver alumiinista. Kylkiputket ja astinlaudat maastureihin, lava-autoihin ja pakettiautoihin. Ohitusvarusteet.\" \/>\n<meta name=\"robots\" content=\"index, follow, max-snippet:-1, max-image-preview:large, max-video-preview:-1\" \/>\n<link rel=\"canonical\" href=\"https:\/\/www.castrum.ee\/fi\/toode\/astinlaudat-ab004-artemis-silver\/\" \/>\n<meta property=\"og:locale\" content=\"fi_FI\" \/>\n<meta property=\"og:type\" content=\"article\" \/>\n<meta property=\"og:title\" content=\"Astinlaudat AB004 Artemis Silver | Castrum\" \/>\n<meta property=\"og:description\" content=\"Astinlaudat AB004 Artemis Silver alumiinista. Kylkiputket ja astinlaudat maastureihin, lava-autoihin ja pakettiautoihin. Ohitusvarusteet.\" \/>\n<meta property=\"og:url\" content=\"https:\/\/www.castrum.ee\/fi\/toode\/astinlaudat-ab004-artemis-silver\/\" \/>\n<meta property=\"og:site_name\" content=\"Castrum\" \/>\n<meta property=\"article:publisher\" content=\"https:\/\/www.facebook.com\/castrum.ee\" \/>\n<meta property=\"article:modified_time\" content=\"2026-05-11T11:30:02+00:00\" \/>\n<meta property=\"og:image\" content=\"https:\/\/www.castrum.ee\/wp-content\/uploads\/2025\/06\/final-119-scaled-1.jpg\" \/>\n\t<meta property=\"og:image:width\" content=\"2560\" \/>\n\t<meta property=\"og:image:height\" content=\"2264\" \/>\n\t<meta property=\"og:image:type\" content=\"image\/jpeg\" \/>\n<meta name=\"twitter:card\" content=\"summary_large_image\" \/>\n<meta name=\"twitter:label1\" content=\"Arvioitu lukuaika\" \/>\n\t<meta name=\"twitter:data1\" content=\"1 minuutti\" \/>\n<script type=\"application\/ld+json\" class=\"yoast-schema-graph\">{\"@context\":\"https:\\\/\\\/schema.org\",\"@graph\":[{\"@type\":\"WebPage\",\"@id\":\"https:\\\/\\\/www.castrum.ee\\\/fi\\\/toode\\\/astinlaudat-ab004-artemis-silver\\\/\",\"url\":\"https:\\\/\\\/www.castrum.ee\\\/fi\\\/toode\\\/astinlaudat-ab004-artemis-silver\\\/\",\"name\":\"Astinlaudat AB004 Artemis Silver | Castrum\",\"isPartOf\":{\"@id\":\"https:\\\/\\\/www.castrum.ee\\\/fi\\\/#website\"},\"primaryImageOfPage\":{\"@id\":\"https:\\\/\\\/www.castrum.ee\\\/fi\\\/toode\\\/astinlaudat-ab004-artemis-silver\\\/#primaryimage\"},\"image\":{\"@id\":\"https:\\\/\\\/www.castrum.ee\\\/fi\\\/toode\\\/astinlaudat-ab004-artemis-silver\\\/#primaryimage\"},\"thumbnailUrl\":\"https:\\\/\\\/www.castrum.ee\\\/wp-content\\\/uploads\\\/2025\\\/06\\\/final-119-scaled-1.jpg\",\"datePublished\":\"2025-06-10T09:47:41+00:00\",\"dateModified\":\"2026-05-11T11:30:02+00:00\",\"description\":\"Astinlaudat AB004 Artemis Silver alumiinista. Kylkiputket ja astinlaudat maastureihin, lava-autoihin ja pakettiautoihin. Ohitusvarusteet.\",\"breadcrumb\":{\"@id\":\"https:\\\/\\\/www.castrum.ee\\\/fi\\\/toode\\\/astinlaudat-ab004-artemis-silver\\\/#breadcrumb\"},\"inLanguage\":\"fi\",\"potentialAction\":[{\"@type\":\"ReadAction\",\"target\":[\"https:\\\/\\\/www.castrum.ee\\\/fi\\\/toode\\\/astinlaudat-ab004-artemis-silver\\\/\"]}]},{\"@type\":\"ImageObject\",\"inLanguage\":\"fi\",\"@id\":\"https:\\\/\\\/www.castrum.ee\\\/fi\\\/toode\\\/astinlaudat-ab004-artemis-silver\\\/#primaryimage\",\"url\":\"https:\\\/\\\/www.castrum.ee\\\/wp-content\\\/uploads\\\/2025\\\/06\\\/final-119-scaled-1.jpg\",\"contentUrl\":\"https:\\\/\\\/www.castrum.ee\\\/wp-content\\\/uploads\\\/2025\\\/06\\\/final-119-scaled-1.jpg\",\"width\":2560,\"height\":2264},{\"@type\":\"BreadcrumbList\",\"@id\":\"https:\\\/\\\/www.castrum.ee\\\/fi\\\/toode\\\/astinlaudat-ab004-artemis-silver\\\/#breadcrumb\",\"itemListElement\":[{\"@type\":\"ListItem\",\"position\":1,\"name\":\"Home\",\"item\":\"https:\\\/\\\/www.castrum.ee\\\/fi\\\/kotisivu\\\/\"},{\"@type\":\"ListItem\",\"position\":2,\"name\":\"Verkkokauppa\",\"item\":\"https:\\\/\\\/www.castrum.ee\\\/fi\\\/kauppa\\\/\"},{\"@type\":\"ListItem\",\"position\":3,\"name\":\"Astinlaudat AB004 Artemis Silver\"}]},{\"@type\":\"WebSite\",\"@id\":\"https:\\\/\\\/www.castrum.ee\\\/fi\\\/#website\",\"url\":\"https:\\\/\\\/www.castrum.ee\\\/fi\\\/\",\"name\":\"Castrum\",\"description\":\"Maastoautojen, henkil\u00f6autojen ja pienvaunujen lis\u00e4varusteet\",\"publisher\":{\"@id\":\"https:\\\/\\\/www.castrum.ee\\\/fi\\\/#organization\"},\"potentialAction\":[{\"@type\":\"SearchAction\",\"target\":{\"@type\":\"EntryPoint\",\"urlTemplate\":\"https:\\\/\\\/www.castrum.ee\\\/fi\\\/?s={search_term_string}\"},\"query-input\":{\"@type\":\"PropertyValueSpecification\",\"valueRequired\":true,\"valueName\":\"search_term_string\"}}],\"inLanguage\":\"fi\"},{\"@type\":\"Organization\",\"@id\":\"https:\\\/\\\/www.castrum.ee\\\/fi\\\/#organization\",\"name\":\"Castrum Grupp O\u00dc\",\"url\":\"https:\\\/\\\/www.castrum.ee\\\/fi\\\/\",\"logo\":{\"@type\":\"ImageObject\",\"inLanguage\":\"fi\",\"@id\":\"https:\\\/\\\/www.castrum.ee\\\/fi\\\/#\\\/schema\\\/logo\\\/image\\\/\",\"url\":\"https:\\\/\\\/www.castrum.ee\\\/wp-content\\\/uploads\\\/2025\\\/03\\\/Castrum-logo-500.png\",\"contentUrl\":\"https:\\\/\\\/www.castrum.ee\\\/wp-content\\\/uploads\\\/2025\\\/03\\\/Castrum-logo-500.png\",\"width\":500,\"height\":250,\"caption\":\"Castrum Grupp O\u00dc\"},\"image\":{\"@id\":\"https:\\\/\\\/www.castrum.ee\\\/fi\\\/#\\\/schema\\\/logo\\\/image\\\/\"},\"sameAs\":[\"https:\\\/\\\/www.facebook.com\\\/castrum.ee\"]}]}<\/script>\n<!-- \/ Yoast SEO plugin. -->","yoast_head_json":{"title":"Astinlaudat AB004 Artemis Silver | Castrum","description":"Astinlaudat AB004 Artemis Silver alumiinista. Kylkiputket ja astinlaudat maastureihin, lava-autoihin ja pakettiautoihin. Ohitusvarusteet.","robots":{"index":"index","follow":"follow","max-snippet":"max-snippet:-1","max-image-preview":"max-image-preview:large","max-video-preview":"max-video-preview:-1"},"canonical":"https:\/\/www.castrum.ee\/fi\/toode\/astinlaudat-ab004-artemis-silver\/","og_locale":"fi_FI","og_type":"article","og_title":"Astinlaudat AB004 Artemis Silver | Castrum","og_description":"Astinlaudat AB004 Artemis Silver alumiinista. Kylkiputket ja astinlaudat maastureihin, lava-autoihin ja pakettiautoihin. Ohitusvarusteet.","og_url":"https:\/\/www.castrum.ee\/fi\/toode\/astinlaudat-ab004-artemis-silver\/","og_site_name":"Castrum","article_publisher":"https:\/\/www.facebook.com\/castrum.ee","article_modified_time":"2026-05-11T11:30:02+00:00","og_image":[{"width":2560,"height":2264,"url":"https:\/\/www.castrum.ee\/wp-content\/uploads\/2025\/06\/final-119-scaled-1.jpg","type":"image\/jpeg"}],"twitter_card":"summary_large_image","twitter_misc":{"Arvioitu lukuaika":"1 minuutti"},"schema":{"@context":"https:\/\/schema.org","@graph":[{"@type":"WebPage","@id":"https:\/\/www.castrum.ee\/fi\/toode\/astinlaudat-ab004-artemis-silver\/","url":"https:\/\/www.castrum.ee\/fi\/toode\/astinlaudat-ab004-artemis-silver\/","name":"Astinlaudat AB004 Artemis Silver | Castrum","isPartOf":{"@id":"https:\/\/www.castrum.ee\/fi\/#website"},"primaryImageOfPage":{"@id":"https:\/\/www.castrum.ee\/fi\/toode\/astinlaudat-ab004-artemis-silver\/#primaryimage"},"image":{"@id":"https:\/\/www.castrum.ee\/fi\/toode\/astinlaudat-ab004-artemis-silver\/#primaryimage"},"thumbnailUrl":"https:\/\/www.castrum.ee\/wp-content\/uploads\/2025\/06\/final-119-scaled-1.jpg","datePublished":"2025-06-10T09:47:41+00:00","dateModified":"2026-05-11T11:30:02+00:00","description":"Astinlaudat AB004 Artemis Silver alumiinista. Kylkiputket ja astinlaudat maastureihin, lava-autoihin ja pakettiautoihin. Ohitusvarusteet.","breadcrumb":{"@id":"https:\/\/www.castrum.ee\/fi\/toode\/astinlaudat-ab004-artemis-silver\/#breadcrumb"},"inLanguage":"fi","potentialAction":[{"@type":"ReadAction","target":["https:\/\/www.castrum.ee\/fi\/toode\/astinlaudat-ab004-artemis-silver\/"]}]},{"@type":"ImageObject","inLanguage":"fi","@id":"https:\/\/www.castrum.ee\/fi\/toode\/astinlaudat-ab004-artemis-silver\/#primaryimage","url":"https:\/\/www.castrum.ee\/wp-content\/uploads\/2025\/06\/final-119-scaled-1.jpg","contentUrl":"https:\/\/www.castrum.ee\/wp-content\/uploads\/2025\/06\/final-119-scaled-1.jpg","width":2560,"height":2264},{"@type":"BreadcrumbList","@id":"https:\/\/www.castrum.ee\/fi\/toode\/astinlaudat-ab004-artemis-silver\/#breadcrumb","itemListElement":[{"@type":"ListItem","position":1,"name":"Home","item":"https:\/\/www.castrum.ee\/fi\/kotisivu\/"},{"@type":"ListItem","position":2,"name":"Verkkokauppa","item":"https:\/\/www.castrum.ee\/fi\/kauppa\/"},{"@type":"ListItem","position":3,"name":"Astinlaudat AB004 Artemis Silver"}]},{"@type":"WebSite","@id":"https:\/\/www.castrum.ee\/fi\/#website","url":"https:\/\/www.castrum.ee\/fi\/","name":"Castrum","description":"Maastoautojen, henkil\u00f6autojen ja pienvaunujen lis\u00e4varusteet","publisher":{"@id":"https:\/\/www.castrum.ee\/fi\/#organization"},"potentialAction":[{"@type":"SearchAction","target":{"@type":"EntryPoint","urlTemplate":"https:\/\/www.castrum.ee\/fi\/?s={search_term_string}"},"query-input":{"@type":"PropertyValueSpecification","valueRequired":true,"valueName":"search_term_string"}}],"inLanguage":"fi"},{"@type":"Organization","@id":"https:\/\/www.castrum.ee\/fi\/#organization","name":"Castrum Grupp O\u00dc","url":"https:\/\/www.castrum.ee\/fi\/","logo":{"@type":"ImageObject","inLanguage":"fi","@id":"https:\/\/www.castrum.ee\/fi\/#\/schema\/logo\/image\/","url":"https:\/\/www.castrum.ee\/wp-content\/uploads\/2025\/03\/Castrum-logo-500.png","contentUrl":"https:\/\/www.castrum.ee\/wp-content\/uploads\/2025\/03\/Castrum-logo-500.png","width":500,"height":250,"caption":"Castrum Grupp O\u00dc"},"image":{"@id":"https:\/\/www.castrum.ee\/fi\/#\/schema\/logo\/image\/"},"sameAs":["https:\/\/www.facebook.com\/castrum.ee"]}]}},"_links":{"self":[{"href":"https:\/\/www.castrum.ee\/fi\/wp-json\/wp\/v2\/product\/80940","targetHints":{"allow":["GET"]}}],"collection":[{"href":"https:\/\/www.castrum.ee\/fi\/wp-json\/wp\/v2\/product"}],"about":[{"href":"https:\/\/www.castrum.ee\/fi\/wp-json\/wp\/v2\/types\/product"}],"wp:featuredmedia":[{"embeddable":true,"href":"https:\/\/www.castrum.ee\/fi\/wp-json\/wp\/v2\/media\/3220"}],"wp:attachment":[{"href":"https:\/\/www.castrum.ee\/fi\/wp-json\/wp\/v2\/media?parent=80940"}],"wp:term":[{"taxonomy":"mark-ja-mudel","embeddable":true,"href":"https:\/\/www.castrum.ee\/fi\/wp-json\/wp\/v2\/mark-ja-mudel?post=80940"},{"taxonomy":"product_brand","embeddable":true,"href":"https:\/\/www.castrum.ee\/fi\/wp-json\/wp\/v2\/product_brand?post=80940"},{"taxonomy":"product_cat","embeddable":true,"href":"https:\/\/www.castrum.ee\/fi\/wp-json\/wp\/v2\/product_cat?post=80940"},{"taxonomy":"product_tag","embeddable":true,"href":"https:\/\/www.castrum.ee\/fi\/wp-json\/wp\/v2\/product_tag?post=80940"}],"curies":[{"name":"wp","href":"https:\/\/api.w.org\/{rel}","templated":true}]}}