{"id":80949,"date":"2026-04-30T01:34:34","date_gmt":"2026-04-29T22:34:34","guid":{"rendered":"https:\/\/www.castrum.ee\/toode\/ford-ranger-23-etupuskurin-suojalista-xnt9kp\/"},"modified":"2026-04-30T01:34:34","modified_gmt":"2026-04-29T22:34:34","slug":"ford-ranger-23-etupuskurin-suojalista","status":"publish","type":"product","link":"https:\/\/www.castrum.ee\/fi\/toode\/ford-ranger-23-etupuskurin-suojalista\/","title":{"rendered":"Ford Ranger 23+ etupuskurin suojalista"},"content":{"rendered":"<p>Puskurin suojalistat on valmistettu suuresta, \u00d8 70 mm l\u00e4pimitaltaan ja 2 mm paksuudesta ruostumattomasta ter\u00e4ksest\u00e4 sek\u00e4 k\u00e4sinpoleerattu, jotta varmistetaan niiden kest\u00e4vyys ja annetaan lis\u00e4suojaa ajoneuvon t\u00e4rkeille osille.<\/p>\n<p>Sarjaan kuuluvat kaikki tarvittavat asennustarvikkeet sek\u00e4 yksinkertainen asennusohje, mik\u00e4 tekee kiinnityksen nopeaksi ja vaivattomaksi.<\/p>\n<p>Matalan spoilerin puskurin suojalista on E-hyv\u00e4ksytty \u2013 se on suunniteltu genevaisten EU-standardien mukaisesti ja t\u00e4ytt\u00e4\u00e4 direktiivin 78\/2009\/EY vaatimukset. T\u00e4m\u00e4 tarkoittaa, ett\u00e4 tuotteemme on valmistettu korkeimpien turvallisuusstandardien mukaisesti ja ne ovat onnistuneesti l\u00e4p\u00e4isseet kaikki sertifiointitestit, mukaan lukien jalankulkijoiden turvallisuuden tarkistukset.<\/p>\n","protected":false},"excerpt":{"rendered":"<p>Matalan spoilerin puskurin suojalista on tyylikk\u00e4\u00e4n muotoiluelementti, joka sen leve\u00e4n rakenteen ansiosta suojaa tehokkaasti puskurin alaosaa sek\u00e4 tieverkolla t\u00f6rm\u00e4yksiss\u00e4 ett\u00e4 maastoajossa. Suojalista kattaa koko etupuolen leveyden, tarjoten tehokkaan suojauksen puskurin alaosille. Turvallisuuden lis\u00e4ksi tuotteeseemme kuuluu my\u00f6s tyylik\u00e4s ja omaper\u00e4inen muotoilu, joka antaa autollesi persoonallisuutta ja ainutlaatuisuutta.<\/p>\n","protected":false},"featured_media":2808,"template":"","meta":{"_acf_changed":false},"mark-ja-mudel":[],"product_brand":[1286,1287],"product_cat":[1062,1061],"product_tag":[],"class_list":{"0":"post-80949","1":"product","2":"type-product","3":"status-publish","4":"has-post-thumbnail","6":"product_brand-ford","7":"product_brand-ranger","8":"product_cat-e-hyvaksytyt-eturaudat","9":"product_cat-4x4-raudat","11":"first","12":"instock","13":"taxable","14":"shipping-taxable","15":"purchasable","16":"product-type-variable"},"bundled_by":[],"bundle_stock_status":"instock","bundle_stock_quantity":null,"bundle_virtual":false,"bundle_layout":"","bundle_add_to_cart_form_location":"","bundle_editable_in_cart":false,"bundle_sold_individually_context":"","bundle_item_grouping":"","bundle_min_size":"","bundle_max_size":"","bundle_price":[],"bundled_items":[],"bundle_sell_ids":[],"acf":[],"yoast_head":"<!-- This site is optimized with the Yoast SEO plugin v27.5 - https:\/\/yoast.com\/product\/yoast-seo-wordpress\/ -->\n<title>Ford Ranger 23+ etupuskurin suojalista | Castrum<\/title>\n<meta name=\"description\" content=\"Ford Ranger 23+ etupuskurin suojalista, E-hyv\u00e4ksytty puskurin suoja. Maastoauto- ja pickup-lis\u00e4varustus ruostumattomasta ter\u00e4ksest\u00e4.\" \/>\n<meta name=\"robots\" content=\"index, follow, max-snippet:-1, max-image-preview:large, max-video-preview:-1\" \/>\n<link rel=\"canonical\" href=\"https:\/\/www.castrum.ee\/fi\/toode\/ford-ranger-23-etupuskurin-suojalista\/\" \/>\n<meta property=\"og:locale\" content=\"fi_FI\" \/>\n<meta property=\"og:type\" content=\"article\" \/>\n<meta property=\"og:title\" content=\"Ford Ranger 23+ etupuskurin suojalista | Castrum\" \/>\n<meta property=\"og:description\" content=\"Ford Ranger 23+ etupuskurin suojalista, E-hyv\u00e4ksytty puskurin suoja. Maastoauto- ja pickup-lis\u00e4varustus ruostumattomasta ter\u00e4ksest\u00e4.\" \/>\n<meta property=\"og:url\" content=\"https:\/\/www.castrum.ee\/fi\/toode\/ford-ranger-23-etupuskurin-suojalista\/\" \/>\n<meta property=\"og:site_name\" content=\"Castrum\" \/>\n<meta property=\"article:publisher\" content=\"https:\/\/www.facebook.com\/castrum.ee\" \/>\n<meta property=\"og:image\" content=\"https:\/\/www.castrum.ee\/wp-content\/uploads\/2025\/05\/big_R23-L2370-08.jpg\" \/>\n\t<meta property=\"og:image:width\" content=\"1000\" \/>\n\t<meta property=\"og:image:height\" content=\"710\" \/>\n\t<meta property=\"og:image:type\" content=\"image\/jpeg\" \/>\n<meta name=\"twitter:card\" content=\"summary_large_image\" \/>\n<script type=\"application\/ld+json\" class=\"yoast-schema-graph\">{\"@context\":\"https:\\\/\\\/schema.org\",\"@graph\":[{\"@type\":\"WebPage\",\"@id\":\"https:\\\/\\\/www.castrum.ee\\\/fi\\\/toode\\\/ford-ranger-23-etupuskurin-suojalista\\\/\",\"url\":\"https:\\\/\\\/www.castrum.ee\\\/fi\\\/toode\\\/ford-ranger-23-etupuskurin-suojalista\\\/\",\"name\":\"Ford Ranger 23+ etupuskurin suojalista | Castrum\",\"isPartOf\":{\"@id\":\"https:\\\/\\\/www.castrum.ee\\\/fi\\\/#website\"},\"primaryImageOfPage\":{\"@id\":\"https:\\\/\\\/www.castrum.ee\\\/fi\\\/toode\\\/ford-ranger-23-etupuskurin-suojalista\\\/#primaryimage\"},\"image\":{\"@id\":\"https:\\\/\\\/www.castrum.ee\\\/fi\\\/toode\\\/ford-ranger-23-etupuskurin-suojalista\\\/#primaryimage\"},\"thumbnailUrl\":\"https:\\\/\\\/www.castrum.ee\\\/wp-content\\\/uploads\\\/2025\\\/05\\\/big_R23-L2370-08.jpg\",\"datePublished\":\"2026-04-29T22:34:34+00:00\",\"description\":\"Ford Ranger 23+ etupuskurin suojalista, E-hyv\u00e4ksytty puskurin suoja. Maastoauto- ja pickup-lis\u00e4varustus ruostumattomasta ter\u00e4ksest\u00e4.\",\"breadcrumb\":{\"@id\":\"https:\\\/\\\/www.castrum.ee\\\/fi\\\/toode\\\/ford-ranger-23-etupuskurin-suojalista\\\/#breadcrumb\"},\"inLanguage\":\"fi\",\"potentialAction\":[{\"@type\":\"ReadAction\",\"target\":[\"https:\\\/\\\/www.castrum.ee\\\/fi\\\/toode\\\/ford-ranger-23-etupuskurin-suojalista\\\/\"]}]},{\"@type\":\"ImageObject\",\"inLanguage\":\"fi\",\"@id\":\"https:\\\/\\\/www.castrum.ee\\\/fi\\\/toode\\\/ford-ranger-23-etupuskurin-suojalista\\\/#primaryimage\",\"url\":\"https:\\\/\\\/www.castrum.ee\\\/wp-content\\\/uploads\\\/2025\\\/05\\\/big_R23-L2370-08.jpg\",\"contentUrl\":\"https:\\\/\\\/www.castrum.ee\\\/wp-content\\\/uploads\\\/2025\\\/05\\\/big_R23-L2370-08.jpg\",\"width\":1000,\"height\":710},{\"@type\":\"BreadcrumbList\",\"@id\":\"https:\\\/\\\/www.castrum.ee\\\/fi\\\/toode\\\/ford-ranger-23-etupuskurin-suojalista\\\/#breadcrumb\",\"itemListElement\":[{\"@type\":\"ListItem\",\"position\":1,\"name\":\"Home\",\"item\":\"https:\\\/\\\/www.castrum.ee\\\/fi\\\/kotisivu\\\/\"},{\"@type\":\"ListItem\",\"position\":2,\"name\":\"Verkkokauppa\",\"item\":\"https:\\\/\\\/www.castrum.ee\\\/fi\\\/kauppa\\\/\"},{\"@type\":\"ListItem\",\"position\":3,\"name\":\"Ford Ranger 23+ etupuskurin suojalista\"}]},{\"@type\":\"WebSite\",\"@id\":\"https:\\\/\\\/www.castrum.ee\\\/fi\\\/#website\",\"url\":\"https:\\\/\\\/www.castrum.ee\\\/fi\\\/\",\"name\":\"Castrum\",\"description\":\"Maastoautojen, henkil\u00f6autojen ja pienvaunujen lis\u00e4varusteet\",\"publisher\":{\"@id\":\"https:\\\/\\\/www.castrum.ee\\\/fi\\\/#organization\"},\"potentialAction\":[{\"@type\":\"SearchAction\",\"target\":{\"@type\":\"EntryPoint\",\"urlTemplate\":\"https:\\\/\\\/www.castrum.ee\\\/fi\\\/?s={search_term_string}\"},\"query-input\":{\"@type\":\"PropertyValueSpecification\",\"valueRequired\":true,\"valueName\":\"search_term_string\"}}],\"inLanguage\":\"fi\"},{\"@type\":\"Organization\",\"@id\":\"https:\\\/\\\/www.castrum.ee\\\/fi\\\/#organization\",\"name\":\"Castrum Grupp O\u00dc\",\"url\":\"https:\\\/\\\/www.castrum.ee\\\/fi\\\/\",\"logo\":{\"@type\":\"ImageObject\",\"inLanguage\":\"fi\",\"@id\":\"https:\\\/\\\/www.castrum.ee\\\/fi\\\/#\\\/schema\\\/logo\\\/image\\\/\",\"url\":\"https:\\\/\\\/www.castrum.ee\\\/wp-content\\\/uploads\\\/2025\\\/03\\\/Castrum-logo-500.png\",\"contentUrl\":\"https:\\\/\\\/www.castrum.ee\\\/wp-content\\\/uploads\\\/2025\\\/03\\\/Castrum-logo-500.png\",\"width\":500,\"height\":250,\"caption\":\"Castrum Grupp O\u00dc\"},\"image\":{\"@id\":\"https:\\\/\\\/www.castrum.ee\\\/fi\\\/#\\\/schema\\\/logo\\\/image\\\/\"},\"sameAs\":[\"https:\\\/\\\/www.facebook.com\\\/castrum.ee\"]}]}<\/script>\n<!-- \/ Yoast SEO plugin. -->","yoast_head_json":{"title":"Ford Ranger 23+ etupuskurin suojalista | Castrum","description":"Ford Ranger 23+ etupuskurin suojalista, E-hyv\u00e4ksytty puskurin suoja. Maastoauto- ja pickup-lis\u00e4varustus ruostumattomasta ter\u00e4ksest\u00e4.","robots":{"index":"index","follow":"follow","max-snippet":"max-snippet:-1","max-image-preview":"max-image-preview:large","max-video-preview":"max-video-preview:-1"},"canonical":"https:\/\/www.castrum.ee\/fi\/toode\/ford-ranger-23-etupuskurin-suojalista\/","og_locale":"fi_FI","og_type":"article","og_title":"Ford Ranger 23+ etupuskurin suojalista | Castrum","og_description":"Ford Ranger 23+ etupuskurin suojalista, E-hyv\u00e4ksytty puskurin suoja. Maastoauto- ja pickup-lis\u00e4varustus ruostumattomasta ter\u00e4ksest\u00e4.","og_url":"https:\/\/www.castrum.ee\/fi\/toode\/ford-ranger-23-etupuskurin-suojalista\/","og_site_name":"Castrum","article_publisher":"https:\/\/www.facebook.com\/castrum.ee","og_image":[{"width":1000,"height":710,"url":"https:\/\/www.castrum.ee\/wp-content\/uploads\/2025\/05\/big_R23-L2370-08.jpg","type":"image\/jpeg"}],"twitter_card":"summary_large_image","schema":{"@context":"https:\/\/schema.org","@graph":[{"@type":"WebPage","@id":"https:\/\/www.castrum.ee\/fi\/toode\/ford-ranger-23-etupuskurin-suojalista\/","url":"https:\/\/www.castrum.ee\/fi\/toode\/ford-ranger-23-etupuskurin-suojalista\/","name":"Ford Ranger 23+ etupuskurin suojalista | Castrum","isPartOf":{"@id":"https:\/\/www.castrum.ee\/fi\/#website"},"primaryImageOfPage":{"@id":"https:\/\/www.castrum.ee\/fi\/toode\/ford-ranger-23-etupuskurin-suojalista\/#primaryimage"},"image":{"@id":"https:\/\/www.castrum.ee\/fi\/toode\/ford-ranger-23-etupuskurin-suojalista\/#primaryimage"},"thumbnailUrl":"https:\/\/www.castrum.ee\/wp-content\/uploads\/2025\/05\/big_R23-L2370-08.jpg","datePublished":"2026-04-29T22:34:34+00:00","description":"Ford Ranger 23+ etupuskurin suojalista, E-hyv\u00e4ksytty puskurin suoja. Maastoauto- ja pickup-lis\u00e4varustus ruostumattomasta ter\u00e4ksest\u00e4.","breadcrumb":{"@id":"https:\/\/www.castrum.ee\/fi\/toode\/ford-ranger-23-etupuskurin-suojalista\/#breadcrumb"},"inLanguage":"fi","potentialAction":[{"@type":"ReadAction","target":["https:\/\/www.castrum.ee\/fi\/toode\/ford-ranger-23-etupuskurin-suojalista\/"]}]},{"@type":"ImageObject","inLanguage":"fi","@id":"https:\/\/www.castrum.ee\/fi\/toode\/ford-ranger-23-etupuskurin-suojalista\/#primaryimage","url":"https:\/\/www.castrum.ee\/wp-content\/uploads\/2025\/05\/big_R23-L2370-08.jpg","contentUrl":"https:\/\/www.castrum.ee\/wp-content\/uploads\/2025\/05\/big_R23-L2370-08.jpg","width":1000,"height":710},{"@type":"BreadcrumbList","@id":"https:\/\/www.castrum.ee\/fi\/toode\/ford-ranger-23-etupuskurin-suojalista\/#breadcrumb","itemListElement":[{"@type":"ListItem","position":1,"name":"Home","item":"https:\/\/www.castrum.ee\/fi\/kotisivu\/"},{"@type":"ListItem","position":2,"name":"Verkkokauppa","item":"https:\/\/www.castrum.ee\/fi\/kauppa\/"},{"@type":"ListItem","position":3,"name":"Ford Ranger 23+ etupuskurin suojalista"}]},{"@type":"WebSite","@id":"https:\/\/www.castrum.ee\/fi\/#website","url":"https:\/\/www.castrum.ee\/fi\/","name":"Castrum","description":"Maastoautojen, henkil\u00f6autojen ja pienvaunujen lis\u00e4varusteet","publisher":{"@id":"https:\/\/www.castrum.ee\/fi\/#organization"},"potentialAction":[{"@type":"SearchAction","target":{"@type":"EntryPoint","urlTemplate":"https:\/\/www.castrum.ee\/fi\/?s={search_term_string}"},"query-input":{"@type":"PropertyValueSpecification","valueRequired":true,"valueName":"search_term_string"}}],"inLanguage":"fi"},{"@type":"Organization","@id":"https:\/\/www.castrum.ee\/fi\/#organization","name":"Castrum Grupp O\u00dc","url":"https:\/\/www.castrum.ee\/fi\/","logo":{"@type":"ImageObject","inLanguage":"fi","@id":"https:\/\/www.castrum.ee\/fi\/#\/schema\/logo\/image\/","url":"https:\/\/www.castrum.ee\/wp-content\/uploads\/2025\/03\/Castrum-logo-500.png","contentUrl":"https:\/\/www.castrum.ee\/wp-content\/uploads\/2025\/03\/Castrum-logo-500.png","width":500,"height":250,"caption":"Castrum Grupp O\u00dc"},"image":{"@id":"https:\/\/www.castrum.ee\/fi\/#\/schema\/logo\/image\/"},"sameAs":["https:\/\/www.facebook.com\/castrum.ee"]}]}},"_links":{"self":[{"href":"https:\/\/www.castrum.ee\/fi\/wp-json\/wp\/v2\/product\/80949","targetHints":{"allow":["GET"]}}],"collection":[{"href":"https:\/\/www.castrum.ee\/fi\/wp-json\/wp\/v2\/product"}],"about":[{"href":"https:\/\/www.castrum.ee\/fi\/wp-json\/wp\/v2\/types\/product"}],"wp:featuredmedia":[{"embeddable":true,"href":"https:\/\/www.castrum.ee\/fi\/wp-json\/wp\/v2\/media\/2808"}],"wp:attachment":[{"href":"https:\/\/www.castrum.ee\/fi\/wp-json\/wp\/v2\/media?parent=80949"}],"wp:term":[{"taxonomy":"mark-ja-mudel","embeddable":true,"href":"https:\/\/www.castrum.ee\/fi\/wp-json\/wp\/v2\/mark-ja-mudel?post=80949"},{"taxonomy":"product_brand","embeddable":true,"href":"https:\/\/www.castrum.ee\/fi\/wp-json\/wp\/v2\/product_brand?post=80949"},{"taxonomy":"product_cat","embeddable":true,"href":"https:\/\/www.castrum.ee\/fi\/wp-json\/wp\/v2\/product_cat?post=80949"},{"taxonomy":"product_tag","embeddable":true,"href":"https:\/\/www.castrum.ee\/fi\/wp-json\/wp\/v2\/product_tag?post=80949"}],"curies":[{"name":"wp","href":"https:\/\/api.w.org\/{rel}","templated":true}]}}