{"id":80960,"date":"2025-05-29T09:12:58","date_gmt":"2025-05-29T09:12:58","guid":{"rendered":"https:\/\/www.castrum.ee\/toode\/ram-1500-19-etupuskurin-suojakaari-a-suojakaari-arga0r\/"},"modified":"2026-05-11T13:43:18","modified_gmt":"2026-05-11T10:43:18","slug":"ram-1500-19-etupuskurin-suojakaari-a-suojakaari","status":"publish","type":"product","link":"https:\/\/www.castrum.ee\/fi\/toode\/ram-1500-19-etupuskurin-suojakaari-a-suojakaari\/","title":{"rendered":"RAM 1500 19+ etupuskurin suojakaari, A-suojakaari"},"content":{"rendered":"<p>STEELER\u00ae ruostumattomasta ter\u00e4ksest\u00e4 valmistettu suojakaari<\/p>\n<p>STEELER\u00ae suojakaaret on suunniteltu erityisesti korostamaan ajoneuvosi ainutlaatuista persoonallisuutta.<\/p>\n<p>Leve\u00e4t \u00d8 70 mm:n ja 2 mm:n paksuiset suojakaaret on valmistettu ruostumattomasta ter\u00e4ksest\u00e4 ja k\u00e4sin kiillotettu, mik\u00e4 takaa kest\u00e4vyyden ja tarjoaa lis\u00e4suojaa ajoneuvon t\u00e4rkeiden osien suojaamiseksi. Ne antavat ajoneuvolle tyylikk\u00e4\u00e4n ja voimakkaan ulkoasun, joka tekee siit\u00e4 erottuvan massasta.<\/p>\n<p>Suojakaariin sis\u00e4ltyy t\u00e4ydellinen asennussarja ja selke\u00e4t asennusohjeet.<\/p>\n<p>Etusuojakaari on EU-tyyppihyv\u00e4ksytty \u2013 se on suunniteltu uusimpien EU-standardien mukaisesti ja t\u00e4ytt\u00e4\u00e4 direktiivin 78\/2009\/EY vaatimukset. T\u00e4m\u00e4 tarkoittaa, ett\u00e4 tuotteemme t\u00e4ytt\u00e4v\u00e4t korkeimmat turvallisuusstandardit ja ovat onnistuneesti l\u00e4p\u00e4isseet kaikki sertifiointitestit, mukaan lukien jalankulkijoiden turvallisuuden testit.<\/p>\n<p>Jos haluat koneen erottuvan, s\u00e4ilytt\u00e4en samalla sen t\u00e4ydellisen kunnon, suojakaariimme on kiistatta arvokas investointi.<\/p>\n<p>Ruostumaton ter\u00e4s (AISI 304) on eritt\u00e4in korroosionkest\u00e4v\u00e4 my\u00f6s ankarissa s\u00e4\u00e4olosuhteissa ja sit\u00e4 k\u00e4ytet\u00e4\u00e4n onnistuneesti my\u00f6s teollisuudessa, mukaan lukien elintarviketeollisuudessa.<\/p>\n<p>Luotamme tuotteidemme laatuun ja tarjoamme 24 kuukauden takuun kiillotetuille suojakaareille ja 12 kuukauden takuun mustaksi maalatuille suojakaarten pinnoitteille.<\/p>\n","protected":false},"excerpt":{"rendered":"<p>STEELER\u00ae suojakaaret on suunniteltu erityisesti korostamaan ajoneuvosi ainutlaatuista persoonallisuutta. Suojakaariin sis\u00e4ltyy t\u00e4ydellinen asennussarja ja selke\u00e4t asennusohjeet.<\/p>\n","protected":false},"featured_media":2742,"template":"","meta":{"_acf_changed":false},"mark-ja-mudel":[],"product_brand":[1291,1292,2095],"product_cat":[1062,1061],"product_tag":[],"class_list":{"0":"post-80960","1":"product","2":"type-product","3":"status-publish","4":"has-post-thumbnail","6":"product_brand-dodge","7":"product_brand-ram-1500","8":"product_brand-steeler-fi","9":"product_cat-e-hyvaksytyt-eturaudat","10":"product_cat-4x4-raudat","11":"product_shipping_class-tukku","13":"first","14":"instock","15":"taxable","16":"shipping-taxable","17":"purchasable","18":"product-type-variable"},"bundled_by":[],"bundle_stock_status":"instock","bundle_stock_quantity":null,"bundle_virtual":false,"bundle_layout":"","bundle_add_to_cart_form_location":"","bundle_editable_in_cart":false,"bundle_sold_individually_context":"","bundle_item_grouping":"","bundle_min_size":"","bundle_max_size":"","bundle_price":[],"bundled_items":[],"bundle_sell_ids":[],"acf":[],"yoast_head":"<!-- This site is optimized with the Yoast SEO plugin v27.5 - https:\/\/yoast.com\/product\/yoast-seo-wordpress\/ -->\n<title>RAM 1500 19+ etupuskurin suojakaari | STEELER | Castrum<\/title>\n<meta name=\"description\" content=\"RAM 1500 19+ etupuskurin suojakaari, A-suojakaari. E-hyv\u00e4ksytty etupuskurin suojakaari maastureihin. Ruostumaton ter\u00e4s, mattamusta. Asennussarja.\" \/>\n<meta name=\"robots\" content=\"index, follow, max-snippet:-1, max-image-preview:large, max-video-preview:-1\" \/>\n<link rel=\"canonical\" href=\"https:\/\/www.castrum.ee\/fi\/toode\/ram-1500-19-etupuskurin-suojakaari-a-suojakaari\/\" \/>\n<meta property=\"og:locale\" content=\"fi_FI\" \/>\n<meta property=\"og:type\" content=\"article\" \/>\n<meta property=\"og:title\" content=\"RAM 1500 19+ etupuskurin suojakaari | STEELER | Castrum\" \/>\n<meta property=\"og:description\" content=\"RAM 1500 19+ etupuskurin suojakaari, A-suojakaari. E-hyv\u00e4ksytty etupuskurin suojakaari maastureihin. Ruostumaton ter\u00e4s, mattamusta. Asennussarja.\" \/>\n<meta property=\"og:url\" content=\"https:\/\/www.castrum.ee\/fi\/toode\/ram-1500-19-etupuskurin-suojakaari-a-suojakaari\/\" \/>\n<meta property=\"og:site_name\" content=\"Castrum\" \/>\n<meta property=\"article:publisher\" content=\"https:\/\/www.facebook.com\/castrum.ee\" \/>\n<meta property=\"article:modified_time\" content=\"2026-05-11T10:43:18+00:00\" \/>\n<meta property=\"og:image\" content=\"https:\/\/www.castrum.ee\/wp-content\/uploads\/2025\/05\/IMG_9334.jpeg\" \/>\n\t<meta property=\"og:image:width\" content=\"1000\" \/>\n\t<meta property=\"og:image:height\" content=\"668\" \/>\n\t<meta property=\"og:image:type\" content=\"image\/jpeg\" \/>\n<meta name=\"twitter:card\" content=\"summary_large_image\" \/>\n<meta name=\"twitter:label1\" content=\"Arvioitu lukuaika\" \/>\n\t<meta name=\"twitter:data1\" content=\"1 minuutti\" \/>\n<script type=\"application\/ld+json\" class=\"yoast-schema-graph\">{\"@context\":\"https:\\\/\\\/schema.org\",\"@graph\":[{\"@type\":\"WebPage\",\"@id\":\"https:\\\/\\\/www.castrum.ee\\\/fi\\\/toode\\\/ram-1500-19-etupuskurin-suojakaari-a-suojakaari\\\/\",\"url\":\"https:\\\/\\\/www.castrum.ee\\\/fi\\\/toode\\\/ram-1500-19-etupuskurin-suojakaari-a-suojakaari\\\/\",\"name\":\"RAM 1500 19+ etupuskurin suojakaari | STEELER | Castrum\",\"isPartOf\":{\"@id\":\"https:\\\/\\\/www.castrum.ee\\\/fi\\\/#website\"},\"primaryImageOfPage\":{\"@id\":\"https:\\\/\\\/www.castrum.ee\\\/fi\\\/toode\\\/ram-1500-19-etupuskurin-suojakaari-a-suojakaari\\\/#primaryimage\"},\"image\":{\"@id\":\"https:\\\/\\\/www.castrum.ee\\\/fi\\\/toode\\\/ram-1500-19-etupuskurin-suojakaari-a-suojakaari\\\/#primaryimage\"},\"thumbnailUrl\":\"https:\\\/\\\/www.castrum.ee\\\/wp-content\\\/uploads\\\/2025\\\/05\\\/IMG_9334.jpeg\",\"datePublished\":\"2025-05-29T09:12:58+00:00\",\"dateModified\":\"2026-05-11T10:43:18+00:00\",\"description\":\"RAM 1500 19+ etupuskurin suojakaari, A-suojakaari. E-hyv\u00e4ksytty etupuskurin suojakaari maastureihin. Ruostumaton ter\u00e4s, mattamusta. Asennussarja.\",\"breadcrumb\":{\"@id\":\"https:\\\/\\\/www.castrum.ee\\\/fi\\\/toode\\\/ram-1500-19-etupuskurin-suojakaari-a-suojakaari\\\/#breadcrumb\"},\"inLanguage\":\"fi\",\"potentialAction\":[{\"@type\":\"ReadAction\",\"target\":[\"https:\\\/\\\/www.castrum.ee\\\/fi\\\/toode\\\/ram-1500-19-etupuskurin-suojakaari-a-suojakaari\\\/\"]}]},{\"@type\":\"ImageObject\",\"inLanguage\":\"fi\",\"@id\":\"https:\\\/\\\/www.castrum.ee\\\/fi\\\/toode\\\/ram-1500-19-etupuskurin-suojakaari-a-suojakaari\\\/#primaryimage\",\"url\":\"https:\\\/\\\/www.castrum.ee\\\/wp-content\\\/uploads\\\/2025\\\/05\\\/IMG_9334.jpeg\",\"contentUrl\":\"https:\\\/\\\/www.castrum.ee\\\/wp-content\\\/uploads\\\/2025\\\/05\\\/IMG_9334.jpeg\",\"width\":1000,\"height\":668},{\"@type\":\"BreadcrumbList\",\"@id\":\"https:\\\/\\\/www.castrum.ee\\\/fi\\\/toode\\\/ram-1500-19-etupuskurin-suojakaari-a-suojakaari\\\/#breadcrumb\",\"itemListElement\":[{\"@type\":\"ListItem\",\"position\":1,\"name\":\"Home\",\"item\":\"https:\\\/\\\/www.castrum.ee\\\/fi\\\/kotisivu\\\/\"},{\"@type\":\"ListItem\",\"position\":2,\"name\":\"Verkkokauppa\",\"item\":\"https:\\\/\\\/www.castrum.ee\\\/fi\\\/kauppa\\\/\"},{\"@type\":\"ListItem\",\"position\":3,\"name\":\"RAM 1500 19+ etupuskurin suojakaari, A-suojakaari\"}]},{\"@type\":\"WebSite\",\"@id\":\"https:\\\/\\\/www.castrum.ee\\\/fi\\\/#website\",\"url\":\"https:\\\/\\\/www.castrum.ee\\\/fi\\\/\",\"name\":\"Castrum\",\"description\":\"Maastoautojen, henkil\u00f6autojen ja pienvaunujen lis\u00e4varusteet\",\"publisher\":{\"@id\":\"https:\\\/\\\/www.castrum.ee\\\/fi\\\/#organization\"},\"potentialAction\":[{\"@type\":\"SearchAction\",\"target\":{\"@type\":\"EntryPoint\",\"urlTemplate\":\"https:\\\/\\\/www.castrum.ee\\\/fi\\\/?s={search_term_string}\"},\"query-input\":{\"@type\":\"PropertyValueSpecification\",\"valueRequired\":true,\"valueName\":\"search_term_string\"}}],\"inLanguage\":\"fi\"},{\"@type\":\"Organization\",\"@id\":\"https:\\\/\\\/www.castrum.ee\\\/fi\\\/#organization\",\"name\":\"Castrum Grupp O\u00dc\",\"url\":\"https:\\\/\\\/www.castrum.ee\\\/fi\\\/\",\"logo\":{\"@type\":\"ImageObject\",\"inLanguage\":\"fi\",\"@id\":\"https:\\\/\\\/www.castrum.ee\\\/fi\\\/#\\\/schema\\\/logo\\\/image\\\/\",\"url\":\"https:\\\/\\\/www.castrum.ee\\\/wp-content\\\/uploads\\\/2025\\\/03\\\/Castrum-logo-500.png\",\"contentUrl\":\"https:\\\/\\\/www.castrum.ee\\\/wp-content\\\/uploads\\\/2025\\\/03\\\/Castrum-logo-500.png\",\"width\":500,\"height\":250,\"caption\":\"Castrum Grupp O\u00dc\"},\"image\":{\"@id\":\"https:\\\/\\\/www.castrum.ee\\\/fi\\\/#\\\/schema\\\/logo\\\/image\\\/\"},\"sameAs\":[\"https:\\\/\\\/www.facebook.com\\\/castrum.ee\"]}]}<\/script>\n<!-- \/ Yoast SEO plugin. -->","yoast_head_json":{"title":"RAM 1500 19+ etupuskurin suojakaari | STEELER | Castrum","description":"RAM 1500 19+ etupuskurin suojakaari, A-suojakaari. E-hyv\u00e4ksytty etupuskurin suojakaari maastureihin. Ruostumaton ter\u00e4s, mattamusta. Asennussarja.","robots":{"index":"index","follow":"follow","max-snippet":"max-snippet:-1","max-image-preview":"max-image-preview:large","max-video-preview":"max-video-preview:-1"},"canonical":"https:\/\/www.castrum.ee\/fi\/toode\/ram-1500-19-etupuskurin-suojakaari-a-suojakaari\/","og_locale":"fi_FI","og_type":"article","og_title":"RAM 1500 19+ etupuskurin suojakaari | STEELER | Castrum","og_description":"RAM 1500 19+ etupuskurin suojakaari, A-suojakaari. E-hyv\u00e4ksytty etupuskurin suojakaari maastureihin. Ruostumaton ter\u00e4s, mattamusta. Asennussarja.","og_url":"https:\/\/www.castrum.ee\/fi\/toode\/ram-1500-19-etupuskurin-suojakaari-a-suojakaari\/","og_site_name":"Castrum","article_publisher":"https:\/\/www.facebook.com\/castrum.ee","article_modified_time":"2026-05-11T10:43:18+00:00","og_image":[{"width":1000,"height":668,"url":"https:\/\/www.castrum.ee\/wp-content\/uploads\/2025\/05\/IMG_9334.jpeg","type":"image\/jpeg"}],"twitter_card":"summary_large_image","twitter_misc":{"Arvioitu lukuaika":"1 minuutti"},"schema":{"@context":"https:\/\/schema.org","@graph":[{"@type":"WebPage","@id":"https:\/\/www.castrum.ee\/fi\/toode\/ram-1500-19-etupuskurin-suojakaari-a-suojakaari\/","url":"https:\/\/www.castrum.ee\/fi\/toode\/ram-1500-19-etupuskurin-suojakaari-a-suojakaari\/","name":"RAM 1500 19+ etupuskurin suojakaari | STEELER | Castrum","isPartOf":{"@id":"https:\/\/www.castrum.ee\/fi\/#website"},"primaryImageOfPage":{"@id":"https:\/\/www.castrum.ee\/fi\/toode\/ram-1500-19-etupuskurin-suojakaari-a-suojakaari\/#primaryimage"},"image":{"@id":"https:\/\/www.castrum.ee\/fi\/toode\/ram-1500-19-etupuskurin-suojakaari-a-suojakaari\/#primaryimage"},"thumbnailUrl":"https:\/\/www.castrum.ee\/wp-content\/uploads\/2025\/05\/IMG_9334.jpeg","datePublished":"2025-05-29T09:12:58+00:00","dateModified":"2026-05-11T10:43:18+00:00","description":"RAM 1500 19+ etupuskurin suojakaari, A-suojakaari. E-hyv\u00e4ksytty etupuskurin suojakaari maastureihin. Ruostumaton ter\u00e4s, mattamusta. Asennussarja.","breadcrumb":{"@id":"https:\/\/www.castrum.ee\/fi\/toode\/ram-1500-19-etupuskurin-suojakaari-a-suojakaari\/#breadcrumb"},"inLanguage":"fi","potentialAction":[{"@type":"ReadAction","target":["https:\/\/www.castrum.ee\/fi\/toode\/ram-1500-19-etupuskurin-suojakaari-a-suojakaari\/"]}]},{"@type":"ImageObject","inLanguage":"fi","@id":"https:\/\/www.castrum.ee\/fi\/toode\/ram-1500-19-etupuskurin-suojakaari-a-suojakaari\/#primaryimage","url":"https:\/\/www.castrum.ee\/wp-content\/uploads\/2025\/05\/IMG_9334.jpeg","contentUrl":"https:\/\/www.castrum.ee\/wp-content\/uploads\/2025\/05\/IMG_9334.jpeg","width":1000,"height":668},{"@type":"BreadcrumbList","@id":"https:\/\/www.castrum.ee\/fi\/toode\/ram-1500-19-etupuskurin-suojakaari-a-suojakaari\/#breadcrumb","itemListElement":[{"@type":"ListItem","position":1,"name":"Home","item":"https:\/\/www.castrum.ee\/fi\/kotisivu\/"},{"@type":"ListItem","position":2,"name":"Verkkokauppa","item":"https:\/\/www.castrum.ee\/fi\/kauppa\/"},{"@type":"ListItem","position":3,"name":"RAM 1500 19+ etupuskurin suojakaari, A-suojakaari"}]},{"@type":"WebSite","@id":"https:\/\/www.castrum.ee\/fi\/#website","url":"https:\/\/www.castrum.ee\/fi\/","name":"Castrum","description":"Maastoautojen, henkil\u00f6autojen ja pienvaunujen lis\u00e4varusteet","publisher":{"@id":"https:\/\/www.castrum.ee\/fi\/#organization"},"potentialAction":[{"@type":"SearchAction","target":{"@type":"EntryPoint","urlTemplate":"https:\/\/www.castrum.ee\/fi\/?s={search_term_string}"},"query-input":{"@type":"PropertyValueSpecification","valueRequired":true,"valueName":"search_term_string"}}],"inLanguage":"fi"},{"@type":"Organization","@id":"https:\/\/www.castrum.ee\/fi\/#organization","name":"Castrum Grupp O\u00dc","url":"https:\/\/www.castrum.ee\/fi\/","logo":{"@type":"ImageObject","inLanguage":"fi","@id":"https:\/\/www.castrum.ee\/fi\/#\/schema\/logo\/image\/","url":"https:\/\/www.castrum.ee\/wp-content\/uploads\/2025\/03\/Castrum-logo-500.png","contentUrl":"https:\/\/www.castrum.ee\/wp-content\/uploads\/2025\/03\/Castrum-logo-500.png","width":500,"height":250,"caption":"Castrum Grupp O\u00dc"},"image":{"@id":"https:\/\/www.castrum.ee\/fi\/#\/schema\/logo\/image\/"},"sameAs":["https:\/\/www.facebook.com\/castrum.ee"]}]}},"_links":{"self":[{"href":"https:\/\/www.castrum.ee\/fi\/wp-json\/wp\/v2\/product\/80960","targetHints":{"allow":["GET"]}}],"collection":[{"href":"https:\/\/www.castrum.ee\/fi\/wp-json\/wp\/v2\/product"}],"about":[{"href":"https:\/\/www.castrum.ee\/fi\/wp-json\/wp\/v2\/types\/product"}],"wp:featuredmedia":[{"embeddable":true,"href":"https:\/\/www.castrum.ee\/fi\/wp-json\/wp\/v2\/media\/2742"}],"wp:attachment":[{"href":"https:\/\/www.castrum.ee\/fi\/wp-json\/wp\/v2\/media?parent=80960"}],"wp:term":[{"taxonomy":"mark-ja-mudel","embeddable":true,"href":"https:\/\/www.castrum.ee\/fi\/wp-json\/wp\/v2\/mark-ja-mudel?post=80960"},{"taxonomy":"product_brand","embeddable":true,"href":"https:\/\/www.castrum.ee\/fi\/wp-json\/wp\/v2\/product_brand?post=80960"},{"taxonomy":"product_cat","embeddable":true,"href":"https:\/\/www.castrum.ee\/fi\/wp-json\/wp\/v2\/product_cat?post=80960"},{"taxonomy":"product_tag","embeddable":true,"href":"https:\/\/www.castrum.ee\/fi\/wp-json\/wp\/v2\/product_tag?post=80960"}],"curies":[{"name":"wp","href":"https:\/\/api.w.org\/{rel}","templated":true}]}}