{"id":80968,"date":"2025-05-29T09:12:37","date_gmt":"2025-05-29T09:12:37","guid":{"rendered":"https:\/\/www.castrum.ee\/toode\/custom-18-etupuskurin-suojakaari-a-kaari-qkywie\/"},"modified":"2026-05-11T13:43:32","modified_gmt":"2026-05-11T10:43:32","slug":"custom-18-etupuskurin-suojakaari-a-kaari","status":"publish","type":"product","link":"https:\/\/www.castrum.ee\/fi\/toode\/custom-18-etupuskurin-suojakaari-a-kaari\/","title":{"rendered":"Custom 18+ etupuskurin suojakaari, A-kaari"},"content":{"rendered":"<p>STEELER\u00ae ruostumattomasta ter\u00e4ksest\u00e4 valmistettu suojakaari<\/p>\n<p>STEELER\u00ae suojakaaret on suunniteltu erityisesti korostamaan ajoneuvosi ainutlaatuista luonnetta.<\/p>\n<p>Leve\u00e4t 70 mm l\u00e4pimittaiset ja 2 mm paksut suojakaaret on valmistettu ruostumattomasta ter\u00e4ksest\u00e4 ja k\u00e4sinpoleertu kest\u00e4vyyden takaamiseksi sek\u00e4 lis\u00e4suojan antamiseksi ajoneuvon t\u00e4rkeille osille. Ne antavat ajoneuvolle tyylikk\u00e4\u00e4n ja voimakkaan ulkon\u00e4\u00f6n, jolloin se erottuu joukosta.<\/p>\n<p>Suojakaaria toimitetaan t\u00e4ydellisell\u00e4 asennussarjalla ja selkeill\u00e4 asennusohjeilla.<\/p>\n<p>Etusuojakaari on EU-tyyppihyv\u00e4ksytty \u2013 se on suunniteltu uusimpien EU-standardien mukaisesti ja t\u00e4ytt\u00e4\u00e4 direktiivin 78\/2009\/EC vaatimukset. T\u00e4m\u00e4 tarkoittaa, ett\u00e4 tuotteemme t\u00e4ytt\u00e4v\u00e4t korkeimmat turvallisuusstandardit ja ovat onnistuneesti l\u00e4p\u00e4isseet kaikki sertifiointitestit, mukaan lukien jalankulkijoiden turvallisuuteen liittyv\u00e4t testit.<\/p>\n<p>Jos haluat, ett\u00e4 ajoneuvosi erottuu joukosta s\u00e4ilytt\u00e4en samalla sen t\u00e4ydellisen muodon, suojakaarimme ovat ehdottomasti ansaitsevat investoinnit.<\/p>\n<p>Ruostumaton ter\u00e4s (AISI 304) on eritt\u00e4in korroosiota kest\u00e4v\u00e4 my\u00f6s vaikeissa s\u00e4\u00e4olosuhteissa ja sit\u00e4 k\u00e4ytet\u00e4\u00e4n menestyksekk\u00e4\u00e4sti my\u00f6s teollisuudessa, mukaan lukien elintarviketeollisuudessa.<\/p>\n<p>Uskomme tuotteidemme laatuun ja tarjoamme 24 kuukauden takuuta poleiruille suojakaareille ja 12 kuukauden takuuta mustaksi maalatuille suojakaareille.<\/p>\n","protected":false},"excerpt":{"rendered":"<p>STEELER\u00ae suojakaaret on suunniteltu erityisesti korostamaan ajoneuvosi ainutlaatuista luonnetta. Suojakaaria toimitetaan t\u00e4ydellisell\u00e4 asennussarjalla ja selkeill\u00e4 asennusohjeilla.<\/p>\n","protected":false},"featured_media":2706,"template":"","meta":{"_acf_changed":false},"mark-ja-mudel":[],"product_brand":[1288,1286,2095,1289],"product_cat":[1062,1061],"product_tag":[],"class_list":{"0":"post-80968","1":"product","2":"type-product","3":"status-publish","4":"has-post-thumbnail","6":"product_brand-custom","7":"product_brand-ford","8":"product_brand-steeler-fi","9":"product_brand-transit-custom","10":"product_cat-e-hyvaksytyt-eturaudat","11":"product_cat-4x4-raudat","12":"product_shipping_class-tukku","14":"first","15":"instock","16":"taxable","17":"shipping-taxable","18":"purchasable","19":"product-type-variable"},"bundled_by":[],"bundle_stock_status":"instock","bundle_stock_quantity":null,"bundle_virtual":false,"bundle_layout":"","bundle_add_to_cart_form_location":"","bundle_editable_in_cart":false,"bundle_sold_individually_context":"","bundle_item_grouping":"","bundle_min_size":"","bundle_max_size":"","bundle_price":[],"bundled_items":[],"bundle_sell_ids":[],"acf":[],"yoast_head":"<!-- This site is optimized with the Yoast SEO plugin v27.5 - https:\/\/yoast.com\/product\/yoast-seo-wordpress\/ -->\n<title>Custom 18+ etupuskurin suojakaari | STEELER | Castrum<\/title>\n<meta name=\"description\" content=\"Custom 18+ etupuskurin suojakaari, E-hyv\u00e4ksytty A-kaari. Ruostumaton ter\u00e4s, etuhelmaputki. Maasturit ja lava-autot.\" \/>\n<meta name=\"robots\" content=\"index, follow, max-snippet:-1, max-image-preview:large, max-video-preview:-1\" \/>\n<link rel=\"canonical\" href=\"https:\/\/www.castrum.ee\/fi\/toode\/custom-18-etupuskurin-suojakaari-a-kaari\/\" \/>\n<meta property=\"og:locale\" content=\"fi_FI\" \/>\n<meta property=\"og:type\" content=\"article\" \/>\n<meta property=\"og:title\" content=\"Custom 18+ etupuskurin suojakaari | STEELER | Castrum\" \/>\n<meta property=\"og:description\" content=\"Custom 18+ etupuskurin suojakaari, E-hyv\u00e4ksytty A-kaari. Ruostumaton ter\u00e4s, etuhelmaputki. Maasturit ja lava-autot.\" \/>\n<meta property=\"og:url\" content=\"https:\/\/www.castrum.ee\/fi\/toode\/custom-18-etupuskurin-suojakaari-a-kaari\/\" \/>\n<meta property=\"og:site_name\" content=\"Castrum\" \/>\n<meta property=\"article:publisher\" content=\"https:\/\/www.facebook.com\/castrum.ee\" \/>\n<meta property=\"article:modified_time\" content=\"2026-05-11T10:43:32+00:00\" \/>\n<meta property=\"og:image\" content=\"https:\/\/www.castrum.ee\/wp-content\/uploads\/2025\/05\/IMG_9307.jpeg\" \/>\n\t<meta property=\"og:image:width\" content=\"1000\" \/>\n\t<meta property=\"og:image:height\" content=\"666\" \/>\n\t<meta property=\"og:image:type\" content=\"image\/jpeg\" \/>\n<meta name=\"twitter:card\" content=\"summary_large_image\" \/>\n<meta name=\"twitter:label1\" content=\"Arvioitu lukuaika\" \/>\n\t<meta name=\"twitter:data1\" content=\"1 minuutti\" \/>\n<script type=\"application\/ld+json\" class=\"yoast-schema-graph\">{\"@context\":\"https:\\\/\\\/schema.org\",\"@graph\":[{\"@type\":\"WebPage\",\"@id\":\"https:\\\/\\\/www.castrum.ee\\\/fi\\\/toode\\\/custom-18-etupuskurin-suojakaari-a-kaari\\\/\",\"url\":\"https:\\\/\\\/www.castrum.ee\\\/fi\\\/toode\\\/custom-18-etupuskurin-suojakaari-a-kaari\\\/\",\"name\":\"Custom 18+ etupuskurin suojakaari | STEELER | Castrum\",\"isPartOf\":{\"@id\":\"https:\\\/\\\/www.castrum.ee\\\/fi\\\/#website\"},\"primaryImageOfPage\":{\"@id\":\"https:\\\/\\\/www.castrum.ee\\\/fi\\\/toode\\\/custom-18-etupuskurin-suojakaari-a-kaari\\\/#primaryimage\"},\"image\":{\"@id\":\"https:\\\/\\\/www.castrum.ee\\\/fi\\\/toode\\\/custom-18-etupuskurin-suojakaari-a-kaari\\\/#primaryimage\"},\"thumbnailUrl\":\"https:\\\/\\\/www.castrum.ee\\\/wp-content\\\/uploads\\\/2025\\\/05\\\/IMG_9307.jpeg\",\"datePublished\":\"2025-05-29T09:12:37+00:00\",\"dateModified\":\"2026-05-11T10:43:32+00:00\",\"description\":\"Custom 18+ etupuskurin suojakaari, E-hyv\u00e4ksytty A-kaari. Ruostumaton ter\u00e4s, etuhelmaputki. Maasturit ja lava-autot.\",\"breadcrumb\":{\"@id\":\"https:\\\/\\\/www.castrum.ee\\\/fi\\\/toode\\\/custom-18-etupuskurin-suojakaari-a-kaari\\\/#breadcrumb\"},\"inLanguage\":\"fi\",\"potentialAction\":[{\"@type\":\"ReadAction\",\"target\":[\"https:\\\/\\\/www.castrum.ee\\\/fi\\\/toode\\\/custom-18-etupuskurin-suojakaari-a-kaari\\\/\"]}]},{\"@type\":\"ImageObject\",\"inLanguage\":\"fi\",\"@id\":\"https:\\\/\\\/www.castrum.ee\\\/fi\\\/toode\\\/custom-18-etupuskurin-suojakaari-a-kaari\\\/#primaryimage\",\"url\":\"https:\\\/\\\/www.castrum.ee\\\/wp-content\\\/uploads\\\/2025\\\/05\\\/IMG_9307.jpeg\",\"contentUrl\":\"https:\\\/\\\/www.castrum.ee\\\/wp-content\\\/uploads\\\/2025\\\/05\\\/IMG_9307.jpeg\",\"width\":1000,\"height\":666},{\"@type\":\"BreadcrumbList\",\"@id\":\"https:\\\/\\\/www.castrum.ee\\\/fi\\\/toode\\\/custom-18-etupuskurin-suojakaari-a-kaari\\\/#breadcrumb\",\"itemListElement\":[{\"@type\":\"ListItem\",\"position\":1,\"name\":\"Home\",\"item\":\"https:\\\/\\\/www.castrum.ee\\\/fi\\\/kotisivu\\\/\"},{\"@type\":\"ListItem\",\"position\":2,\"name\":\"Verkkokauppa\",\"item\":\"https:\\\/\\\/www.castrum.ee\\\/fi\\\/kauppa\\\/\"},{\"@type\":\"ListItem\",\"position\":3,\"name\":\"Custom 18+ etupuskurin suojakaari, A-kaari\"}]},{\"@type\":\"WebSite\",\"@id\":\"https:\\\/\\\/www.castrum.ee\\\/fi\\\/#website\",\"url\":\"https:\\\/\\\/www.castrum.ee\\\/fi\\\/\",\"name\":\"Castrum\",\"description\":\"Maastoautojen, henkil\u00f6autojen ja pienvaunujen lis\u00e4varusteet\",\"publisher\":{\"@id\":\"https:\\\/\\\/www.castrum.ee\\\/fi\\\/#organization\"},\"potentialAction\":[{\"@type\":\"SearchAction\",\"target\":{\"@type\":\"EntryPoint\",\"urlTemplate\":\"https:\\\/\\\/www.castrum.ee\\\/fi\\\/?s={search_term_string}\"},\"query-input\":{\"@type\":\"PropertyValueSpecification\",\"valueRequired\":true,\"valueName\":\"search_term_string\"}}],\"inLanguage\":\"fi\"},{\"@type\":\"Organization\",\"@id\":\"https:\\\/\\\/www.castrum.ee\\\/fi\\\/#organization\",\"name\":\"Castrum Grupp O\u00dc\",\"url\":\"https:\\\/\\\/www.castrum.ee\\\/fi\\\/\",\"logo\":{\"@type\":\"ImageObject\",\"inLanguage\":\"fi\",\"@id\":\"https:\\\/\\\/www.castrum.ee\\\/fi\\\/#\\\/schema\\\/logo\\\/image\\\/\",\"url\":\"https:\\\/\\\/www.castrum.ee\\\/wp-content\\\/uploads\\\/2025\\\/03\\\/Castrum-logo-500.png\",\"contentUrl\":\"https:\\\/\\\/www.castrum.ee\\\/wp-content\\\/uploads\\\/2025\\\/03\\\/Castrum-logo-500.png\",\"width\":500,\"height\":250,\"caption\":\"Castrum Grupp O\u00dc\"},\"image\":{\"@id\":\"https:\\\/\\\/www.castrum.ee\\\/fi\\\/#\\\/schema\\\/logo\\\/image\\\/\"},\"sameAs\":[\"https:\\\/\\\/www.facebook.com\\\/castrum.ee\"]}]}<\/script>\n<!-- \/ Yoast SEO plugin. -->","yoast_head_json":{"title":"Custom 18+ etupuskurin suojakaari | STEELER | Castrum","description":"Custom 18+ etupuskurin suojakaari, E-hyv\u00e4ksytty A-kaari. Ruostumaton ter\u00e4s, etuhelmaputki. Maasturit ja lava-autot.","robots":{"index":"index","follow":"follow","max-snippet":"max-snippet:-1","max-image-preview":"max-image-preview:large","max-video-preview":"max-video-preview:-1"},"canonical":"https:\/\/www.castrum.ee\/fi\/toode\/custom-18-etupuskurin-suojakaari-a-kaari\/","og_locale":"fi_FI","og_type":"article","og_title":"Custom 18+ etupuskurin suojakaari | STEELER | Castrum","og_description":"Custom 18+ etupuskurin suojakaari, E-hyv\u00e4ksytty A-kaari. Ruostumaton ter\u00e4s, etuhelmaputki. Maasturit ja lava-autot.","og_url":"https:\/\/www.castrum.ee\/fi\/toode\/custom-18-etupuskurin-suojakaari-a-kaari\/","og_site_name":"Castrum","article_publisher":"https:\/\/www.facebook.com\/castrum.ee","article_modified_time":"2026-05-11T10:43:32+00:00","og_image":[{"width":1000,"height":666,"url":"https:\/\/www.castrum.ee\/wp-content\/uploads\/2025\/05\/IMG_9307.jpeg","type":"image\/jpeg"}],"twitter_card":"summary_large_image","twitter_misc":{"Arvioitu lukuaika":"1 minuutti"},"schema":{"@context":"https:\/\/schema.org","@graph":[{"@type":"WebPage","@id":"https:\/\/www.castrum.ee\/fi\/toode\/custom-18-etupuskurin-suojakaari-a-kaari\/","url":"https:\/\/www.castrum.ee\/fi\/toode\/custom-18-etupuskurin-suojakaari-a-kaari\/","name":"Custom 18+ etupuskurin suojakaari | STEELER | Castrum","isPartOf":{"@id":"https:\/\/www.castrum.ee\/fi\/#website"},"primaryImageOfPage":{"@id":"https:\/\/www.castrum.ee\/fi\/toode\/custom-18-etupuskurin-suojakaari-a-kaari\/#primaryimage"},"image":{"@id":"https:\/\/www.castrum.ee\/fi\/toode\/custom-18-etupuskurin-suojakaari-a-kaari\/#primaryimage"},"thumbnailUrl":"https:\/\/www.castrum.ee\/wp-content\/uploads\/2025\/05\/IMG_9307.jpeg","datePublished":"2025-05-29T09:12:37+00:00","dateModified":"2026-05-11T10:43:32+00:00","description":"Custom 18+ etupuskurin suojakaari, E-hyv\u00e4ksytty A-kaari. Ruostumaton ter\u00e4s, etuhelmaputki. Maasturit ja lava-autot.","breadcrumb":{"@id":"https:\/\/www.castrum.ee\/fi\/toode\/custom-18-etupuskurin-suojakaari-a-kaari\/#breadcrumb"},"inLanguage":"fi","potentialAction":[{"@type":"ReadAction","target":["https:\/\/www.castrum.ee\/fi\/toode\/custom-18-etupuskurin-suojakaari-a-kaari\/"]}]},{"@type":"ImageObject","inLanguage":"fi","@id":"https:\/\/www.castrum.ee\/fi\/toode\/custom-18-etupuskurin-suojakaari-a-kaari\/#primaryimage","url":"https:\/\/www.castrum.ee\/wp-content\/uploads\/2025\/05\/IMG_9307.jpeg","contentUrl":"https:\/\/www.castrum.ee\/wp-content\/uploads\/2025\/05\/IMG_9307.jpeg","width":1000,"height":666},{"@type":"BreadcrumbList","@id":"https:\/\/www.castrum.ee\/fi\/toode\/custom-18-etupuskurin-suojakaari-a-kaari\/#breadcrumb","itemListElement":[{"@type":"ListItem","position":1,"name":"Home","item":"https:\/\/www.castrum.ee\/fi\/kotisivu\/"},{"@type":"ListItem","position":2,"name":"Verkkokauppa","item":"https:\/\/www.castrum.ee\/fi\/kauppa\/"},{"@type":"ListItem","position":3,"name":"Custom 18+ etupuskurin suojakaari, A-kaari"}]},{"@type":"WebSite","@id":"https:\/\/www.castrum.ee\/fi\/#website","url":"https:\/\/www.castrum.ee\/fi\/","name":"Castrum","description":"Maastoautojen, henkil\u00f6autojen ja pienvaunujen lis\u00e4varusteet","publisher":{"@id":"https:\/\/www.castrum.ee\/fi\/#organization"},"potentialAction":[{"@type":"SearchAction","target":{"@type":"EntryPoint","urlTemplate":"https:\/\/www.castrum.ee\/fi\/?s={search_term_string}"},"query-input":{"@type":"PropertyValueSpecification","valueRequired":true,"valueName":"search_term_string"}}],"inLanguage":"fi"},{"@type":"Organization","@id":"https:\/\/www.castrum.ee\/fi\/#organization","name":"Castrum Grupp O\u00dc","url":"https:\/\/www.castrum.ee\/fi\/","logo":{"@type":"ImageObject","inLanguage":"fi","@id":"https:\/\/www.castrum.ee\/fi\/#\/schema\/logo\/image\/","url":"https:\/\/www.castrum.ee\/wp-content\/uploads\/2025\/03\/Castrum-logo-500.png","contentUrl":"https:\/\/www.castrum.ee\/wp-content\/uploads\/2025\/03\/Castrum-logo-500.png","width":500,"height":250,"caption":"Castrum Grupp O\u00dc"},"image":{"@id":"https:\/\/www.castrum.ee\/fi\/#\/schema\/logo\/image\/"},"sameAs":["https:\/\/www.facebook.com\/castrum.ee"]}]}},"_links":{"self":[{"href":"https:\/\/www.castrum.ee\/fi\/wp-json\/wp\/v2\/product\/80968","targetHints":{"allow":["GET"]}}],"collection":[{"href":"https:\/\/www.castrum.ee\/fi\/wp-json\/wp\/v2\/product"}],"about":[{"href":"https:\/\/www.castrum.ee\/fi\/wp-json\/wp\/v2\/types\/product"}],"wp:featuredmedia":[{"embeddable":true,"href":"https:\/\/www.castrum.ee\/fi\/wp-json\/wp\/v2\/media\/2706"}],"wp:attachment":[{"href":"https:\/\/www.castrum.ee\/fi\/wp-json\/wp\/v2\/media?parent=80968"}],"wp:term":[{"taxonomy":"mark-ja-mudel","embeddable":true,"href":"https:\/\/www.castrum.ee\/fi\/wp-json\/wp\/v2\/mark-ja-mudel?post=80968"},{"taxonomy":"product_brand","embeddable":true,"href":"https:\/\/www.castrum.ee\/fi\/wp-json\/wp\/v2\/product_brand?post=80968"},{"taxonomy":"product_cat","embeddable":true,"href":"https:\/\/www.castrum.ee\/fi\/wp-json\/wp\/v2\/product_cat?post=80968"},{"taxonomy":"product_tag","embeddable":true,"href":"https:\/\/www.castrum.ee\/fi\/wp-json\/wp\/v2\/product_tag?post=80968"}],"curies":[{"name":"wp","href":"https:\/\/api.w.org\/{rel}","templated":true}]}}