{"id":80989,"date":"2025-05-29T09:11:10","date_gmt":"2025-05-29T09:11:10","guid":{"rendered":"https:\/\/www.castrum.ee\/toode\/toyota-hilux-invincible-21-etupuskurin-suojakaari-a-profiili-y34mvq\/"},"modified":"2026-05-11T13:44:09","modified_gmt":"2026-05-11T10:44:09","slug":"toyota-hilux-invincible-21-etupuskurin-suojakaari-a-profiili","status":"publish","type":"product","link":"https:\/\/www.castrum.ee\/fi\/toode\/toyota-hilux-invincible-21-etupuskurin-suojakaari-a-profiili\/","title":{"rendered":"Toyota Hilux Invincible 21+ etupuskurin suojakaari, A-profiili"},"content":{"rendered":"<p>STEELER\u00ae ruostumattomasta ter\u00e4ksest\u00e4 valmistettu suojakaari<\/p>\n<p>STEELER\u00ae suojakaaret on suunniteltu korostamaan ajoneuvosi ainutlaatuista luonnetta.<\/p>\n<p>Leve\u00e4t \u00d8 70 mm ja 2 mm paksut suojakaaret on valmistettu ruostumattomasta ter\u00e4ksest\u00e4 ja k\u00e4sity\u00f6n\u00e4 kiillotettu, mik\u00e4 takaa kest\u00e4vyyden ja antaa lis\u00e4suojaa auton t\u00e4rkeille osille. Ne antavat ajoneuvolle tyylikk\u00e4\u00e4n ja voimakkaan ulkon\u00e4\u00f6n, joka tekee siit\u00e4 joukosta erottuvan.<\/p>\n<p>Suojakaarten mukana tulee t\u00e4ydellinen asennussarja ja helppo asennusohje.<\/p>\n<p>Etusuojakaari on EU-tyyppihyv\u00e4ksytty \u2013 se on suunniteltu uusimpien EU-standardien mukaisesti ja t\u00e4ytt\u00e4\u00e4 asetuksen 78\/2009\/EC vaatimukset. T\u00e4m\u00e4 tarkoittaa, ett\u00e4 tuotteemme t\u00e4ytt\u00e4v\u00e4t korkeimmat turvallisuusstandardit ja ovat onnistuneesti l\u00e4p\u00e4isseet kaikki sertifiointitestit, mukaan lukien jalankulkijoiden turvallisuus.<\/p>\n<p>Jos haluat, ett\u00e4 ajoneuvosi erottuu joukosta s\u00e4ilytt\u00e4en samalla sen t\u00e4ydellisen muodon, suojakaariemme ovat kiistatta arvokkaan investoinnin arvoinen.<\/p>\n<p>Ruostumaton ter\u00e4s (AISI 304) on eritt\u00e4in korroosionkest\u00e4v\u00e4 my\u00f6s kovissa s\u00e4\u00e4olosuhteissa ja sit\u00e4 k\u00e4ytet\u00e4\u00e4n menestyksekk\u00e4\u00e4sti my\u00f6s teollisuudessa, mukaan lukien elintarviketeollisuudessa.<\/p>\n<p>Luotamme tuotteidemme laatuun tarjoamalla 24 kuukauden takuuta kiillotettuihin suojakaarten ja 12 kuukauden takuuta mustaksi maalattujen suojakaarten pintak\u00e4sittelyyn.<\/p>\n","protected":false},"excerpt":{"rendered":"<p>STEELER\u00ae suojakaaret on suunniteltu korostamaan ajoneuvosi ainutlaatuista luonnetta. Suojakaarten mukana tulee t\u00e4ydellinen asennussarja ja helppo asennusohje.<\/p>\n","protected":false},"featured_media":2594,"template":"","meta":{"_acf_changed":false},"mark-ja-mudel":[],"product_brand":[1278,2095,1277],"product_cat":[1062,1061],"product_tag":[],"class_list":{"0":"post-80989","1":"product","2":"type-product","3":"status-publish","4":"has-post-thumbnail","6":"product_brand-hilux","7":"product_brand-steeler-fi","8":"product_brand-toyota","9":"product_cat-e-hyvaksytyt-eturaudat","10":"product_cat-4x4-raudat","11":"product_shipping_class-tukku","13":"first","14":"instock","15":"taxable","16":"shipping-taxable","17":"purchasable","18":"product-type-variable"},"bundled_by":[],"bundle_stock_status":"instock","bundle_stock_quantity":null,"bundle_virtual":false,"bundle_layout":"","bundle_add_to_cart_form_location":"","bundle_editable_in_cart":false,"bundle_sold_individually_context":"","bundle_item_grouping":"","bundle_min_size":"","bundle_max_size":"","bundle_price":[],"bundled_items":[],"bundle_sell_ids":[],"acf":[],"yoast_head":"<!-- This site is optimized with the Yoast SEO plugin v27.5 - https:\/\/yoast.com\/product\/yoast-seo-wordpress\/ -->\n<title>Toyota Hilux Invincible 21+ etupuskurin suojakaari | Castrum<\/title>\n<meta name=\"description\" content=\"Toyota Hilux Invincible 21+ etupuskurin suojakaari, E-hyv\u00e4ksytty. Etupuskurin suojakaaret, ruostumaton ter\u00e4s. Maastoauto- ja 4x4-lis\u00e4varustus.\" \/>\n<meta name=\"robots\" content=\"index, follow, max-snippet:-1, max-image-preview:large, max-video-preview:-1\" \/>\n<link rel=\"canonical\" href=\"https:\/\/www.castrum.ee\/fi\/toode\/toyota-hilux-invincible-21-etupuskurin-suojakaari-a-profiili\/\" \/>\n<meta property=\"og:locale\" content=\"fi_FI\" \/>\n<meta property=\"og:type\" content=\"article\" \/>\n<meta property=\"og:title\" content=\"Toyota Hilux Invincible 21+ etupuskurin suojakaari | Castrum\" \/>\n<meta property=\"og:description\" content=\"Toyota Hilux Invincible 21+ etupuskurin suojakaari, E-hyv\u00e4ksytty. Etupuskurin suojakaaret, ruostumaton ter\u00e4s. Maastoauto- ja 4x4-lis\u00e4varustus.\" \/>\n<meta property=\"og:url\" content=\"https:\/\/www.castrum.ee\/fi\/toode\/toyota-hilux-invincible-21-etupuskurin-suojakaari-a-profiili\/\" \/>\n<meta property=\"og:site_name\" content=\"Castrum\" \/>\n<meta property=\"article:publisher\" content=\"https:\/\/www.facebook.com\/castrum.ee\" \/>\n<meta property=\"article:modified_time\" content=\"2026-05-11T10:44:09+00:00\" \/>\n<meta property=\"og:image\" content=\"https:\/\/www.castrum.ee\/wp-content\/uploads\/2025\/05\/IMG_9252.jpeg\" \/>\n\t<meta property=\"og:image:width\" content=\"1000\" \/>\n\t<meta property=\"og:image:height\" content=\"562\" \/>\n\t<meta property=\"og:image:type\" content=\"image\/jpeg\" \/>\n<meta name=\"twitter:card\" content=\"summary_large_image\" \/>\n<meta name=\"twitter:label1\" content=\"Arvioitu lukuaika\" \/>\n\t<meta name=\"twitter:data1\" content=\"1 minuutti\" \/>\n<script type=\"application\/ld+json\" class=\"yoast-schema-graph\">{\"@context\":\"https:\\\/\\\/schema.org\",\"@graph\":[{\"@type\":\"WebPage\",\"@id\":\"https:\\\/\\\/www.castrum.ee\\\/fi\\\/toode\\\/toyota-hilux-invincible-21-etupuskurin-suojakaari-a-profiili\\\/\",\"url\":\"https:\\\/\\\/www.castrum.ee\\\/fi\\\/toode\\\/toyota-hilux-invincible-21-etupuskurin-suojakaari-a-profiili\\\/\",\"name\":\"Toyota Hilux Invincible 21+ etupuskurin suojakaari | Castrum\",\"isPartOf\":{\"@id\":\"https:\\\/\\\/www.castrum.ee\\\/fi\\\/#website\"},\"primaryImageOfPage\":{\"@id\":\"https:\\\/\\\/www.castrum.ee\\\/fi\\\/toode\\\/toyota-hilux-invincible-21-etupuskurin-suojakaari-a-profiili\\\/#primaryimage\"},\"image\":{\"@id\":\"https:\\\/\\\/www.castrum.ee\\\/fi\\\/toode\\\/toyota-hilux-invincible-21-etupuskurin-suojakaari-a-profiili\\\/#primaryimage\"},\"thumbnailUrl\":\"https:\\\/\\\/www.castrum.ee\\\/wp-content\\\/uploads\\\/2025\\\/05\\\/IMG_9252.jpeg\",\"datePublished\":\"2025-05-29T09:11:10+00:00\",\"dateModified\":\"2026-05-11T10:44:09+00:00\",\"description\":\"Toyota Hilux Invincible 21+ etupuskurin suojakaari, E-hyv\u00e4ksytty. Etupuskurin suojakaaret, ruostumaton ter\u00e4s. Maastoauto- ja 4x4-lis\u00e4varustus.\",\"breadcrumb\":{\"@id\":\"https:\\\/\\\/www.castrum.ee\\\/fi\\\/toode\\\/toyota-hilux-invincible-21-etupuskurin-suojakaari-a-profiili\\\/#breadcrumb\"},\"inLanguage\":\"fi\",\"potentialAction\":[{\"@type\":\"ReadAction\",\"target\":[\"https:\\\/\\\/www.castrum.ee\\\/fi\\\/toode\\\/toyota-hilux-invincible-21-etupuskurin-suojakaari-a-profiili\\\/\"]}]},{\"@type\":\"ImageObject\",\"inLanguage\":\"fi\",\"@id\":\"https:\\\/\\\/www.castrum.ee\\\/fi\\\/toode\\\/toyota-hilux-invincible-21-etupuskurin-suojakaari-a-profiili\\\/#primaryimage\",\"url\":\"https:\\\/\\\/www.castrum.ee\\\/wp-content\\\/uploads\\\/2025\\\/05\\\/IMG_9252.jpeg\",\"contentUrl\":\"https:\\\/\\\/www.castrum.ee\\\/wp-content\\\/uploads\\\/2025\\\/05\\\/IMG_9252.jpeg\",\"width\":1000,\"height\":562},{\"@type\":\"BreadcrumbList\",\"@id\":\"https:\\\/\\\/www.castrum.ee\\\/fi\\\/toode\\\/toyota-hilux-invincible-21-etupuskurin-suojakaari-a-profiili\\\/#breadcrumb\",\"itemListElement\":[{\"@type\":\"ListItem\",\"position\":1,\"name\":\"Home\",\"item\":\"https:\\\/\\\/www.castrum.ee\\\/fi\\\/kotisivu\\\/\"},{\"@type\":\"ListItem\",\"position\":2,\"name\":\"Verkkokauppa\",\"item\":\"https:\\\/\\\/www.castrum.ee\\\/fi\\\/kauppa\\\/\"},{\"@type\":\"ListItem\",\"position\":3,\"name\":\"Toyota Hilux Invincible 21+ etupuskurin suojakaari, A-profiili\"}]},{\"@type\":\"WebSite\",\"@id\":\"https:\\\/\\\/www.castrum.ee\\\/fi\\\/#website\",\"url\":\"https:\\\/\\\/www.castrum.ee\\\/fi\\\/\",\"name\":\"Castrum\",\"description\":\"Maastoautojen, henkil\u00f6autojen ja pienvaunujen lis\u00e4varusteet\",\"publisher\":{\"@id\":\"https:\\\/\\\/www.castrum.ee\\\/fi\\\/#organization\"},\"potentialAction\":[{\"@type\":\"SearchAction\",\"target\":{\"@type\":\"EntryPoint\",\"urlTemplate\":\"https:\\\/\\\/www.castrum.ee\\\/fi\\\/?s={search_term_string}\"},\"query-input\":{\"@type\":\"PropertyValueSpecification\",\"valueRequired\":true,\"valueName\":\"search_term_string\"}}],\"inLanguage\":\"fi\"},{\"@type\":\"Organization\",\"@id\":\"https:\\\/\\\/www.castrum.ee\\\/fi\\\/#organization\",\"name\":\"Castrum Grupp O\u00dc\",\"url\":\"https:\\\/\\\/www.castrum.ee\\\/fi\\\/\",\"logo\":{\"@type\":\"ImageObject\",\"inLanguage\":\"fi\",\"@id\":\"https:\\\/\\\/www.castrum.ee\\\/fi\\\/#\\\/schema\\\/logo\\\/image\\\/\",\"url\":\"https:\\\/\\\/www.castrum.ee\\\/wp-content\\\/uploads\\\/2025\\\/03\\\/Castrum-logo-500.png\",\"contentUrl\":\"https:\\\/\\\/www.castrum.ee\\\/wp-content\\\/uploads\\\/2025\\\/03\\\/Castrum-logo-500.png\",\"width\":500,\"height\":250,\"caption\":\"Castrum Grupp O\u00dc\"},\"image\":{\"@id\":\"https:\\\/\\\/www.castrum.ee\\\/fi\\\/#\\\/schema\\\/logo\\\/image\\\/\"},\"sameAs\":[\"https:\\\/\\\/www.facebook.com\\\/castrum.ee\"]}]}<\/script>\n<!-- \/ Yoast SEO plugin. -->","yoast_head_json":{"title":"Toyota Hilux Invincible 21+ etupuskurin suojakaari | Castrum","description":"Toyota Hilux Invincible 21+ etupuskurin suojakaari, E-hyv\u00e4ksytty. Etupuskurin suojakaaret, ruostumaton ter\u00e4s. Maastoauto- ja 4x4-lis\u00e4varustus.","robots":{"index":"index","follow":"follow","max-snippet":"max-snippet:-1","max-image-preview":"max-image-preview:large","max-video-preview":"max-video-preview:-1"},"canonical":"https:\/\/www.castrum.ee\/fi\/toode\/toyota-hilux-invincible-21-etupuskurin-suojakaari-a-profiili\/","og_locale":"fi_FI","og_type":"article","og_title":"Toyota Hilux Invincible 21+ etupuskurin suojakaari | Castrum","og_description":"Toyota Hilux Invincible 21+ etupuskurin suojakaari, E-hyv\u00e4ksytty. Etupuskurin suojakaaret, ruostumaton ter\u00e4s. Maastoauto- ja 4x4-lis\u00e4varustus.","og_url":"https:\/\/www.castrum.ee\/fi\/toode\/toyota-hilux-invincible-21-etupuskurin-suojakaari-a-profiili\/","og_site_name":"Castrum","article_publisher":"https:\/\/www.facebook.com\/castrum.ee","article_modified_time":"2026-05-11T10:44:09+00:00","og_image":[{"width":1000,"height":562,"url":"https:\/\/www.castrum.ee\/wp-content\/uploads\/2025\/05\/IMG_9252.jpeg","type":"image\/jpeg"}],"twitter_card":"summary_large_image","twitter_misc":{"Arvioitu lukuaika":"1 minuutti"},"schema":{"@context":"https:\/\/schema.org","@graph":[{"@type":"WebPage","@id":"https:\/\/www.castrum.ee\/fi\/toode\/toyota-hilux-invincible-21-etupuskurin-suojakaari-a-profiili\/","url":"https:\/\/www.castrum.ee\/fi\/toode\/toyota-hilux-invincible-21-etupuskurin-suojakaari-a-profiili\/","name":"Toyota Hilux Invincible 21+ etupuskurin suojakaari | Castrum","isPartOf":{"@id":"https:\/\/www.castrum.ee\/fi\/#website"},"primaryImageOfPage":{"@id":"https:\/\/www.castrum.ee\/fi\/toode\/toyota-hilux-invincible-21-etupuskurin-suojakaari-a-profiili\/#primaryimage"},"image":{"@id":"https:\/\/www.castrum.ee\/fi\/toode\/toyota-hilux-invincible-21-etupuskurin-suojakaari-a-profiili\/#primaryimage"},"thumbnailUrl":"https:\/\/www.castrum.ee\/wp-content\/uploads\/2025\/05\/IMG_9252.jpeg","datePublished":"2025-05-29T09:11:10+00:00","dateModified":"2026-05-11T10:44:09+00:00","description":"Toyota Hilux Invincible 21+ etupuskurin suojakaari, E-hyv\u00e4ksytty. Etupuskurin suojakaaret, ruostumaton ter\u00e4s. Maastoauto- ja 4x4-lis\u00e4varustus.","breadcrumb":{"@id":"https:\/\/www.castrum.ee\/fi\/toode\/toyota-hilux-invincible-21-etupuskurin-suojakaari-a-profiili\/#breadcrumb"},"inLanguage":"fi","potentialAction":[{"@type":"ReadAction","target":["https:\/\/www.castrum.ee\/fi\/toode\/toyota-hilux-invincible-21-etupuskurin-suojakaari-a-profiili\/"]}]},{"@type":"ImageObject","inLanguage":"fi","@id":"https:\/\/www.castrum.ee\/fi\/toode\/toyota-hilux-invincible-21-etupuskurin-suojakaari-a-profiili\/#primaryimage","url":"https:\/\/www.castrum.ee\/wp-content\/uploads\/2025\/05\/IMG_9252.jpeg","contentUrl":"https:\/\/www.castrum.ee\/wp-content\/uploads\/2025\/05\/IMG_9252.jpeg","width":1000,"height":562},{"@type":"BreadcrumbList","@id":"https:\/\/www.castrum.ee\/fi\/toode\/toyota-hilux-invincible-21-etupuskurin-suojakaari-a-profiili\/#breadcrumb","itemListElement":[{"@type":"ListItem","position":1,"name":"Home","item":"https:\/\/www.castrum.ee\/fi\/kotisivu\/"},{"@type":"ListItem","position":2,"name":"Verkkokauppa","item":"https:\/\/www.castrum.ee\/fi\/kauppa\/"},{"@type":"ListItem","position":3,"name":"Toyota Hilux Invincible 21+ etupuskurin suojakaari, A-profiili"}]},{"@type":"WebSite","@id":"https:\/\/www.castrum.ee\/fi\/#website","url":"https:\/\/www.castrum.ee\/fi\/","name":"Castrum","description":"Maastoautojen, henkil\u00f6autojen ja pienvaunujen lis\u00e4varusteet","publisher":{"@id":"https:\/\/www.castrum.ee\/fi\/#organization"},"potentialAction":[{"@type":"SearchAction","target":{"@type":"EntryPoint","urlTemplate":"https:\/\/www.castrum.ee\/fi\/?s={search_term_string}"},"query-input":{"@type":"PropertyValueSpecification","valueRequired":true,"valueName":"search_term_string"}}],"inLanguage":"fi"},{"@type":"Organization","@id":"https:\/\/www.castrum.ee\/fi\/#organization","name":"Castrum Grupp O\u00dc","url":"https:\/\/www.castrum.ee\/fi\/","logo":{"@type":"ImageObject","inLanguage":"fi","@id":"https:\/\/www.castrum.ee\/fi\/#\/schema\/logo\/image\/","url":"https:\/\/www.castrum.ee\/wp-content\/uploads\/2025\/03\/Castrum-logo-500.png","contentUrl":"https:\/\/www.castrum.ee\/wp-content\/uploads\/2025\/03\/Castrum-logo-500.png","width":500,"height":250,"caption":"Castrum Grupp O\u00dc"},"image":{"@id":"https:\/\/www.castrum.ee\/fi\/#\/schema\/logo\/image\/"},"sameAs":["https:\/\/www.facebook.com\/castrum.ee"]}]}},"_links":{"self":[{"href":"https:\/\/www.castrum.ee\/fi\/wp-json\/wp\/v2\/product\/80989","targetHints":{"allow":["GET"]}}],"collection":[{"href":"https:\/\/www.castrum.ee\/fi\/wp-json\/wp\/v2\/product"}],"about":[{"href":"https:\/\/www.castrum.ee\/fi\/wp-json\/wp\/v2\/types\/product"}],"wp:featuredmedia":[{"embeddable":true,"href":"https:\/\/www.castrum.ee\/fi\/wp-json\/wp\/v2\/media\/2594"}],"wp:attachment":[{"href":"https:\/\/www.castrum.ee\/fi\/wp-json\/wp\/v2\/media?parent=80989"}],"wp:term":[{"taxonomy":"mark-ja-mudel","embeddable":true,"href":"https:\/\/www.castrum.ee\/fi\/wp-json\/wp\/v2\/mark-ja-mudel?post=80989"},{"taxonomy":"product_brand","embeddable":true,"href":"https:\/\/www.castrum.ee\/fi\/wp-json\/wp\/v2\/product_brand?post=80989"},{"taxonomy":"product_cat","embeddable":true,"href":"https:\/\/www.castrum.ee\/fi\/wp-json\/wp\/v2\/product_cat?post=80989"},{"taxonomy":"product_tag","embeddable":true,"href":"https:\/\/www.castrum.ee\/fi\/wp-json\/wp\/v2\/product_tag?post=80989"}],"curies":[{"name":"wp","href":"https:\/\/api.w.org\/{rel}","templated":true}]}}