{"id":87374,"date":"2026-05-07T11:40:04","date_gmt":"2026-05-07T08:40:04","guid":{"rendered":"https:\/\/www.castrum.ee\/toode\/vw-t7-transporter-24-lazer-triple-r-750-maskisaleikon-led-integraatiosetti-kbrcjk\/"},"modified":"2026-05-11T13:17:41","modified_gmt":"2026-05-11T10:17:41","slug":"vw-t7-transporter-24-lazer-triple-r-750-maskisaleikon-led-integraatiosetti","status":"publish","type":"product","link":"https:\/\/www.castrum.ee\/fi\/toode\/vw-t7-transporter-24-lazer-triple-r-750-maskisaleikon-led-integraatiosetti\/","title":{"rendered":"LAZER Triple-R 750 maskis\u00e4leik\u00f6n LED-integraatiosetti | VW T7 Transporter [24+]"},"content":{"rendered":"<p>LAZER Triple-R 750 maskis\u00e4leik\u00f6n LED-integraatiosetti VW T7 Transporter mallille. Sovitettu asennusalusta s\u00e4ilytt\u00e4\u00e4 OE-ulkon\u00e4\u00f6n ja auton alkuper\u00e4isen linjan, samalla lis\u00e4ten tehokkaan ECE-sertifioidun lis\u00e4valostuksen.<\/p>\n<h3>Sarjan sis\u00e4lt\u00f6<\/h3>\n<ul>\n<li>Merkkikohtainen asennusalusta (4 UV-stabiloitua korkealujuista komposiittikiinnikett\u00e4)<\/li>\n<li>2\u00d7 LAZER Triple-R 750 LED-kaukovalot (valittu versio)<\/li>\n<li>2-lamppuisen johdinsarja<\/li>\n<li>Varkaudenturvalliset kiinnikkeet<\/li>\n<li>Asennusohje<\/li>\n<\/ul>\n<h3>Lamppuvariantit<\/h3>\n<ul>\n<li><strong>Triple-R 750 Wide<\/strong> \u2014 laajempi valokeila, suositeltu kaupunki- ja sorateill\u00e4.<\/li>\n<li><strong>Triple-R 750 Standard<\/strong> \u2014 universaali valokeila useimpiin tilanteisiin.<\/li>\n<li><strong>Triple-R 750 Elite<\/strong> \u2014 parannetulla optiikalla pitempi valokeila, paras kaukon\u00e4kyvyys.<\/li>\n<li><strong>Triple-R 750 Beacon<\/strong> \u2014 sis\u00e4\u00e4nrakennetulla meripihkan keltaisella varoitusvalaistuksella (flash-to-dim) versio.<\/li>\n<\/ul>\n<h3>Tekniset tiedot<\/h3>\n<ul>\n<li>ECE-tyyppihyv\u00e4ksynt\u00e4, tiekatuhyv\u00e4ksytty<\/li>\n<li>IP68 vedenpit\u00e4vyys<\/li>\n<li>50 000 h LED k\u00e4ytt\u00f6ik\u00e4<\/li>\n<li>5 vuoden valmistajan takuu<\/li>\n<li>Made in Britain<\/li>\n<\/ul>\n","protected":false},"excerpt":{"rendered":"<p>VW T7 Transporter merkkikohtainen LAZER Triple-R 750 maskis\u00e4leik\u00f6n LED-integraatiosetti \u2014 sovitettu asennusalusta, ECE-sertifioitu, 5 vuoden takuu.<\/p>\n","protected":false},"featured_media":87361,"template":"","meta":{"_acf_changed":false},"mark-ja-mudel":[],"product_brand":[2073,1368,1275],"product_cat":[1079,1081],"product_tag":[],"class_list":{"0":"post-87374","1":"product","2":"type-product","3":"status-publish","4":"has-post-thumbnail","6":"product_brand-lazer-fi","7":"product_brand-t7","8":"product_brand-volkswagen","9":"product_cat-led-lisavalot-ja-tarvikkeet","10":"product_cat-mallikohtaiset-led-kaukovalot","12":"first","13":"instock","14":"sale","15":"taxable","16":"shipping-taxable","17":"purchasable","18":"product-type-variable"},"bundled_by":[],"bundle_stock_status":"instock","bundle_stock_quantity":null,"bundle_virtual":false,"bundle_layout":"","bundle_add_to_cart_form_location":"","bundle_editable_in_cart":false,"bundle_sold_individually_context":"","bundle_item_grouping":"","bundle_min_size":"","bundle_max_size":"","bundle_price":[],"bundled_items":[],"bundle_sell_ids":[],"acf":[],"yoast_head":"<!-- This site is optimized with the Yoast SEO plugin v27.5 - https:\/\/yoast.com\/product\/yoast-seo-wordpress\/ -->\n<title>VW T7 Transporter [24+] LAZER Triple-R 750 maskis\u00e4leikk\u00f6 | Castrum<\/title>\n<meta name=\"description\" content=\"VW T7 Transporter [24+] LAZER Triple-R 750 maskis\u00e4leik\u00f6n LED-integraatiosetti. ECE-hyv\u00e4ksytyt merkkikohtaiset lis\u00e4valot ja valotarvikkeet. Kaukovalot, lis\u00e4valot, ty\u00f6valojen asennustarvikkeet pakettiautoon.\" \/>\n<meta name=\"robots\" content=\"index, follow, max-snippet:-1, max-image-preview:large, max-video-preview:-1\" \/>\n<link rel=\"canonical\" href=\"https:\/\/www.castrum.ee\/fi\/toode\/vw-t7-transporter-24-lazer-triple-r-750-maskisaleikon-led-integraatiosetti\/\" \/>\n<meta property=\"og:locale\" content=\"fi_FI\" \/>\n<meta property=\"og:type\" content=\"article\" \/>\n<meta property=\"og:title\" content=\"VW T7 Transporter [24+] LAZER Triple-R 750 maskis\u00e4leikk\u00f6 | Castrum\" \/>\n<meta property=\"og:description\" content=\"VW T7 Transporter [24+] LAZER Triple-R 750 maskis\u00e4leik\u00f6n LED-integraatiosetti. ECE-hyv\u00e4ksytyt merkkikohtaiset lis\u00e4valot ja valotarvikkeet. Kaukovalot, lis\u00e4valot, ty\u00f6valojen asennustarvikkeet pakettiautoon.\" \/>\n<meta property=\"og:url\" content=\"https:\/\/www.castrum.ee\/fi\/toode\/vw-t7-transporter-24-lazer-triple-r-750-maskisaleikon-led-integraatiosetti\/\" \/>\n<meta property=\"og:site_name\" content=\"Castrum\" \/>\n<meta property=\"article:publisher\" content=\"https:\/\/www.facebook.com\/castrum.ee\" \/>\n<meta property=\"article:modified_time\" content=\"2026-05-11T10:17:41+00:00\" \/>\n<meta property=\"og:image\" content=\"https:\/\/www.castrum.ee\/wp-content\/uploads\/2026\/05\/vw_transporter_t7_triple-r_750_marketing_install_images_02_web.jpg\" \/>\n\t<meta property=\"og:image:width\" content=\"1000\" \/>\n\t<meta property=\"og:image:height\" content=\"750\" \/>\n\t<meta property=\"og:image:type\" content=\"image\/jpeg\" \/>\n<meta name=\"twitter:card\" content=\"summary_large_image\" \/>\n<script type=\"application\/ld+json\" class=\"yoast-schema-graph\">{\"@context\":\"https:\\\/\\\/schema.org\",\"@graph\":[{\"@type\":\"WebPage\",\"@id\":\"https:\\\/\\\/www.castrum.ee\\\/fi\\\/toode\\\/vw-t7-transporter-24-lazer-triple-r-750-maskisaleikon-led-integraatiosetti\\\/\",\"url\":\"https:\\\/\\\/www.castrum.ee\\\/fi\\\/toode\\\/vw-t7-transporter-24-lazer-triple-r-750-maskisaleikon-led-integraatiosetti\\\/\",\"name\":\"VW T7 Transporter [24+] LAZER Triple-R 750 maskis\u00e4leikk\u00f6 | Castrum\",\"isPartOf\":{\"@id\":\"https:\\\/\\\/www.castrum.ee\\\/fi\\\/#website\"},\"primaryImageOfPage\":{\"@id\":\"https:\\\/\\\/www.castrum.ee\\\/fi\\\/toode\\\/vw-t7-transporter-24-lazer-triple-r-750-maskisaleikon-led-integraatiosetti\\\/#primaryimage\"},\"image\":{\"@id\":\"https:\\\/\\\/www.castrum.ee\\\/fi\\\/toode\\\/vw-t7-transporter-24-lazer-triple-r-750-maskisaleikon-led-integraatiosetti\\\/#primaryimage\"},\"thumbnailUrl\":\"https:\\\/\\\/www.castrum.ee\\\/wp-content\\\/uploads\\\/2026\\\/05\\\/vw_transporter_t7_triple-r_750_marketing_install_images_02_web.jpg\",\"datePublished\":\"2026-05-07T08:40:04+00:00\",\"dateModified\":\"2026-05-11T10:17:41+00:00\",\"description\":\"VW T7 Transporter [24+] LAZER Triple-R 750 maskis\u00e4leik\u00f6n LED-integraatiosetti. ECE-hyv\u00e4ksytyt merkkikohtaiset lis\u00e4valot ja valotarvikkeet. Kaukovalot, lis\u00e4valot, ty\u00f6valojen asennustarvikkeet pakettiautoon.\",\"breadcrumb\":{\"@id\":\"https:\\\/\\\/www.castrum.ee\\\/fi\\\/toode\\\/vw-t7-transporter-24-lazer-triple-r-750-maskisaleikon-led-integraatiosetti\\\/#breadcrumb\"},\"inLanguage\":\"fi\",\"potentialAction\":[{\"@type\":\"ReadAction\",\"target\":[\"https:\\\/\\\/www.castrum.ee\\\/fi\\\/toode\\\/vw-t7-transporter-24-lazer-triple-r-750-maskisaleikon-led-integraatiosetti\\\/\"]}]},{\"@type\":\"ImageObject\",\"inLanguage\":\"fi\",\"@id\":\"https:\\\/\\\/www.castrum.ee\\\/fi\\\/toode\\\/vw-t7-transporter-24-lazer-triple-r-750-maskisaleikon-led-integraatiosetti\\\/#primaryimage\",\"url\":\"https:\\\/\\\/www.castrum.ee\\\/wp-content\\\/uploads\\\/2026\\\/05\\\/vw_transporter_t7_triple-r_750_marketing_install_images_02_web.jpg\",\"contentUrl\":\"https:\\\/\\\/www.castrum.ee\\\/wp-content\\\/uploads\\\/2026\\\/05\\\/vw_transporter_t7_triple-r_750_marketing_install_images_02_web.jpg\",\"width\":1000,\"height\":750},{\"@type\":\"BreadcrumbList\",\"@id\":\"https:\\\/\\\/www.castrum.ee\\\/fi\\\/toode\\\/vw-t7-transporter-24-lazer-triple-r-750-maskisaleikon-led-integraatiosetti\\\/#breadcrumb\",\"itemListElement\":[{\"@type\":\"ListItem\",\"position\":1,\"name\":\"Home\",\"item\":\"https:\\\/\\\/www.castrum.ee\\\/fi\\\/kotisivu\\\/\"},{\"@type\":\"ListItem\",\"position\":2,\"name\":\"Verkkokauppa\",\"item\":\"https:\\\/\\\/www.castrum.ee\\\/fi\\\/kauppa\\\/\"},{\"@type\":\"ListItem\",\"position\":3,\"name\":\"LAZER Triple-R 750 maskis\u00e4leik\u00f6n LED-integraatiosetti | VW T7 Transporter [24+]\"}]},{\"@type\":\"WebSite\",\"@id\":\"https:\\\/\\\/www.castrum.ee\\\/fi\\\/#website\",\"url\":\"https:\\\/\\\/www.castrum.ee\\\/fi\\\/\",\"name\":\"Castrum\",\"description\":\"Maastoautojen, henkil\u00f6autojen ja pienvaunujen lis\u00e4varusteet\",\"publisher\":{\"@id\":\"https:\\\/\\\/www.castrum.ee\\\/fi\\\/#organization\"},\"potentialAction\":[{\"@type\":\"SearchAction\",\"target\":{\"@type\":\"EntryPoint\",\"urlTemplate\":\"https:\\\/\\\/www.castrum.ee\\\/fi\\\/?s={search_term_string}\"},\"query-input\":{\"@type\":\"PropertyValueSpecification\",\"valueRequired\":true,\"valueName\":\"search_term_string\"}}],\"inLanguage\":\"fi\"},{\"@type\":\"Organization\",\"@id\":\"https:\\\/\\\/www.castrum.ee\\\/fi\\\/#organization\",\"name\":\"Castrum Grupp O\u00dc\",\"url\":\"https:\\\/\\\/www.castrum.ee\\\/fi\\\/\",\"logo\":{\"@type\":\"ImageObject\",\"inLanguage\":\"fi\",\"@id\":\"https:\\\/\\\/www.castrum.ee\\\/fi\\\/#\\\/schema\\\/logo\\\/image\\\/\",\"url\":\"https:\\\/\\\/www.castrum.ee\\\/wp-content\\\/uploads\\\/2025\\\/03\\\/Castrum-logo-500.png\",\"contentUrl\":\"https:\\\/\\\/www.castrum.ee\\\/wp-content\\\/uploads\\\/2025\\\/03\\\/Castrum-logo-500.png\",\"width\":500,\"height\":250,\"caption\":\"Castrum Grupp O\u00dc\"},\"image\":{\"@id\":\"https:\\\/\\\/www.castrum.ee\\\/fi\\\/#\\\/schema\\\/logo\\\/image\\\/\"},\"sameAs\":[\"https:\\\/\\\/www.facebook.com\\\/castrum.ee\"]}]}<\/script>\n<!-- \/ Yoast SEO plugin. -->","yoast_head_json":{"title":"VW T7 Transporter [24+] LAZER Triple-R 750 maskis\u00e4leikk\u00f6 | Castrum","description":"VW T7 Transporter [24+] LAZER Triple-R 750 maskis\u00e4leik\u00f6n LED-integraatiosetti. ECE-hyv\u00e4ksytyt merkkikohtaiset lis\u00e4valot ja valotarvikkeet. Kaukovalot, lis\u00e4valot, ty\u00f6valojen asennustarvikkeet pakettiautoon.","robots":{"index":"index","follow":"follow","max-snippet":"max-snippet:-1","max-image-preview":"max-image-preview:large","max-video-preview":"max-video-preview:-1"},"canonical":"https:\/\/www.castrum.ee\/fi\/toode\/vw-t7-transporter-24-lazer-triple-r-750-maskisaleikon-led-integraatiosetti\/","og_locale":"fi_FI","og_type":"article","og_title":"VW T7 Transporter [24+] LAZER Triple-R 750 maskis\u00e4leikk\u00f6 | Castrum","og_description":"VW T7 Transporter [24+] LAZER Triple-R 750 maskis\u00e4leik\u00f6n LED-integraatiosetti. ECE-hyv\u00e4ksytyt merkkikohtaiset lis\u00e4valot ja valotarvikkeet. Kaukovalot, lis\u00e4valot, ty\u00f6valojen asennustarvikkeet pakettiautoon.","og_url":"https:\/\/www.castrum.ee\/fi\/toode\/vw-t7-transporter-24-lazer-triple-r-750-maskisaleikon-led-integraatiosetti\/","og_site_name":"Castrum","article_publisher":"https:\/\/www.facebook.com\/castrum.ee","article_modified_time":"2026-05-11T10:17:41+00:00","og_image":[{"width":1000,"height":750,"url":"https:\/\/www.castrum.ee\/wp-content\/uploads\/2026\/05\/vw_transporter_t7_triple-r_750_marketing_install_images_02_web.jpg","type":"image\/jpeg"}],"twitter_card":"summary_large_image","schema":{"@context":"https:\/\/schema.org","@graph":[{"@type":"WebPage","@id":"https:\/\/www.castrum.ee\/fi\/toode\/vw-t7-transporter-24-lazer-triple-r-750-maskisaleikon-led-integraatiosetti\/","url":"https:\/\/www.castrum.ee\/fi\/toode\/vw-t7-transporter-24-lazer-triple-r-750-maskisaleikon-led-integraatiosetti\/","name":"VW T7 Transporter [24+] LAZER Triple-R 750 maskis\u00e4leikk\u00f6 | Castrum","isPartOf":{"@id":"https:\/\/www.castrum.ee\/fi\/#website"},"primaryImageOfPage":{"@id":"https:\/\/www.castrum.ee\/fi\/toode\/vw-t7-transporter-24-lazer-triple-r-750-maskisaleikon-led-integraatiosetti\/#primaryimage"},"image":{"@id":"https:\/\/www.castrum.ee\/fi\/toode\/vw-t7-transporter-24-lazer-triple-r-750-maskisaleikon-led-integraatiosetti\/#primaryimage"},"thumbnailUrl":"https:\/\/www.castrum.ee\/wp-content\/uploads\/2026\/05\/vw_transporter_t7_triple-r_750_marketing_install_images_02_web.jpg","datePublished":"2026-05-07T08:40:04+00:00","dateModified":"2026-05-11T10:17:41+00:00","description":"VW T7 Transporter [24+] LAZER Triple-R 750 maskis\u00e4leik\u00f6n LED-integraatiosetti. ECE-hyv\u00e4ksytyt merkkikohtaiset lis\u00e4valot ja valotarvikkeet. Kaukovalot, lis\u00e4valot, ty\u00f6valojen asennustarvikkeet pakettiautoon.","breadcrumb":{"@id":"https:\/\/www.castrum.ee\/fi\/toode\/vw-t7-transporter-24-lazer-triple-r-750-maskisaleikon-led-integraatiosetti\/#breadcrumb"},"inLanguage":"fi","potentialAction":[{"@type":"ReadAction","target":["https:\/\/www.castrum.ee\/fi\/toode\/vw-t7-transporter-24-lazer-triple-r-750-maskisaleikon-led-integraatiosetti\/"]}]},{"@type":"ImageObject","inLanguage":"fi","@id":"https:\/\/www.castrum.ee\/fi\/toode\/vw-t7-transporter-24-lazer-triple-r-750-maskisaleikon-led-integraatiosetti\/#primaryimage","url":"https:\/\/www.castrum.ee\/wp-content\/uploads\/2026\/05\/vw_transporter_t7_triple-r_750_marketing_install_images_02_web.jpg","contentUrl":"https:\/\/www.castrum.ee\/wp-content\/uploads\/2026\/05\/vw_transporter_t7_triple-r_750_marketing_install_images_02_web.jpg","width":1000,"height":750},{"@type":"BreadcrumbList","@id":"https:\/\/www.castrum.ee\/fi\/toode\/vw-t7-transporter-24-lazer-triple-r-750-maskisaleikon-led-integraatiosetti\/#breadcrumb","itemListElement":[{"@type":"ListItem","position":1,"name":"Home","item":"https:\/\/www.castrum.ee\/fi\/kotisivu\/"},{"@type":"ListItem","position":2,"name":"Verkkokauppa","item":"https:\/\/www.castrum.ee\/fi\/kauppa\/"},{"@type":"ListItem","position":3,"name":"LAZER Triple-R 750 maskis\u00e4leik\u00f6n LED-integraatiosetti | VW T7 Transporter [24+]"}]},{"@type":"WebSite","@id":"https:\/\/www.castrum.ee\/fi\/#website","url":"https:\/\/www.castrum.ee\/fi\/","name":"Castrum","description":"Maastoautojen, henkil\u00f6autojen ja pienvaunujen lis\u00e4varusteet","publisher":{"@id":"https:\/\/www.castrum.ee\/fi\/#organization"},"potentialAction":[{"@type":"SearchAction","target":{"@type":"EntryPoint","urlTemplate":"https:\/\/www.castrum.ee\/fi\/?s={search_term_string}"},"query-input":{"@type":"PropertyValueSpecification","valueRequired":true,"valueName":"search_term_string"}}],"inLanguage":"fi"},{"@type":"Organization","@id":"https:\/\/www.castrum.ee\/fi\/#organization","name":"Castrum Grupp O\u00dc","url":"https:\/\/www.castrum.ee\/fi\/","logo":{"@type":"ImageObject","inLanguage":"fi","@id":"https:\/\/www.castrum.ee\/fi\/#\/schema\/logo\/image\/","url":"https:\/\/www.castrum.ee\/wp-content\/uploads\/2025\/03\/Castrum-logo-500.png","contentUrl":"https:\/\/www.castrum.ee\/wp-content\/uploads\/2025\/03\/Castrum-logo-500.png","width":500,"height":250,"caption":"Castrum Grupp O\u00dc"},"image":{"@id":"https:\/\/www.castrum.ee\/fi\/#\/schema\/logo\/image\/"},"sameAs":["https:\/\/www.facebook.com\/castrum.ee"]}]}},"_links":{"self":[{"href":"https:\/\/www.castrum.ee\/fi\/wp-json\/wp\/v2\/product\/87374","targetHints":{"allow":["GET"]}}],"collection":[{"href":"https:\/\/www.castrum.ee\/fi\/wp-json\/wp\/v2\/product"}],"about":[{"href":"https:\/\/www.castrum.ee\/fi\/wp-json\/wp\/v2\/types\/product"}],"wp:featuredmedia":[{"embeddable":true,"href":"https:\/\/www.castrum.ee\/fi\/wp-json\/wp\/v2\/media\/87361"}],"wp:attachment":[{"href":"https:\/\/www.castrum.ee\/fi\/wp-json\/wp\/v2\/media?parent=87374"}],"wp:term":[{"taxonomy":"mark-ja-mudel","embeddable":true,"href":"https:\/\/www.castrum.ee\/fi\/wp-json\/wp\/v2\/mark-ja-mudel?post=87374"},{"taxonomy":"product_brand","embeddable":true,"href":"https:\/\/www.castrum.ee\/fi\/wp-json\/wp\/v2\/product_brand?post=87374"},{"taxonomy":"product_cat","embeddable":true,"href":"https:\/\/www.castrum.ee\/fi\/wp-json\/wp\/v2\/product_cat?post=87374"},{"taxonomy":"product_tag","embeddable":true,"href":"https:\/\/www.castrum.ee\/fi\/wp-json\/wp\/v2\/product_tag?post=87374"}],"curies":[{"name":"wp","href":"https:\/\/api.w.org\/{rel}","templated":true}]}}