{"id":87393,"date":"2026-05-07T11:40:49","date_gmt":"2026-05-07T08:40:49","guid":{"rendered":"https:\/\/www.castrum.ee\/toode\/ford-transit-custom-electric-24-lazer-triple-r-750-maskisaileikko-kit-ky497g\/"},"modified":"2026-05-11T13:17:38","modified_gmt":"2026-05-11T10:17:38","slug":"ford-transit-custom-electric-24-lazer-triple-r-750-maskisaleikon-led-integraatiosetti","status":"publish","type":"product","link":"https:\/\/www.castrum.ee\/fi\/toode\/ford-transit-custom-electric-24-lazer-triple-r-750-maskisaleikon-led-integraatiosetti\/","title":{"rendered":"LAZER Triple-R 750 maskis\u00e4leik\u00f6n LED-integraatiosetti | Ford Transit Custom Electric [24+]"},"content":{"rendered":"<p>LAZER Triple-R 750 maskis\u00e4leik\u00f6n LED-integraatiosetti Ford Transit Custom Electric -malliin. R\u00e4\u00e4t\u00e4l\u00f6ity asennus s\u00e4ilytt\u00e4\u00e4 alkuper\u00e4isen ulkon\u00e4\u00f6n ja auton linjat lis\u00e4ten samalla teesertifioitua lis\u00e4valaistusta.<\/p>\n<h3>Sarjassa<\/h3>\n<ul>\n<li>Merkkikohtainen asennusteline (4 UV-stabiilia komposiittikiinnikett\u00e4)<\/li>\n<li>2\u00d7 LAZER Triple-R 750 LED-kaukovaloa (valittu variantti)<\/li>\n<li>2-lampun johdinsarja<\/li>\n<li>Varkaudenestot kiinnikkeet<\/li>\n<li>Asennusohje<\/li>\n<\/ul>\n<h3>Lampun variantit<\/h3>\n<ul>\n<li><strong>Triple-R 750 Wide<\/strong> \u2014 leve\u00e4mpi valokeila, suosittu kaupunki- ja sorateill\u00e4.<\/li>\n<li><strong>Triple-R 750 Standard<\/strong> \u2014 yleisk\u00e4ytt\u00f6inen valokeila useimpiin tilanteisiin.<\/li>\n<li><strong>Triple-R 750 Elite<\/strong> \u2014 parannetulla optiikalla pidempi valokeila, paras kaukon\u00e4kyvyys.<\/li>\n<li><strong>Triple-R 750 Beacon<\/strong> \u2014 sis\u00e4\u00e4nrakennetulla merivahakeltaisella varoitusvaloilla varustettu versio (flash-to-dim).<\/li>\n<\/ul>\n<h3>Tekniset tiedot<\/h3>\n<ul>\n<li>ECE-tyyppihyv\u00e4ksynt\u00e4, teesajokelpoisuus<\/li>\n<li>IP68 vesitiiveys<\/li>\n<li>50 000 h LED-k\u00e4ytt\u00f6ik\u00e4<\/li>\n<li>5 vuoden valmistajan takuu<\/li>\n<li>Made in Britain<\/li>\n<\/ul>\n","protected":false},"excerpt":{"rendered":"<p>Ford Transit Custom Electric -malliin r\u00e4\u00e4t\u00e4l\u00f6ity LAZER Triple-R 750 maskis\u00e4leik\u00f6n LED-integraatiosetti \u2014 r\u00e4\u00e4t\u00e4l\u00f6ity asennus, ECE-hyv\u00e4ksytty, 5 vuoden takuu.<\/p>\n","protected":false},"featured_media":87379,"template":"","meta":{"_acf_changed":false},"mark-ja-mudel":[],"product_brand":[1286,2073,1289],"product_cat":[1079,1081],"product_tag":[],"class_list":{"0":"post-87393","1":"product","2":"type-product","3":"status-publish","4":"has-post-thumbnail","6":"product_brand-ford","7":"product_brand-lazer-fi","8":"product_brand-transit-custom","9":"product_cat-led-lisavalot-ja-tarvikkeet","10":"product_cat-mallikohtaiset-led-kaukovalot","12":"first","13":"instock","14":"sale","15":"taxable","16":"shipping-taxable","17":"purchasable","18":"product-type-variable"},"bundled_by":[],"bundle_stock_status":"instock","bundle_stock_quantity":null,"bundle_virtual":false,"bundle_layout":"","bundle_add_to_cart_form_location":"","bundle_editable_in_cart":false,"bundle_sold_individually_context":"","bundle_item_grouping":"","bundle_min_size":"","bundle_max_size":"","bundle_price":[],"bundled_items":[],"bundle_sell_ids":[],"acf":[],"yoast_head":"<!-- This site is optimized with the Yoast SEO plugin v27.5 - https:\/\/yoast.com\/product\/yoast-seo-wordpress\/ -->\n<title>Ford Transit Custom Electric [24+] LAZER Triple-R 750 maskis\u00e4leikk\u00f6 KIT | LED lis\u00e4valot<\/title>\n<meta name=\"description\" content=\"Ford Transit Custom Electric [24+] LAZER Triple-R 750 maskis\u00e4leikk\u00f6 KIT - LED-kaukovalot, lis\u00e4valot ja asennustarvikkeet pakettiautoihin. ECE-hyv\u00e4ksytty, 5 vuoden takuu. Castrum.\" \/>\n<meta name=\"robots\" content=\"index, follow, max-snippet:-1, max-image-preview:large, max-video-preview:-1\" \/>\n<link rel=\"canonical\" href=\"https:\/\/www.castrum.ee\/fi\/toode\/ford-transit-custom-electric-24-lazer-triple-r-750-maskisaleikon-led-integraatiosetti\/\" \/>\n<meta property=\"og:locale\" content=\"fi_FI\" \/>\n<meta property=\"og:type\" content=\"article\" \/>\n<meta property=\"og:title\" content=\"Ford Transit Custom Electric [24+] LAZER Triple-R 750 maskis\u00e4leikk\u00f6 KIT | LED lis\u00e4valot\" \/>\n<meta property=\"og:description\" content=\"Ford Transit Custom Electric [24+] LAZER Triple-R 750 maskis\u00e4leikk\u00f6 KIT - LED-kaukovalot, lis\u00e4valot ja asennustarvikkeet pakettiautoihin. ECE-hyv\u00e4ksytty, 5 vuoden takuu. Castrum.\" \/>\n<meta property=\"og:url\" content=\"https:\/\/www.castrum.ee\/fi\/toode\/ford-transit-custom-electric-24-lazer-triple-r-750-maskisaleikon-led-integraatiosetti\/\" \/>\n<meta property=\"og:site_name\" content=\"Castrum\" \/>\n<meta property=\"article:publisher\" content=\"https:\/\/www.facebook.com\/castrum.ee\" \/>\n<meta property=\"article:modified_time\" content=\"2026-05-11T10:17:38+00:00\" \/>\n<meta property=\"og:image\" content=\"https:\/\/www.castrum.ee\/wp-content\/uploads\/2026\/05\/ford_transit_custom_electric_grille_kit_marketing_image__3__web.jpg\" \/>\n\t<meta property=\"og:image:width\" content=\"1000\" \/>\n\t<meta property=\"og:image:height\" content=\"750\" \/>\n\t<meta property=\"og:image:type\" content=\"image\/jpeg\" \/>\n<meta name=\"twitter:card\" content=\"summary_large_image\" \/>\n<meta name=\"twitter:label1\" content=\"Arvioitu lukuaika\" \/>\n\t<meta name=\"twitter:data1\" content=\"1 minuutti\" \/>\n<script type=\"application\/ld+json\" class=\"yoast-schema-graph\">{\"@context\":\"https:\\\/\\\/schema.org\",\"@graph\":[{\"@type\":\"WebPage\",\"@id\":\"https:\\\/\\\/www.castrum.ee\\\/fi\\\/toode\\\/ford-transit-custom-electric-24-lazer-triple-r-750-maskisaleikon-led-integraatiosetti\\\/\",\"url\":\"https:\\\/\\\/www.castrum.ee\\\/fi\\\/toode\\\/ford-transit-custom-electric-24-lazer-triple-r-750-maskisaleikon-led-integraatiosetti\\\/\",\"name\":\"Ford Transit Custom Electric [24+] LAZER Triple-R 750 maskis\u00e4leikk\u00f6 KIT | LED lis\u00e4valot\",\"isPartOf\":{\"@id\":\"https:\\\/\\\/www.castrum.ee\\\/fi\\\/#website\"},\"primaryImageOfPage\":{\"@id\":\"https:\\\/\\\/www.castrum.ee\\\/fi\\\/toode\\\/ford-transit-custom-electric-24-lazer-triple-r-750-maskisaleikon-led-integraatiosetti\\\/#primaryimage\"},\"image\":{\"@id\":\"https:\\\/\\\/www.castrum.ee\\\/fi\\\/toode\\\/ford-transit-custom-electric-24-lazer-triple-r-750-maskisaleikon-led-integraatiosetti\\\/#primaryimage\"},\"thumbnailUrl\":\"https:\\\/\\\/www.castrum.ee\\\/wp-content\\\/uploads\\\/2026\\\/05\\\/ford_transit_custom_electric_grille_kit_marketing_image__3__web.jpg\",\"datePublished\":\"2026-05-07T08:40:49+00:00\",\"dateModified\":\"2026-05-11T10:17:38+00:00\",\"description\":\"Ford Transit Custom Electric [24+] LAZER Triple-R 750 maskis\u00e4leikk\u00f6 KIT - LED-kaukovalot, lis\u00e4valot ja asennustarvikkeet pakettiautoihin. ECE-hyv\u00e4ksytty, 5 vuoden takuu. Castrum.\",\"breadcrumb\":{\"@id\":\"https:\\\/\\\/www.castrum.ee\\\/fi\\\/toode\\\/ford-transit-custom-electric-24-lazer-triple-r-750-maskisaleikon-led-integraatiosetti\\\/#breadcrumb\"},\"inLanguage\":\"fi\",\"potentialAction\":[{\"@type\":\"ReadAction\",\"target\":[\"https:\\\/\\\/www.castrum.ee\\\/fi\\\/toode\\\/ford-transit-custom-electric-24-lazer-triple-r-750-maskisaleikon-led-integraatiosetti\\\/\"]}]},{\"@type\":\"ImageObject\",\"inLanguage\":\"fi\",\"@id\":\"https:\\\/\\\/www.castrum.ee\\\/fi\\\/toode\\\/ford-transit-custom-electric-24-lazer-triple-r-750-maskisaleikon-led-integraatiosetti\\\/#primaryimage\",\"url\":\"https:\\\/\\\/www.castrum.ee\\\/wp-content\\\/uploads\\\/2026\\\/05\\\/ford_transit_custom_electric_grille_kit_marketing_image__3__web.jpg\",\"contentUrl\":\"https:\\\/\\\/www.castrum.ee\\\/wp-content\\\/uploads\\\/2026\\\/05\\\/ford_transit_custom_electric_grille_kit_marketing_image__3__web.jpg\",\"width\":1000,\"height\":750},{\"@type\":\"BreadcrumbList\",\"@id\":\"https:\\\/\\\/www.castrum.ee\\\/fi\\\/toode\\\/ford-transit-custom-electric-24-lazer-triple-r-750-maskisaleikon-led-integraatiosetti\\\/#breadcrumb\",\"itemListElement\":[{\"@type\":\"ListItem\",\"position\":1,\"name\":\"Home\",\"item\":\"https:\\\/\\\/www.castrum.ee\\\/fi\\\/kotisivu\\\/\"},{\"@type\":\"ListItem\",\"position\":2,\"name\":\"Verkkokauppa\",\"item\":\"https:\\\/\\\/www.castrum.ee\\\/fi\\\/kauppa\\\/\"},{\"@type\":\"ListItem\",\"position\":3,\"name\":\"LAZER Triple-R 750 maskis\u00e4leik\u00f6n LED-integraatiosetti | Ford Transit Custom Electric [24+]\"}]},{\"@type\":\"WebSite\",\"@id\":\"https:\\\/\\\/www.castrum.ee\\\/fi\\\/#website\",\"url\":\"https:\\\/\\\/www.castrum.ee\\\/fi\\\/\",\"name\":\"Castrum\",\"description\":\"Maastoautojen, henkil\u00f6autojen ja pienvaunujen lis\u00e4varusteet\",\"publisher\":{\"@id\":\"https:\\\/\\\/www.castrum.ee\\\/fi\\\/#organization\"},\"potentialAction\":[{\"@type\":\"SearchAction\",\"target\":{\"@type\":\"EntryPoint\",\"urlTemplate\":\"https:\\\/\\\/www.castrum.ee\\\/fi\\\/?s={search_term_string}\"},\"query-input\":{\"@type\":\"PropertyValueSpecification\",\"valueRequired\":true,\"valueName\":\"search_term_string\"}}],\"inLanguage\":\"fi\"},{\"@type\":\"Organization\",\"@id\":\"https:\\\/\\\/www.castrum.ee\\\/fi\\\/#organization\",\"name\":\"Castrum Grupp O\u00dc\",\"url\":\"https:\\\/\\\/www.castrum.ee\\\/fi\\\/\",\"logo\":{\"@type\":\"ImageObject\",\"inLanguage\":\"fi\",\"@id\":\"https:\\\/\\\/www.castrum.ee\\\/fi\\\/#\\\/schema\\\/logo\\\/image\\\/\",\"url\":\"https:\\\/\\\/www.castrum.ee\\\/wp-content\\\/uploads\\\/2025\\\/03\\\/Castrum-logo-500.png\",\"contentUrl\":\"https:\\\/\\\/www.castrum.ee\\\/wp-content\\\/uploads\\\/2025\\\/03\\\/Castrum-logo-500.png\",\"width\":500,\"height\":250,\"caption\":\"Castrum Grupp O\u00dc\"},\"image\":{\"@id\":\"https:\\\/\\\/www.castrum.ee\\\/fi\\\/#\\\/schema\\\/logo\\\/image\\\/\"},\"sameAs\":[\"https:\\\/\\\/www.facebook.com\\\/castrum.ee\"]}]}<\/script>\n<!-- \/ Yoast SEO plugin. -->","yoast_head_json":{"title":"Ford Transit Custom Electric [24+] LAZER Triple-R 750 maskis\u00e4leikk\u00f6 KIT | LED lis\u00e4valot","description":"Ford Transit Custom Electric [24+] LAZER Triple-R 750 maskis\u00e4leikk\u00f6 KIT - LED-kaukovalot, lis\u00e4valot ja asennustarvikkeet pakettiautoihin. ECE-hyv\u00e4ksytty, 5 vuoden takuu. Castrum.","robots":{"index":"index","follow":"follow","max-snippet":"max-snippet:-1","max-image-preview":"max-image-preview:large","max-video-preview":"max-video-preview:-1"},"canonical":"https:\/\/www.castrum.ee\/fi\/toode\/ford-transit-custom-electric-24-lazer-triple-r-750-maskisaleikon-led-integraatiosetti\/","og_locale":"fi_FI","og_type":"article","og_title":"Ford Transit Custom Electric [24+] LAZER Triple-R 750 maskis\u00e4leikk\u00f6 KIT | LED lis\u00e4valot","og_description":"Ford Transit Custom Electric [24+] LAZER Triple-R 750 maskis\u00e4leikk\u00f6 KIT - LED-kaukovalot, lis\u00e4valot ja asennustarvikkeet pakettiautoihin. ECE-hyv\u00e4ksytty, 5 vuoden takuu. Castrum.","og_url":"https:\/\/www.castrum.ee\/fi\/toode\/ford-transit-custom-electric-24-lazer-triple-r-750-maskisaleikon-led-integraatiosetti\/","og_site_name":"Castrum","article_publisher":"https:\/\/www.facebook.com\/castrum.ee","article_modified_time":"2026-05-11T10:17:38+00:00","og_image":[{"width":1000,"height":750,"url":"https:\/\/www.castrum.ee\/wp-content\/uploads\/2026\/05\/ford_transit_custom_electric_grille_kit_marketing_image__3__web.jpg","type":"image\/jpeg"}],"twitter_card":"summary_large_image","twitter_misc":{"Arvioitu lukuaika":"1 minuutti"},"schema":{"@context":"https:\/\/schema.org","@graph":[{"@type":"WebPage","@id":"https:\/\/www.castrum.ee\/fi\/toode\/ford-transit-custom-electric-24-lazer-triple-r-750-maskisaleikon-led-integraatiosetti\/","url":"https:\/\/www.castrum.ee\/fi\/toode\/ford-transit-custom-electric-24-lazer-triple-r-750-maskisaleikon-led-integraatiosetti\/","name":"Ford Transit Custom Electric [24+] LAZER Triple-R 750 maskis\u00e4leikk\u00f6 KIT | LED lis\u00e4valot","isPartOf":{"@id":"https:\/\/www.castrum.ee\/fi\/#website"},"primaryImageOfPage":{"@id":"https:\/\/www.castrum.ee\/fi\/toode\/ford-transit-custom-electric-24-lazer-triple-r-750-maskisaleikon-led-integraatiosetti\/#primaryimage"},"image":{"@id":"https:\/\/www.castrum.ee\/fi\/toode\/ford-transit-custom-electric-24-lazer-triple-r-750-maskisaleikon-led-integraatiosetti\/#primaryimage"},"thumbnailUrl":"https:\/\/www.castrum.ee\/wp-content\/uploads\/2026\/05\/ford_transit_custom_electric_grille_kit_marketing_image__3__web.jpg","datePublished":"2026-05-07T08:40:49+00:00","dateModified":"2026-05-11T10:17:38+00:00","description":"Ford Transit Custom Electric [24+] LAZER Triple-R 750 maskis\u00e4leikk\u00f6 KIT - LED-kaukovalot, lis\u00e4valot ja asennustarvikkeet pakettiautoihin. ECE-hyv\u00e4ksytty, 5 vuoden takuu. Castrum.","breadcrumb":{"@id":"https:\/\/www.castrum.ee\/fi\/toode\/ford-transit-custom-electric-24-lazer-triple-r-750-maskisaleikon-led-integraatiosetti\/#breadcrumb"},"inLanguage":"fi","potentialAction":[{"@type":"ReadAction","target":["https:\/\/www.castrum.ee\/fi\/toode\/ford-transit-custom-electric-24-lazer-triple-r-750-maskisaleikon-led-integraatiosetti\/"]}]},{"@type":"ImageObject","inLanguage":"fi","@id":"https:\/\/www.castrum.ee\/fi\/toode\/ford-transit-custom-electric-24-lazer-triple-r-750-maskisaleikon-led-integraatiosetti\/#primaryimage","url":"https:\/\/www.castrum.ee\/wp-content\/uploads\/2026\/05\/ford_transit_custom_electric_grille_kit_marketing_image__3__web.jpg","contentUrl":"https:\/\/www.castrum.ee\/wp-content\/uploads\/2026\/05\/ford_transit_custom_electric_grille_kit_marketing_image__3__web.jpg","width":1000,"height":750},{"@type":"BreadcrumbList","@id":"https:\/\/www.castrum.ee\/fi\/toode\/ford-transit-custom-electric-24-lazer-triple-r-750-maskisaleikon-led-integraatiosetti\/#breadcrumb","itemListElement":[{"@type":"ListItem","position":1,"name":"Home","item":"https:\/\/www.castrum.ee\/fi\/kotisivu\/"},{"@type":"ListItem","position":2,"name":"Verkkokauppa","item":"https:\/\/www.castrum.ee\/fi\/kauppa\/"},{"@type":"ListItem","position":3,"name":"LAZER Triple-R 750 maskis\u00e4leik\u00f6n LED-integraatiosetti | Ford Transit Custom Electric [24+]"}]},{"@type":"WebSite","@id":"https:\/\/www.castrum.ee\/fi\/#website","url":"https:\/\/www.castrum.ee\/fi\/","name":"Castrum","description":"Maastoautojen, henkil\u00f6autojen ja pienvaunujen lis\u00e4varusteet","publisher":{"@id":"https:\/\/www.castrum.ee\/fi\/#organization"},"potentialAction":[{"@type":"SearchAction","target":{"@type":"EntryPoint","urlTemplate":"https:\/\/www.castrum.ee\/fi\/?s={search_term_string}"},"query-input":{"@type":"PropertyValueSpecification","valueRequired":true,"valueName":"search_term_string"}}],"inLanguage":"fi"},{"@type":"Organization","@id":"https:\/\/www.castrum.ee\/fi\/#organization","name":"Castrum Grupp O\u00dc","url":"https:\/\/www.castrum.ee\/fi\/","logo":{"@type":"ImageObject","inLanguage":"fi","@id":"https:\/\/www.castrum.ee\/fi\/#\/schema\/logo\/image\/","url":"https:\/\/www.castrum.ee\/wp-content\/uploads\/2025\/03\/Castrum-logo-500.png","contentUrl":"https:\/\/www.castrum.ee\/wp-content\/uploads\/2025\/03\/Castrum-logo-500.png","width":500,"height":250,"caption":"Castrum Grupp O\u00dc"},"image":{"@id":"https:\/\/www.castrum.ee\/fi\/#\/schema\/logo\/image\/"},"sameAs":["https:\/\/www.facebook.com\/castrum.ee"]}]}},"_links":{"self":[{"href":"https:\/\/www.castrum.ee\/fi\/wp-json\/wp\/v2\/product\/87393","targetHints":{"allow":["GET"]}}],"collection":[{"href":"https:\/\/www.castrum.ee\/fi\/wp-json\/wp\/v2\/product"}],"about":[{"href":"https:\/\/www.castrum.ee\/fi\/wp-json\/wp\/v2\/types\/product"}],"wp:featuredmedia":[{"embeddable":true,"href":"https:\/\/www.castrum.ee\/fi\/wp-json\/wp\/v2\/media\/87379"}],"wp:attachment":[{"href":"https:\/\/www.castrum.ee\/fi\/wp-json\/wp\/v2\/media?parent=87393"}],"wp:term":[{"taxonomy":"mark-ja-mudel","embeddable":true,"href":"https:\/\/www.castrum.ee\/fi\/wp-json\/wp\/v2\/mark-ja-mudel?post=87393"},{"taxonomy":"product_brand","embeddable":true,"href":"https:\/\/www.castrum.ee\/fi\/wp-json\/wp\/v2\/product_brand?post=87393"},{"taxonomy":"product_cat","embeddable":true,"href":"https:\/\/www.castrum.ee\/fi\/wp-json\/wp\/v2\/product_cat?post=87393"},{"taxonomy":"product_tag","embeddable":true,"href":"https:\/\/www.castrum.ee\/fi\/wp-json\/wp\/v2\/product_tag?post=87393"}],"curies":[{"name":"wp","href":"https:\/\/api.w.org\/{rel}","templated":true}]}}