{"id":87531,"date":"2026-05-07T14:22:44","date_gmt":"2026-05-07T11:22:44","guid":{"rendered":"https:\/\/www.castrum.ee\/toode\/isuzu-d-max-20-maxliner-venture-lavakuomu-mqerdr\/"},"modified":"2026-05-11T23:08:09","modified_gmt":"2026-05-11T20:08:09","slug":"isuzu-d-max-20-maxliner-venture-lavakuomu","status":"publish","type":"product","link":"https:\/\/www.castrum.ee\/fi\/toode\/isuzu-d-max-20-maxliner-venture-lavakuomu\/","title":{"rendered":"Maxliner Venture Lavakuomu | Isuzu D-Max [20+]"},"content":{"rendered":"<p>Maxliner Venture mudelip\u00f5hine kovakate Isuzu D-Max [20+] -malliin. Sovitettu asennus s\u00e4ilytt\u00e4\u00e4 auton alkuper\u00e4isen linjan tarjoten samalla turvallisen ja s\u00e4\u00e4nkest\u00e4v\u00e4n kuormatilan.<\/p>\n<h3>Sis\u00e4lt\u00f6<\/h3>\n<ul>\n<li>Mudelip\u00f5hine ABS-komposiitti kovakate (T\u00dcV-sertifioitu, KBA #31929)<\/li>\n<li>Sivuikkunat yl\u00f6s nostettavat ilmanvaihtoa varten<\/li>\n<li>Etuikkunan ilmanvaihto (nosttettava)<\/li>\n<li>Takaikkunan l\u00e4mmitin (defroster)<\/li>\n<li>Takalippa 3. jarruvalolla<\/li>\n<li>E-Switch kauko-ohjain sivuikkunoiden ja takaluukun avaamiseen<\/li>\n<li>Sis\u00e4valaistus + sis\u00e4inen h\u00e4t\u00e4avausnapin<\/li>\n<\/ul>\n<h3>Tekniset tiedot<\/h3>\n<ul>\n<li>Dynaaminen kuorma enint\u00e4\u00e4n 100 kg (kuormituksella)<\/li>\n<li>Staattinen kuorma enint\u00e4\u00e4n 300 kg<\/li>\n<li>T\u00dcV-sertifikaatti (KBA #31929)<\/li>\n<li>Sopii vain UR-tyypin kuormatason vuorauksen kanssa<\/li>\n<li>Poikittaistanko (cross bar) ei sis\u00e4lly pakkaukseen<\/li>\n<li>Takuun edellytys J-brace asennus<\/li>\n<\/ul>\n<h3>Ladattavat ohjeet<\/h3><div class=\"install-guide-cards\"><a class=\"install-guide-card\" href=\"https:\/\/www.castrum.ee\/wp-content\/uploads\/2026\/05\/maxliner-venture-canopy-isuzu-dmax-dimensions.pdf\" target=\"_blank\" rel=\"noopener\"><span class=\"icon\">\ud83d\udcc4<\/span><span class=\"label\"><strong>Tuotemitat<\/strong><br><small>Product Dimensions (EN)<\/small><\/span><\/a><a class=\"install-guide-card\" href=\"https:\/\/www.youtube.com\/watch?v=3cjuVltFQSg\" target=\"_blank\" rel=\"noopener\"><span class=\"icon\">\u25b6\ufe0f<\/span><span class=\"label\"><strong>Asennusvideo<\/strong><br><small>Installation Guide (Video, EN)<\/small><\/span><\/a><\/div>\n","protected":false},"excerpt":{"rendered":"<p>Isuzu D-Max [20+] Maxliner Venture mudelip\u00f5hine kovakate \u2014 T\u00dcV-sertifioitu, sivuikkunat yl\u00f6s nostettavat, E-Switch kauko-ohjain, J-brace takuu.<\/p>\n","protected":false},"featured_media":87514,"template":"","meta":{"_acf_changed":false},"mark-ja-mudel":[],"product_brand":[1295,1294,2082],"product_cat":[1074],"product_tag":[],"class_list":{"0":"post-87531","1":"product","2":"type-product","3":"status-publish","4":"has-post-thumbnail","6":"product_brand-d-max","7":"product_brand-isuzu","8":"product_brand-maxliner-fi","9":"product_cat-lavakuvut","11":"first","12":"instock","13":"taxable","14":"shipping-taxable","15":"purchasable","16":"product-type-variable"},"bundled_by":[],"bundle_stock_status":"instock","bundle_stock_quantity":null,"bundle_virtual":false,"bundle_layout":"","bundle_add_to_cart_form_location":"","bundle_editable_in_cart":false,"bundle_sold_individually_context":"","bundle_item_grouping":"","bundle_min_size":"","bundle_max_size":"","bundle_price":[],"bundled_items":[],"bundle_sell_ids":[],"acf":[],"yoast_head":"<!-- This site is optimized with the Yoast SEO plugin v27.5 - https:\/\/yoast.com\/product\/yoast-seo-wordpress\/ -->\n<title>Isuzu D-Max [20+] Maxliner Venture Lavakuomu | Castrum<\/title>\n<meta name=\"description\" content=\"Isuzu D-Max [20+] Maxliner Venture lavakuomu - kovakate, lavakate ja hardtop. Maastureiden ja lava-autojen lis\u00e4varustus.\" \/>\n<meta name=\"robots\" content=\"index, follow, max-snippet:-1, max-image-preview:large, max-video-preview:-1\" \/>\n<link rel=\"canonical\" href=\"https:\/\/www.castrum.ee\/fi\/toode\/isuzu-d-max-20-maxliner-venture-lavakuomu\/\" \/>\n<meta property=\"og:locale\" content=\"fi_FI\" \/>\n<meta property=\"og:type\" content=\"article\" \/>\n<meta property=\"og:title\" content=\"Isuzu D-Max [20+] Maxliner Venture Lavakuomu | Castrum\" \/>\n<meta property=\"og:description\" content=\"Isuzu D-Max [20+] Maxliner Venture lavakuomu - kovakate, lavakate ja hardtop. Maastureiden ja lava-autojen lis\u00e4varustus.\" \/>\n<meta property=\"og:url\" content=\"https:\/\/www.castrum.ee\/fi\/toode\/isuzu-d-max-20-maxliner-venture-lavakuomu\/\" \/>\n<meta property=\"og:site_name\" content=\"Castrum\" \/>\n<meta property=\"article:publisher\" content=\"https:\/\/www.facebook.com\/castrum.ee\" \/>\n<meta property=\"article:modified_time\" content=\"2026-05-11T20:08:09+00:00\" \/>\n<meta property=\"og:image\" content=\"https:\/\/www.castrum.ee\/wp-content\/uploads\/2026\/05\/123-_1.png\" \/>\n\t<meta property=\"og:image:width\" content=\"1896\" \/>\n\t<meta property=\"og:image:height\" content=\"1067\" \/>\n\t<meta property=\"og:image:type\" content=\"image\/png\" \/>\n<meta name=\"twitter:card\" content=\"summary_large_image\" \/>\n<meta name=\"twitter:label1\" content=\"Arvioitu lukuaika\" \/>\n\t<meta name=\"twitter:data1\" content=\"1 minuutti\" \/>\n<script type=\"application\/ld+json\" class=\"yoast-schema-graph\">{\"@context\":\"https:\\\/\\\/schema.org\",\"@graph\":[{\"@type\":\"WebPage\",\"@id\":\"https:\\\/\\\/www.castrum.ee\\\/fi\\\/toode\\\/isuzu-d-max-20-maxliner-venture-lavakuomu\\\/\",\"url\":\"https:\\\/\\\/www.castrum.ee\\\/fi\\\/toode\\\/isuzu-d-max-20-maxliner-venture-lavakuomu\\\/\",\"name\":\"Isuzu D-Max [20+] Maxliner Venture Lavakuomu | Castrum\",\"isPartOf\":{\"@id\":\"https:\\\/\\\/www.castrum.ee\\\/fi\\\/#website\"},\"primaryImageOfPage\":{\"@id\":\"https:\\\/\\\/www.castrum.ee\\\/fi\\\/toode\\\/isuzu-d-max-20-maxliner-venture-lavakuomu\\\/#primaryimage\"},\"image\":{\"@id\":\"https:\\\/\\\/www.castrum.ee\\\/fi\\\/toode\\\/isuzu-d-max-20-maxliner-venture-lavakuomu\\\/#primaryimage\"},\"thumbnailUrl\":\"https:\\\/\\\/www.castrum.ee\\\/wp-content\\\/uploads\\\/2026\\\/05\\\/123-_1.png\",\"datePublished\":\"2026-05-07T11:22:44+00:00\",\"dateModified\":\"2026-05-11T20:08:09+00:00\",\"description\":\"Isuzu D-Max [20+] Maxliner Venture lavakuomu - kovakate, lavakate ja hardtop. Maastureiden ja lava-autojen lis\u00e4varustus.\",\"breadcrumb\":{\"@id\":\"https:\\\/\\\/www.castrum.ee\\\/fi\\\/toode\\\/isuzu-d-max-20-maxliner-venture-lavakuomu\\\/#breadcrumb\"},\"inLanguage\":\"fi\",\"potentialAction\":[{\"@type\":\"ReadAction\",\"target\":[\"https:\\\/\\\/www.castrum.ee\\\/fi\\\/toode\\\/isuzu-d-max-20-maxliner-venture-lavakuomu\\\/\"]}]},{\"@type\":\"ImageObject\",\"inLanguage\":\"fi\",\"@id\":\"https:\\\/\\\/www.castrum.ee\\\/fi\\\/toode\\\/isuzu-d-max-20-maxliner-venture-lavakuomu\\\/#primaryimage\",\"url\":\"https:\\\/\\\/www.castrum.ee\\\/wp-content\\\/uploads\\\/2026\\\/05\\\/123-_1.png\",\"contentUrl\":\"https:\\\/\\\/www.castrum.ee\\\/wp-content\\\/uploads\\\/2026\\\/05\\\/123-_1.png\",\"width\":1896,\"height\":1067},{\"@type\":\"BreadcrumbList\",\"@id\":\"https:\\\/\\\/www.castrum.ee\\\/fi\\\/toode\\\/isuzu-d-max-20-maxliner-venture-lavakuomu\\\/#breadcrumb\",\"itemListElement\":[{\"@type\":\"ListItem\",\"position\":1,\"name\":\"Home\",\"item\":\"https:\\\/\\\/www.castrum.ee\\\/fi\\\/kotisivu\\\/\"},{\"@type\":\"ListItem\",\"position\":2,\"name\":\"Verkkokauppa\",\"item\":\"https:\\\/\\\/www.castrum.ee\\\/fi\\\/kauppa\\\/\"},{\"@type\":\"ListItem\",\"position\":3,\"name\":\"Maxliner Venture Lavakuomu | Isuzu D-Max [20+]\"}]},{\"@type\":\"WebSite\",\"@id\":\"https:\\\/\\\/www.castrum.ee\\\/fi\\\/#website\",\"url\":\"https:\\\/\\\/www.castrum.ee\\\/fi\\\/\",\"name\":\"Castrum\",\"description\":\"Maastoautojen, henkil\u00f6autojen ja pienvaunujen lis\u00e4varusteet\",\"publisher\":{\"@id\":\"https:\\\/\\\/www.castrum.ee\\\/fi\\\/#organization\"},\"potentialAction\":[{\"@type\":\"SearchAction\",\"target\":{\"@type\":\"EntryPoint\",\"urlTemplate\":\"https:\\\/\\\/www.castrum.ee\\\/fi\\\/?s={search_term_string}\"},\"query-input\":{\"@type\":\"PropertyValueSpecification\",\"valueRequired\":true,\"valueName\":\"search_term_string\"}}],\"inLanguage\":\"fi\"},{\"@type\":\"Organization\",\"@id\":\"https:\\\/\\\/www.castrum.ee\\\/fi\\\/#organization\",\"name\":\"Castrum Grupp O\u00dc\",\"url\":\"https:\\\/\\\/www.castrum.ee\\\/fi\\\/\",\"logo\":{\"@type\":\"ImageObject\",\"inLanguage\":\"fi\",\"@id\":\"https:\\\/\\\/www.castrum.ee\\\/fi\\\/#\\\/schema\\\/logo\\\/image\\\/\",\"url\":\"https:\\\/\\\/www.castrum.ee\\\/wp-content\\\/uploads\\\/2025\\\/03\\\/Castrum-logo-500.png\",\"contentUrl\":\"https:\\\/\\\/www.castrum.ee\\\/wp-content\\\/uploads\\\/2025\\\/03\\\/Castrum-logo-500.png\",\"width\":500,\"height\":250,\"caption\":\"Castrum Grupp O\u00dc\"},\"image\":{\"@id\":\"https:\\\/\\\/www.castrum.ee\\\/fi\\\/#\\\/schema\\\/logo\\\/image\\\/\"},\"sameAs\":[\"https:\\\/\\\/www.facebook.com\\\/castrum.ee\"]}]}<\/script>\n<!-- \/ Yoast SEO plugin. -->","yoast_head_json":{"title":"Isuzu D-Max [20+] Maxliner Venture Lavakuomu | Castrum","description":"Isuzu D-Max [20+] Maxliner Venture lavakuomu - kovakate, lavakate ja hardtop. Maastureiden ja lava-autojen lis\u00e4varustus.","robots":{"index":"index","follow":"follow","max-snippet":"max-snippet:-1","max-image-preview":"max-image-preview:large","max-video-preview":"max-video-preview:-1"},"canonical":"https:\/\/www.castrum.ee\/fi\/toode\/isuzu-d-max-20-maxliner-venture-lavakuomu\/","og_locale":"fi_FI","og_type":"article","og_title":"Isuzu D-Max [20+] Maxliner Venture Lavakuomu | Castrum","og_description":"Isuzu D-Max [20+] Maxliner Venture lavakuomu - kovakate, lavakate ja hardtop. Maastureiden ja lava-autojen lis\u00e4varustus.","og_url":"https:\/\/www.castrum.ee\/fi\/toode\/isuzu-d-max-20-maxliner-venture-lavakuomu\/","og_site_name":"Castrum","article_publisher":"https:\/\/www.facebook.com\/castrum.ee","article_modified_time":"2026-05-11T20:08:09+00:00","og_image":[{"width":1896,"height":1067,"url":"https:\/\/www.castrum.ee\/wp-content\/uploads\/2026\/05\/123-_1.png","type":"image\/png"}],"twitter_card":"summary_large_image","twitter_misc":{"Arvioitu lukuaika":"1 minuutti"},"schema":{"@context":"https:\/\/schema.org","@graph":[{"@type":"WebPage","@id":"https:\/\/www.castrum.ee\/fi\/toode\/isuzu-d-max-20-maxliner-venture-lavakuomu\/","url":"https:\/\/www.castrum.ee\/fi\/toode\/isuzu-d-max-20-maxliner-venture-lavakuomu\/","name":"Isuzu D-Max [20+] Maxliner Venture Lavakuomu | Castrum","isPartOf":{"@id":"https:\/\/www.castrum.ee\/fi\/#website"},"primaryImageOfPage":{"@id":"https:\/\/www.castrum.ee\/fi\/toode\/isuzu-d-max-20-maxliner-venture-lavakuomu\/#primaryimage"},"image":{"@id":"https:\/\/www.castrum.ee\/fi\/toode\/isuzu-d-max-20-maxliner-venture-lavakuomu\/#primaryimage"},"thumbnailUrl":"https:\/\/www.castrum.ee\/wp-content\/uploads\/2026\/05\/123-_1.png","datePublished":"2026-05-07T11:22:44+00:00","dateModified":"2026-05-11T20:08:09+00:00","description":"Isuzu D-Max [20+] Maxliner Venture lavakuomu - kovakate, lavakate ja hardtop. Maastureiden ja lava-autojen lis\u00e4varustus.","breadcrumb":{"@id":"https:\/\/www.castrum.ee\/fi\/toode\/isuzu-d-max-20-maxliner-venture-lavakuomu\/#breadcrumb"},"inLanguage":"fi","potentialAction":[{"@type":"ReadAction","target":["https:\/\/www.castrum.ee\/fi\/toode\/isuzu-d-max-20-maxliner-venture-lavakuomu\/"]}]},{"@type":"ImageObject","inLanguage":"fi","@id":"https:\/\/www.castrum.ee\/fi\/toode\/isuzu-d-max-20-maxliner-venture-lavakuomu\/#primaryimage","url":"https:\/\/www.castrum.ee\/wp-content\/uploads\/2026\/05\/123-_1.png","contentUrl":"https:\/\/www.castrum.ee\/wp-content\/uploads\/2026\/05\/123-_1.png","width":1896,"height":1067},{"@type":"BreadcrumbList","@id":"https:\/\/www.castrum.ee\/fi\/toode\/isuzu-d-max-20-maxliner-venture-lavakuomu\/#breadcrumb","itemListElement":[{"@type":"ListItem","position":1,"name":"Home","item":"https:\/\/www.castrum.ee\/fi\/kotisivu\/"},{"@type":"ListItem","position":2,"name":"Verkkokauppa","item":"https:\/\/www.castrum.ee\/fi\/kauppa\/"},{"@type":"ListItem","position":3,"name":"Maxliner Venture Lavakuomu | Isuzu D-Max [20+]"}]},{"@type":"WebSite","@id":"https:\/\/www.castrum.ee\/fi\/#website","url":"https:\/\/www.castrum.ee\/fi\/","name":"Castrum","description":"Maastoautojen, henkil\u00f6autojen ja pienvaunujen lis\u00e4varusteet","publisher":{"@id":"https:\/\/www.castrum.ee\/fi\/#organization"},"potentialAction":[{"@type":"SearchAction","target":{"@type":"EntryPoint","urlTemplate":"https:\/\/www.castrum.ee\/fi\/?s={search_term_string}"},"query-input":{"@type":"PropertyValueSpecification","valueRequired":true,"valueName":"search_term_string"}}],"inLanguage":"fi"},{"@type":"Organization","@id":"https:\/\/www.castrum.ee\/fi\/#organization","name":"Castrum Grupp O\u00dc","url":"https:\/\/www.castrum.ee\/fi\/","logo":{"@type":"ImageObject","inLanguage":"fi","@id":"https:\/\/www.castrum.ee\/fi\/#\/schema\/logo\/image\/","url":"https:\/\/www.castrum.ee\/wp-content\/uploads\/2025\/03\/Castrum-logo-500.png","contentUrl":"https:\/\/www.castrum.ee\/wp-content\/uploads\/2025\/03\/Castrum-logo-500.png","width":500,"height":250,"caption":"Castrum Grupp O\u00dc"},"image":{"@id":"https:\/\/www.castrum.ee\/fi\/#\/schema\/logo\/image\/"},"sameAs":["https:\/\/www.facebook.com\/castrum.ee"]}]}},"_links":{"self":[{"href":"https:\/\/www.castrum.ee\/fi\/wp-json\/wp\/v2\/product\/87531","targetHints":{"allow":["GET"]}}],"collection":[{"href":"https:\/\/www.castrum.ee\/fi\/wp-json\/wp\/v2\/product"}],"about":[{"href":"https:\/\/www.castrum.ee\/fi\/wp-json\/wp\/v2\/types\/product"}],"wp:featuredmedia":[{"embeddable":true,"href":"https:\/\/www.castrum.ee\/fi\/wp-json\/wp\/v2\/media\/87514"}],"wp:attachment":[{"href":"https:\/\/www.castrum.ee\/fi\/wp-json\/wp\/v2\/media?parent=87531"}],"wp:term":[{"taxonomy":"mark-ja-mudel","embeddable":true,"href":"https:\/\/www.castrum.ee\/fi\/wp-json\/wp\/v2\/mark-ja-mudel?post=87531"},{"taxonomy":"product_brand","embeddable":true,"href":"https:\/\/www.castrum.ee\/fi\/wp-json\/wp\/v2\/product_brand?post=87531"},{"taxonomy":"product_cat","embeddable":true,"href":"https:\/\/www.castrum.ee\/fi\/wp-json\/wp\/v2\/product_cat?post=87531"},{"taxonomy":"product_tag","embeddable":true,"href":"https:\/\/www.castrum.ee\/fi\/wp-json\/wp\/v2\/product_tag?post=87531"}],"curies":[{"name":"wp","href":"https:\/\/api.w.org\/{rel}","templated":true}]}}