{"id":87553,"date":"2026-05-07T14:25:09","date_gmt":"2026-05-07T11:25:09","guid":{"rendered":"https:\/\/www.castrum.ee\/toode\/toyota-hilux-15-25-maxliner-venture-lavakuomu-0ujzvu\/"},"modified":"2026-05-11T23:08:07","modified_gmt":"2026-05-11T20:08:07","slug":"toyota-hilux-15-25-maxliner-venture-lavakuomu","status":"publish","type":"product","link":"https:\/\/www.castrum.ee\/fi\/toode\/toyota-hilux-15-25-maxliner-venture-lavakuomu\/","title":{"rendered":"Maxliner Venture Lavakuomu | Toyota Hilux [15-25]"},"content":{"rendered":"<p>Maxliner Venture mudelip\u00f5hine kovakate Toyota Hilux 2015-2025 mallille. Mukautettu asennus s\u00e4ilytt\u00e4\u00e4 auton alkuper\u00e4isen linjan samalla tarjoten turvallisen ja s\u00e4\u00e4nkest\u00e4v\u00e4n lavatilan.<\/p>\n<h3>Sarjassa<\/h3>\n<ul>\n<li>Muunnoskohtainen ABS-komposiitti kovakate (T\u00dcV-sertifioitu, KBA #31929)<\/li>\n<li>Sivuikkunat yl\u00f6s nostettavat ilmanvaihtoa varten<\/li>\n<li>Etuikkunan ilmanvaihto (yl\u00f6s nostettava)<\/li>\n<li>Takaikkuna l\u00e4mmitin (sumusuihku)<\/li>\n<li>Takapuskuri 3. jarruvalo<\/li>\n<li>E-Switch radiopainike sivuikkunoiden ja takaluukun avaamiseen<\/li>\n<li>Sis\u00e4valaistus + sis\u00e4inen h\u00e4t\u00e4avautumispainike<\/li>\n<\/ul>\n<h3>Tekniset tiedot<\/h3>\n<ul>\n<li>Dynaaminen kuorma enint\u00e4\u00e4n 100 kg (kuormatukena)<\/li>\n<li>Staattinen kuorma enint\u00e4\u00e4n 300 kg<\/li>\n<li>T\u00dcV-sertifikaatti (KBA #31929)<\/li>\n<li>Sopii vain UR-tyypin lavojen vuorauksen kanssa<\/li>\n<li>Ristipalkki (cross bar) ei kuulu sarjaan<\/li>\n<li>Takuuta varten vaaditaan J-brace asennus<\/li>\n<\/ul>\n<h3>Ladattavat ohjeet<\/h3><div class=\"install-guide-cards\"><a class=\"install-guide-card\" href=\"https:\/\/www.castrum.ee\/wp-content\/uploads\/2026\/05\/maxliner-venture-canopy-toyota-hilux-dimensions.pdf\" target=\"_blank\" rel=\"noopener\"><span class=\"icon\">\ud83d\udcc4<\/span><span class=\"label\"><strong>Tuotemitat<\/strong><br><small>Product Dimensions (EN)<\/small><\/span><\/a><a class=\"install-guide-card\" href=\"https:\/\/www.youtube.com\/watch?v=3cjuVltFQSg\" target=\"_blank\" rel=\"noopener\"><span class=\"icon\">\u25b6\ufe0f<\/span><span class=\"label\"><strong>Asennusvideo<\/strong><br><small>Installation Guide (Video, EN)<\/small><\/span><\/a><\/div>\n","protected":false},"excerpt":{"rendered":"<p>Toyota Hilux [15-25] Maxliner Venture muunnoskohtainen kovakate \u2014 T\u00dcV-sertifioitu, sivuikkunat yl\u00f6s nostettavat, E-Switch radiopainike, J-brace takuu.<\/p>\n","protected":false},"featured_media":87536,"template":"","meta":{"_acf_changed":false},"mark-ja-mudel":[],"product_brand":[1278,2082,1277],"product_cat":[1074],"product_tag":[],"class_list":{"0":"post-87553","1":"product","2":"type-product","3":"status-publish","4":"has-post-thumbnail","6":"product_brand-hilux","7":"product_brand-maxliner-fi","8":"product_brand-toyota","9":"product_cat-lavakuvut","11":"first","12":"instock","13":"taxable","14":"shipping-taxable","15":"purchasable","16":"product-type-variable"},"bundled_by":[],"bundle_stock_status":"instock","bundle_stock_quantity":null,"bundle_virtual":false,"bundle_layout":"","bundle_add_to_cart_form_location":"","bundle_editable_in_cart":false,"bundle_sold_individually_context":"","bundle_item_grouping":"","bundle_min_size":"","bundle_max_size":"","bundle_price":[],"bundled_items":[],"bundle_sell_ids":[],"acf":[],"yoast_head":"<!-- This site is optimized with the Yoast SEO plugin v27.5 - https:\/\/yoast.com\/product\/yoast-seo-wordpress\/ -->\n<title>Toyota Hilux [15-25] Maxliner Venture Lavakuomu | Castrum<\/title>\n<meta name=\"description\" content=\"Toyota Hilux [15-25] Maxliner Venture kovakate, lavakuomu ja hardtop lavavarusteen ratkaisut. T\u00dcV-sertifioitu, sivuikkunoilla ja E-Switch ohjaimella.\" \/>\n<meta name=\"robots\" content=\"index, follow, max-snippet:-1, max-image-preview:large, max-video-preview:-1\" \/>\n<link rel=\"canonical\" href=\"https:\/\/www.castrum.ee\/fi\/toode\/toyota-hilux-15-25-maxliner-venture-lavakuomu\/\" \/>\n<meta property=\"og:locale\" content=\"fi_FI\" \/>\n<meta property=\"og:type\" content=\"article\" \/>\n<meta property=\"og:title\" content=\"Toyota Hilux [15-25] Maxliner Venture Lavakuomu | Castrum\" \/>\n<meta property=\"og:description\" content=\"Toyota Hilux [15-25] Maxliner Venture kovakate, lavakuomu ja hardtop lavavarusteen ratkaisut. T\u00dcV-sertifioitu, sivuikkunoilla ja E-Switch ohjaimella.\" \/>\n<meta property=\"og:url\" content=\"https:\/\/www.castrum.ee\/fi\/toode\/toyota-hilux-15-25-maxliner-venture-lavakuomu\/\" \/>\n<meta property=\"og:site_name\" content=\"Castrum\" \/>\n<meta property=\"article:publisher\" content=\"https:\/\/www.facebook.com\/castrum.ee\" \/>\n<meta property=\"article:modified_time\" content=\"2026-05-11T20:08:07+00:00\" \/>\n<meta property=\"og:image\" content=\"https:\/\/www.castrum.ee\/wp-content\/uploads\/2026\/05\/VENTURECANOPY-TOYOTAHILUX2020_4.jpg\" \/>\n\t<meta property=\"og:image:width\" content=\"1606\" \/>\n\t<meta property=\"og:image:height\" content=\"904\" \/>\n\t<meta property=\"og:image:type\" content=\"image\/jpeg\" \/>\n<meta name=\"twitter:card\" content=\"summary_large_image\" \/>\n<meta name=\"twitter:label1\" content=\"Arvioitu lukuaika\" \/>\n\t<meta name=\"twitter:data1\" content=\"1 minuutti\" \/>\n<script type=\"application\/ld+json\" class=\"yoast-schema-graph\">{\"@context\":\"https:\\\/\\\/schema.org\",\"@graph\":[{\"@type\":\"WebPage\",\"@id\":\"https:\\\/\\\/www.castrum.ee\\\/fi\\\/toode\\\/toyota-hilux-15-25-maxliner-venture-lavakuomu\\\/\",\"url\":\"https:\\\/\\\/www.castrum.ee\\\/fi\\\/toode\\\/toyota-hilux-15-25-maxliner-venture-lavakuomu\\\/\",\"name\":\"Toyota Hilux [15-25] Maxliner Venture Lavakuomu | Castrum\",\"isPartOf\":{\"@id\":\"https:\\\/\\\/www.castrum.ee\\\/fi\\\/#website\"},\"primaryImageOfPage\":{\"@id\":\"https:\\\/\\\/www.castrum.ee\\\/fi\\\/toode\\\/toyota-hilux-15-25-maxliner-venture-lavakuomu\\\/#primaryimage\"},\"image\":{\"@id\":\"https:\\\/\\\/www.castrum.ee\\\/fi\\\/toode\\\/toyota-hilux-15-25-maxliner-venture-lavakuomu\\\/#primaryimage\"},\"thumbnailUrl\":\"https:\\\/\\\/www.castrum.ee\\\/wp-content\\\/uploads\\\/2026\\\/05\\\/VENTURECANOPY-TOYOTAHILUX2020_4.jpg\",\"datePublished\":\"2026-05-07T11:25:09+00:00\",\"dateModified\":\"2026-05-11T20:08:07+00:00\",\"description\":\"Toyota Hilux [15-25] Maxliner Venture kovakate, lavakuomu ja hardtop lavavarusteen ratkaisut. T\u00dcV-sertifioitu, sivuikkunoilla ja E-Switch ohjaimella.\",\"breadcrumb\":{\"@id\":\"https:\\\/\\\/www.castrum.ee\\\/fi\\\/toode\\\/toyota-hilux-15-25-maxliner-venture-lavakuomu\\\/#breadcrumb\"},\"inLanguage\":\"fi\",\"potentialAction\":[{\"@type\":\"ReadAction\",\"target\":[\"https:\\\/\\\/www.castrum.ee\\\/fi\\\/toode\\\/toyota-hilux-15-25-maxliner-venture-lavakuomu\\\/\"]}]},{\"@type\":\"ImageObject\",\"inLanguage\":\"fi\",\"@id\":\"https:\\\/\\\/www.castrum.ee\\\/fi\\\/toode\\\/toyota-hilux-15-25-maxliner-venture-lavakuomu\\\/#primaryimage\",\"url\":\"https:\\\/\\\/www.castrum.ee\\\/wp-content\\\/uploads\\\/2026\\\/05\\\/VENTURECANOPY-TOYOTAHILUX2020_4.jpg\",\"contentUrl\":\"https:\\\/\\\/www.castrum.ee\\\/wp-content\\\/uploads\\\/2026\\\/05\\\/VENTURECANOPY-TOYOTAHILUX2020_4.jpg\",\"width\":1606,\"height\":904},{\"@type\":\"BreadcrumbList\",\"@id\":\"https:\\\/\\\/www.castrum.ee\\\/fi\\\/toode\\\/toyota-hilux-15-25-maxliner-venture-lavakuomu\\\/#breadcrumb\",\"itemListElement\":[{\"@type\":\"ListItem\",\"position\":1,\"name\":\"Home\",\"item\":\"https:\\\/\\\/www.castrum.ee\\\/fi\\\/kotisivu\\\/\"},{\"@type\":\"ListItem\",\"position\":2,\"name\":\"Verkkokauppa\",\"item\":\"https:\\\/\\\/www.castrum.ee\\\/fi\\\/kauppa\\\/\"},{\"@type\":\"ListItem\",\"position\":3,\"name\":\"Maxliner Venture Lavakuomu | Toyota Hilux [15-25]\"}]},{\"@type\":\"WebSite\",\"@id\":\"https:\\\/\\\/www.castrum.ee\\\/fi\\\/#website\",\"url\":\"https:\\\/\\\/www.castrum.ee\\\/fi\\\/\",\"name\":\"Castrum\",\"description\":\"Maastoautojen, henkil\u00f6autojen ja pienvaunujen lis\u00e4varusteet\",\"publisher\":{\"@id\":\"https:\\\/\\\/www.castrum.ee\\\/fi\\\/#organization\"},\"potentialAction\":[{\"@type\":\"SearchAction\",\"target\":{\"@type\":\"EntryPoint\",\"urlTemplate\":\"https:\\\/\\\/www.castrum.ee\\\/fi\\\/?s={search_term_string}\"},\"query-input\":{\"@type\":\"PropertyValueSpecification\",\"valueRequired\":true,\"valueName\":\"search_term_string\"}}],\"inLanguage\":\"fi\"},{\"@type\":\"Organization\",\"@id\":\"https:\\\/\\\/www.castrum.ee\\\/fi\\\/#organization\",\"name\":\"Castrum Grupp O\u00dc\",\"url\":\"https:\\\/\\\/www.castrum.ee\\\/fi\\\/\",\"logo\":{\"@type\":\"ImageObject\",\"inLanguage\":\"fi\",\"@id\":\"https:\\\/\\\/www.castrum.ee\\\/fi\\\/#\\\/schema\\\/logo\\\/image\\\/\",\"url\":\"https:\\\/\\\/www.castrum.ee\\\/wp-content\\\/uploads\\\/2025\\\/03\\\/Castrum-logo-500.png\",\"contentUrl\":\"https:\\\/\\\/www.castrum.ee\\\/wp-content\\\/uploads\\\/2025\\\/03\\\/Castrum-logo-500.png\",\"width\":500,\"height\":250,\"caption\":\"Castrum Grupp O\u00dc\"},\"image\":{\"@id\":\"https:\\\/\\\/www.castrum.ee\\\/fi\\\/#\\\/schema\\\/logo\\\/image\\\/\"},\"sameAs\":[\"https:\\\/\\\/www.facebook.com\\\/castrum.ee\"]}]}<\/script>\n<!-- \/ Yoast SEO plugin. -->","yoast_head_json":{"title":"Toyota Hilux [15-25] Maxliner Venture Lavakuomu | Castrum","description":"Toyota Hilux [15-25] Maxliner Venture kovakate, lavakuomu ja hardtop lavavarusteen ratkaisut. T\u00dcV-sertifioitu, sivuikkunoilla ja E-Switch ohjaimella.","robots":{"index":"index","follow":"follow","max-snippet":"max-snippet:-1","max-image-preview":"max-image-preview:large","max-video-preview":"max-video-preview:-1"},"canonical":"https:\/\/www.castrum.ee\/fi\/toode\/toyota-hilux-15-25-maxliner-venture-lavakuomu\/","og_locale":"fi_FI","og_type":"article","og_title":"Toyota Hilux [15-25] Maxliner Venture Lavakuomu | Castrum","og_description":"Toyota Hilux [15-25] Maxliner Venture kovakate, lavakuomu ja hardtop lavavarusteen ratkaisut. T\u00dcV-sertifioitu, sivuikkunoilla ja E-Switch ohjaimella.","og_url":"https:\/\/www.castrum.ee\/fi\/toode\/toyota-hilux-15-25-maxliner-venture-lavakuomu\/","og_site_name":"Castrum","article_publisher":"https:\/\/www.facebook.com\/castrum.ee","article_modified_time":"2026-05-11T20:08:07+00:00","og_image":[{"width":1606,"height":904,"url":"https:\/\/www.castrum.ee\/wp-content\/uploads\/2026\/05\/VENTURECANOPY-TOYOTAHILUX2020_4.jpg","type":"image\/jpeg"}],"twitter_card":"summary_large_image","twitter_misc":{"Arvioitu lukuaika":"1 minuutti"},"schema":{"@context":"https:\/\/schema.org","@graph":[{"@type":"WebPage","@id":"https:\/\/www.castrum.ee\/fi\/toode\/toyota-hilux-15-25-maxliner-venture-lavakuomu\/","url":"https:\/\/www.castrum.ee\/fi\/toode\/toyota-hilux-15-25-maxliner-venture-lavakuomu\/","name":"Toyota Hilux [15-25] Maxliner Venture Lavakuomu | Castrum","isPartOf":{"@id":"https:\/\/www.castrum.ee\/fi\/#website"},"primaryImageOfPage":{"@id":"https:\/\/www.castrum.ee\/fi\/toode\/toyota-hilux-15-25-maxliner-venture-lavakuomu\/#primaryimage"},"image":{"@id":"https:\/\/www.castrum.ee\/fi\/toode\/toyota-hilux-15-25-maxliner-venture-lavakuomu\/#primaryimage"},"thumbnailUrl":"https:\/\/www.castrum.ee\/wp-content\/uploads\/2026\/05\/VENTURECANOPY-TOYOTAHILUX2020_4.jpg","datePublished":"2026-05-07T11:25:09+00:00","dateModified":"2026-05-11T20:08:07+00:00","description":"Toyota Hilux [15-25] Maxliner Venture kovakate, lavakuomu ja hardtop lavavarusteen ratkaisut. T\u00dcV-sertifioitu, sivuikkunoilla ja E-Switch ohjaimella.","breadcrumb":{"@id":"https:\/\/www.castrum.ee\/fi\/toode\/toyota-hilux-15-25-maxliner-venture-lavakuomu\/#breadcrumb"},"inLanguage":"fi","potentialAction":[{"@type":"ReadAction","target":["https:\/\/www.castrum.ee\/fi\/toode\/toyota-hilux-15-25-maxliner-venture-lavakuomu\/"]}]},{"@type":"ImageObject","inLanguage":"fi","@id":"https:\/\/www.castrum.ee\/fi\/toode\/toyota-hilux-15-25-maxliner-venture-lavakuomu\/#primaryimage","url":"https:\/\/www.castrum.ee\/wp-content\/uploads\/2026\/05\/VENTURECANOPY-TOYOTAHILUX2020_4.jpg","contentUrl":"https:\/\/www.castrum.ee\/wp-content\/uploads\/2026\/05\/VENTURECANOPY-TOYOTAHILUX2020_4.jpg","width":1606,"height":904},{"@type":"BreadcrumbList","@id":"https:\/\/www.castrum.ee\/fi\/toode\/toyota-hilux-15-25-maxliner-venture-lavakuomu\/#breadcrumb","itemListElement":[{"@type":"ListItem","position":1,"name":"Home","item":"https:\/\/www.castrum.ee\/fi\/kotisivu\/"},{"@type":"ListItem","position":2,"name":"Verkkokauppa","item":"https:\/\/www.castrum.ee\/fi\/kauppa\/"},{"@type":"ListItem","position":3,"name":"Maxliner Venture Lavakuomu | Toyota Hilux [15-25]"}]},{"@type":"WebSite","@id":"https:\/\/www.castrum.ee\/fi\/#website","url":"https:\/\/www.castrum.ee\/fi\/","name":"Castrum","description":"Maastoautojen, henkil\u00f6autojen ja pienvaunujen lis\u00e4varusteet","publisher":{"@id":"https:\/\/www.castrum.ee\/fi\/#organization"},"potentialAction":[{"@type":"SearchAction","target":{"@type":"EntryPoint","urlTemplate":"https:\/\/www.castrum.ee\/fi\/?s={search_term_string}"},"query-input":{"@type":"PropertyValueSpecification","valueRequired":true,"valueName":"search_term_string"}}],"inLanguage":"fi"},{"@type":"Organization","@id":"https:\/\/www.castrum.ee\/fi\/#organization","name":"Castrum Grupp O\u00dc","url":"https:\/\/www.castrum.ee\/fi\/","logo":{"@type":"ImageObject","inLanguage":"fi","@id":"https:\/\/www.castrum.ee\/fi\/#\/schema\/logo\/image\/","url":"https:\/\/www.castrum.ee\/wp-content\/uploads\/2025\/03\/Castrum-logo-500.png","contentUrl":"https:\/\/www.castrum.ee\/wp-content\/uploads\/2025\/03\/Castrum-logo-500.png","width":500,"height":250,"caption":"Castrum Grupp O\u00dc"},"image":{"@id":"https:\/\/www.castrum.ee\/fi\/#\/schema\/logo\/image\/"},"sameAs":["https:\/\/www.facebook.com\/castrum.ee"]}]}},"_links":{"self":[{"href":"https:\/\/www.castrum.ee\/fi\/wp-json\/wp\/v2\/product\/87553","targetHints":{"allow":["GET"]}}],"collection":[{"href":"https:\/\/www.castrum.ee\/fi\/wp-json\/wp\/v2\/product"}],"about":[{"href":"https:\/\/www.castrum.ee\/fi\/wp-json\/wp\/v2\/types\/product"}],"wp:featuredmedia":[{"embeddable":true,"href":"https:\/\/www.castrum.ee\/fi\/wp-json\/wp\/v2\/media\/87536"}],"wp:attachment":[{"href":"https:\/\/www.castrum.ee\/fi\/wp-json\/wp\/v2\/media?parent=87553"}],"wp:term":[{"taxonomy":"mark-ja-mudel","embeddable":true,"href":"https:\/\/www.castrum.ee\/fi\/wp-json\/wp\/v2\/mark-ja-mudel?post=87553"},{"taxonomy":"product_brand","embeddable":true,"href":"https:\/\/www.castrum.ee\/fi\/wp-json\/wp\/v2\/product_brand?post=87553"},{"taxonomy":"product_cat","embeddable":true,"href":"https:\/\/www.castrum.ee\/fi\/wp-json\/wp\/v2\/product_cat?post=87553"},{"taxonomy":"product_tag","embeddable":true,"href":"https:\/\/www.castrum.ee\/fi\/wp-json\/wp\/v2\/product_tag?post=87553"}],"curies":[{"name":"wp","href":"https:\/\/api.w.org\/{rel}","templated":true}]}}