{"id":87799,"date":"2026-05-07T14:45:37","date_gmt":"2026-05-07T11:45:37","guid":{"rendered":"https:\/\/www.castrum.ee\/toode\/ford-ranger-raptor-23-maxliner-venture-canopy-0vmn1d\/"},"modified":"2026-05-11T23:08:02","modified_gmt":"2026-05-11T20:08:02","slug":"ford-ranger-raptor-23-maxliner-venture-lavakuomu","status":"publish","type":"product","link":"https:\/\/www.castrum.ee\/fi\/toode\/ford-ranger-raptor-23-maxliner-venture-lavakuomu\/","title":{"rendered":"Maxliner Venture Lavakuomu | Ford Ranger Raptor [23+]"},"content":{"rendered":"<p>Maxliner Venture -mallikohtainen kovakate Ford Ranger Raptor [23+] -mallille. R\u00e4\u00e4t\u00e4l\u00f6ity asennus s\u00e4ilytt\u00e4\u00e4 auton alkuper\u00e4isen linjan tarjoten samalla turvallisen ja s\u00e4\u00e4nkest\u00e4v\u00e4n kuormatilaratkaisu.<\/p>\n<h3>Sarjaan sis\u00e4ltyy<\/h3>\n<ul>\n<li>Mallikohtainen ABS-komposiitti kovakate (T\u00dcV-sertifioitu, KBA #31929)<\/li>\n<li>Sivuikkunat avattavilla ruuveilla ilmastoinnin varmistamiseksi<\/li>\n<li>Etusivuikkunan ilmastointi (avattava)<\/li>\n<li>Takaruudun l\u00e4mmitin (defroster)<\/li>\n<li>Takaspoileri 3. jarruvalolla<\/li>\n<li>E-Switch -kauko-ohjain sivuikkunoiden ja takaluukun avaamiseen<\/li>\n<li>Sis\u00e4valaistus + sis\u00e4inen h\u00e4t\u00e4avausnappi<\/li>\n<\/ul>\n<h3>Tekniset tiedot<\/h3>\n<ul>\n<li>Dynaaminen kuormitus jopa 100 kg (kuormatukella)<\/li>\n<li>Staattinen kuormitus jopa 300 kg<\/li>\n<li>T\u00dcV-sertifikaatti (KBA #31929)<\/li>\n<li>Sopii vain UR-tyypin kuormatilavuoraukseen<\/li>\n<li>Ristipalkkia (cross bar) ei sis\u00e4lly sarjaan<\/li>\n<li>J-brace-asennuksen vaatiminen takuuta varten<\/li>\n<\/ul>\n<h3>Ladattavat ohjeet<\/h3><div class=\"install-guide-cards\"><a class=\"install-guide-card\" href=\"https:\/\/www.castrum.ee\/wp-content\/uploads\/2026\/05\/maxliner-venture-canopy-ford-ranger-dimensions.pdf\" target=\"_blank\" rel=\"noopener\"><span class=\"icon\">\ud83d\udcc4<\/span><span class=\"label\"><strong>Tuotemitat<\/strong><br><small>Product Dimensions (EN)<\/small><\/span><\/a><a class=\"install-guide-card\" href=\"https:\/\/www.youtube.com\/watch?v=3cjuVltFQSg\" target=\"_blank\" rel=\"noopener\"><span class=\"icon\">\u25b6\ufe0f<\/span><span class=\"label\"><strong>Asennusvideo<\/strong><br><small>Installation Guide (Video, EN)<\/small><\/span><\/a><\/div>\n","protected":false},"excerpt":{"rendered":"<p>Ford Ranger Raptor [23+] Maxliner Venture mallikohtainen kovakate \u2014 T\u00dcV-sertifioitu, sivuikkunat avattavilla ruuveilla, E-Switch -kauko-ohjain, J-brace takuu.<\/p>\n","protected":false},"featured_media":87724,"template":"","meta":{"_acf_changed":false},"mark-ja-mudel":[],"product_brand":[1286,2082,1419],"product_cat":[1074],"product_tag":[],"class_list":{"0":"post-87799","1":"product","2":"type-product","3":"status-publish","4":"has-post-thumbnail","6":"product_brand-ford","7":"product_brand-maxliner-fi","8":"product_brand-ranger-raptor","9":"product_cat-lavakuvut","11":"first","12":"instock","13":"taxable","14":"shipping-taxable","15":"purchasable","16":"product-type-variable"},"bundled_by":[],"bundle_stock_status":"instock","bundle_stock_quantity":null,"bundle_virtual":false,"bundle_layout":"","bundle_add_to_cart_form_location":"","bundle_editable_in_cart":false,"bundle_sold_individually_context":"","bundle_item_grouping":"","bundle_min_size":"","bundle_max_size":"","bundle_price":[],"bundled_items":[],"bundle_sell_ids":[],"acf":[],"yoast_head":"<!-- This site is optimized with the Yoast SEO plugin v27.5 - https:\/\/yoast.com\/product\/yoast-seo-wordpress\/ -->\n<title>Ford Ranger Raptor [23+] Maxliner Venture | Lavakuomut<\/title>\n<meta name=\"description\" content=\"Ford Ranger Raptor [23+] Maxliner Venture kovakate \u2013 lavakuomu, hardtop ja kova lavasuoja. Maastoauto- ja 4x4-varusteet.\" \/>\n<meta name=\"robots\" content=\"index, follow, max-snippet:-1, max-image-preview:large, max-video-preview:-1\" \/>\n<link rel=\"canonical\" href=\"https:\/\/www.castrum.ee\/fi\/toode\/ford-ranger-raptor-23-maxliner-venture-lavakuomu\/\" \/>\n<meta property=\"og:locale\" content=\"fi_FI\" \/>\n<meta property=\"og:type\" content=\"article\" \/>\n<meta property=\"og:title\" content=\"Ford Ranger Raptor [23+] Maxliner Venture | Lavakuomut\" \/>\n<meta property=\"og:description\" content=\"Ford Ranger Raptor [23+] Maxliner Venture kovakate \u2013 lavakuomu, hardtop ja kova lavasuoja. Maastoauto- ja 4x4-varusteet.\" \/>\n<meta property=\"og:url\" content=\"https:\/\/www.castrum.ee\/fi\/toode\/ford-ranger-raptor-23-maxliner-venture-lavakuomu\/\" \/>\n<meta property=\"og:site_name\" content=\"Castrum\" \/>\n<meta property=\"article:publisher\" content=\"https:\/\/www.facebook.com\/castrum.ee\" \/>\n<meta property=\"article:modified_time\" content=\"2026-05-11T20:08:02+00:00\" \/>\n<meta property=\"og:image\" content=\"https:\/\/www.castrum.ee\/wp-content\/uploads\/2026\/05\/Raptor_6-1.png\" \/>\n\t<meta property=\"og:image:width\" content=\"1080\" \/>\n\t<meta property=\"og:image:height\" content=\"607\" \/>\n\t<meta property=\"og:image:type\" content=\"image\/png\" \/>\n<meta name=\"twitter:card\" content=\"summary_large_image\" \/>\n<meta name=\"twitter:label1\" content=\"Arvioitu lukuaika\" \/>\n\t<meta name=\"twitter:data1\" content=\"1 minuutti\" \/>\n<script type=\"application\/ld+json\" class=\"yoast-schema-graph\">{\"@context\":\"https:\\\/\\\/schema.org\",\"@graph\":[{\"@type\":\"WebPage\",\"@id\":\"https:\\\/\\\/www.castrum.ee\\\/fi\\\/toode\\\/ford-ranger-raptor-23-maxliner-venture-lavakuomu\\\/\",\"url\":\"https:\\\/\\\/www.castrum.ee\\\/fi\\\/toode\\\/ford-ranger-raptor-23-maxliner-venture-lavakuomu\\\/\",\"name\":\"Ford Ranger Raptor [23+] Maxliner Venture | Lavakuomut\",\"isPartOf\":{\"@id\":\"https:\\\/\\\/www.castrum.ee\\\/fi\\\/#website\"},\"primaryImageOfPage\":{\"@id\":\"https:\\\/\\\/www.castrum.ee\\\/fi\\\/toode\\\/ford-ranger-raptor-23-maxliner-venture-lavakuomu\\\/#primaryimage\"},\"image\":{\"@id\":\"https:\\\/\\\/www.castrum.ee\\\/fi\\\/toode\\\/ford-ranger-raptor-23-maxliner-venture-lavakuomu\\\/#primaryimage\"},\"thumbnailUrl\":\"https:\\\/\\\/www.castrum.ee\\\/wp-content\\\/uploads\\\/2026\\\/05\\\/Raptor_6-1.png\",\"datePublished\":\"2026-05-07T11:45:37+00:00\",\"dateModified\":\"2026-05-11T20:08:02+00:00\",\"description\":\"Ford Ranger Raptor [23+] Maxliner Venture kovakate \u2013 lavakuomu, hardtop ja kova lavasuoja. Maastoauto- ja 4x4-varusteet.\",\"breadcrumb\":{\"@id\":\"https:\\\/\\\/www.castrum.ee\\\/fi\\\/toode\\\/ford-ranger-raptor-23-maxliner-venture-lavakuomu\\\/#breadcrumb\"},\"inLanguage\":\"fi\",\"potentialAction\":[{\"@type\":\"ReadAction\",\"target\":[\"https:\\\/\\\/www.castrum.ee\\\/fi\\\/toode\\\/ford-ranger-raptor-23-maxliner-venture-lavakuomu\\\/\"]}]},{\"@type\":\"ImageObject\",\"inLanguage\":\"fi\",\"@id\":\"https:\\\/\\\/www.castrum.ee\\\/fi\\\/toode\\\/ford-ranger-raptor-23-maxliner-venture-lavakuomu\\\/#primaryimage\",\"url\":\"https:\\\/\\\/www.castrum.ee\\\/wp-content\\\/uploads\\\/2026\\\/05\\\/Raptor_6-1.png\",\"contentUrl\":\"https:\\\/\\\/www.castrum.ee\\\/wp-content\\\/uploads\\\/2026\\\/05\\\/Raptor_6-1.png\",\"width\":1080,\"height\":607},{\"@type\":\"BreadcrumbList\",\"@id\":\"https:\\\/\\\/www.castrum.ee\\\/fi\\\/toode\\\/ford-ranger-raptor-23-maxliner-venture-lavakuomu\\\/#breadcrumb\",\"itemListElement\":[{\"@type\":\"ListItem\",\"position\":1,\"name\":\"Home\",\"item\":\"https:\\\/\\\/www.castrum.ee\\\/fi\\\/kotisivu\\\/\"},{\"@type\":\"ListItem\",\"position\":2,\"name\":\"Verkkokauppa\",\"item\":\"https:\\\/\\\/www.castrum.ee\\\/fi\\\/kauppa\\\/\"},{\"@type\":\"ListItem\",\"position\":3,\"name\":\"Maxliner Venture Lavakuomu | Ford Ranger Raptor [23+]\"}]},{\"@type\":\"WebSite\",\"@id\":\"https:\\\/\\\/www.castrum.ee\\\/fi\\\/#website\",\"url\":\"https:\\\/\\\/www.castrum.ee\\\/fi\\\/\",\"name\":\"Castrum\",\"description\":\"Maastoautojen, henkil\u00f6autojen ja pienvaunujen lis\u00e4varusteet\",\"publisher\":{\"@id\":\"https:\\\/\\\/www.castrum.ee\\\/fi\\\/#organization\"},\"potentialAction\":[{\"@type\":\"SearchAction\",\"target\":{\"@type\":\"EntryPoint\",\"urlTemplate\":\"https:\\\/\\\/www.castrum.ee\\\/fi\\\/?s={search_term_string}\"},\"query-input\":{\"@type\":\"PropertyValueSpecification\",\"valueRequired\":true,\"valueName\":\"search_term_string\"}}],\"inLanguage\":\"fi\"},{\"@type\":\"Organization\",\"@id\":\"https:\\\/\\\/www.castrum.ee\\\/fi\\\/#organization\",\"name\":\"Castrum Grupp O\u00dc\",\"url\":\"https:\\\/\\\/www.castrum.ee\\\/fi\\\/\",\"logo\":{\"@type\":\"ImageObject\",\"inLanguage\":\"fi\",\"@id\":\"https:\\\/\\\/www.castrum.ee\\\/fi\\\/#\\\/schema\\\/logo\\\/image\\\/\",\"url\":\"https:\\\/\\\/www.castrum.ee\\\/wp-content\\\/uploads\\\/2025\\\/03\\\/Castrum-logo-500.png\",\"contentUrl\":\"https:\\\/\\\/www.castrum.ee\\\/wp-content\\\/uploads\\\/2025\\\/03\\\/Castrum-logo-500.png\",\"width\":500,\"height\":250,\"caption\":\"Castrum Grupp O\u00dc\"},\"image\":{\"@id\":\"https:\\\/\\\/www.castrum.ee\\\/fi\\\/#\\\/schema\\\/logo\\\/image\\\/\"},\"sameAs\":[\"https:\\\/\\\/www.facebook.com\\\/castrum.ee\"]}]}<\/script>\n<!-- \/ Yoast SEO plugin. -->","yoast_head_json":{"title":"Ford Ranger Raptor [23+] Maxliner Venture | Lavakuomut","description":"Ford Ranger Raptor [23+] Maxliner Venture kovakate \u2013 lavakuomu, hardtop ja kova lavasuoja. Maastoauto- ja 4x4-varusteet.","robots":{"index":"index","follow":"follow","max-snippet":"max-snippet:-1","max-image-preview":"max-image-preview:large","max-video-preview":"max-video-preview:-1"},"canonical":"https:\/\/www.castrum.ee\/fi\/toode\/ford-ranger-raptor-23-maxliner-venture-lavakuomu\/","og_locale":"fi_FI","og_type":"article","og_title":"Ford Ranger Raptor [23+] Maxliner Venture | Lavakuomut","og_description":"Ford Ranger Raptor [23+] Maxliner Venture kovakate \u2013 lavakuomu, hardtop ja kova lavasuoja. Maastoauto- ja 4x4-varusteet.","og_url":"https:\/\/www.castrum.ee\/fi\/toode\/ford-ranger-raptor-23-maxliner-venture-lavakuomu\/","og_site_name":"Castrum","article_publisher":"https:\/\/www.facebook.com\/castrum.ee","article_modified_time":"2026-05-11T20:08:02+00:00","og_image":[{"width":1080,"height":607,"url":"https:\/\/www.castrum.ee\/wp-content\/uploads\/2026\/05\/Raptor_6-1.png","type":"image\/png"}],"twitter_card":"summary_large_image","twitter_misc":{"Arvioitu lukuaika":"1 minuutti"},"schema":{"@context":"https:\/\/schema.org","@graph":[{"@type":"WebPage","@id":"https:\/\/www.castrum.ee\/fi\/toode\/ford-ranger-raptor-23-maxliner-venture-lavakuomu\/","url":"https:\/\/www.castrum.ee\/fi\/toode\/ford-ranger-raptor-23-maxliner-venture-lavakuomu\/","name":"Ford Ranger Raptor [23+] Maxliner Venture | Lavakuomut","isPartOf":{"@id":"https:\/\/www.castrum.ee\/fi\/#website"},"primaryImageOfPage":{"@id":"https:\/\/www.castrum.ee\/fi\/toode\/ford-ranger-raptor-23-maxliner-venture-lavakuomu\/#primaryimage"},"image":{"@id":"https:\/\/www.castrum.ee\/fi\/toode\/ford-ranger-raptor-23-maxliner-venture-lavakuomu\/#primaryimage"},"thumbnailUrl":"https:\/\/www.castrum.ee\/wp-content\/uploads\/2026\/05\/Raptor_6-1.png","datePublished":"2026-05-07T11:45:37+00:00","dateModified":"2026-05-11T20:08:02+00:00","description":"Ford Ranger Raptor [23+] Maxliner Venture kovakate \u2013 lavakuomu, hardtop ja kova lavasuoja. Maastoauto- ja 4x4-varusteet.","breadcrumb":{"@id":"https:\/\/www.castrum.ee\/fi\/toode\/ford-ranger-raptor-23-maxliner-venture-lavakuomu\/#breadcrumb"},"inLanguage":"fi","potentialAction":[{"@type":"ReadAction","target":["https:\/\/www.castrum.ee\/fi\/toode\/ford-ranger-raptor-23-maxliner-venture-lavakuomu\/"]}]},{"@type":"ImageObject","inLanguage":"fi","@id":"https:\/\/www.castrum.ee\/fi\/toode\/ford-ranger-raptor-23-maxliner-venture-lavakuomu\/#primaryimage","url":"https:\/\/www.castrum.ee\/wp-content\/uploads\/2026\/05\/Raptor_6-1.png","contentUrl":"https:\/\/www.castrum.ee\/wp-content\/uploads\/2026\/05\/Raptor_6-1.png","width":1080,"height":607},{"@type":"BreadcrumbList","@id":"https:\/\/www.castrum.ee\/fi\/toode\/ford-ranger-raptor-23-maxliner-venture-lavakuomu\/#breadcrumb","itemListElement":[{"@type":"ListItem","position":1,"name":"Home","item":"https:\/\/www.castrum.ee\/fi\/kotisivu\/"},{"@type":"ListItem","position":2,"name":"Verkkokauppa","item":"https:\/\/www.castrum.ee\/fi\/kauppa\/"},{"@type":"ListItem","position":3,"name":"Maxliner Venture Lavakuomu | Ford Ranger Raptor [23+]"}]},{"@type":"WebSite","@id":"https:\/\/www.castrum.ee\/fi\/#website","url":"https:\/\/www.castrum.ee\/fi\/","name":"Castrum","description":"Maastoautojen, henkil\u00f6autojen ja pienvaunujen lis\u00e4varusteet","publisher":{"@id":"https:\/\/www.castrum.ee\/fi\/#organization"},"potentialAction":[{"@type":"SearchAction","target":{"@type":"EntryPoint","urlTemplate":"https:\/\/www.castrum.ee\/fi\/?s={search_term_string}"},"query-input":{"@type":"PropertyValueSpecification","valueRequired":true,"valueName":"search_term_string"}}],"inLanguage":"fi"},{"@type":"Organization","@id":"https:\/\/www.castrum.ee\/fi\/#organization","name":"Castrum Grupp O\u00dc","url":"https:\/\/www.castrum.ee\/fi\/","logo":{"@type":"ImageObject","inLanguage":"fi","@id":"https:\/\/www.castrum.ee\/fi\/#\/schema\/logo\/image\/","url":"https:\/\/www.castrum.ee\/wp-content\/uploads\/2025\/03\/Castrum-logo-500.png","contentUrl":"https:\/\/www.castrum.ee\/wp-content\/uploads\/2025\/03\/Castrum-logo-500.png","width":500,"height":250,"caption":"Castrum Grupp O\u00dc"},"image":{"@id":"https:\/\/www.castrum.ee\/fi\/#\/schema\/logo\/image\/"},"sameAs":["https:\/\/www.facebook.com\/castrum.ee"]}]}},"_links":{"self":[{"href":"https:\/\/www.castrum.ee\/fi\/wp-json\/wp\/v2\/product\/87799","targetHints":{"allow":["GET"]}}],"collection":[{"href":"https:\/\/www.castrum.ee\/fi\/wp-json\/wp\/v2\/product"}],"about":[{"href":"https:\/\/www.castrum.ee\/fi\/wp-json\/wp\/v2\/types\/product"}],"wp:featuredmedia":[{"embeddable":true,"href":"https:\/\/www.castrum.ee\/fi\/wp-json\/wp\/v2\/media\/87724"}],"wp:attachment":[{"href":"https:\/\/www.castrum.ee\/fi\/wp-json\/wp\/v2\/media?parent=87799"}],"wp:term":[{"taxonomy":"mark-ja-mudel","embeddable":true,"href":"https:\/\/www.castrum.ee\/fi\/wp-json\/wp\/v2\/mark-ja-mudel?post=87799"},{"taxonomy":"product_brand","embeddable":true,"href":"https:\/\/www.castrum.ee\/fi\/wp-json\/wp\/v2\/product_brand?post=87799"},{"taxonomy":"product_cat","embeddable":true,"href":"https:\/\/www.castrum.ee\/fi\/wp-json\/wp\/v2\/product_cat?post=87799"},{"taxonomy":"product_tag","embeddable":true,"href":"https:\/\/www.castrum.ee\/fi\/wp-json\/wp\/v2\/product_tag?post=87799"}],"curies":[{"name":"wp","href":"https:\/\/api.w.org\/{rel}","templated":true}]}}