{"id":88590,"date":"2026-05-11T12:23:30","date_gmt":"2026-05-11T09:23:30","guid":{"rendered":"https:\/\/www.castrum.ee\/toode\/maxliner-cooler-box-kylmalaukku-k9tipz\/"},"modified":"2026-05-11T23:08:00","modified_gmt":"2026-05-11T20:08:00","slug":"maxliner-cooler-box-kylmalaukku","status":"publish","type":"product","link":"https:\/\/www.castrum.ee\/fi\/toode\/maxliner-cooler-box-kylmalaukku\/","title":{"rendered":"Maxliner Cooler Box kylm\u00e4laukku"},"content":{"rendered":"<h3>Maxliner Cooler Box kylm\u00e4laukku<\/h3>\n<p>Tyylik\u00e4s ja kest\u00e4v\u00e4 40-litrainen kylm\u00e4laukku ulkoilmaseikkailuihin. Pit\u00e4\u00e4 ruoan ja juomat tuoreina p\u00e4ivien ajan kest\u00e4en iskuja, kosteutta ja p\u00e4ivitt\u00e4ist\u00e4 k\u00e4ytt\u00f6\u00e4.<\/p>\n<ul>\n<li>Tilavuus: 40 litraa<\/li>\n<li>Sis\u00e4\u00e4nrakennetut py\u00f6r\u00e4t helppoa siirt\u00e4mist\u00e4 varten<\/li>\n<li>Kest\u00e4v\u00e4 rakenne \u2013 l\u00e4mm\u00f6n-, isku- ja kosteudenkest\u00e4v\u00e4<\/li>\n<\/ul>\n","protected":false},"excerpt":{"rendered":"<p>Maxliner Cooler Box on 40-litrainen kylm\u00e4laukku sis\u00e4\u00e4nrakennetuilla py\u00f6rill\u00e4, joka pit\u00e4\u00e4 ruoan ja juomat tuoreina p\u00e4ivien ajan my\u00f6s vaativissa olosuhteissa.<\/p>\n","protected":false},"featured_media":88869,"template":"","meta":{"_acf_changed":false},"mark-ja-mudel":[],"product_brand":[2082],"product_cat":[1086],"product_tag":[],"class_list":{"0":"post-88590","1":"product","2":"type-product","3":"status-publish","4":"has-post-thumbnail","6":"product_brand-maxliner-fi","7":"product_cat-mukavuusvarusteet","9":"first","10":"instock","11":"taxable","12":"shipping-taxable","13":"purchasable","14":"product-type-variable"},"bundled_by":[],"bundle_stock_status":"instock","bundle_stock_quantity":null,"bundle_virtual":false,"bundle_layout":"","bundle_add_to_cart_form_location":"","bundle_editable_in_cart":false,"bundle_sold_individually_context":"","bundle_item_grouping":"","bundle_min_size":"","bundle_max_size":"","bundle_price":[],"bundled_items":[],"bundle_sell_ids":[],"acf":[],"yoast_head":"<!-- This site is optimized with the Yoast SEO plugin v27.5 - https:\/\/yoast.com\/product\/yoast-seo-wordpress\/ -->\n<title>Maxliner Cooler Box kylm\u00e4laukku | Mukavuusvarusteet<\/title>\n<meta name=\"description\" content=\"Maxliner Cooler Box kylm\u00e4laukku - Mukavuusvarusteet . Autojen, maastureiden ja pakettiautojen lis\u00e4varusteet. Varaosat.\" \/>\n<meta name=\"robots\" content=\"index, follow, max-snippet:-1, max-image-preview:large, max-video-preview:-1\" \/>\n<link rel=\"canonical\" href=\"https:\/\/www.castrum.ee\/fi\/toode\/maxliner-cooler-box-kylmalaukku\/\" \/>\n<meta property=\"og:locale\" content=\"fi_FI\" \/>\n<meta property=\"og:type\" content=\"article\" \/>\n<meta property=\"og:title\" content=\"Maxliner Cooler Box kylm\u00e4laukku | Mukavuusvarusteet\" \/>\n<meta property=\"og:description\" content=\"Maxliner Cooler Box kylm\u00e4laukku - Mukavuusvarusteet . Autojen, maastureiden ja pakettiautojen lis\u00e4varusteet. Varaosat.\" \/>\n<meta property=\"og:url\" content=\"https:\/\/www.castrum.ee\/fi\/toode\/maxliner-cooler-box-kylmalaukku\/\" \/>\n<meta property=\"og:site_name\" content=\"Castrum\" \/>\n<meta property=\"article:publisher\" content=\"https:\/\/www.facebook.com\/castrum.ee\" \/>\n<meta property=\"article:modified_time\" content=\"2026-05-11T20:08:00+00:00\" \/>\n<meta name=\"twitter:card\" content=\"summary_large_image\" \/>\n<script type=\"application\/ld+json\" class=\"yoast-schema-graph\">{\"@context\":\"https:\\\/\\\/schema.org\",\"@graph\":[{\"@type\":\"WebPage\",\"@id\":\"https:\\\/\\\/www.castrum.ee\\\/fi\\\/toode\\\/maxliner-cooler-box-kylmalaukku\\\/\",\"url\":\"https:\\\/\\\/www.castrum.ee\\\/fi\\\/toode\\\/maxliner-cooler-box-kylmalaukku\\\/\",\"name\":\"Maxliner Cooler Box kylm\u00e4laukku | Mukavuusvarusteet\",\"isPartOf\":{\"@id\":\"https:\\\/\\\/www.castrum.ee\\\/fi\\\/#website\"},\"primaryImageOfPage\":{\"@id\":\"https:\\\/\\\/www.castrum.ee\\\/fi\\\/toode\\\/maxliner-cooler-box-kylmalaukku\\\/#primaryimage\"},\"image\":{\"@id\":\"https:\\\/\\\/www.castrum.ee\\\/fi\\\/toode\\\/maxliner-cooler-box-kylmalaukku\\\/#primaryimage\"},\"thumbnailUrl\":\"https:\\\/\\\/www.castrum.ee\\\/wp-content\\\/uploads\\\/2026\\\/05\\\/Cooler_box_40_L_4.jpg\",\"datePublished\":\"2026-05-11T09:23:30+00:00\",\"dateModified\":\"2026-05-11T20:08:00+00:00\",\"description\":\"Maxliner Cooler Box kylm\u00e4laukku - Mukavuusvarusteet . Autojen, maastureiden ja pakettiautojen lis\u00e4varusteet. Varaosat.\",\"breadcrumb\":{\"@id\":\"https:\\\/\\\/www.castrum.ee\\\/fi\\\/toode\\\/maxliner-cooler-box-kylmalaukku\\\/#breadcrumb\"},\"inLanguage\":\"fi\",\"potentialAction\":[{\"@type\":\"ReadAction\",\"target\":[\"https:\\\/\\\/www.castrum.ee\\\/fi\\\/toode\\\/maxliner-cooler-box-kylmalaukku\\\/\"]}]},{\"@type\":\"ImageObject\",\"inLanguage\":\"fi\",\"@id\":\"https:\\\/\\\/www.castrum.ee\\\/fi\\\/toode\\\/maxliner-cooler-box-kylmalaukku\\\/#primaryimage\",\"url\":\"https:\\\/\\\/www.castrum.ee\\\/wp-content\\\/uploads\\\/2026\\\/05\\\/Cooler_box_40_L_4.jpg\",\"contentUrl\":\"https:\\\/\\\/www.castrum.ee\\\/wp-content\\\/uploads\\\/2026\\\/05\\\/Cooler_box_40_L_4.jpg\",\"width\":1080,\"height\":607},{\"@type\":\"BreadcrumbList\",\"@id\":\"https:\\\/\\\/www.castrum.ee\\\/fi\\\/toode\\\/maxliner-cooler-box-kylmalaukku\\\/#breadcrumb\",\"itemListElement\":[{\"@type\":\"ListItem\",\"position\":1,\"name\":\"Home\",\"item\":\"https:\\\/\\\/www.castrum.ee\\\/fi\\\/kotisivu\\\/\"},{\"@type\":\"ListItem\",\"position\":2,\"name\":\"Verkkokauppa\",\"item\":\"https:\\\/\\\/www.castrum.ee\\\/fi\\\/kauppa\\\/\"},{\"@type\":\"ListItem\",\"position\":3,\"name\":\"Maxliner Cooler Box kylm\u00e4laukku\"}]},{\"@type\":\"WebSite\",\"@id\":\"https:\\\/\\\/www.castrum.ee\\\/fi\\\/#website\",\"url\":\"https:\\\/\\\/www.castrum.ee\\\/fi\\\/\",\"name\":\"Castrum\",\"description\":\"Maastoautojen, henkil\u00f6autojen ja pienvaunujen lis\u00e4varusteet\",\"publisher\":{\"@id\":\"https:\\\/\\\/www.castrum.ee\\\/fi\\\/#organization\"},\"potentialAction\":[{\"@type\":\"SearchAction\",\"target\":{\"@type\":\"EntryPoint\",\"urlTemplate\":\"https:\\\/\\\/www.castrum.ee\\\/fi\\\/?s={search_term_string}\"},\"query-input\":{\"@type\":\"PropertyValueSpecification\",\"valueRequired\":true,\"valueName\":\"search_term_string\"}}],\"inLanguage\":\"fi\"},{\"@type\":\"Organization\",\"@id\":\"https:\\\/\\\/www.castrum.ee\\\/fi\\\/#organization\",\"name\":\"Castrum Grupp O\u00dc\",\"url\":\"https:\\\/\\\/www.castrum.ee\\\/fi\\\/\",\"logo\":{\"@type\":\"ImageObject\",\"inLanguage\":\"fi\",\"@id\":\"https:\\\/\\\/www.castrum.ee\\\/fi\\\/#\\\/schema\\\/logo\\\/image\\\/\",\"url\":\"https:\\\/\\\/www.castrum.ee\\\/wp-content\\\/uploads\\\/2025\\\/03\\\/Castrum-logo-500.png\",\"contentUrl\":\"https:\\\/\\\/www.castrum.ee\\\/wp-content\\\/uploads\\\/2025\\\/03\\\/Castrum-logo-500.png\",\"width\":500,\"height\":250,\"caption\":\"Castrum Grupp O\u00dc\"},\"image\":{\"@id\":\"https:\\\/\\\/www.castrum.ee\\\/fi\\\/#\\\/schema\\\/logo\\\/image\\\/\"},\"sameAs\":[\"https:\\\/\\\/www.facebook.com\\\/castrum.ee\"]}]}<\/script>\n<!-- \/ Yoast SEO plugin. -->","yoast_head_json":{"title":"Maxliner Cooler Box kylm\u00e4laukku | Mukavuusvarusteet","description":"Maxliner Cooler Box kylm\u00e4laukku - Mukavuusvarusteet . Autojen, maastureiden ja pakettiautojen lis\u00e4varusteet. Varaosat.","robots":{"index":"index","follow":"follow","max-snippet":"max-snippet:-1","max-image-preview":"max-image-preview:large","max-video-preview":"max-video-preview:-1"},"canonical":"https:\/\/www.castrum.ee\/fi\/toode\/maxliner-cooler-box-kylmalaukku\/","og_locale":"fi_FI","og_type":"article","og_title":"Maxliner Cooler Box kylm\u00e4laukku | Mukavuusvarusteet","og_description":"Maxliner Cooler Box kylm\u00e4laukku - Mukavuusvarusteet . Autojen, maastureiden ja pakettiautojen lis\u00e4varusteet. Varaosat.","og_url":"https:\/\/www.castrum.ee\/fi\/toode\/maxliner-cooler-box-kylmalaukku\/","og_site_name":"Castrum","article_publisher":"https:\/\/www.facebook.com\/castrum.ee","article_modified_time":"2026-05-11T20:08:00+00:00","twitter_card":"summary_large_image","schema":{"@context":"https:\/\/schema.org","@graph":[{"@type":"WebPage","@id":"https:\/\/www.castrum.ee\/fi\/toode\/maxliner-cooler-box-kylmalaukku\/","url":"https:\/\/www.castrum.ee\/fi\/toode\/maxliner-cooler-box-kylmalaukku\/","name":"Maxliner Cooler Box kylm\u00e4laukku | Mukavuusvarusteet","isPartOf":{"@id":"https:\/\/www.castrum.ee\/fi\/#website"},"primaryImageOfPage":{"@id":"https:\/\/www.castrum.ee\/fi\/toode\/maxliner-cooler-box-kylmalaukku\/#primaryimage"},"image":{"@id":"https:\/\/www.castrum.ee\/fi\/toode\/maxliner-cooler-box-kylmalaukku\/#primaryimage"},"thumbnailUrl":"https:\/\/www.castrum.ee\/wp-content\/uploads\/2026\/05\/Cooler_box_40_L_4.jpg","datePublished":"2026-05-11T09:23:30+00:00","dateModified":"2026-05-11T20:08:00+00:00","description":"Maxliner Cooler Box kylm\u00e4laukku - Mukavuusvarusteet . Autojen, maastureiden ja pakettiautojen lis\u00e4varusteet. Varaosat.","breadcrumb":{"@id":"https:\/\/www.castrum.ee\/fi\/toode\/maxliner-cooler-box-kylmalaukku\/#breadcrumb"},"inLanguage":"fi","potentialAction":[{"@type":"ReadAction","target":["https:\/\/www.castrum.ee\/fi\/toode\/maxliner-cooler-box-kylmalaukku\/"]}]},{"@type":"ImageObject","inLanguage":"fi","@id":"https:\/\/www.castrum.ee\/fi\/toode\/maxliner-cooler-box-kylmalaukku\/#primaryimage","url":"https:\/\/www.castrum.ee\/wp-content\/uploads\/2026\/05\/Cooler_box_40_L_4.jpg","contentUrl":"https:\/\/www.castrum.ee\/wp-content\/uploads\/2026\/05\/Cooler_box_40_L_4.jpg","width":1080,"height":607},{"@type":"BreadcrumbList","@id":"https:\/\/www.castrum.ee\/fi\/toode\/maxliner-cooler-box-kylmalaukku\/#breadcrumb","itemListElement":[{"@type":"ListItem","position":1,"name":"Home","item":"https:\/\/www.castrum.ee\/fi\/kotisivu\/"},{"@type":"ListItem","position":2,"name":"Verkkokauppa","item":"https:\/\/www.castrum.ee\/fi\/kauppa\/"},{"@type":"ListItem","position":3,"name":"Maxliner Cooler Box kylm\u00e4laukku"}]},{"@type":"WebSite","@id":"https:\/\/www.castrum.ee\/fi\/#website","url":"https:\/\/www.castrum.ee\/fi\/","name":"Castrum","description":"Maastoautojen, henkil\u00f6autojen ja pienvaunujen lis\u00e4varusteet","publisher":{"@id":"https:\/\/www.castrum.ee\/fi\/#organization"},"potentialAction":[{"@type":"SearchAction","target":{"@type":"EntryPoint","urlTemplate":"https:\/\/www.castrum.ee\/fi\/?s={search_term_string}"},"query-input":{"@type":"PropertyValueSpecification","valueRequired":true,"valueName":"search_term_string"}}],"inLanguage":"fi"},{"@type":"Organization","@id":"https:\/\/www.castrum.ee\/fi\/#organization","name":"Castrum Grupp O\u00dc","url":"https:\/\/www.castrum.ee\/fi\/","logo":{"@type":"ImageObject","inLanguage":"fi","@id":"https:\/\/www.castrum.ee\/fi\/#\/schema\/logo\/image\/","url":"https:\/\/www.castrum.ee\/wp-content\/uploads\/2025\/03\/Castrum-logo-500.png","contentUrl":"https:\/\/www.castrum.ee\/wp-content\/uploads\/2025\/03\/Castrum-logo-500.png","width":500,"height":250,"caption":"Castrum Grupp O\u00dc"},"image":{"@id":"https:\/\/www.castrum.ee\/fi\/#\/schema\/logo\/image\/"},"sameAs":["https:\/\/www.facebook.com\/castrum.ee"]}]}},"_links":{"self":[{"href":"https:\/\/www.castrum.ee\/fi\/wp-json\/wp\/v2\/product\/88590","targetHints":{"allow":["GET"]}}],"collection":[{"href":"https:\/\/www.castrum.ee\/fi\/wp-json\/wp\/v2\/product"}],"about":[{"href":"https:\/\/www.castrum.ee\/fi\/wp-json\/wp\/v2\/types\/product"}],"wp:featuredmedia":[{"embeddable":true,"href":"https:\/\/www.castrum.ee\/fi\/wp-json\/wp\/v2\/media\/88869"}],"wp:attachment":[{"href":"https:\/\/www.castrum.ee\/fi\/wp-json\/wp\/v2\/media?parent=88590"}],"wp:term":[{"taxonomy":"mark-ja-mudel","embeddable":true,"href":"https:\/\/www.castrum.ee\/fi\/wp-json\/wp\/v2\/mark-ja-mudel?post=88590"},{"taxonomy":"product_brand","embeddable":true,"href":"https:\/\/www.castrum.ee\/fi\/wp-json\/wp\/v2\/product_brand?post=88590"},{"taxonomy":"product_cat","embeddable":true,"href":"https:\/\/www.castrum.ee\/fi\/wp-json\/wp\/v2\/product_cat?post=88590"},{"taxonomy":"product_tag","embeddable":true,"href":"https:\/\/www.castrum.ee\/fi\/wp-json\/wp\/v2\/product_tag?post=88590"}],"curies":[{"name":"wp","href":"https:\/\/api.w.org\/{rel}","templated":true}]}}