{"id":88606,"date":"2026-05-11T12:58:59","date_gmt":"2026-05-11T09:58:59","guid":{"rendered":"https:\/\/www.castrum.ee\/toode\/maxliner-utility-box-maxside-box-generation-2-jueo0v\/"},"modified":"2026-05-11T23:07:55","modified_gmt":"2026-05-11T20:07:55","slug":"maxliner-utility-box-maxside-box-generation-2","status":"publish","type":"product","link":"https:\/\/www.castrum.ee\/fi\/toode\/maxliner-utility-box-maxside-box-generation-2\/","title":{"rendered":"Maxliner Utility Box MaxSide Box Generation 2"},"content":{"rendered":"<h3>Maxliner Utility Box MaxSide Box Generation 2<\/h3>\n<p>MaxSide Box muuttaa j\u00e4rjest\u00e4m\u00e4tt\u00f6m\u00e4n lavanvuorauksen organisoiduksi s\u00e4ilytysj\u00e4rjestelm\u00e4ksi. Sis\u00e4inen lokerotaso ja sile\u00e4t pinnat takaavat helpon p\u00e4\u00e4syn ja yksinkertaisen puhdistuksen. Yhteensopiva OR- ja UR-lavanvuorausten kanssa.<\/p>\n<h3>P\u00e4\u00e4ominaisuudet<\/h3>\n<ul>\n<li>Sis\u00e4inen lokerotaso nopeaan j\u00e4rjest\u00e4miseen<\/li>\n<li>Riippulukkokompatiibilius \u2013 pit\u00e4\u00e4 varusteet turvassa<\/li>\n<li>Sile\u00e4t pinnat \u2013 helppo puhdistaa<\/li>\n<li>Elinik\u00e4inen takuu<\/li>\n<li>Yhteensopiva OR- ja UR-lavanvuorausten kanssa<\/li>\n<\/ul>\n<h3>Mitat ja paino<\/h3>\n<ul>\n<li>Ulkomitat: 219 \u00d7 655 \u00d7 373 mm<\/li>\n<li>Sis\u00e4mitat: 135 \u00d7 565 \u00d7 305 mm<\/li>\n<li>Paino: 4 kg<\/li>\n<\/ul>\n","protected":false},"excerpt":{"rendered":"<p>Maxliner MaxSide Box Gen 2 on lavanvuoraukseen tarkoitettu s\u00e4ilytyslaatikko sis\u00e4isell\u00e4 lokerotasolla ja riippulukkokompatibliisuudella. Sopii OR- ja UR-lavanvuorauksiin.<\/p>\n","protected":false},"featured_media":88848,"template":"","meta":{"_acf_changed":false},"mark-ja-mudel":[],"product_brand":[2082],"product_cat":[],"product_tag":[],"class_list":{"0":"post-88606","1":"product","2":"type-product","3":"status-publish","4":"has-post-thumbnail","6":"product_brand-maxliner-fi","8":"first","9":"instock","10":"taxable","11":"shipping-taxable","12":"purchasable","13":"product-type-simple"},"bundled_by":[],"bundle_stock_status":"instock","bundle_stock_quantity":null,"bundle_virtual":false,"bundle_layout":"","bundle_add_to_cart_form_location":"","bundle_editable_in_cart":false,"bundle_sold_individually_context":"","bundle_item_grouping":"","bundle_min_size":"","bundle_max_size":"","bundle_price":[],"bundled_items":[],"bundle_sell_ids":[],"acf":[],"yoast_head":"<!-- This site is optimized with the Yoast SEO plugin v27.5 - https:\/\/yoast.com\/product\/yoast-seo-wordpress\/ -->\n<title>Maxliner Utility Box MaxSide Box Generation 2 |<\/title>\n<meta name=\"description\" content=\"Maxliner Utility Box MaxSide Box Generation 2 - . Autojen, maastureiden ja pakettiautojen lis\u00e4varusteet. Varaosat.\" \/>\n<meta name=\"robots\" content=\"index, follow, max-snippet:-1, max-image-preview:large, max-video-preview:-1\" \/>\n<link rel=\"canonical\" href=\"https:\/\/www.castrum.ee\/fi\/toode\/maxliner-utility-box-maxside-box-generation-2\/\" \/>\n<meta property=\"og:locale\" content=\"fi_FI\" \/>\n<meta property=\"og:type\" content=\"article\" \/>\n<meta property=\"og:title\" content=\"Maxliner Utility Box MaxSide Box Generation 2 |\" \/>\n<meta property=\"og:description\" content=\"Maxliner Utility Box MaxSide Box Generation 2 - . Autojen, maastureiden ja pakettiautojen lis\u00e4varusteet. Varaosat.\" \/>\n<meta property=\"og:url\" content=\"https:\/\/www.castrum.ee\/fi\/toode\/maxliner-utility-box-maxside-box-generation-2\/\" \/>\n<meta property=\"og:site_name\" content=\"Castrum\" \/>\n<meta property=\"article:publisher\" content=\"https:\/\/www.facebook.com\/castrum.ee\" \/>\n<meta property=\"article:modified_time\" content=\"2026-05-11T20:07:55+00:00\" \/>\n<meta name=\"twitter:card\" content=\"summary_large_image\" \/>\n<script type=\"application\/ld+json\" class=\"yoast-schema-graph\">{\"@context\":\"https:\\\/\\\/schema.org\",\"@graph\":[{\"@type\":\"WebPage\",\"@id\":\"https:\\\/\\\/www.castrum.ee\\\/fi\\\/toode\\\/maxliner-utility-box-maxside-box-generation-2\\\/\",\"url\":\"https:\\\/\\\/www.castrum.ee\\\/fi\\\/toode\\\/maxliner-utility-box-maxside-box-generation-2\\\/\",\"name\":\"Maxliner Utility Box MaxSide Box Generation 2 |\",\"isPartOf\":{\"@id\":\"https:\\\/\\\/www.castrum.ee\\\/fi\\\/#website\"},\"primaryImageOfPage\":{\"@id\":\"https:\\\/\\\/www.castrum.ee\\\/fi\\\/toode\\\/maxliner-utility-box-maxside-box-generation-2\\\/#primaryimage\"},\"image\":{\"@id\":\"https:\\\/\\\/www.castrum.ee\\\/fi\\\/toode\\\/maxliner-utility-box-maxside-box-generation-2\\\/#primaryimage\"},\"thumbnailUrl\":\"https:\\\/\\\/www.castrum.ee\\\/wp-content\\\/uploads\\\/2026\\\/05\\\/MAXSIDE_BOX_GENERATION_2_5.jpg\",\"datePublished\":\"2026-05-11T09:58:59+00:00\",\"dateModified\":\"2026-05-11T20:07:55+00:00\",\"description\":\"Maxliner Utility Box MaxSide Box Generation 2 - . Autojen, maastureiden ja pakettiautojen lis\u00e4varusteet. Varaosat.\",\"breadcrumb\":{\"@id\":\"https:\\\/\\\/www.castrum.ee\\\/fi\\\/toode\\\/maxliner-utility-box-maxside-box-generation-2\\\/#breadcrumb\"},\"inLanguage\":\"fi\",\"potentialAction\":[{\"@type\":\"ReadAction\",\"target\":[\"https:\\\/\\\/www.castrum.ee\\\/fi\\\/toode\\\/maxliner-utility-box-maxside-box-generation-2\\\/\"]}]},{\"@type\":\"ImageObject\",\"inLanguage\":\"fi\",\"@id\":\"https:\\\/\\\/www.castrum.ee\\\/fi\\\/toode\\\/maxliner-utility-box-maxside-box-generation-2\\\/#primaryimage\",\"url\":\"https:\\\/\\\/www.castrum.ee\\\/wp-content\\\/uploads\\\/2026\\\/05\\\/MAXSIDE_BOX_GENERATION_2_5.jpg\",\"contentUrl\":\"https:\\\/\\\/www.castrum.ee\\\/wp-content\\\/uploads\\\/2026\\\/05\\\/MAXSIDE_BOX_GENERATION_2_5.jpg\",\"width\":1080,\"height\":607},{\"@type\":\"BreadcrumbList\",\"@id\":\"https:\\\/\\\/www.castrum.ee\\\/fi\\\/toode\\\/maxliner-utility-box-maxside-box-generation-2\\\/#breadcrumb\",\"itemListElement\":[{\"@type\":\"ListItem\",\"position\":1,\"name\":\"Home\",\"item\":\"https:\\\/\\\/www.castrum.ee\\\/fi\\\/kotisivu\\\/\"},{\"@type\":\"ListItem\",\"position\":2,\"name\":\"Verkkokauppa\",\"item\":\"https:\\\/\\\/www.castrum.ee\\\/fi\\\/kauppa\\\/\"},{\"@type\":\"ListItem\",\"position\":3,\"name\":\"Maxliner Utility Box MaxSide Box Generation 2\"}]},{\"@type\":\"WebSite\",\"@id\":\"https:\\\/\\\/www.castrum.ee\\\/fi\\\/#website\",\"url\":\"https:\\\/\\\/www.castrum.ee\\\/fi\\\/\",\"name\":\"Castrum\",\"description\":\"Maastoautojen, henkil\u00f6autojen ja pienvaunujen lis\u00e4varusteet\",\"publisher\":{\"@id\":\"https:\\\/\\\/www.castrum.ee\\\/fi\\\/#organization\"},\"potentialAction\":[{\"@type\":\"SearchAction\",\"target\":{\"@type\":\"EntryPoint\",\"urlTemplate\":\"https:\\\/\\\/www.castrum.ee\\\/fi\\\/?s={search_term_string}\"},\"query-input\":{\"@type\":\"PropertyValueSpecification\",\"valueRequired\":true,\"valueName\":\"search_term_string\"}}],\"inLanguage\":\"fi\"},{\"@type\":\"Organization\",\"@id\":\"https:\\\/\\\/www.castrum.ee\\\/fi\\\/#organization\",\"name\":\"Castrum Grupp O\u00dc\",\"url\":\"https:\\\/\\\/www.castrum.ee\\\/fi\\\/\",\"logo\":{\"@type\":\"ImageObject\",\"inLanguage\":\"fi\",\"@id\":\"https:\\\/\\\/www.castrum.ee\\\/fi\\\/#\\\/schema\\\/logo\\\/image\\\/\",\"url\":\"https:\\\/\\\/www.castrum.ee\\\/wp-content\\\/uploads\\\/2025\\\/03\\\/Castrum-logo-500.png\",\"contentUrl\":\"https:\\\/\\\/www.castrum.ee\\\/wp-content\\\/uploads\\\/2025\\\/03\\\/Castrum-logo-500.png\",\"width\":500,\"height\":250,\"caption\":\"Castrum Grupp O\u00dc\"},\"image\":{\"@id\":\"https:\\\/\\\/www.castrum.ee\\\/fi\\\/#\\\/schema\\\/logo\\\/image\\\/\"},\"sameAs\":[\"https:\\\/\\\/www.facebook.com\\\/castrum.ee\"]}]}<\/script>\n<!-- \/ Yoast SEO plugin. -->","yoast_head_json":{"title":"Maxliner Utility Box MaxSide Box Generation 2 |","description":"Maxliner Utility Box MaxSide Box Generation 2 - . Autojen, maastureiden ja pakettiautojen lis\u00e4varusteet. Varaosat.","robots":{"index":"index","follow":"follow","max-snippet":"max-snippet:-1","max-image-preview":"max-image-preview:large","max-video-preview":"max-video-preview:-1"},"canonical":"https:\/\/www.castrum.ee\/fi\/toode\/maxliner-utility-box-maxside-box-generation-2\/","og_locale":"fi_FI","og_type":"article","og_title":"Maxliner Utility Box MaxSide Box Generation 2 |","og_description":"Maxliner Utility Box MaxSide Box Generation 2 - . Autojen, maastureiden ja pakettiautojen lis\u00e4varusteet. Varaosat.","og_url":"https:\/\/www.castrum.ee\/fi\/toode\/maxliner-utility-box-maxside-box-generation-2\/","og_site_name":"Castrum","article_publisher":"https:\/\/www.facebook.com\/castrum.ee","article_modified_time":"2026-05-11T20:07:55+00:00","twitter_card":"summary_large_image","schema":{"@context":"https:\/\/schema.org","@graph":[{"@type":"WebPage","@id":"https:\/\/www.castrum.ee\/fi\/toode\/maxliner-utility-box-maxside-box-generation-2\/","url":"https:\/\/www.castrum.ee\/fi\/toode\/maxliner-utility-box-maxside-box-generation-2\/","name":"Maxliner Utility Box MaxSide Box Generation 2 |","isPartOf":{"@id":"https:\/\/www.castrum.ee\/fi\/#website"},"primaryImageOfPage":{"@id":"https:\/\/www.castrum.ee\/fi\/toode\/maxliner-utility-box-maxside-box-generation-2\/#primaryimage"},"image":{"@id":"https:\/\/www.castrum.ee\/fi\/toode\/maxliner-utility-box-maxside-box-generation-2\/#primaryimage"},"thumbnailUrl":"https:\/\/www.castrum.ee\/wp-content\/uploads\/2026\/05\/MAXSIDE_BOX_GENERATION_2_5.jpg","datePublished":"2026-05-11T09:58:59+00:00","dateModified":"2026-05-11T20:07:55+00:00","description":"Maxliner Utility Box MaxSide Box Generation 2 - . Autojen, maastureiden ja pakettiautojen lis\u00e4varusteet. Varaosat.","breadcrumb":{"@id":"https:\/\/www.castrum.ee\/fi\/toode\/maxliner-utility-box-maxside-box-generation-2\/#breadcrumb"},"inLanguage":"fi","potentialAction":[{"@type":"ReadAction","target":["https:\/\/www.castrum.ee\/fi\/toode\/maxliner-utility-box-maxside-box-generation-2\/"]}]},{"@type":"ImageObject","inLanguage":"fi","@id":"https:\/\/www.castrum.ee\/fi\/toode\/maxliner-utility-box-maxside-box-generation-2\/#primaryimage","url":"https:\/\/www.castrum.ee\/wp-content\/uploads\/2026\/05\/MAXSIDE_BOX_GENERATION_2_5.jpg","contentUrl":"https:\/\/www.castrum.ee\/wp-content\/uploads\/2026\/05\/MAXSIDE_BOX_GENERATION_2_5.jpg","width":1080,"height":607},{"@type":"BreadcrumbList","@id":"https:\/\/www.castrum.ee\/fi\/toode\/maxliner-utility-box-maxside-box-generation-2\/#breadcrumb","itemListElement":[{"@type":"ListItem","position":1,"name":"Home","item":"https:\/\/www.castrum.ee\/fi\/kotisivu\/"},{"@type":"ListItem","position":2,"name":"Verkkokauppa","item":"https:\/\/www.castrum.ee\/fi\/kauppa\/"},{"@type":"ListItem","position":3,"name":"Maxliner Utility Box MaxSide Box Generation 2"}]},{"@type":"WebSite","@id":"https:\/\/www.castrum.ee\/fi\/#website","url":"https:\/\/www.castrum.ee\/fi\/","name":"Castrum","description":"Maastoautojen, henkil\u00f6autojen ja pienvaunujen lis\u00e4varusteet","publisher":{"@id":"https:\/\/www.castrum.ee\/fi\/#organization"},"potentialAction":[{"@type":"SearchAction","target":{"@type":"EntryPoint","urlTemplate":"https:\/\/www.castrum.ee\/fi\/?s={search_term_string}"},"query-input":{"@type":"PropertyValueSpecification","valueRequired":true,"valueName":"search_term_string"}}],"inLanguage":"fi"},{"@type":"Organization","@id":"https:\/\/www.castrum.ee\/fi\/#organization","name":"Castrum Grupp O\u00dc","url":"https:\/\/www.castrum.ee\/fi\/","logo":{"@type":"ImageObject","inLanguage":"fi","@id":"https:\/\/www.castrum.ee\/fi\/#\/schema\/logo\/image\/","url":"https:\/\/www.castrum.ee\/wp-content\/uploads\/2025\/03\/Castrum-logo-500.png","contentUrl":"https:\/\/www.castrum.ee\/wp-content\/uploads\/2025\/03\/Castrum-logo-500.png","width":500,"height":250,"caption":"Castrum Grupp O\u00dc"},"image":{"@id":"https:\/\/www.castrum.ee\/fi\/#\/schema\/logo\/image\/"},"sameAs":["https:\/\/www.facebook.com\/castrum.ee"]}]}},"_links":{"self":[{"href":"https:\/\/www.castrum.ee\/fi\/wp-json\/wp\/v2\/product\/88606","targetHints":{"allow":["GET"]}}],"collection":[{"href":"https:\/\/www.castrum.ee\/fi\/wp-json\/wp\/v2\/product"}],"about":[{"href":"https:\/\/www.castrum.ee\/fi\/wp-json\/wp\/v2\/types\/product"}],"wp:featuredmedia":[{"embeddable":true,"href":"https:\/\/www.castrum.ee\/fi\/wp-json\/wp\/v2\/media\/88848"}],"wp:attachment":[{"href":"https:\/\/www.castrum.ee\/fi\/wp-json\/wp\/v2\/media?parent=88606"}],"wp:term":[{"taxonomy":"mark-ja-mudel","embeddable":true,"href":"https:\/\/www.castrum.ee\/fi\/wp-json\/wp\/v2\/mark-ja-mudel?post=88606"},{"taxonomy":"product_brand","embeddable":true,"href":"https:\/\/www.castrum.ee\/fi\/wp-json\/wp\/v2\/product_brand?post=88606"},{"taxonomy":"product_cat","embeddable":true,"href":"https:\/\/www.castrum.ee\/fi\/wp-json\/wp\/v2\/product_cat?post=88606"},{"taxonomy":"product_tag","embeddable":true,"href":"https:\/\/www.castrum.ee\/fi\/wp-json\/wp\/v2\/product_tag?post=88606"}],"curies":[{"name":"wp","href":"https:\/\/api.w.org\/{rel}","templated":true}]}}