{"id":88633,"date":"2026-05-11T12:52:57","date_gmt":"2026-05-11T09:52:57","guid":{"rendered":"https:\/\/www.castrum.ee\/toode\/maxtop-standard-lavakuomu-ford-ranger-23-6p7vv7\/"},"modified":"2026-05-11T23:07:38","modified_gmt":"2026-05-11T20:07:38","slug":"maxtop-standard-lavakuomu-ford-ranger-23","status":"publish","type":"product","link":"https:\/\/www.castrum.ee\/fi\/toode\/maxtop-standard-lavakuomu-ford-ranger-23\/","title":{"rendered":"Maxtop Standard lavakuomu | Ford Ranger [23+]"},"content":{"rendered":"<p>Maxtop Standard mallikohtainen lavakuomu Ford Ranger [23+] (ml. PHEV-versio) lavan suojaamiseen. T\u00e4yslakeerattu kuori takaa kest\u00e4v\u00e4n pintak\u00e4sittelyn ja luotettavan tavaransuojan.<\/p>\n<h3>Tuotteen ominaisuudet<\/h3>\n<ul>\n<li>Kiinte\u00e4 etuikkuna (ei avaudu)<\/li>\n<li>Ei sivuikkunoita<\/li>\n<li>H\u00e4t\u00e4poistumisjarjestem\u00e4 sis\u00e4ltyy toimitukseen<\/li>\n<li>Takaoven viimeistely: maalaamaton (materiaalin luonnonv\u00e4ri)<\/li>\n<li>T\u00e4ysin manuaalinen lukitusj\u00e4rjestelm\u00e4<\/li>\n<li>Kattokiskot eiv\u00e4t kuulu toimitukseen (asennettavissa lis\u00e4varusteena)<\/li>\n<li>Dynaaminen kuorma enint\u00e4\u00e4n 100 kg (kuormankuljettimelle) \/ staattinen kuorma enint\u00e4\u00e4n 300 kg<\/li>\n<li>Takaspoileri: ABS-materiaali, matta musta, v\u00e4rikoodi #11GY37<\/li>\n<li>Sis\u00e4valaistus AAA-paristoilla, yhteensopiva E-Mark-valaistuksen kanssa<\/li>\n<li>Ei kolmatta jarruvaloa<\/li>\n<li>T\u00e4yslakeerattu kuori<\/li>\n<li>Yhteensopiva UR lavanvuorauksella tai ilman lavanvuorausta olevien ajoneuvojen kanssa<\/li>\n<\/ul>\n<h3>Lis\u00e4tiedot<\/h3>\n<p>Jos ajoneuvoon on asennettu lavakaari, tarvitaan lis\u00e4kumitiivis.<\/p>\n","protected":false},"excerpt":{"rendered":"<p>Maxtop Standard mallikohtainen lavakuomu Ford Ranger [23+] -mallille (ml. PHEV-versio). T\u00e4yslakeerattu ABS-kuori tarjoaa luotettavan suojan lastille ja sopii sek\u00e4 lavanvuorauksella ett\u00e4 ilman.<\/p>\n","protected":false},"featured_media":88383,"template":"","meta":{"_acf_changed":false},"mark-ja-mudel":[],"product_brand":[2082],"product_cat":[1074],"product_tag":[],"class_list":{"0":"post-88633","1":"product","2":"type-product","3":"status-publish","4":"has-post-thumbnail","6":"product_brand-maxliner-fi","7":"product_cat-lavakuvut","9":"first","10":"instock","11":"taxable","12":"shipping-taxable","13":"purchasable","14":"product-type-variable"},"bundled_by":[],"bundle_stock_status":"instock","bundle_stock_quantity":null,"bundle_virtual":false,"bundle_layout":"","bundle_add_to_cart_form_location":"","bundle_editable_in_cart":false,"bundle_sold_individually_context":"","bundle_item_grouping":"","bundle_min_size":"","bundle_max_size":"","bundle_price":[],"bundled_items":[],"bundle_sell_ids":[],"acf":[],"yoast_head":"<!-- This site is optimized with the Yoast SEO plugin v27.5 - https:\/\/yoast.com\/product\/yoast-seo-wordpress\/ -->\n<title>Maxtop Standard lavakuomu | Ford Ranger [23+] | Lavakuomut<\/title>\n<meta name=\"description\" content=\"Maxtop Standard lavakuomu | Ford Ranger [23+] - Lavakuomut . Autojen, maastureiden ja pakettiautojen lis\u00e4varusteet. Varaosat.\" \/>\n<meta name=\"robots\" content=\"index, follow, max-snippet:-1, max-image-preview:large, max-video-preview:-1\" \/>\n<link rel=\"canonical\" href=\"https:\/\/www.castrum.ee\/fi\/toode\/maxtop-standard-lavakuomu-ford-ranger-23\/\" \/>\n<meta property=\"og:locale\" content=\"fi_FI\" \/>\n<meta property=\"og:type\" content=\"article\" \/>\n<meta property=\"og:title\" content=\"Maxtop Standard lavakuomu | Ford Ranger [23+] | Lavakuomut\" \/>\n<meta property=\"og:description\" content=\"Maxtop Standard lavakuomu | Ford Ranger [23+] - Lavakuomut . Autojen, maastureiden ja pakettiautojen lis\u00e4varusteet. Varaosat.\" \/>\n<meta property=\"og:url\" content=\"https:\/\/www.castrum.ee\/fi\/toode\/maxtop-standard-lavakuomu-ford-ranger-23\/\" \/>\n<meta property=\"og:site_name\" content=\"Castrum\" \/>\n<meta property=\"article:publisher\" content=\"https:\/\/www.facebook.com\/castrum.ee\" \/>\n<meta property=\"article:modified_time\" content=\"2026-05-11T20:07:38+00:00\" \/>\n<meta name=\"twitter:card\" content=\"summary_large_image\" \/>\n<meta name=\"twitter:label1\" content=\"Arvioitu lukuaika\" \/>\n\t<meta name=\"twitter:data1\" content=\"1 minuutti\" \/>\n<script type=\"application\/ld+json\" class=\"yoast-schema-graph\">{\"@context\":\"https:\\\/\\\/schema.org\",\"@graph\":[{\"@type\":\"WebPage\",\"@id\":\"https:\\\/\\\/www.castrum.ee\\\/fi\\\/toode\\\/maxtop-standard-lavakuomu-ford-ranger-23\\\/\",\"url\":\"https:\\\/\\\/www.castrum.ee\\\/fi\\\/toode\\\/maxtop-standard-lavakuomu-ford-ranger-23\\\/\",\"name\":\"Maxtop Standard lavakuomu | Ford Ranger [23+] | Lavakuomut\",\"isPartOf\":{\"@id\":\"https:\\\/\\\/www.castrum.ee\\\/fi\\\/#website\"},\"primaryImageOfPage\":{\"@id\":\"https:\\\/\\\/www.castrum.ee\\\/fi\\\/toode\\\/maxtop-standard-lavakuomu-ford-ranger-23\\\/#primaryimage\"},\"image\":{\"@id\":\"https:\\\/\\\/www.castrum.ee\\\/fi\\\/toode\\\/maxtop-standard-lavakuomu-ford-ranger-23\\\/#primaryimage\"},\"thumbnailUrl\":\"https:\\\/\\\/www.castrum.ee\\\/wp-content\\\/uploads\\\/2026\\\/05\\\/1-MAXTOP-4-Ford-Ranger_NO_window-scaled.jpg\",\"datePublished\":\"2026-05-11T09:52:57+00:00\",\"dateModified\":\"2026-05-11T20:07:38+00:00\",\"description\":\"Maxtop Standard lavakuomu | Ford Ranger [23+] - Lavakuomut . Autojen, maastureiden ja pakettiautojen lis\u00e4varusteet. Varaosat.\",\"breadcrumb\":{\"@id\":\"https:\\\/\\\/www.castrum.ee\\\/fi\\\/toode\\\/maxtop-standard-lavakuomu-ford-ranger-23\\\/#breadcrumb\"},\"inLanguage\":\"fi\",\"potentialAction\":[{\"@type\":\"ReadAction\",\"target\":[\"https:\\\/\\\/www.castrum.ee\\\/fi\\\/toode\\\/maxtop-standard-lavakuomu-ford-ranger-23\\\/\"]}]},{\"@type\":\"ImageObject\",\"inLanguage\":\"fi\",\"@id\":\"https:\\\/\\\/www.castrum.ee\\\/fi\\\/toode\\\/maxtop-standard-lavakuomu-ford-ranger-23\\\/#primaryimage\",\"url\":\"https:\\\/\\\/www.castrum.ee\\\/wp-content\\\/uploads\\\/2026\\\/05\\\/1-MAXTOP-4-Ford-Ranger_NO_window-scaled.jpg\",\"contentUrl\":\"https:\\\/\\\/www.castrum.ee\\\/wp-content\\\/uploads\\\/2026\\\/05\\\/1-MAXTOP-4-Ford-Ranger_NO_window-scaled.jpg\",\"width\":2560,\"height\":1418},{\"@type\":\"BreadcrumbList\",\"@id\":\"https:\\\/\\\/www.castrum.ee\\\/fi\\\/toode\\\/maxtop-standard-lavakuomu-ford-ranger-23\\\/#breadcrumb\",\"itemListElement\":[{\"@type\":\"ListItem\",\"position\":1,\"name\":\"Home\",\"item\":\"https:\\\/\\\/www.castrum.ee\\\/fi\\\/kotisivu\\\/\"},{\"@type\":\"ListItem\",\"position\":2,\"name\":\"Verkkokauppa\",\"item\":\"https:\\\/\\\/www.castrum.ee\\\/fi\\\/kauppa\\\/\"},{\"@type\":\"ListItem\",\"position\":3,\"name\":\"Maxtop Standard lavakuomu | Ford Ranger [23+]\"}]},{\"@type\":\"WebSite\",\"@id\":\"https:\\\/\\\/www.castrum.ee\\\/fi\\\/#website\",\"url\":\"https:\\\/\\\/www.castrum.ee\\\/fi\\\/\",\"name\":\"Castrum\",\"description\":\"Maastoautojen, henkil\u00f6autojen ja pienvaunujen lis\u00e4varusteet\",\"publisher\":{\"@id\":\"https:\\\/\\\/www.castrum.ee\\\/fi\\\/#organization\"},\"potentialAction\":[{\"@type\":\"SearchAction\",\"target\":{\"@type\":\"EntryPoint\",\"urlTemplate\":\"https:\\\/\\\/www.castrum.ee\\\/fi\\\/?s={search_term_string}\"},\"query-input\":{\"@type\":\"PropertyValueSpecification\",\"valueRequired\":true,\"valueName\":\"search_term_string\"}}],\"inLanguage\":\"fi\"},{\"@type\":\"Organization\",\"@id\":\"https:\\\/\\\/www.castrum.ee\\\/fi\\\/#organization\",\"name\":\"Castrum Grupp O\u00dc\",\"url\":\"https:\\\/\\\/www.castrum.ee\\\/fi\\\/\",\"logo\":{\"@type\":\"ImageObject\",\"inLanguage\":\"fi\",\"@id\":\"https:\\\/\\\/www.castrum.ee\\\/fi\\\/#\\\/schema\\\/logo\\\/image\\\/\",\"url\":\"https:\\\/\\\/www.castrum.ee\\\/wp-content\\\/uploads\\\/2025\\\/03\\\/Castrum-logo-500.png\",\"contentUrl\":\"https:\\\/\\\/www.castrum.ee\\\/wp-content\\\/uploads\\\/2025\\\/03\\\/Castrum-logo-500.png\",\"width\":500,\"height\":250,\"caption\":\"Castrum Grupp O\u00dc\"},\"image\":{\"@id\":\"https:\\\/\\\/www.castrum.ee\\\/fi\\\/#\\\/schema\\\/logo\\\/image\\\/\"},\"sameAs\":[\"https:\\\/\\\/www.facebook.com\\\/castrum.ee\"]}]}<\/script>\n<!-- \/ Yoast SEO plugin. -->","yoast_head_json":{"title":"Maxtop Standard lavakuomu | Ford Ranger [23+] | Lavakuomut","description":"Maxtop Standard lavakuomu | Ford Ranger [23+] - Lavakuomut . Autojen, maastureiden ja pakettiautojen lis\u00e4varusteet. Varaosat.","robots":{"index":"index","follow":"follow","max-snippet":"max-snippet:-1","max-image-preview":"max-image-preview:large","max-video-preview":"max-video-preview:-1"},"canonical":"https:\/\/www.castrum.ee\/fi\/toode\/maxtop-standard-lavakuomu-ford-ranger-23\/","og_locale":"fi_FI","og_type":"article","og_title":"Maxtop Standard lavakuomu | Ford Ranger [23+] | Lavakuomut","og_description":"Maxtop Standard lavakuomu | Ford Ranger [23+] - Lavakuomut . Autojen, maastureiden ja pakettiautojen lis\u00e4varusteet. Varaosat.","og_url":"https:\/\/www.castrum.ee\/fi\/toode\/maxtop-standard-lavakuomu-ford-ranger-23\/","og_site_name":"Castrum","article_publisher":"https:\/\/www.facebook.com\/castrum.ee","article_modified_time":"2026-05-11T20:07:38+00:00","twitter_card":"summary_large_image","twitter_misc":{"Arvioitu lukuaika":"1 minuutti"},"schema":{"@context":"https:\/\/schema.org","@graph":[{"@type":"WebPage","@id":"https:\/\/www.castrum.ee\/fi\/toode\/maxtop-standard-lavakuomu-ford-ranger-23\/","url":"https:\/\/www.castrum.ee\/fi\/toode\/maxtop-standard-lavakuomu-ford-ranger-23\/","name":"Maxtop Standard lavakuomu | Ford Ranger [23+] | Lavakuomut","isPartOf":{"@id":"https:\/\/www.castrum.ee\/fi\/#website"},"primaryImageOfPage":{"@id":"https:\/\/www.castrum.ee\/fi\/toode\/maxtop-standard-lavakuomu-ford-ranger-23\/#primaryimage"},"image":{"@id":"https:\/\/www.castrum.ee\/fi\/toode\/maxtop-standard-lavakuomu-ford-ranger-23\/#primaryimage"},"thumbnailUrl":"https:\/\/www.castrum.ee\/wp-content\/uploads\/2026\/05\/1-MAXTOP-4-Ford-Ranger_NO_window-scaled.jpg","datePublished":"2026-05-11T09:52:57+00:00","dateModified":"2026-05-11T20:07:38+00:00","description":"Maxtop Standard lavakuomu | Ford Ranger [23+] - Lavakuomut . Autojen, maastureiden ja pakettiautojen lis\u00e4varusteet. Varaosat.","breadcrumb":{"@id":"https:\/\/www.castrum.ee\/fi\/toode\/maxtop-standard-lavakuomu-ford-ranger-23\/#breadcrumb"},"inLanguage":"fi","potentialAction":[{"@type":"ReadAction","target":["https:\/\/www.castrum.ee\/fi\/toode\/maxtop-standard-lavakuomu-ford-ranger-23\/"]}]},{"@type":"ImageObject","inLanguage":"fi","@id":"https:\/\/www.castrum.ee\/fi\/toode\/maxtop-standard-lavakuomu-ford-ranger-23\/#primaryimage","url":"https:\/\/www.castrum.ee\/wp-content\/uploads\/2026\/05\/1-MAXTOP-4-Ford-Ranger_NO_window-scaled.jpg","contentUrl":"https:\/\/www.castrum.ee\/wp-content\/uploads\/2026\/05\/1-MAXTOP-4-Ford-Ranger_NO_window-scaled.jpg","width":2560,"height":1418},{"@type":"BreadcrumbList","@id":"https:\/\/www.castrum.ee\/fi\/toode\/maxtop-standard-lavakuomu-ford-ranger-23\/#breadcrumb","itemListElement":[{"@type":"ListItem","position":1,"name":"Home","item":"https:\/\/www.castrum.ee\/fi\/kotisivu\/"},{"@type":"ListItem","position":2,"name":"Verkkokauppa","item":"https:\/\/www.castrum.ee\/fi\/kauppa\/"},{"@type":"ListItem","position":3,"name":"Maxtop Standard lavakuomu | Ford Ranger [23+]"}]},{"@type":"WebSite","@id":"https:\/\/www.castrum.ee\/fi\/#website","url":"https:\/\/www.castrum.ee\/fi\/","name":"Castrum","description":"Maastoautojen, henkil\u00f6autojen ja pienvaunujen lis\u00e4varusteet","publisher":{"@id":"https:\/\/www.castrum.ee\/fi\/#organization"},"potentialAction":[{"@type":"SearchAction","target":{"@type":"EntryPoint","urlTemplate":"https:\/\/www.castrum.ee\/fi\/?s={search_term_string}"},"query-input":{"@type":"PropertyValueSpecification","valueRequired":true,"valueName":"search_term_string"}}],"inLanguage":"fi"},{"@type":"Organization","@id":"https:\/\/www.castrum.ee\/fi\/#organization","name":"Castrum Grupp O\u00dc","url":"https:\/\/www.castrum.ee\/fi\/","logo":{"@type":"ImageObject","inLanguage":"fi","@id":"https:\/\/www.castrum.ee\/fi\/#\/schema\/logo\/image\/","url":"https:\/\/www.castrum.ee\/wp-content\/uploads\/2025\/03\/Castrum-logo-500.png","contentUrl":"https:\/\/www.castrum.ee\/wp-content\/uploads\/2025\/03\/Castrum-logo-500.png","width":500,"height":250,"caption":"Castrum Grupp O\u00dc"},"image":{"@id":"https:\/\/www.castrum.ee\/fi\/#\/schema\/logo\/image\/"},"sameAs":["https:\/\/www.facebook.com\/castrum.ee"]}]}},"_links":{"self":[{"href":"https:\/\/www.castrum.ee\/fi\/wp-json\/wp\/v2\/product\/88633","targetHints":{"allow":["GET"]}}],"collection":[{"href":"https:\/\/www.castrum.ee\/fi\/wp-json\/wp\/v2\/product"}],"about":[{"href":"https:\/\/www.castrum.ee\/fi\/wp-json\/wp\/v2\/types\/product"}],"wp:featuredmedia":[{"embeddable":true,"href":"https:\/\/www.castrum.ee\/fi\/wp-json\/wp\/v2\/media\/88383"}],"wp:attachment":[{"href":"https:\/\/www.castrum.ee\/fi\/wp-json\/wp\/v2\/media?parent=88633"}],"wp:term":[{"taxonomy":"mark-ja-mudel","embeddable":true,"href":"https:\/\/www.castrum.ee\/fi\/wp-json\/wp\/v2\/mark-ja-mudel?post=88633"},{"taxonomy":"product_brand","embeddable":true,"href":"https:\/\/www.castrum.ee\/fi\/wp-json\/wp\/v2\/product_brand?post=88633"},{"taxonomy":"product_cat","embeddable":true,"href":"https:\/\/www.castrum.ee\/fi\/wp-json\/wp\/v2\/product_cat?post=88633"},{"taxonomy":"product_tag","embeddable":true,"href":"https:\/\/www.castrum.ee\/fi\/wp-json\/wp\/v2\/product_tag?post=88633"}],"curies":[{"name":"wp","href":"https:\/\/api.w.org\/{rel}","templated":true}]}}