{"id":88698,"date":"2026-05-11T12:44:59","date_gmt":"2026-05-11T09:44:59","guid":{"rendered":"https:\/\/www.castrum.ee\/toode\/maxliner-takaluukun-nostin-toyota-hilux-15-25-ifkzuv\/"},"modified":"2026-05-11T23:07:08","modified_gmt":"2026-05-11T20:07:08","slug":"maxliner-takaluukun-nostin-toyota-hilux-15-25","status":"publish","type":"product","link":"https:\/\/www.castrum.ee\/fi\/toode\/maxliner-takaluukun-nostin-toyota-hilux-15-25\/","title":{"rendered":"Maxliner takaluukun nostin | Toyota Hilux [15-25]"},"content":{"rendered":"<h3>Maxliner takaluukun nostin | Toyota Hilux [15-25]<\/h3>\n<p>Tee lavan k\u00e4ytt\u00f6 helpoksi MAXTAILGATE LIFT takaluukun nostimella. Innovatiivinen j\u00e4rjestelm\u00e4 v\u00e4hent\u00e4\u00e4 takaluukun painoa 80 %, jolloin se aukeaa yhdell\u00e4 sormella ja s\u00e4\u00e4st\u00e4\u00e4 selk\u00e4\u00e4 turhalta rasitukselta.<\/p>\n<ul>\n<li>V\u00e4hent\u00e4\u00e4 takaluukun havaittavaa painoa 80 %<\/li>\n<li>Avautuu yhdell\u00e4 sormella<\/li>\n<li>Sis\u00e4\u00e4nrakennettu iskunvaimennin est\u00e4\u00e4 takaluukun iskeytymiset ja suojaa lastia<\/li>\n<li>Helppo asennus \u2013 sopii olemassa olevaan j\u00e4rjestelm\u00e4\u00e4n ilman lis\u00e4muutoksia<\/li>\n<\/ul>\n","protected":false},"excerpt":{"rendered":"<p>Maxliner takaluukun nostin Toyota Hilux [15-25] -mallille v\u00e4hent\u00e4\u00e4 takaluukun havaittavaa painoa 80 %, mahdollistaen mukavan yhden sormen avaamisen. Sis\u00e4\u00e4nrakennettu iskunvaimennin suojaa lastia ja est\u00e4\u00e4 takaluukun iskeytymiset.<\/p>\n","protected":false},"featured_media":88871,"template":"","meta":{"_acf_changed":false},"mark-ja-mudel":[],"product_brand":[2082],"product_cat":[1086],"product_tag":[],"class_list":{"0":"post-88698","1":"product","2":"type-product","3":"status-publish","4":"has-post-thumbnail","6":"product_brand-maxliner-fi","7":"product_cat-mukavuusvarusteet","9":"first","10":"instock","11":"taxable","12":"shipping-taxable","13":"purchasable","14":"product-type-simple"},"bundled_by":[],"bundle_stock_status":"instock","bundle_stock_quantity":null,"bundle_virtual":false,"bundle_layout":"","bundle_add_to_cart_form_location":"","bundle_editable_in_cart":false,"bundle_sold_individually_context":"","bundle_item_grouping":"","bundle_min_size":"","bundle_max_size":"","bundle_price":[],"bundled_items":[],"bundle_sell_ids":[],"acf":[],"yoast_head":"<!-- This site is optimized with the Yoast SEO plugin v27.5 - https:\/\/yoast.com\/product\/yoast-seo-wordpress\/ -->\n<title>Maxliner takaluukun nostin | Toyota Hilux [15-25] | Mukavuusvarusteet<\/title>\n<meta name=\"description\" content=\"Maxliner takaluukun nostin | Toyota Hilux [15-25] - Mukavuusvarusteet . Autojen, maastureiden ja pakettiautojen lis\u00e4varusteet. Varaosat.\" \/>\n<meta name=\"robots\" content=\"index, follow, max-snippet:-1, max-image-preview:large, max-video-preview:-1\" \/>\n<link rel=\"canonical\" href=\"https:\/\/www.castrum.ee\/fi\/toode\/maxliner-takaluukun-nostin-toyota-hilux-15-25\/\" \/>\n<meta property=\"og:locale\" content=\"fi_FI\" \/>\n<meta property=\"og:type\" content=\"article\" \/>\n<meta property=\"og:title\" content=\"Maxliner takaluukun nostin | Toyota Hilux [15-25] | Mukavuusvarusteet\" \/>\n<meta property=\"og:description\" content=\"Maxliner takaluukun nostin | Toyota Hilux [15-25] - Mukavuusvarusteet . Autojen, maastureiden ja pakettiautojen lis\u00e4varusteet. Varaosat.\" \/>\n<meta property=\"og:url\" content=\"https:\/\/www.castrum.ee\/fi\/toode\/maxliner-takaluukun-nostin-toyota-hilux-15-25\/\" \/>\n<meta property=\"og:site_name\" content=\"Castrum\" \/>\n<meta property=\"article:publisher\" content=\"https:\/\/www.facebook.com\/castrum.ee\" \/>\n<meta property=\"article:modified_time\" content=\"2026-05-11T20:07:08+00:00\" \/>\n<meta name=\"twitter:card\" content=\"summary_large_image\" \/>\n<script type=\"application\/ld+json\" class=\"yoast-schema-graph\">{\"@context\":\"https:\\\/\\\/schema.org\",\"@graph\":[{\"@type\":\"WebPage\",\"@id\":\"https:\\\/\\\/www.castrum.ee\\\/fi\\\/toode\\\/maxliner-takaluukun-nostin-toyota-hilux-15-25\\\/\",\"url\":\"https:\\\/\\\/www.castrum.ee\\\/fi\\\/toode\\\/maxliner-takaluukun-nostin-toyota-hilux-15-25\\\/\",\"name\":\"Maxliner takaluukun nostin | Toyota Hilux [15-25] | Mukavuusvarusteet\",\"isPartOf\":{\"@id\":\"https:\\\/\\\/www.castrum.ee\\\/fi\\\/#website\"},\"primaryImageOfPage\":{\"@id\":\"https:\\\/\\\/www.castrum.ee\\\/fi\\\/toode\\\/maxliner-takaluukun-nostin-toyota-hilux-15-25\\\/#primaryimage\"},\"image\":{\"@id\":\"https:\\\/\\\/www.castrum.ee\\\/fi\\\/toode\\\/maxliner-takaluukun-nostin-toyota-hilux-15-25\\\/#primaryimage\"},\"thumbnailUrl\":\"https:\\\/\\\/www.castrum.ee\\\/wp-content\\\/uploads\\\/2026\\\/05\\\/MAXTAILGATELIFT-TOYOTAHILUX2020_1.jpg\",\"datePublished\":\"2026-05-11T09:44:59+00:00\",\"dateModified\":\"2026-05-11T20:07:08+00:00\",\"description\":\"Maxliner takaluukun nostin | Toyota Hilux [15-25] - Mukavuusvarusteet . Autojen, maastureiden ja pakettiautojen lis\u00e4varusteet. Varaosat.\",\"breadcrumb\":{\"@id\":\"https:\\\/\\\/www.castrum.ee\\\/fi\\\/toode\\\/maxliner-takaluukun-nostin-toyota-hilux-15-25\\\/#breadcrumb\"},\"inLanguage\":\"fi\",\"potentialAction\":[{\"@type\":\"ReadAction\",\"target\":[\"https:\\\/\\\/www.castrum.ee\\\/fi\\\/toode\\\/maxliner-takaluukun-nostin-toyota-hilux-15-25\\\/\"]}]},{\"@type\":\"ImageObject\",\"inLanguage\":\"fi\",\"@id\":\"https:\\\/\\\/www.castrum.ee\\\/fi\\\/toode\\\/maxliner-takaluukun-nostin-toyota-hilux-15-25\\\/#primaryimage\",\"url\":\"https:\\\/\\\/www.castrum.ee\\\/wp-content\\\/uploads\\\/2026\\\/05\\\/MAXTAILGATELIFT-TOYOTAHILUX2020_1.jpg\",\"contentUrl\":\"https:\\\/\\\/www.castrum.ee\\\/wp-content\\\/uploads\\\/2026\\\/05\\\/MAXTAILGATELIFT-TOYOTAHILUX2020_1.jpg\",\"width\":1920,\"height\":1080},{\"@type\":\"BreadcrumbList\",\"@id\":\"https:\\\/\\\/www.castrum.ee\\\/fi\\\/toode\\\/maxliner-takaluukun-nostin-toyota-hilux-15-25\\\/#breadcrumb\",\"itemListElement\":[{\"@type\":\"ListItem\",\"position\":1,\"name\":\"Home\",\"item\":\"https:\\\/\\\/www.castrum.ee\\\/fi\\\/kotisivu\\\/\"},{\"@type\":\"ListItem\",\"position\":2,\"name\":\"Verkkokauppa\",\"item\":\"https:\\\/\\\/www.castrum.ee\\\/fi\\\/kauppa\\\/\"},{\"@type\":\"ListItem\",\"position\":3,\"name\":\"Maxliner takaluukun nostin | Toyota Hilux [15-25]\"}]},{\"@type\":\"WebSite\",\"@id\":\"https:\\\/\\\/www.castrum.ee\\\/fi\\\/#website\",\"url\":\"https:\\\/\\\/www.castrum.ee\\\/fi\\\/\",\"name\":\"Castrum\",\"description\":\"Maastoautojen, henkil\u00f6autojen ja pienvaunujen lis\u00e4varusteet\",\"publisher\":{\"@id\":\"https:\\\/\\\/www.castrum.ee\\\/fi\\\/#organization\"},\"potentialAction\":[{\"@type\":\"SearchAction\",\"target\":{\"@type\":\"EntryPoint\",\"urlTemplate\":\"https:\\\/\\\/www.castrum.ee\\\/fi\\\/?s={search_term_string}\"},\"query-input\":{\"@type\":\"PropertyValueSpecification\",\"valueRequired\":true,\"valueName\":\"search_term_string\"}}],\"inLanguage\":\"fi\"},{\"@type\":\"Organization\",\"@id\":\"https:\\\/\\\/www.castrum.ee\\\/fi\\\/#organization\",\"name\":\"Castrum Grupp O\u00dc\",\"url\":\"https:\\\/\\\/www.castrum.ee\\\/fi\\\/\",\"logo\":{\"@type\":\"ImageObject\",\"inLanguage\":\"fi\",\"@id\":\"https:\\\/\\\/www.castrum.ee\\\/fi\\\/#\\\/schema\\\/logo\\\/image\\\/\",\"url\":\"https:\\\/\\\/www.castrum.ee\\\/wp-content\\\/uploads\\\/2025\\\/03\\\/Castrum-logo-500.png\",\"contentUrl\":\"https:\\\/\\\/www.castrum.ee\\\/wp-content\\\/uploads\\\/2025\\\/03\\\/Castrum-logo-500.png\",\"width\":500,\"height\":250,\"caption\":\"Castrum Grupp O\u00dc\"},\"image\":{\"@id\":\"https:\\\/\\\/www.castrum.ee\\\/fi\\\/#\\\/schema\\\/logo\\\/image\\\/\"},\"sameAs\":[\"https:\\\/\\\/www.facebook.com\\\/castrum.ee\"]}]}<\/script>\n<!-- \/ Yoast SEO plugin. -->","yoast_head_json":{"title":"Maxliner takaluukun nostin | Toyota Hilux [15-25] | Mukavuusvarusteet","description":"Maxliner takaluukun nostin | Toyota Hilux [15-25] - Mukavuusvarusteet . Autojen, maastureiden ja pakettiautojen lis\u00e4varusteet. Varaosat.","robots":{"index":"index","follow":"follow","max-snippet":"max-snippet:-1","max-image-preview":"max-image-preview:large","max-video-preview":"max-video-preview:-1"},"canonical":"https:\/\/www.castrum.ee\/fi\/toode\/maxliner-takaluukun-nostin-toyota-hilux-15-25\/","og_locale":"fi_FI","og_type":"article","og_title":"Maxliner takaluukun nostin | Toyota Hilux [15-25] | Mukavuusvarusteet","og_description":"Maxliner takaluukun nostin | Toyota Hilux [15-25] - Mukavuusvarusteet . Autojen, maastureiden ja pakettiautojen lis\u00e4varusteet. Varaosat.","og_url":"https:\/\/www.castrum.ee\/fi\/toode\/maxliner-takaluukun-nostin-toyota-hilux-15-25\/","og_site_name":"Castrum","article_publisher":"https:\/\/www.facebook.com\/castrum.ee","article_modified_time":"2026-05-11T20:07:08+00:00","twitter_card":"summary_large_image","schema":{"@context":"https:\/\/schema.org","@graph":[{"@type":"WebPage","@id":"https:\/\/www.castrum.ee\/fi\/toode\/maxliner-takaluukun-nostin-toyota-hilux-15-25\/","url":"https:\/\/www.castrum.ee\/fi\/toode\/maxliner-takaluukun-nostin-toyota-hilux-15-25\/","name":"Maxliner takaluukun nostin | Toyota Hilux [15-25] | Mukavuusvarusteet","isPartOf":{"@id":"https:\/\/www.castrum.ee\/fi\/#website"},"primaryImageOfPage":{"@id":"https:\/\/www.castrum.ee\/fi\/toode\/maxliner-takaluukun-nostin-toyota-hilux-15-25\/#primaryimage"},"image":{"@id":"https:\/\/www.castrum.ee\/fi\/toode\/maxliner-takaluukun-nostin-toyota-hilux-15-25\/#primaryimage"},"thumbnailUrl":"https:\/\/www.castrum.ee\/wp-content\/uploads\/2026\/05\/MAXTAILGATELIFT-TOYOTAHILUX2020_1.jpg","datePublished":"2026-05-11T09:44:59+00:00","dateModified":"2026-05-11T20:07:08+00:00","description":"Maxliner takaluukun nostin | Toyota Hilux [15-25] - Mukavuusvarusteet . Autojen, maastureiden ja pakettiautojen lis\u00e4varusteet. Varaosat.","breadcrumb":{"@id":"https:\/\/www.castrum.ee\/fi\/toode\/maxliner-takaluukun-nostin-toyota-hilux-15-25\/#breadcrumb"},"inLanguage":"fi","potentialAction":[{"@type":"ReadAction","target":["https:\/\/www.castrum.ee\/fi\/toode\/maxliner-takaluukun-nostin-toyota-hilux-15-25\/"]}]},{"@type":"ImageObject","inLanguage":"fi","@id":"https:\/\/www.castrum.ee\/fi\/toode\/maxliner-takaluukun-nostin-toyota-hilux-15-25\/#primaryimage","url":"https:\/\/www.castrum.ee\/wp-content\/uploads\/2026\/05\/MAXTAILGATELIFT-TOYOTAHILUX2020_1.jpg","contentUrl":"https:\/\/www.castrum.ee\/wp-content\/uploads\/2026\/05\/MAXTAILGATELIFT-TOYOTAHILUX2020_1.jpg","width":1920,"height":1080},{"@type":"BreadcrumbList","@id":"https:\/\/www.castrum.ee\/fi\/toode\/maxliner-takaluukun-nostin-toyota-hilux-15-25\/#breadcrumb","itemListElement":[{"@type":"ListItem","position":1,"name":"Home","item":"https:\/\/www.castrum.ee\/fi\/kotisivu\/"},{"@type":"ListItem","position":2,"name":"Verkkokauppa","item":"https:\/\/www.castrum.ee\/fi\/kauppa\/"},{"@type":"ListItem","position":3,"name":"Maxliner takaluukun nostin | Toyota Hilux [15-25]"}]},{"@type":"WebSite","@id":"https:\/\/www.castrum.ee\/fi\/#website","url":"https:\/\/www.castrum.ee\/fi\/","name":"Castrum","description":"Maastoautojen, henkil\u00f6autojen ja pienvaunujen lis\u00e4varusteet","publisher":{"@id":"https:\/\/www.castrum.ee\/fi\/#organization"},"potentialAction":[{"@type":"SearchAction","target":{"@type":"EntryPoint","urlTemplate":"https:\/\/www.castrum.ee\/fi\/?s={search_term_string}"},"query-input":{"@type":"PropertyValueSpecification","valueRequired":true,"valueName":"search_term_string"}}],"inLanguage":"fi"},{"@type":"Organization","@id":"https:\/\/www.castrum.ee\/fi\/#organization","name":"Castrum Grupp O\u00dc","url":"https:\/\/www.castrum.ee\/fi\/","logo":{"@type":"ImageObject","inLanguage":"fi","@id":"https:\/\/www.castrum.ee\/fi\/#\/schema\/logo\/image\/","url":"https:\/\/www.castrum.ee\/wp-content\/uploads\/2025\/03\/Castrum-logo-500.png","contentUrl":"https:\/\/www.castrum.ee\/wp-content\/uploads\/2025\/03\/Castrum-logo-500.png","width":500,"height":250,"caption":"Castrum Grupp O\u00dc"},"image":{"@id":"https:\/\/www.castrum.ee\/fi\/#\/schema\/logo\/image\/"},"sameAs":["https:\/\/www.facebook.com\/castrum.ee"]}]}},"_links":{"self":[{"href":"https:\/\/www.castrum.ee\/fi\/wp-json\/wp\/v2\/product\/88698","targetHints":{"allow":["GET"]}}],"collection":[{"href":"https:\/\/www.castrum.ee\/fi\/wp-json\/wp\/v2\/product"}],"about":[{"href":"https:\/\/www.castrum.ee\/fi\/wp-json\/wp\/v2\/types\/product"}],"wp:featuredmedia":[{"embeddable":true,"href":"https:\/\/www.castrum.ee\/fi\/wp-json\/wp\/v2\/media\/88871"}],"wp:attachment":[{"href":"https:\/\/www.castrum.ee\/fi\/wp-json\/wp\/v2\/media?parent=88698"}],"wp:term":[{"taxonomy":"mark-ja-mudel","embeddable":true,"href":"https:\/\/www.castrum.ee\/fi\/wp-json\/wp\/v2\/mark-ja-mudel?post=88698"},{"taxonomy":"product_brand","embeddable":true,"href":"https:\/\/www.castrum.ee\/fi\/wp-json\/wp\/v2\/product_brand?post=88698"},{"taxonomy":"product_cat","embeddable":true,"href":"https:\/\/www.castrum.ee\/fi\/wp-json\/wp\/v2\/product_cat?post=88698"},{"taxonomy":"product_tag","embeddable":true,"href":"https:\/\/www.castrum.ee\/fi\/wp-json\/wp\/v2\/product_tag?post=88698"}],"curies":[{"name":"wp","href":"https:\/\/api.w.org\/{rel}","templated":true}]}}