{"id":88709,"date":"2026-05-11T12:40:50","date_gmt":"2026-05-11T09:40:50","guid":{"rendered":"https:\/\/www.castrum.ee\/toode\/maxliner-lavakuomun-sivulaatikko-ford-ranger-23-vw-amarok-23-hrrbxr\/"},"modified":"2026-05-14T10:23:52","modified_gmt":"2026-05-14T07:23:52","slug":"maxliner-lavakuomun-sivulaatikko-ford-ranger-23-vw-amarok-23","status":"publish","type":"product","link":"https:\/\/www.castrum.ee\/fi\/toode\/maxliner-lavakuomun-sivulaatikko-ford-ranger-23-vw-amarok-23\/","title":{"rendered":"Maxliner lavakuomun sivulaatikko | Ford Ranger [23+], VW Amarok [23+]"},"content":{"rendered":"<p>Maksimoi s\u00e4ilytystila lavakuomun sis\u00e4ll\u00e4 \u2013 pid\u00e4 ty\u00f6kalut ja varusteet j\u00e4rjestyksess\u00e4 ja helposti saatavilla. Valmistettu kest\u00e4vist\u00e4 ja lujista materiaaleista, helppo asentaa ja irrottaa (pulttiliitos, poraamaton).<\/p>\n<h3>Tekniset tiedot<\/h3>\n<ul>\n<li>Runko: muovi (rotaatiomuovattu LLDPE)<\/li>\n<li>Pohjan vahvistuslevy: 5052-alumiini<\/li>\n<li>Kiinnitys: SPHC-ter\u00e4s<\/li>\n<li>Sopii lavakuomuun asennettavaksi<\/li>\n<li>Maksimikuorma: 30 kg<\/li>\n<\/ul>\n<h3>Mitat<\/h3>\n<ul>\n<li>Ulkomitat: 38,2 (P) \u00d7 125,7 (L) \u00d7 39,1 (K) cm<\/li>\n<li>Sis\u00e4tilavuus: 115 litraa<\/li>\n<li>Paino: 10 kg<\/li>\n<\/ul>\n","protected":false},"excerpt":{"rendered":"<p>Lavakuomun s\u00e4ilytysratkaisu, joka pit\u00e4\u00e4 ty\u00f6kalut ja varusteet j\u00e4rjestyksess\u00e4 ja helposti saatavilla. Pulttiliitoksella, poraamaton asennus.<\/p>\n","protected":false},"featured_media":88876,"template":"","meta":{"_acf_changed":false},"mark-ja-mudel":[],"product_brand":[2082],"product_cat":[],"product_tag":[],"class_list":{"0":"post-88709","1":"product","2":"type-product","3":"status-publish","4":"has-post-thumbnail","6":"product_brand-maxliner-fi","8":"first","9":"instock","10":"taxable","11":"shipping-taxable","12":"purchasable","13":"product-type-variable"},"bundled_by":[],"bundle_stock_status":"instock","bundle_stock_quantity":null,"bundle_virtual":false,"bundle_layout":"","bundle_add_to_cart_form_location":"","bundle_editable_in_cart":false,"bundle_sold_individually_context":"","bundle_item_grouping":"","bundle_min_size":"","bundle_max_size":"","bundle_price":[],"bundled_items":[],"bundle_sell_ids":[],"acf":[],"yoast_head":"<!-- This site is optimized with the Yoast SEO plugin v27.5 - https:\/\/yoast.com\/product\/yoast-seo-wordpress\/ -->\n<title>Maxliner lavakuomun sivulaatikko | Ford Ranger [23+], VW Amarok [23+] |<\/title>\n<meta name=\"description\" content=\"Maxliner lavakuomun sivulaatikko | Ford Ranger [23+], VW Amarok [23+] - . Autojen, maastureiden ja pakettiautojen lis\u00e4varusteet. Varaosat.\" \/>\n<meta name=\"robots\" content=\"index, follow, max-snippet:-1, max-image-preview:large, max-video-preview:-1\" \/>\n<link rel=\"canonical\" href=\"https:\/\/www.castrum.ee\/fi\/toode\/maxliner-lavakuomun-sivulaatikko-ford-ranger-23-vw-amarok-23\/\" \/>\n<meta property=\"og:locale\" content=\"fi_FI\" \/>\n<meta property=\"og:type\" content=\"article\" \/>\n<meta property=\"og:title\" content=\"Maxliner lavakuomun sivulaatikko | Ford Ranger [23+], VW Amarok [23+] |\" \/>\n<meta property=\"og:description\" content=\"Maxliner lavakuomun sivulaatikko | Ford Ranger [23+], VW Amarok [23+] - . Autojen, maastureiden ja pakettiautojen lis\u00e4varusteet. Varaosat.\" \/>\n<meta property=\"og:url\" content=\"https:\/\/www.castrum.ee\/fi\/toode\/maxliner-lavakuomun-sivulaatikko-ford-ranger-23-vw-amarok-23\/\" \/>\n<meta property=\"og:site_name\" content=\"Castrum\" \/>\n<meta property=\"article:publisher\" content=\"https:\/\/www.facebook.com\/castrum.ee\" \/>\n<meta property=\"article:modified_time\" content=\"2026-05-14T07:23:52+00:00\" \/>\n<meta name=\"twitter:card\" content=\"summary_large_image\" \/>\n<script type=\"application\/ld+json\" class=\"yoast-schema-graph\">{\"@context\":\"https:\\\/\\\/schema.org\",\"@graph\":[{\"@type\":\"WebPage\",\"@id\":\"https:\\\/\\\/www.castrum.ee\\\/fi\\\/toode\\\/maxliner-lavakuomun-sivulaatikko-ford-ranger-23-vw-amarok-23\\\/\",\"url\":\"https:\\\/\\\/www.castrum.ee\\\/fi\\\/toode\\\/maxliner-lavakuomun-sivulaatikko-ford-ranger-23-vw-amarok-23\\\/\",\"name\":\"Maxliner lavakuomun sivulaatikko | Ford Ranger [23+], VW Amarok [23+] |\",\"isPartOf\":{\"@id\":\"https:\\\/\\\/www.castrum.ee\\\/fi\\\/#website\"},\"primaryImageOfPage\":{\"@id\":\"https:\\\/\\\/www.castrum.ee\\\/fi\\\/toode\\\/maxliner-lavakuomun-sivulaatikko-ford-ranger-23-vw-amarok-23\\\/#primaryimage\"},\"image\":{\"@id\":\"https:\\\/\\\/www.castrum.ee\\\/fi\\\/toode\\\/maxliner-lavakuomun-sivulaatikko-ford-ranger-23-vw-amarok-23\\\/#primaryimage\"},\"thumbnailUrl\":\"https:\\\/\\\/www.castrum.ee\\\/wp-content\\\/uploads\\\/2026\\\/05\\\/MaxsideboxforVenturecanopy_2.png\",\"datePublished\":\"2026-05-11T09:40:50+00:00\",\"dateModified\":\"2026-05-14T07:23:52+00:00\",\"description\":\"Maxliner lavakuomun sivulaatikko | Ford Ranger [23+], VW Amarok [23+] - . Autojen, maastureiden ja pakettiautojen lis\u00e4varusteet. Varaosat.\",\"breadcrumb\":{\"@id\":\"https:\\\/\\\/www.castrum.ee\\\/fi\\\/toode\\\/maxliner-lavakuomun-sivulaatikko-ford-ranger-23-vw-amarok-23\\\/#breadcrumb\"},\"inLanguage\":\"fi\",\"potentialAction\":[{\"@type\":\"ReadAction\",\"target\":[\"https:\\\/\\\/www.castrum.ee\\\/fi\\\/toode\\\/maxliner-lavakuomun-sivulaatikko-ford-ranger-23-vw-amarok-23\\\/\"]}]},{\"@type\":\"ImageObject\",\"inLanguage\":\"fi\",\"@id\":\"https:\\\/\\\/www.castrum.ee\\\/fi\\\/toode\\\/maxliner-lavakuomun-sivulaatikko-ford-ranger-23-vw-amarok-23\\\/#primaryimage\",\"url\":\"https:\\\/\\\/www.castrum.ee\\\/wp-content\\\/uploads\\\/2026\\\/05\\\/MaxsideboxforVenturecanopy_2.png\",\"contentUrl\":\"https:\\\/\\\/www.castrum.ee\\\/wp-content\\\/uploads\\\/2026\\\/05\\\/MaxsideboxforVenturecanopy_2.png\",\"width\":1080,\"height\":607},{\"@type\":\"BreadcrumbList\",\"@id\":\"https:\\\/\\\/www.castrum.ee\\\/fi\\\/toode\\\/maxliner-lavakuomun-sivulaatikko-ford-ranger-23-vw-amarok-23\\\/#breadcrumb\",\"itemListElement\":[{\"@type\":\"ListItem\",\"position\":1,\"name\":\"Home\",\"item\":\"https:\\\/\\\/www.castrum.ee\\\/fi\\\/kotisivu\\\/\"},{\"@type\":\"ListItem\",\"position\":2,\"name\":\"Verkkokauppa\",\"item\":\"https:\\\/\\\/www.castrum.ee\\\/fi\\\/kauppa\\\/\"},{\"@type\":\"ListItem\",\"position\":3,\"name\":\"Maxliner lavakuomun sivulaatikko | Ford Ranger [23+], VW Amarok [23+]\"}]},{\"@type\":\"WebSite\",\"@id\":\"https:\\\/\\\/www.castrum.ee\\\/fi\\\/#website\",\"url\":\"https:\\\/\\\/www.castrum.ee\\\/fi\\\/\",\"name\":\"Castrum\",\"description\":\"Maastoautojen, henkil\u00f6autojen ja pienvaunujen lis\u00e4varusteet\",\"publisher\":{\"@id\":\"https:\\\/\\\/www.castrum.ee\\\/fi\\\/#organization\"},\"potentialAction\":[{\"@type\":\"SearchAction\",\"target\":{\"@type\":\"EntryPoint\",\"urlTemplate\":\"https:\\\/\\\/www.castrum.ee\\\/fi\\\/?s={search_term_string}\"},\"query-input\":{\"@type\":\"PropertyValueSpecification\",\"valueRequired\":true,\"valueName\":\"search_term_string\"}}],\"inLanguage\":\"fi\"},{\"@type\":\"Organization\",\"@id\":\"https:\\\/\\\/www.castrum.ee\\\/fi\\\/#organization\",\"name\":\"Castrum Grupp O\u00dc\",\"url\":\"https:\\\/\\\/www.castrum.ee\\\/fi\\\/\",\"logo\":{\"@type\":\"ImageObject\",\"inLanguage\":\"fi\",\"@id\":\"https:\\\/\\\/www.castrum.ee\\\/fi\\\/#\\\/schema\\\/logo\\\/image\\\/\",\"url\":\"https:\\\/\\\/www.castrum.ee\\\/wp-content\\\/uploads\\\/2025\\\/03\\\/Castrum-logo-500.png\",\"contentUrl\":\"https:\\\/\\\/www.castrum.ee\\\/wp-content\\\/uploads\\\/2025\\\/03\\\/Castrum-logo-500.png\",\"width\":500,\"height\":250,\"caption\":\"Castrum Grupp O\u00dc\"},\"image\":{\"@id\":\"https:\\\/\\\/www.castrum.ee\\\/fi\\\/#\\\/schema\\\/logo\\\/image\\\/\"},\"sameAs\":[\"https:\\\/\\\/www.facebook.com\\\/castrum.ee\"]}]}<\/script>\n<!-- \/ Yoast SEO plugin. -->","yoast_head_json":{"title":"Maxliner lavakuomun sivulaatikko | Ford Ranger [23+], VW Amarok [23+] |","description":"Maxliner lavakuomun sivulaatikko | Ford Ranger [23+], VW Amarok [23+] - . Autojen, maastureiden ja pakettiautojen lis\u00e4varusteet. Varaosat.","robots":{"index":"index","follow":"follow","max-snippet":"max-snippet:-1","max-image-preview":"max-image-preview:large","max-video-preview":"max-video-preview:-1"},"canonical":"https:\/\/www.castrum.ee\/fi\/toode\/maxliner-lavakuomun-sivulaatikko-ford-ranger-23-vw-amarok-23\/","og_locale":"fi_FI","og_type":"article","og_title":"Maxliner lavakuomun sivulaatikko | Ford Ranger [23+], VW Amarok [23+] |","og_description":"Maxliner lavakuomun sivulaatikko | Ford Ranger [23+], VW Amarok [23+] - . Autojen, maastureiden ja pakettiautojen lis\u00e4varusteet. Varaosat.","og_url":"https:\/\/www.castrum.ee\/fi\/toode\/maxliner-lavakuomun-sivulaatikko-ford-ranger-23-vw-amarok-23\/","og_site_name":"Castrum","article_publisher":"https:\/\/www.facebook.com\/castrum.ee","article_modified_time":"2026-05-14T07:23:52+00:00","twitter_card":"summary_large_image","schema":{"@context":"https:\/\/schema.org","@graph":[{"@type":"WebPage","@id":"https:\/\/www.castrum.ee\/fi\/toode\/maxliner-lavakuomun-sivulaatikko-ford-ranger-23-vw-amarok-23\/","url":"https:\/\/www.castrum.ee\/fi\/toode\/maxliner-lavakuomun-sivulaatikko-ford-ranger-23-vw-amarok-23\/","name":"Maxliner lavakuomun sivulaatikko | Ford Ranger [23+], VW Amarok [23+] |","isPartOf":{"@id":"https:\/\/www.castrum.ee\/fi\/#website"},"primaryImageOfPage":{"@id":"https:\/\/www.castrum.ee\/fi\/toode\/maxliner-lavakuomun-sivulaatikko-ford-ranger-23-vw-amarok-23\/#primaryimage"},"image":{"@id":"https:\/\/www.castrum.ee\/fi\/toode\/maxliner-lavakuomun-sivulaatikko-ford-ranger-23-vw-amarok-23\/#primaryimage"},"thumbnailUrl":"https:\/\/www.castrum.ee\/wp-content\/uploads\/2026\/05\/MaxsideboxforVenturecanopy_2.png","datePublished":"2026-05-11T09:40:50+00:00","dateModified":"2026-05-14T07:23:52+00:00","description":"Maxliner lavakuomun sivulaatikko | Ford Ranger [23+], VW Amarok [23+] - . Autojen, maastureiden ja pakettiautojen lis\u00e4varusteet. Varaosat.","breadcrumb":{"@id":"https:\/\/www.castrum.ee\/fi\/toode\/maxliner-lavakuomun-sivulaatikko-ford-ranger-23-vw-amarok-23\/#breadcrumb"},"inLanguage":"fi","potentialAction":[{"@type":"ReadAction","target":["https:\/\/www.castrum.ee\/fi\/toode\/maxliner-lavakuomun-sivulaatikko-ford-ranger-23-vw-amarok-23\/"]}]},{"@type":"ImageObject","inLanguage":"fi","@id":"https:\/\/www.castrum.ee\/fi\/toode\/maxliner-lavakuomun-sivulaatikko-ford-ranger-23-vw-amarok-23\/#primaryimage","url":"https:\/\/www.castrum.ee\/wp-content\/uploads\/2026\/05\/MaxsideboxforVenturecanopy_2.png","contentUrl":"https:\/\/www.castrum.ee\/wp-content\/uploads\/2026\/05\/MaxsideboxforVenturecanopy_2.png","width":1080,"height":607},{"@type":"BreadcrumbList","@id":"https:\/\/www.castrum.ee\/fi\/toode\/maxliner-lavakuomun-sivulaatikko-ford-ranger-23-vw-amarok-23\/#breadcrumb","itemListElement":[{"@type":"ListItem","position":1,"name":"Home","item":"https:\/\/www.castrum.ee\/fi\/kotisivu\/"},{"@type":"ListItem","position":2,"name":"Verkkokauppa","item":"https:\/\/www.castrum.ee\/fi\/kauppa\/"},{"@type":"ListItem","position":3,"name":"Maxliner lavakuomun sivulaatikko | Ford Ranger [23+], VW Amarok [23+]"}]},{"@type":"WebSite","@id":"https:\/\/www.castrum.ee\/fi\/#website","url":"https:\/\/www.castrum.ee\/fi\/","name":"Castrum","description":"Maastoautojen, henkil\u00f6autojen ja pienvaunujen lis\u00e4varusteet","publisher":{"@id":"https:\/\/www.castrum.ee\/fi\/#organization"},"potentialAction":[{"@type":"SearchAction","target":{"@type":"EntryPoint","urlTemplate":"https:\/\/www.castrum.ee\/fi\/?s={search_term_string}"},"query-input":{"@type":"PropertyValueSpecification","valueRequired":true,"valueName":"search_term_string"}}],"inLanguage":"fi"},{"@type":"Organization","@id":"https:\/\/www.castrum.ee\/fi\/#organization","name":"Castrum Grupp O\u00dc","url":"https:\/\/www.castrum.ee\/fi\/","logo":{"@type":"ImageObject","inLanguage":"fi","@id":"https:\/\/www.castrum.ee\/fi\/#\/schema\/logo\/image\/","url":"https:\/\/www.castrum.ee\/wp-content\/uploads\/2025\/03\/Castrum-logo-500.png","contentUrl":"https:\/\/www.castrum.ee\/wp-content\/uploads\/2025\/03\/Castrum-logo-500.png","width":500,"height":250,"caption":"Castrum Grupp O\u00dc"},"image":{"@id":"https:\/\/www.castrum.ee\/fi\/#\/schema\/logo\/image\/"},"sameAs":["https:\/\/www.facebook.com\/castrum.ee"]}]}},"_links":{"self":[{"href":"https:\/\/www.castrum.ee\/fi\/wp-json\/wp\/v2\/product\/88709","targetHints":{"allow":["GET"]}}],"collection":[{"href":"https:\/\/www.castrum.ee\/fi\/wp-json\/wp\/v2\/product"}],"about":[{"href":"https:\/\/www.castrum.ee\/fi\/wp-json\/wp\/v2\/types\/product"}],"wp:featuredmedia":[{"embeddable":true,"href":"https:\/\/www.castrum.ee\/fi\/wp-json\/wp\/v2\/media\/88876"}],"wp:attachment":[{"href":"https:\/\/www.castrum.ee\/fi\/wp-json\/wp\/v2\/media?parent=88709"}],"wp:term":[{"taxonomy":"mark-ja-mudel","embeddable":true,"href":"https:\/\/www.castrum.ee\/fi\/wp-json\/wp\/v2\/mark-ja-mudel?post=88709"},{"taxonomy":"product_brand","embeddable":true,"href":"https:\/\/www.castrum.ee\/fi\/wp-json\/wp\/v2\/product_brand?post=88709"},{"taxonomy":"product_cat","embeddable":true,"href":"https:\/\/www.castrum.ee\/fi\/wp-json\/wp\/v2\/product_cat?post=88709"},{"taxonomy":"product_tag","embeddable":true,"href":"https:\/\/www.castrum.ee\/fi\/wp-json\/wp\/v2\/product_tag?post=88709"}],"curies":[{"name":"wp","href":"https:\/\/api.w.org\/{rel}","templated":true}]}}