{"id":88724,"date":"2026-05-11T12:36:37","date_gmt":"2026-05-11T09:36:37","guid":{"rendered":"https:\/\/www.castrum.ee\/toode\/maxliner-alustan-kiinnityskiinnike-lavakuomulle-i05mri\/"},"modified":"2026-05-11T23:06:44","modified_gmt":"2026-05-11T20:06:44","slug":"maxliner-alustan-kiinnityskiinnike-lavakuomulle","status":"publish","type":"product","link":"https:\/\/www.castrum.ee\/fi\/toode\/maxliner-alustan-kiinnityskiinnike-lavakuomulle\/","title":{"rendered":"Maxliner alustan kiinnityskiinnike lavakuomulle"},"content":{"rendered":"<h3>Maxliner alustan kiinnityskiinnike lavakuomulle<\/h3>\n<p>Tukeva kiinnityskiinnike Rhino Rack- tai Yakima-alustan yhdist\u00e4miseksi Venture-, MAXTOP 3- tai MAXTOP 4 -lavakuomuun. Takaa tarkan sopivuuden, kest\u00e4v\u00e4n rakenteen ja helpon asennuksen.<\/p>\n<h3>Ominaisuudet<\/h3>\n<ul>\n<li>Sopii Venture-, MAXTOP 3- ja MAXTOP 4 -lavakuomuihin<\/li>\n<li>Yhteensopiva Rhino Rack- ja Yakima-alustojen kanssa<\/li>\n<li>Kest\u00e4v\u00e4 ja turvallinen rakenne<\/li>\n<li>Helppo asennus<\/li>\n<\/ul>\n<h3>T\u00e4rke\u00e4\u00e4 tietoa<\/h3>\n<ul>\n<li>Alustan pohja ei sis\u00e4lly toimitukseen<\/li>\n<li>Parhaan tuloksen saavuttamiseksi (erityisesti Next Gen Ford Rangerilla) suositellaan J-Brace-tukikehikon k\u00e4ytt\u00f6\u00e4<\/li>\n<li>Venture-lavakuomun asennuksen yhteydess\u00e4 on poistettava olemassa oleva kattokisko \u2014 t\u00e4m\u00e4 muutos on pysyv\u00e4 eik\u00e4 alkuper\u00e4ist\u00e4 kiskoa voi asentaa takaisin<\/li>\n<\/ul>\n","protected":false},"excerpt":{"rendered":"<p>Kiinnityskiinnike Rhino Rack- tai Yakima-alustan yhdist\u00e4miseksi Venture-, MAXTOP 3- tai MAXTOP 4 -lavakuomuun. Kest\u00e4v\u00e4 rakenne ja helppo asennus.<\/p>\n","protected":false},"featured_media":88881,"template":"","meta":{"_acf_changed":false},"mark-ja-mudel":[],"product_brand":[2082],"product_cat":[1077],"product_tag":[],"class_list":{"0":"post-88724","1":"product","2":"type-product","3":"status-publish","4":"has-post-thumbnail","6":"product_brand-maxliner-fi","7":"product_cat-kattotelineet","9":"first","10":"instock","11":"taxable","12":"shipping-taxable","13":"purchasable","14":"product-type-simple"},"bundled_by":[],"bundle_stock_status":"instock","bundle_stock_quantity":null,"bundle_virtual":false,"bundle_layout":"","bundle_add_to_cart_form_location":"","bundle_editable_in_cart":false,"bundle_sold_individually_context":"","bundle_item_grouping":"","bundle_min_size":"","bundle_max_size":"","bundle_price":[],"bundled_items":[],"bundle_sell_ids":[],"acf":[],"yoast_head":"<!-- This site is optimized with the Yoast SEO plugin v27.5 - https:\/\/yoast.com\/product\/yoast-seo-wordpress\/ -->\n<title>Maxliner alustan kiinnityskiinnike lavakuomulle | Kattotelineet<\/title>\n<meta name=\"description\" content=\"Maxliner alustan kiinnityskiinnike lavakuomulle - Kattotelineet . Autojen, maastureiden ja pakettiautojen lis\u00e4varusteet. Varaosat.\" \/>\n<meta name=\"robots\" content=\"index, follow, max-snippet:-1, max-image-preview:large, max-video-preview:-1\" \/>\n<link rel=\"canonical\" href=\"https:\/\/www.castrum.ee\/fi\/toode\/maxliner-alustan-kiinnityskiinnike-lavakuomulle\/\" \/>\n<meta property=\"og:locale\" content=\"fi_FI\" \/>\n<meta property=\"og:type\" content=\"article\" \/>\n<meta property=\"og:title\" content=\"Maxliner alustan kiinnityskiinnike lavakuomulle | Kattotelineet\" \/>\n<meta property=\"og:description\" content=\"Maxliner alustan kiinnityskiinnike lavakuomulle - Kattotelineet . Autojen, maastureiden ja pakettiautojen lis\u00e4varusteet. Varaosat.\" \/>\n<meta property=\"og:url\" content=\"https:\/\/www.castrum.ee\/fi\/toode\/maxliner-alustan-kiinnityskiinnike-lavakuomulle\/\" \/>\n<meta property=\"og:site_name\" content=\"Castrum\" \/>\n<meta property=\"article:publisher\" content=\"https:\/\/www.facebook.com\/castrum.ee\" \/>\n<meta property=\"article:modified_time\" content=\"2026-05-11T20:06:44+00:00\" \/>\n<meta name=\"twitter:card\" content=\"summary_large_image\" \/>\n<script type=\"application\/ld+json\" class=\"yoast-schema-graph\">{\"@context\":\"https:\\\/\\\/schema.org\",\"@graph\":[{\"@type\":\"WebPage\",\"@id\":\"https:\\\/\\\/www.castrum.ee\\\/fi\\\/toode\\\/maxliner-alustan-kiinnityskiinnike-lavakuomulle\\\/\",\"url\":\"https:\\\/\\\/www.castrum.ee\\\/fi\\\/toode\\\/maxliner-alustan-kiinnityskiinnike-lavakuomulle\\\/\",\"name\":\"Maxliner alustan kiinnityskiinnike lavakuomulle | Kattotelineet\",\"isPartOf\":{\"@id\":\"https:\\\/\\\/www.castrum.ee\\\/fi\\\/#website\"},\"primaryImageOfPage\":{\"@id\":\"https:\\\/\\\/www.castrum.ee\\\/fi\\\/toode\\\/maxliner-alustan-kiinnityskiinnike-lavakuomulle\\\/#primaryimage\"},\"image\":{\"@id\":\"https:\\\/\\\/www.castrum.ee\\\/fi\\\/toode\\\/maxliner-alustan-kiinnityskiinnike-lavakuomulle\\\/#primaryimage\"},\"thumbnailUrl\":\"https:\\\/\\\/www.castrum.ee\\\/wp-content\\\/uploads\\\/2026\\\/05\\\/WebShop-EU-Product-Photos-1-_1.png\",\"datePublished\":\"2026-05-11T09:36:37+00:00\",\"dateModified\":\"2026-05-11T20:06:44+00:00\",\"description\":\"Maxliner alustan kiinnityskiinnike lavakuomulle - Kattotelineet . Autojen, maastureiden ja pakettiautojen lis\u00e4varusteet. Varaosat.\",\"breadcrumb\":{\"@id\":\"https:\\\/\\\/www.castrum.ee\\\/fi\\\/toode\\\/maxliner-alustan-kiinnityskiinnike-lavakuomulle\\\/#breadcrumb\"},\"inLanguage\":\"fi\",\"potentialAction\":[{\"@type\":\"ReadAction\",\"target\":[\"https:\\\/\\\/www.castrum.ee\\\/fi\\\/toode\\\/maxliner-alustan-kiinnityskiinnike-lavakuomulle\\\/\"]}]},{\"@type\":\"ImageObject\",\"inLanguage\":\"fi\",\"@id\":\"https:\\\/\\\/www.castrum.ee\\\/fi\\\/toode\\\/maxliner-alustan-kiinnityskiinnike-lavakuomulle\\\/#primaryimage\",\"url\":\"https:\\\/\\\/www.castrum.ee\\\/wp-content\\\/uploads\\\/2026\\\/05\\\/WebShop-EU-Product-Photos-1-_1.png\",\"contentUrl\":\"https:\\\/\\\/www.castrum.ee\\\/wp-content\\\/uploads\\\/2026\\\/05\\\/WebShop-EU-Product-Photos-1-_1.png\",\"width\":1883,\"height\":1060},{\"@type\":\"BreadcrumbList\",\"@id\":\"https:\\\/\\\/www.castrum.ee\\\/fi\\\/toode\\\/maxliner-alustan-kiinnityskiinnike-lavakuomulle\\\/#breadcrumb\",\"itemListElement\":[{\"@type\":\"ListItem\",\"position\":1,\"name\":\"Home\",\"item\":\"https:\\\/\\\/www.castrum.ee\\\/fi\\\/kotisivu\\\/\"},{\"@type\":\"ListItem\",\"position\":2,\"name\":\"Verkkokauppa\",\"item\":\"https:\\\/\\\/www.castrum.ee\\\/fi\\\/kauppa\\\/\"},{\"@type\":\"ListItem\",\"position\":3,\"name\":\"Maxliner alustan kiinnityskiinnike lavakuomulle\"}]},{\"@type\":\"WebSite\",\"@id\":\"https:\\\/\\\/www.castrum.ee\\\/fi\\\/#website\",\"url\":\"https:\\\/\\\/www.castrum.ee\\\/fi\\\/\",\"name\":\"Castrum\",\"description\":\"Maastoautojen, henkil\u00f6autojen ja pienvaunujen lis\u00e4varusteet\",\"publisher\":{\"@id\":\"https:\\\/\\\/www.castrum.ee\\\/fi\\\/#organization\"},\"potentialAction\":[{\"@type\":\"SearchAction\",\"target\":{\"@type\":\"EntryPoint\",\"urlTemplate\":\"https:\\\/\\\/www.castrum.ee\\\/fi\\\/?s={search_term_string}\"},\"query-input\":{\"@type\":\"PropertyValueSpecification\",\"valueRequired\":true,\"valueName\":\"search_term_string\"}}],\"inLanguage\":\"fi\"},{\"@type\":\"Organization\",\"@id\":\"https:\\\/\\\/www.castrum.ee\\\/fi\\\/#organization\",\"name\":\"Castrum Grupp O\u00dc\",\"url\":\"https:\\\/\\\/www.castrum.ee\\\/fi\\\/\",\"logo\":{\"@type\":\"ImageObject\",\"inLanguage\":\"fi\",\"@id\":\"https:\\\/\\\/www.castrum.ee\\\/fi\\\/#\\\/schema\\\/logo\\\/image\\\/\",\"url\":\"https:\\\/\\\/www.castrum.ee\\\/wp-content\\\/uploads\\\/2025\\\/03\\\/Castrum-logo-500.png\",\"contentUrl\":\"https:\\\/\\\/www.castrum.ee\\\/wp-content\\\/uploads\\\/2025\\\/03\\\/Castrum-logo-500.png\",\"width\":500,\"height\":250,\"caption\":\"Castrum Grupp O\u00dc\"},\"image\":{\"@id\":\"https:\\\/\\\/www.castrum.ee\\\/fi\\\/#\\\/schema\\\/logo\\\/image\\\/\"},\"sameAs\":[\"https:\\\/\\\/www.facebook.com\\\/castrum.ee\"]}]}<\/script>\n<!-- \/ Yoast SEO plugin. -->","yoast_head_json":{"title":"Maxliner alustan kiinnityskiinnike lavakuomulle | Kattotelineet","description":"Maxliner alustan kiinnityskiinnike lavakuomulle - Kattotelineet . Autojen, maastureiden ja pakettiautojen lis\u00e4varusteet. Varaosat.","robots":{"index":"index","follow":"follow","max-snippet":"max-snippet:-1","max-image-preview":"max-image-preview:large","max-video-preview":"max-video-preview:-1"},"canonical":"https:\/\/www.castrum.ee\/fi\/toode\/maxliner-alustan-kiinnityskiinnike-lavakuomulle\/","og_locale":"fi_FI","og_type":"article","og_title":"Maxliner alustan kiinnityskiinnike lavakuomulle | Kattotelineet","og_description":"Maxliner alustan kiinnityskiinnike lavakuomulle - Kattotelineet . Autojen, maastureiden ja pakettiautojen lis\u00e4varusteet. Varaosat.","og_url":"https:\/\/www.castrum.ee\/fi\/toode\/maxliner-alustan-kiinnityskiinnike-lavakuomulle\/","og_site_name":"Castrum","article_publisher":"https:\/\/www.facebook.com\/castrum.ee","article_modified_time":"2026-05-11T20:06:44+00:00","twitter_card":"summary_large_image","schema":{"@context":"https:\/\/schema.org","@graph":[{"@type":"WebPage","@id":"https:\/\/www.castrum.ee\/fi\/toode\/maxliner-alustan-kiinnityskiinnike-lavakuomulle\/","url":"https:\/\/www.castrum.ee\/fi\/toode\/maxliner-alustan-kiinnityskiinnike-lavakuomulle\/","name":"Maxliner alustan kiinnityskiinnike lavakuomulle | Kattotelineet","isPartOf":{"@id":"https:\/\/www.castrum.ee\/fi\/#website"},"primaryImageOfPage":{"@id":"https:\/\/www.castrum.ee\/fi\/toode\/maxliner-alustan-kiinnityskiinnike-lavakuomulle\/#primaryimage"},"image":{"@id":"https:\/\/www.castrum.ee\/fi\/toode\/maxliner-alustan-kiinnityskiinnike-lavakuomulle\/#primaryimage"},"thumbnailUrl":"https:\/\/www.castrum.ee\/wp-content\/uploads\/2026\/05\/WebShop-EU-Product-Photos-1-_1.png","datePublished":"2026-05-11T09:36:37+00:00","dateModified":"2026-05-11T20:06:44+00:00","description":"Maxliner alustan kiinnityskiinnike lavakuomulle - Kattotelineet . Autojen, maastureiden ja pakettiautojen lis\u00e4varusteet. Varaosat.","breadcrumb":{"@id":"https:\/\/www.castrum.ee\/fi\/toode\/maxliner-alustan-kiinnityskiinnike-lavakuomulle\/#breadcrumb"},"inLanguage":"fi","potentialAction":[{"@type":"ReadAction","target":["https:\/\/www.castrum.ee\/fi\/toode\/maxliner-alustan-kiinnityskiinnike-lavakuomulle\/"]}]},{"@type":"ImageObject","inLanguage":"fi","@id":"https:\/\/www.castrum.ee\/fi\/toode\/maxliner-alustan-kiinnityskiinnike-lavakuomulle\/#primaryimage","url":"https:\/\/www.castrum.ee\/wp-content\/uploads\/2026\/05\/WebShop-EU-Product-Photos-1-_1.png","contentUrl":"https:\/\/www.castrum.ee\/wp-content\/uploads\/2026\/05\/WebShop-EU-Product-Photos-1-_1.png","width":1883,"height":1060},{"@type":"BreadcrumbList","@id":"https:\/\/www.castrum.ee\/fi\/toode\/maxliner-alustan-kiinnityskiinnike-lavakuomulle\/#breadcrumb","itemListElement":[{"@type":"ListItem","position":1,"name":"Home","item":"https:\/\/www.castrum.ee\/fi\/kotisivu\/"},{"@type":"ListItem","position":2,"name":"Verkkokauppa","item":"https:\/\/www.castrum.ee\/fi\/kauppa\/"},{"@type":"ListItem","position":3,"name":"Maxliner alustan kiinnityskiinnike lavakuomulle"}]},{"@type":"WebSite","@id":"https:\/\/www.castrum.ee\/fi\/#website","url":"https:\/\/www.castrum.ee\/fi\/","name":"Castrum","description":"Maastoautojen, henkil\u00f6autojen ja pienvaunujen lis\u00e4varusteet","publisher":{"@id":"https:\/\/www.castrum.ee\/fi\/#organization"},"potentialAction":[{"@type":"SearchAction","target":{"@type":"EntryPoint","urlTemplate":"https:\/\/www.castrum.ee\/fi\/?s={search_term_string}"},"query-input":{"@type":"PropertyValueSpecification","valueRequired":true,"valueName":"search_term_string"}}],"inLanguage":"fi"},{"@type":"Organization","@id":"https:\/\/www.castrum.ee\/fi\/#organization","name":"Castrum Grupp O\u00dc","url":"https:\/\/www.castrum.ee\/fi\/","logo":{"@type":"ImageObject","inLanguage":"fi","@id":"https:\/\/www.castrum.ee\/fi\/#\/schema\/logo\/image\/","url":"https:\/\/www.castrum.ee\/wp-content\/uploads\/2025\/03\/Castrum-logo-500.png","contentUrl":"https:\/\/www.castrum.ee\/wp-content\/uploads\/2025\/03\/Castrum-logo-500.png","width":500,"height":250,"caption":"Castrum Grupp O\u00dc"},"image":{"@id":"https:\/\/www.castrum.ee\/fi\/#\/schema\/logo\/image\/"},"sameAs":["https:\/\/www.facebook.com\/castrum.ee"]}]}},"_links":{"self":[{"href":"https:\/\/www.castrum.ee\/fi\/wp-json\/wp\/v2\/product\/88724","targetHints":{"allow":["GET"]}}],"collection":[{"href":"https:\/\/www.castrum.ee\/fi\/wp-json\/wp\/v2\/product"}],"about":[{"href":"https:\/\/www.castrum.ee\/fi\/wp-json\/wp\/v2\/types\/product"}],"wp:featuredmedia":[{"embeddable":true,"href":"https:\/\/www.castrum.ee\/fi\/wp-json\/wp\/v2\/media\/88881"}],"wp:attachment":[{"href":"https:\/\/www.castrum.ee\/fi\/wp-json\/wp\/v2\/media?parent=88724"}],"wp:term":[{"taxonomy":"mark-ja-mudel","embeddable":true,"href":"https:\/\/www.castrum.ee\/fi\/wp-json\/wp\/v2\/mark-ja-mudel?post=88724"},{"taxonomy":"product_brand","embeddable":true,"href":"https:\/\/www.castrum.ee\/fi\/wp-json\/wp\/v2\/product_brand?post=88724"},{"taxonomy":"product_cat","embeddable":true,"href":"https:\/\/www.castrum.ee\/fi\/wp-json\/wp\/v2\/product_cat?post=88724"},{"taxonomy":"product_tag","embeddable":true,"href":"https:\/\/www.castrum.ee\/fi\/wp-json\/wp\/v2\/product_tag?post=88724"}],"curies":[{"name":"wp","href":"https:\/\/api.w.org\/{rel}","templated":true}]}}