{"id":88728,"date":"2026-05-11T12:35:39","date_gmt":"2026-05-11T09:35:39","guid":{"rendered":"https:\/\/www.castrum.ee\/toode\/maxliner-lokasuojan-levennykset-isuzu-d-max-20plus-n28tni\/"},"modified":"2026-05-14T10:24:24","modified_gmt":"2026-05-14T07:24:24","slug":"maxliner-lokasuojan-levennykset-isuzu-d-max-20plus","status":"publish","type":"product","link":"https:\/\/www.castrum.ee\/fi\/toode\/maxliner-lokasuojan-levennykset-isuzu-d-max-20plus\/","title":{"rendered":"Maxliner lokasuojan levennykset | Isuzu D-Max [20+]"},"content":{"rendered":"<h3>Maxliner lokasuojan levennykset | Isuzu D-Max [20+]<\/h3>\n<p>Mallikohtaiset lokasuojan levennykset antavat ajoneuvolle maskuliinisen ulkon\u00e4\u00f6n ja suojaavat korin maalia tien roskalta, kivilohkareilta ja muilta mekaanisilta vaurioilta.<\/p>\n<h3>Ominaisuudet<\/h3>\n<ul>\n<li>Saatavana mustana teksturoituna tai tummanharmaa viimeistelyn\u00e4<\/li>\n<li>Suojaa maalipintaa kivilohkareilta ja tievaurioilta<\/li>\n<li>T\u00dcV-sertifioitu (korisarjat, etupuskuri, lokasuojan levennykset, takapuskuri)<\/li>\n<\/ul>\n","protected":false},"excerpt":{"rendered":"<p>Maxliner mallikohtaiset lokasuojan levennykset Isuzu D-Max [2020+] -mallille mustana teksturoituna tai tummanharmaa viimeistelyn\u00e4. Suojaavat korin maalia tien roskalta ja antavat ajoneuvolle maskuliinisen ulkon\u00e4\u00f6n.<\/p>\n","protected":false},"featured_media":88883,"template":"","meta":{"_acf_changed":false},"mark-ja-mudel":[],"product_brand":[2082],"product_cat":[1094],"product_tag":[],"class_list":{"0":"post-88728","1":"product","2":"type-product","3":"status-publish","4":"has-post-thumbnail","6":"product_brand-maxliner-fi","7":"product_cat-korinlevikkeet-ja-lokasuojanlevikkeet","9":"first","10":"instock","11":"taxable","12":"shipping-taxable","13":"purchasable","14":"product-type-variable"},"bundled_by":[],"bundle_stock_status":"instock","bundle_stock_quantity":null,"bundle_virtual":false,"bundle_layout":"","bundle_add_to_cart_form_location":"","bundle_editable_in_cart":false,"bundle_sold_individually_context":"","bundle_item_grouping":"","bundle_min_size":"","bundle_max_size":"","bundle_price":[],"bundled_items":[],"bundle_sell_ids":[],"acf":[],"yoast_head":"<!-- This site is optimized with the Yoast SEO plugin v27.5 - https:\/\/yoast.com\/product\/yoast-seo-wordpress\/ -->\n<title>Maxliner lokasuojan levennykset | Isuzu D-Max [20+] | Lokasuojan levikkeet<\/title>\n<meta name=\"description\" content=\"Maxliner lokasuojan levennykset | Isuzu D-Max [20+] - Lokasuojan levikkeet . Autojen, maastureiden ja pakettiautojen lis\u00e4varusteet. Varaosat.\" \/>\n<meta name=\"robots\" content=\"index, follow, max-snippet:-1, max-image-preview:large, max-video-preview:-1\" \/>\n<link rel=\"canonical\" href=\"https:\/\/www.castrum.ee\/fi\/toode\/maxliner-lokasuojan-levennykset-isuzu-d-max-20plus\/\" \/>\n<meta property=\"og:locale\" content=\"fi_FI\" \/>\n<meta property=\"og:type\" content=\"article\" \/>\n<meta property=\"og:title\" content=\"Maxliner lokasuojan levennykset | Isuzu D-Max [20+] | Lokasuojan levikkeet\" \/>\n<meta property=\"og:description\" content=\"Maxliner lokasuojan levennykset | Isuzu D-Max [20+] - Lokasuojan levikkeet . Autojen, maastureiden ja pakettiautojen lis\u00e4varusteet. Varaosat.\" \/>\n<meta property=\"og:url\" content=\"https:\/\/www.castrum.ee\/fi\/toode\/maxliner-lokasuojan-levennykset-isuzu-d-max-20plus\/\" \/>\n<meta property=\"og:site_name\" content=\"Castrum\" \/>\n<meta property=\"article:publisher\" content=\"https:\/\/www.facebook.com\/castrum.ee\" \/>\n<meta property=\"article:modified_time\" content=\"2026-05-14T07:24:24+00:00\" \/>\n<meta name=\"twitter:card\" content=\"summary_large_image\" \/>\n<script type=\"application\/ld+json\" class=\"yoast-schema-graph\">{\"@context\":\"https:\\\/\\\/schema.org\",\"@graph\":[{\"@type\":\"WebPage\",\"@id\":\"https:\\\/\\\/www.castrum.ee\\\/fi\\\/toode\\\/maxliner-lokasuojan-levennykset-isuzu-d-max-20plus\\\/\",\"url\":\"https:\\\/\\\/www.castrum.ee\\\/fi\\\/toode\\\/maxliner-lokasuojan-levennykset-isuzu-d-max-20plus\\\/\",\"name\":\"Maxliner lokasuojan levennykset | Isuzu D-Max [20+] | Lokasuojan levikkeet\",\"isPartOf\":{\"@id\":\"https:\\\/\\\/www.castrum.ee\\\/fi\\\/#website\"},\"primaryImageOfPage\":{\"@id\":\"https:\\\/\\\/www.castrum.ee\\\/fi\\\/toode\\\/maxliner-lokasuojan-levennykset-isuzu-d-max-20plus\\\/#primaryimage\"},\"image\":{\"@id\":\"https:\\\/\\\/www.castrum.ee\\\/fi\\\/toode\\\/maxliner-lokasuojan-levennykset-isuzu-d-max-20plus\\\/#primaryimage\"},\"thumbnailUrl\":\"https:\\\/\\\/www.castrum.ee\\\/wp-content\\\/uploads\\\/2026\\\/05\\\/MAXFENDER-FLARE-ISUZU-D-Max-2020-Texture_4_1.jpg\",\"datePublished\":\"2026-05-11T09:35:39+00:00\",\"dateModified\":\"2026-05-14T07:24:24+00:00\",\"description\":\"Maxliner lokasuojan levennykset | Isuzu D-Max [20+] - Lokasuojan levikkeet . Autojen, maastureiden ja pakettiautojen lis\u00e4varusteet. Varaosat.\",\"breadcrumb\":{\"@id\":\"https:\\\/\\\/www.castrum.ee\\\/fi\\\/toode\\\/maxliner-lokasuojan-levennykset-isuzu-d-max-20plus\\\/#breadcrumb\"},\"inLanguage\":\"fi\",\"potentialAction\":[{\"@type\":\"ReadAction\",\"target\":[\"https:\\\/\\\/www.castrum.ee\\\/fi\\\/toode\\\/maxliner-lokasuojan-levennykset-isuzu-d-max-20plus\\\/\"]}]},{\"@type\":\"ImageObject\",\"inLanguage\":\"fi\",\"@id\":\"https:\\\/\\\/www.castrum.ee\\\/fi\\\/toode\\\/maxliner-lokasuojan-levennykset-isuzu-d-max-20plus\\\/#primaryimage\",\"url\":\"https:\\\/\\\/www.castrum.ee\\\/wp-content\\\/uploads\\\/2026\\\/05\\\/MAXFENDER-FLARE-ISUZU-D-Max-2020-Texture_4_1.jpg\",\"contentUrl\":\"https:\\\/\\\/www.castrum.ee\\\/wp-content\\\/uploads\\\/2026\\\/05\\\/MAXFENDER-FLARE-ISUZU-D-Max-2020-Texture_4_1.jpg\",\"width\":1920,\"height\":1080},{\"@type\":\"BreadcrumbList\",\"@id\":\"https:\\\/\\\/www.castrum.ee\\\/fi\\\/toode\\\/maxliner-lokasuojan-levennykset-isuzu-d-max-20plus\\\/#breadcrumb\",\"itemListElement\":[{\"@type\":\"ListItem\",\"position\":1,\"name\":\"Home\",\"item\":\"https:\\\/\\\/www.castrum.ee\\\/fi\\\/kotisivu\\\/\"},{\"@type\":\"ListItem\",\"position\":2,\"name\":\"Verkkokauppa\",\"item\":\"https:\\\/\\\/www.castrum.ee\\\/fi\\\/kauppa\\\/\"},{\"@type\":\"ListItem\",\"position\":3,\"name\":\"Maxliner lokasuojan levennykset | Isuzu D-Max [20+]\"}]},{\"@type\":\"WebSite\",\"@id\":\"https:\\\/\\\/www.castrum.ee\\\/fi\\\/#website\",\"url\":\"https:\\\/\\\/www.castrum.ee\\\/fi\\\/\",\"name\":\"Castrum\",\"description\":\"Maastoautojen, henkil\u00f6autojen ja pienvaunujen lis\u00e4varusteet\",\"publisher\":{\"@id\":\"https:\\\/\\\/www.castrum.ee\\\/fi\\\/#organization\"},\"potentialAction\":[{\"@type\":\"SearchAction\",\"target\":{\"@type\":\"EntryPoint\",\"urlTemplate\":\"https:\\\/\\\/www.castrum.ee\\\/fi\\\/?s={search_term_string}\"},\"query-input\":{\"@type\":\"PropertyValueSpecification\",\"valueRequired\":true,\"valueName\":\"search_term_string\"}}],\"inLanguage\":\"fi\"},{\"@type\":\"Organization\",\"@id\":\"https:\\\/\\\/www.castrum.ee\\\/fi\\\/#organization\",\"name\":\"Castrum Grupp O\u00dc\",\"url\":\"https:\\\/\\\/www.castrum.ee\\\/fi\\\/\",\"logo\":{\"@type\":\"ImageObject\",\"inLanguage\":\"fi\",\"@id\":\"https:\\\/\\\/www.castrum.ee\\\/fi\\\/#\\\/schema\\\/logo\\\/image\\\/\",\"url\":\"https:\\\/\\\/www.castrum.ee\\\/wp-content\\\/uploads\\\/2025\\\/03\\\/Castrum-logo-500.png\",\"contentUrl\":\"https:\\\/\\\/www.castrum.ee\\\/wp-content\\\/uploads\\\/2025\\\/03\\\/Castrum-logo-500.png\",\"width\":500,\"height\":250,\"caption\":\"Castrum Grupp O\u00dc\"},\"image\":{\"@id\":\"https:\\\/\\\/www.castrum.ee\\\/fi\\\/#\\\/schema\\\/logo\\\/image\\\/\"},\"sameAs\":[\"https:\\\/\\\/www.facebook.com\\\/castrum.ee\"]}]}<\/script>\n<!-- \/ Yoast SEO plugin. -->","yoast_head_json":{"title":"Maxliner lokasuojan levennykset | Isuzu D-Max [20+] | Lokasuojan levikkeet","description":"Maxliner lokasuojan levennykset | Isuzu D-Max [20+] - Lokasuojan levikkeet . Autojen, maastureiden ja pakettiautojen lis\u00e4varusteet. Varaosat.","robots":{"index":"index","follow":"follow","max-snippet":"max-snippet:-1","max-image-preview":"max-image-preview:large","max-video-preview":"max-video-preview:-1"},"canonical":"https:\/\/www.castrum.ee\/fi\/toode\/maxliner-lokasuojan-levennykset-isuzu-d-max-20plus\/","og_locale":"fi_FI","og_type":"article","og_title":"Maxliner lokasuojan levennykset | Isuzu D-Max [20+] | Lokasuojan levikkeet","og_description":"Maxliner lokasuojan levennykset | Isuzu D-Max [20+] - Lokasuojan levikkeet . Autojen, maastureiden ja pakettiautojen lis\u00e4varusteet. Varaosat.","og_url":"https:\/\/www.castrum.ee\/fi\/toode\/maxliner-lokasuojan-levennykset-isuzu-d-max-20plus\/","og_site_name":"Castrum","article_publisher":"https:\/\/www.facebook.com\/castrum.ee","article_modified_time":"2026-05-14T07:24:24+00:00","twitter_card":"summary_large_image","schema":{"@context":"https:\/\/schema.org","@graph":[{"@type":"WebPage","@id":"https:\/\/www.castrum.ee\/fi\/toode\/maxliner-lokasuojan-levennykset-isuzu-d-max-20plus\/","url":"https:\/\/www.castrum.ee\/fi\/toode\/maxliner-lokasuojan-levennykset-isuzu-d-max-20plus\/","name":"Maxliner lokasuojan levennykset | Isuzu D-Max [20+] | Lokasuojan levikkeet","isPartOf":{"@id":"https:\/\/www.castrum.ee\/fi\/#website"},"primaryImageOfPage":{"@id":"https:\/\/www.castrum.ee\/fi\/toode\/maxliner-lokasuojan-levennykset-isuzu-d-max-20plus\/#primaryimage"},"image":{"@id":"https:\/\/www.castrum.ee\/fi\/toode\/maxliner-lokasuojan-levennykset-isuzu-d-max-20plus\/#primaryimage"},"thumbnailUrl":"https:\/\/www.castrum.ee\/wp-content\/uploads\/2026\/05\/MAXFENDER-FLARE-ISUZU-D-Max-2020-Texture_4_1.jpg","datePublished":"2026-05-11T09:35:39+00:00","dateModified":"2026-05-14T07:24:24+00:00","description":"Maxliner lokasuojan levennykset | Isuzu D-Max [20+] - Lokasuojan levikkeet . Autojen, maastureiden ja pakettiautojen lis\u00e4varusteet. Varaosat.","breadcrumb":{"@id":"https:\/\/www.castrum.ee\/fi\/toode\/maxliner-lokasuojan-levennykset-isuzu-d-max-20plus\/#breadcrumb"},"inLanguage":"fi","potentialAction":[{"@type":"ReadAction","target":["https:\/\/www.castrum.ee\/fi\/toode\/maxliner-lokasuojan-levennykset-isuzu-d-max-20plus\/"]}]},{"@type":"ImageObject","inLanguage":"fi","@id":"https:\/\/www.castrum.ee\/fi\/toode\/maxliner-lokasuojan-levennykset-isuzu-d-max-20plus\/#primaryimage","url":"https:\/\/www.castrum.ee\/wp-content\/uploads\/2026\/05\/MAXFENDER-FLARE-ISUZU-D-Max-2020-Texture_4_1.jpg","contentUrl":"https:\/\/www.castrum.ee\/wp-content\/uploads\/2026\/05\/MAXFENDER-FLARE-ISUZU-D-Max-2020-Texture_4_1.jpg","width":1920,"height":1080},{"@type":"BreadcrumbList","@id":"https:\/\/www.castrum.ee\/fi\/toode\/maxliner-lokasuojan-levennykset-isuzu-d-max-20plus\/#breadcrumb","itemListElement":[{"@type":"ListItem","position":1,"name":"Home","item":"https:\/\/www.castrum.ee\/fi\/kotisivu\/"},{"@type":"ListItem","position":2,"name":"Verkkokauppa","item":"https:\/\/www.castrum.ee\/fi\/kauppa\/"},{"@type":"ListItem","position":3,"name":"Maxliner lokasuojan levennykset | Isuzu D-Max [20+]"}]},{"@type":"WebSite","@id":"https:\/\/www.castrum.ee\/fi\/#website","url":"https:\/\/www.castrum.ee\/fi\/","name":"Castrum","description":"Maastoautojen, henkil\u00f6autojen ja pienvaunujen lis\u00e4varusteet","publisher":{"@id":"https:\/\/www.castrum.ee\/fi\/#organization"},"potentialAction":[{"@type":"SearchAction","target":{"@type":"EntryPoint","urlTemplate":"https:\/\/www.castrum.ee\/fi\/?s={search_term_string}"},"query-input":{"@type":"PropertyValueSpecification","valueRequired":true,"valueName":"search_term_string"}}],"inLanguage":"fi"},{"@type":"Organization","@id":"https:\/\/www.castrum.ee\/fi\/#organization","name":"Castrum Grupp O\u00dc","url":"https:\/\/www.castrum.ee\/fi\/","logo":{"@type":"ImageObject","inLanguage":"fi","@id":"https:\/\/www.castrum.ee\/fi\/#\/schema\/logo\/image\/","url":"https:\/\/www.castrum.ee\/wp-content\/uploads\/2025\/03\/Castrum-logo-500.png","contentUrl":"https:\/\/www.castrum.ee\/wp-content\/uploads\/2025\/03\/Castrum-logo-500.png","width":500,"height":250,"caption":"Castrum Grupp O\u00dc"},"image":{"@id":"https:\/\/www.castrum.ee\/fi\/#\/schema\/logo\/image\/"},"sameAs":["https:\/\/www.facebook.com\/castrum.ee"]}]}},"_links":{"self":[{"href":"https:\/\/www.castrum.ee\/fi\/wp-json\/wp\/v2\/product\/88728","targetHints":{"allow":["GET"]}}],"collection":[{"href":"https:\/\/www.castrum.ee\/fi\/wp-json\/wp\/v2\/product"}],"about":[{"href":"https:\/\/www.castrum.ee\/fi\/wp-json\/wp\/v2\/types\/product"}],"wp:featuredmedia":[{"embeddable":true,"href":"https:\/\/www.castrum.ee\/fi\/wp-json\/wp\/v2\/media\/88883"}],"wp:attachment":[{"href":"https:\/\/www.castrum.ee\/fi\/wp-json\/wp\/v2\/media?parent=88728"}],"wp:term":[{"taxonomy":"mark-ja-mudel","embeddable":true,"href":"https:\/\/www.castrum.ee\/fi\/wp-json\/wp\/v2\/mark-ja-mudel?post=88728"},{"taxonomy":"product_brand","embeddable":true,"href":"https:\/\/www.castrum.ee\/fi\/wp-json\/wp\/v2\/product_brand?post=88728"},{"taxonomy":"product_cat","embeddable":true,"href":"https:\/\/www.castrum.ee\/fi\/wp-json\/wp\/v2\/product_cat?post=88728"},{"taxonomy":"product_tag","embeddable":true,"href":"https:\/\/www.castrum.ee\/fi\/wp-json\/wp\/v2\/product_tag?post=88728"}],"curies":[{"name":"wp","href":"https:\/\/api.w.org\/{rel}","templated":true}]}}