{"id":88764,"date":"2026-05-11T12:28:29","date_gmt":"2026-05-11T09:28:29","guid":{"rendered":"https:\/\/www.castrum.ee\/toode\/maxliner-dual-function-lavakuomun-sivuikkuna-venturelle-88h0rl\/"},"modified":"2026-05-14T10:24:54","modified_gmt":"2026-05-14T07:24:54","slug":"maxliner-dual-function-lavakuomun-sivuikkuna-venturelle","status":"publish","type":"product","link":"https:\/\/www.castrum.ee\/fi\/toode\/maxliner-dual-function-lavakuomun-sivuikkuna-venturelle\/","title":{"rendered":"Maxliner Dual-function lavakuomun sivuikkuna Venturelle"},"content":{"rendered":"<h3>Maxliner Dual-function lavakuomun sivuikkuna Venturelle<\/h3>\n<p>Innovatiivinen kaksitoiminen lavakuomun sivuikkuna Venturelle \u2013 liukuva avaus helpoksi p\u00e4\u00e4syksi tai yl\u00f6sp\u00e4in nostettava panoraaman\u00e4kym\u00e4n nauttimiseksi.<\/p>\n<ul>\n<li>Liukuva avausmekanismi \u2013 mukava jokap\u00e4iv\u00e4inen k\u00e4ytt\u00f6<\/li>\n<li>Yl\u00f6sp\u00e4in nostettava \u2013 avaa laajan panoraaman\u00e4kym\u00e4n<\/li>\n<li>Yhdist\u00e4\u00e4 molempien ratkaisujen edut yhdess\u00e4 ikkunassa<\/li>\n<\/ul>\n","protected":false},"excerpt":{"rendered":"<p>Kaksitoiminen lavakuomun sivuikkuna Venturelle: liukuva avaus jokap\u00e4iv\u00e4iseen mukavuuteen tai yl\u00f6sp\u00e4in nostettava panoraaman\u00e4kym\u00e4\u00e4 varten.<\/p>\n","protected":false},"featured_media":88864,"template":"","meta":{"_acf_changed":false},"mark-ja-mudel":[],"product_brand":[2082],"product_cat":[],"product_tag":[],"class_list":{"0":"post-88764","1":"product","2":"type-product","3":"status-publish","4":"has-post-thumbnail","6":"product_brand-maxliner-fi","8":"first","9":"instock","10":"taxable","11":"shipping-taxable","12":"purchasable","13":"product-type-variable"},"bundled_by":[],"bundle_stock_status":"instock","bundle_stock_quantity":null,"bundle_virtual":false,"bundle_layout":"","bundle_add_to_cart_form_location":"","bundle_editable_in_cart":false,"bundle_sold_individually_context":"","bundle_item_grouping":"","bundle_min_size":"","bundle_max_size":"","bundle_price":[],"bundled_items":[],"bundle_sell_ids":[],"acf":[],"yoast_head":"<!-- This site is optimized with the Yoast SEO plugin v27.5 - https:\/\/yoast.com\/product\/yoast-seo-wordpress\/ -->\n<title>Maxliner Dual-function lavakuomun sivuikkuna Venturelle |<\/title>\n<meta name=\"description\" content=\"Maxliner Dual-function lavakuomun sivuikkuna Venturelle - . Autojen, maastureiden ja pakettiautojen lis\u00e4varusteet. Varaosat.\" \/>\n<meta name=\"robots\" content=\"index, follow, max-snippet:-1, max-image-preview:large, max-video-preview:-1\" \/>\n<link rel=\"canonical\" href=\"https:\/\/www.castrum.ee\/fi\/toode\/maxliner-dual-function-lavakuomun-sivuikkuna-venturelle\/\" \/>\n<meta property=\"og:locale\" content=\"fi_FI\" \/>\n<meta property=\"og:type\" content=\"article\" \/>\n<meta property=\"og:title\" content=\"Maxliner Dual-function lavakuomun sivuikkuna Venturelle |\" \/>\n<meta property=\"og:description\" content=\"Maxliner Dual-function lavakuomun sivuikkuna Venturelle - . Autojen, maastureiden ja pakettiautojen lis\u00e4varusteet. Varaosat.\" \/>\n<meta property=\"og:url\" content=\"https:\/\/www.castrum.ee\/fi\/toode\/maxliner-dual-function-lavakuomun-sivuikkuna-venturelle\/\" \/>\n<meta property=\"og:site_name\" content=\"Castrum\" \/>\n<meta property=\"article:publisher\" content=\"https:\/\/www.facebook.com\/castrum.ee\" \/>\n<meta property=\"article:modified_time\" content=\"2026-05-14T07:24:54+00:00\" \/>\n<meta name=\"twitter:card\" content=\"summary_large_image\" \/>\n<script type=\"application\/ld+json\" class=\"yoast-schema-graph\">{\"@context\":\"https:\\\/\\\/schema.org\",\"@graph\":[{\"@type\":\"WebPage\",\"@id\":\"https:\\\/\\\/www.castrum.ee\\\/fi\\\/toode\\\/maxliner-dual-function-lavakuomun-sivuikkuna-venturelle\\\/\",\"url\":\"https:\\\/\\\/www.castrum.ee\\\/fi\\\/toode\\\/maxliner-dual-function-lavakuomun-sivuikkuna-venturelle\\\/\",\"name\":\"Maxliner Dual-function lavakuomun sivuikkuna Venturelle |\",\"isPartOf\":{\"@id\":\"https:\\\/\\\/www.castrum.ee\\\/fi\\\/#website\"},\"primaryImageOfPage\":{\"@id\":\"https:\\\/\\\/www.castrum.ee\\\/fi\\\/toode\\\/maxliner-dual-function-lavakuomun-sivuikkuna-venturelle\\\/#primaryimage\"},\"image\":{\"@id\":\"https:\\\/\\\/www.castrum.ee\\\/fi\\\/toode\\\/maxliner-dual-function-lavakuomun-sivuikkuna-venturelle\\\/#primaryimage\"},\"thumbnailUrl\":\"https:\\\/\\\/www.castrum.ee\\\/wp-content\\\/uploads\\\/2026\\\/05\\\/doggy_window_1_4600b09a-772f-477f-bfee-ef29c7bcb26a.png\",\"datePublished\":\"2026-05-11T09:28:29+00:00\",\"dateModified\":\"2026-05-14T07:24:54+00:00\",\"description\":\"Maxliner Dual-function lavakuomun sivuikkuna Venturelle - . Autojen, maastureiden ja pakettiautojen lis\u00e4varusteet. Varaosat.\",\"breadcrumb\":{\"@id\":\"https:\\\/\\\/www.castrum.ee\\\/fi\\\/toode\\\/maxliner-dual-function-lavakuomun-sivuikkuna-venturelle\\\/#breadcrumb\"},\"inLanguage\":\"fi\",\"potentialAction\":[{\"@type\":\"ReadAction\",\"target\":[\"https:\\\/\\\/www.castrum.ee\\\/fi\\\/toode\\\/maxliner-dual-function-lavakuomun-sivuikkuna-venturelle\\\/\"]}]},{\"@type\":\"ImageObject\",\"inLanguage\":\"fi\",\"@id\":\"https:\\\/\\\/www.castrum.ee\\\/fi\\\/toode\\\/maxliner-dual-function-lavakuomun-sivuikkuna-venturelle\\\/#primaryimage\",\"url\":\"https:\\\/\\\/www.castrum.ee\\\/wp-content\\\/uploads\\\/2026\\\/05\\\/doggy_window_1_4600b09a-772f-477f-bfee-ef29c7bcb26a.png\",\"contentUrl\":\"https:\\\/\\\/www.castrum.ee\\\/wp-content\\\/uploads\\\/2026\\\/05\\\/doggy_window_1_4600b09a-772f-477f-bfee-ef29c7bcb26a.png\",\"width\":1080,\"height\":607},{\"@type\":\"BreadcrumbList\",\"@id\":\"https:\\\/\\\/www.castrum.ee\\\/fi\\\/toode\\\/maxliner-dual-function-lavakuomun-sivuikkuna-venturelle\\\/#breadcrumb\",\"itemListElement\":[{\"@type\":\"ListItem\",\"position\":1,\"name\":\"Home\",\"item\":\"https:\\\/\\\/www.castrum.ee\\\/fi\\\/kotisivu\\\/\"},{\"@type\":\"ListItem\",\"position\":2,\"name\":\"Verkkokauppa\",\"item\":\"https:\\\/\\\/www.castrum.ee\\\/fi\\\/kauppa\\\/\"},{\"@type\":\"ListItem\",\"position\":3,\"name\":\"Maxliner Dual-function lavakuomun sivuikkuna Venturelle\"}]},{\"@type\":\"WebSite\",\"@id\":\"https:\\\/\\\/www.castrum.ee\\\/fi\\\/#website\",\"url\":\"https:\\\/\\\/www.castrum.ee\\\/fi\\\/\",\"name\":\"Castrum\",\"description\":\"Maastoautojen, henkil\u00f6autojen ja pienvaunujen lis\u00e4varusteet\",\"publisher\":{\"@id\":\"https:\\\/\\\/www.castrum.ee\\\/fi\\\/#organization\"},\"potentialAction\":[{\"@type\":\"SearchAction\",\"target\":{\"@type\":\"EntryPoint\",\"urlTemplate\":\"https:\\\/\\\/www.castrum.ee\\\/fi\\\/?s={search_term_string}\"},\"query-input\":{\"@type\":\"PropertyValueSpecification\",\"valueRequired\":true,\"valueName\":\"search_term_string\"}}],\"inLanguage\":\"fi\"},{\"@type\":\"Organization\",\"@id\":\"https:\\\/\\\/www.castrum.ee\\\/fi\\\/#organization\",\"name\":\"Castrum Grupp O\u00dc\",\"url\":\"https:\\\/\\\/www.castrum.ee\\\/fi\\\/\",\"logo\":{\"@type\":\"ImageObject\",\"inLanguage\":\"fi\",\"@id\":\"https:\\\/\\\/www.castrum.ee\\\/fi\\\/#\\\/schema\\\/logo\\\/image\\\/\",\"url\":\"https:\\\/\\\/www.castrum.ee\\\/wp-content\\\/uploads\\\/2025\\\/03\\\/Castrum-logo-500.png\",\"contentUrl\":\"https:\\\/\\\/www.castrum.ee\\\/wp-content\\\/uploads\\\/2025\\\/03\\\/Castrum-logo-500.png\",\"width\":500,\"height\":250,\"caption\":\"Castrum Grupp O\u00dc\"},\"image\":{\"@id\":\"https:\\\/\\\/www.castrum.ee\\\/fi\\\/#\\\/schema\\\/logo\\\/image\\\/\"},\"sameAs\":[\"https:\\\/\\\/www.facebook.com\\\/castrum.ee\"]}]}<\/script>\n<!-- \/ Yoast SEO plugin. -->","yoast_head_json":{"title":"Maxliner Dual-function lavakuomun sivuikkuna Venturelle |","description":"Maxliner Dual-function lavakuomun sivuikkuna Venturelle - . Autojen, maastureiden ja pakettiautojen lis\u00e4varusteet. Varaosat.","robots":{"index":"index","follow":"follow","max-snippet":"max-snippet:-1","max-image-preview":"max-image-preview:large","max-video-preview":"max-video-preview:-1"},"canonical":"https:\/\/www.castrum.ee\/fi\/toode\/maxliner-dual-function-lavakuomun-sivuikkuna-venturelle\/","og_locale":"fi_FI","og_type":"article","og_title":"Maxliner Dual-function lavakuomun sivuikkuna Venturelle |","og_description":"Maxliner Dual-function lavakuomun sivuikkuna Venturelle - . Autojen, maastureiden ja pakettiautojen lis\u00e4varusteet. Varaosat.","og_url":"https:\/\/www.castrum.ee\/fi\/toode\/maxliner-dual-function-lavakuomun-sivuikkuna-venturelle\/","og_site_name":"Castrum","article_publisher":"https:\/\/www.facebook.com\/castrum.ee","article_modified_time":"2026-05-14T07:24:54+00:00","twitter_card":"summary_large_image","schema":{"@context":"https:\/\/schema.org","@graph":[{"@type":"WebPage","@id":"https:\/\/www.castrum.ee\/fi\/toode\/maxliner-dual-function-lavakuomun-sivuikkuna-venturelle\/","url":"https:\/\/www.castrum.ee\/fi\/toode\/maxliner-dual-function-lavakuomun-sivuikkuna-venturelle\/","name":"Maxliner Dual-function lavakuomun sivuikkuna Venturelle |","isPartOf":{"@id":"https:\/\/www.castrum.ee\/fi\/#website"},"primaryImageOfPage":{"@id":"https:\/\/www.castrum.ee\/fi\/toode\/maxliner-dual-function-lavakuomun-sivuikkuna-venturelle\/#primaryimage"},"image":{"@id":"https:\/\/www.castrum.ee\/fi\/toode\/maxliner-dual-function-lavakuomun-sivuikkuna-venturelle\/#primaryimage"},"thumbnailUrl":"https:\/\/www.castrum.ee\/wp-content\/uploads\/2026\/05\/doggy_window_1_4600b09a-772f-477f-bfee-ef29c7bcb26a.png","datePublished":"2026-05-11T09:28:29+00:00","dateModified":"2026-05-14T07:24:54+00:00","description":"Maxliner Dual-function lavakuomun sivuikkuna Venturelle - . Autojen, maastureiden ja pakettiautojen lis\u00e4varusteet. Varaosat.","breadcrumb":{"@id":"https:\/\/www.castrum.ee\/fi\/toode\/maxliner-dual-function-lavakuomun-sivuikkuna-venturelle\/#breadcrumb"},"inLanguage":"fi","potentialAction":[{"@type":"ReadAction","target":["https:\/\/www.castrum.ee\/fi\/toode\/maxliner-dual-function-lavakuomun-sivuikkuna-venturelle\/"]}]},{"@type":"ImageObject","inLanguage":"fi","@id":"https:\/\/www.castrum.ee\/fi\/toode\/maxliner-dual-function-lavakuomun-sivuikkuna-venturelle\/#primaryimage","url":"https:\/\/www.castrum.ee\/wp-content\/uploads\/2026\/05\/doggy_window_1_4600b09a-772f-477f-bfee-ef29c7bcb26a.png","contentUrl":"https:\/\/www.castrum.ee\/wp-content\/uploads\/2026\/05\/doggy_window_1_4600b09a-772f-477f-bfee-ef29c7bcb26a.png","width":1080,"height":607},{"@type":"BreadcrumbList","@id":"https:\/\/www.castrum.ee\/fi\/toode\/maxliner-dual-function-lavakuomun-sivuikkuna-venturelle\/#breadcrumb","itemListElement":[{"@type":"ListItem","position":1,"name":"Home","item":"https:\/\/www.castrum.ee\/fi\/kotisivu\/"},{"@type":"ListItem","position":2,"name":"Verkkokauppa","item":"https:\/\/www.castrum.ee\/fi\/kauppa\/"},{"@type":"ListItem","position":3,"name":"Maxliner Dual-function lavakuomun sivuikkuna Venturelle"}]},{"@type":"WebSite","@id":"https:\/\/www.castrum.ee\/fi\/#website","url":"https:\/\/www.castrum.ee\/fi\/","name":"Castrum","description":"Maastoautojen, henkil\u00f6autojen ja pienvaunujen lis\u00e4varusteet","publisher":{"@id":"https:\/\/www.castrum.ee\/fi\/#organization"},"potentialAction":[{"@type":"SearchAction","target":{"@type":"EntryPoint","urlTemplate":"https:\/\/www.castrum.ee\/fi\/?s={search_term_string}"},"query-input":{"@type":"PropertyValueSpecification","valueRequired":true,"valueName":"search_term_string"}}],"inLanguage":"fi"},{"@type":"Organization","@id":"https:\/\/www.castrum.ee\/fi\/#organization","name":"Castrum Grupp O\u00dc","url":"https:\/\/www.castrum.ee\/fi\/","logo":{"@type":"ImageObject","inLanguage":"fi","@id":"https:\/\/www.castrum.ee\/fi\/#\/schema\/logo\/image\/","url":"https:\/\/www.castrum.ee\/wp-content\/uploads\/2025\/03\/Castrum-logo-500.png","contentUrl":"https:\/\/www.castrum.ee\/wp-content\/uploads\/2025\/03\/Castrum-logo-500.png","width":500,"height":250,"caption":"Castrum Grupp O\u00dc"},"image":{"@id":"https:\/\/www.castrum.ee\/fi\/#\/schema\/logo\/image\/"},"sameAs":["https:\/\/www.facebook.com\/castrum.ee"]}]}},"_links":{"self":[{"href":"https:\/\/www.castrum.ee\/fi\/wp-json\/wp\/v2\/product\/88764","targetHints":{"allow":["GET"]}}],"collection":[{"href":"https:\/\/www.castrum.ee\/fi\/wp-json\/wp\/v2\/product"}],"about":[{"href":"https:\/\/www.castrum.ee\/fi\/wp-json\/wp\/v2\/types\/product"}],"wp:featuredmedia":[{"embeddable":true,"href":"https:\/\/www.castrum.ee\/fi\/wp-json\/wp\/v2\/media\/88864"}],"wp:attachment":[{"href":"https:\/\/www.castrum.ee\/fi\/wp-json\/wp\/v2\/media?parent=88764"}],"wp:term":[{"taxonomy":"mark-ja-mudel","embeddable":true,"href":"https:\/\/www.castrum.ee\/fi\/wp-json\/wp\/v2\/mark-ja-mudel?post=88764"},{"taxonomy":"product_brand","embeddable":true,"href":"https:\/\/www.castrum.ee\/fi\/wp-json\/wp\/v2\/product_brand?post=88764"},{"taxonomy":"product_cat","embeddable":true,"href":"https:\/\/www.castrum.ee\/fi\/wp-json\/wp\/v2\/product_cat?post=88764"},{"taxonomy":"product_tag","embeddable":true,"href":"https:\/\/www.castrum.ee\/fi\/wp-json\/wp\/v2\/product_tag?post=88764"}],"curies":[{"name":"wp","href":"https:\/\/api.w.org\/{rel}","templated":true}]}}