{"id":9449,"date":"2025-08-22T09:00:54","date_gmt":"2025-08-22T09:00:54","guid":{"rendered":"https:\/\/castrum.hume.ee\/?post_type=product&#038;p=9449"},"modified":"2025-12-11T13:38:05","modified_gmt":"2025-12-11T11:38:05","slug":"esiraud-qt001-atlas","status":"publish","type":"product","link":"https:\/\/www.castrum.ee\/fi\/toode\/esiraud-qt001-atlas\/","title":{"rendered":"Esiraud QT001 Atlas"},"content":{"rendered":"","protected":false},"excerpt":{"rendered":"<p>Esiraud p\u00f5hineb 5mm terasest raamil, mis on kaetud l\u00f6\u00f6gikindla pol\u00fcuretaani kihiga.<br \/>\nKomplekt sisaldab k\u00f5ike vajalikku paigalduseks.<\/p>\n","protected":false},"featured_media":9551,"template":"","meta":{"_acf_changed":false},"mark-ja-mudel":[],"product_brand":[487,163,133,114,294,162,289,369,346,131,130,166,165,134,359,288,113],"product_cat":[91,463],"product_tag":[],"class_list":{"0":"post-9449","1":"product","2":"type-product","3":"status-publish","4":"has-post-thumbnail","6":"product_brand-cr-v","7":"product_brand-d-max","8":"product_brand-ford","9":"product_brand-hilux","10":"product_brand-honda","11":"product_brand-isuzu","12":"product_brand-jimny","13":"product_brand-juke","14":"product_brand-kuga","15":"product_brand-l200","16":"product_brand-mitsubishi","17":"product_brand-navara","18":"product_brand-nissan","19":"product_brand-ranger","20":"product_brand-rav4","21":"product_brand-suzuki","22":"product_brand-toyota","23":"product_cat-4x4-rauad","24":"product_cat-esirauad-e-sertifikaadita","25":"product_shipping_class-suurveos","27":"first","28":"instock","29":"taxable","30":"shipping-taxable","31":"purchasable","32":"product-type-variable"},"bundled_by":[],"bundle_stock_status":"instock","bundle_stock_quantity":null,"bundle_virtual":false,"bundle_layout":"","bundle_add_to_cart_form_location":"","bundle_editable_in_cart":false,"bundle_sold_individually_context":"","bundle_item_grouping":"","bundle_min_size":"","bundle_max_size":"","bundle_price":[],"bundled_items":[],"bundle_sell_ids":[],"acf":[],"yoast_head":"<!-- This site is optimized with the Yoast SEO plugin v27.3 - https:\/\/yoast.com\/product\/yoast-seo-wordpress\/ -->\n<title>Esiraud QT001 Atlas | 4x4 rauad, Esirauad (e-sertifikaadita)<\/title>\n<meta name=\"description\" content=\"Esiraud QT001 Atlas - 4x4 rauad, Esirauad (e-sertifikaadita) . Autojen, maastureiden ja pakettiautojen lis\u00e4varusteet. Varaosat.\" \/>\n<meta name=\"robots\" content=\"index, follow, max-snippet:-1, max-image-preview:large, max-video-preview:-1\" \/>\n<link rel=\"canonical\" href=\"https:\/\/www.castrum.ee\/fi\/toode\/esiraud-qt001-atlas\/\" \/>\n<meta property=\"og:locale\" content=\"fi_FI\" \/>\n<meta property=\"og:type\" content=\"article\" \/>\n<meta property=\"og:title\" content=\"Esiraud QT001 Atlas | 4x4 rauad, Esirauad (e-sertifikaadita)\" \/>\n<meta property=\"og:description\" content=\"Esiraud QT001 Atlas - 4x4 rauad, Esirauad (e-sertifikaadita) . Autojen, maastureiden ja pakettiautojen lis\u00e4varusteet. Varaosat.\" \/>\n<meta property=\"og:url\" content=\"https:\/\/www.castrum.ee\/fi\/toode\/esiraud-qt001-atlas\/\" \/>\n<meta property=\"og:site_name\" content=\"Castrum\" \/>\n<meta property=\"article:publisher\" content=\"https:\/\/www.facebook.com\/castrum.ee\" \/>\n<meta property=\"article:modified_time\" content=\"2025-12-11T11:38:05+00:00\" \/>\n<meta property=\"og:image\" content=\"https:\/\/www.castrum.ee\/wp-content\/uploads\/2025\/08\/D10B7176-0DFC-4EA1-8343-B162EE027B72.jpeg\" \/>\n\t<meta property=\"og:image:width\" content=\"2048\" \/>\n\t<meta property=\"og:image:height\" content=\"1360\" \/>\n\t<meta property=\"og:image:type\" content=\"image\/jpeg\" \/>\n<meta name=\"twitter:card\" content=\"summary_large_image\" \/>\n<meta name=\"twitter:label1\" content=\"Arvioitu lukuaika\" \/>\n\t<meta name=\"twitter:data1\" content=\"1 minuutti\" \/>\n<script type=\"application\/ld+json\" class=\"yoast-schema-graph\">{\"@context\":\"https:\\\/\\\/schema.org\",\"@graph\":[{\"@type\":\"WebPage\",\"@id\":\"https:\\\/\\\/www.castrum.ee\\\/fi\\\/toode\\\/esiraud-qt001-atlas\\\/\",\"url\":\"https:\\\/\\\/www.castrum.ee\\\/fi\\\/toode\\\/esiraud-qt001-atlas\\\/\",\"name\":\"Esiraud QT001 Atlas | 4x4 rauad, Esirauad (e-sertifikaadita)\",\"isPartOf\":{\"@id\":\"https:\\\/\\\/www.castrum.ee\\\/fi\\\/#website\"},\"primaryImageOfPage\":{\"@id\":\"https:\\\/\\\/www.castrum.ee\\\/fi\\\/toode\\\/esiraud-qt001-atlas\\\/#primaryimage\"},\"image\":{\"@id\":\"https:\\\/\\\/www.castrum.ee\\\/fi\\\/toode\\\/esiraud-qt001-atlas\\\/#primaryimage\"},\"thumbnailUrl\":\"https:\\\/\\\/www.castrum.ee\\\/wp-content\\\/uploads\\\/2025\\\/08\\\/D10B7176-0DFC-4EA1-8343-B162EE027B72.jpeg\",\"datePublished\":\"2025-08-22T09:00:54+00:00\",\"dateModified\":\"2025-12-11T11:38:05+00:00\",\"description\":\"Esiraud QT001 Atlas - 4x4 rauad, Esirauad (e-sertifikaadita) . Autojen, maastureiden ja pakettiautojen lis\u00e4varusteet. Varaosat.\",\"breadcrumb\":{\"@id\":\"https:\\\/\\\/www.castrum.ee\\\/fi\\\/toode\\\/esiraud-qt001-atlas\\\/#breadcrumb\"},\"inLanguage\":\"fi\",\"potentialAction\":[{\"@type\":\"ReadAction\",\"target\":[\"https:\\\/\\\/www.castrum.ee\\\/fi\\\/toode\\\/esiraud-qt001-atlas\\\/\"]}]},{\"@type\":\"ImageObject\",\"inLanguage\":\"fi\",\"@id\":\"https:\\\/\\\/www.castrum.ee\\\/fi\\\/toode\\\/esiraud-qt001-atlas\\\/#primaryimage\",\"url\":\"https:\\\/\\\/www.castrum.ee\\\/wp-content\\\/uploads\\\/2025\\\/08\\\/D10B7176-0DFC-4EA1-8343-B162EE027B72.jpeg\",\"contentUrl\":\"https:\\\/\\\/www.castrum.ee\\\/wp-content\\\/uploads\\\/2025\\\/08\\\/D10B7176-0DFC-4EA1-8343-B162EE027B72.jpeg\",\"width\":2048,\"height\":1360},{\"@type\":\"BreadcrumbList\",\"@id\":\"https:\\\/\\\/www.castrum.ee\\\/fi\\\/toode\\\/esiraud-qt001-atlas\\\/#breadcrumb\",\"itemListElement\":[{\"@type\":\"ListItem\",\"position\":1,\"name\":\"Home\",\"item\":\"https:\\\/\\\/www.castrum.ee\\\/fi\\\/kotisivu\\\/\"},{\"@type\":\"ListItem\",\"position\":2,\"name\":\"Verkkokauppa\",\"item\":\"https:\\\/\\\/www.castrum.ee\\\/fi\\\/kauppa\\\/\"},{\"@type\":\"ListItem\",\"position\":3,\"name\":\"Esiraud QT001 Atlas\"}]},{\"@type\":\"WebSite\",\"@id\":\"https:\\\/\\\/www.castrum.ee\\\/fi\\\/#website\",\"url\":\"https:\\\/\\\/www.castrum.ee\\\/fi\\\/\",\"name\":\"Castrum\",\"description\":\"Maasturite, s\u00f5iduautode ja v\u00e4ikebusside lisavarustus\",\"publisher\":{\"@id\":\"https:\\\/\\\/www.castrum.ee\\\/fi\\\/#organization\"},\"potentialAction\":[{\"@type\":\"SearchAction\",\"target\":{\"@type\":\"EntryPoint\",\"urlTemplate\":\"https:\\\/\\\/www.castrum.ee\\\/fi\\\/?s={search_term_string}\"},\"query-input\":{\"@type\":\"PropertyValueSpecification\",\"valueRequired\":true,\"valueName\":\"search_term_string\"}}],\"inLanguage\":\"fi\"},{\"@type\":\"Organization\",\"@id\":\"https:\\\/\\\/www.castrum.ee\\\/fi\\\/#organization\",\"name\":\"Castrum Grupp O\u00dc\",\"url\":\"https:\\\/\\\/www.castrum.ee\\\/fi\\\/\",\"logo\":{\"@type\":\"ImageObject\",\"inLanguage\":\"fi\",\"@id\":\"https:\\\/\\\/www.castrum.ee\\\/fi\\\/#\\\/schema\\\/logo\\\/image\\\/\",\"url\":\"https:\\\/\\\/www.castrum.ee\\\/wp-content\\\/uploads\\\/2025\\\/03\\\/Castrum-logo-500.png\",\"contentUrl\":\"https:\\\/\\\/www.castrum.ee\\\/wp-content\\\/uploads\\\/2025\\\/03\\\/Castrum-logo-500.png\",\"width\":500,\"height\":250,\"caption\":\"Castrum Grupp O\u00dc\"},\"image\":{\"@id\":\"https:\\\/\\\/www.castrum.ee\\\/fi\\\/#\\\/schema\\\/logo\\\/image\\\/\"},\"sameAs\":[\"https:\\\/\\\/www.facebook.com\\\/castrum.ee\"]}]}<\/script>\n<!-- \/ Yoast SEO plugin. -->","yoast_head_json":{"title":"Esiraud QT001 Atlas | 4x4 rauad, Esirauad (e-sertifikaadita)","description":"Esiraud QT001 Atlas - 4x4 rauad, Esirauad (e-sertifikaadita) . Autojen, maastureiden ja pakettiautojen lis\u00e4varusteet. Varaosat.","robots":{"index":"index","follow":"follow","max-snippet":"max-snippet:-1","max-image-preview":"max-image-preview:large","max-video-preview":"max-video-preview:-1"},"canonical":"https:\/\/www.castrum.ee\/fi\/toode\/esiraud-qt001-atlas\/","og_locale":"fi_FI","og_type":"article","og_title":"Esiraud QT001 Atlas | 4x4 rauad, Esirauad (e-sertifikaadita)","og_description":"Esiraud QT001 Atlas - 4x4 rauad, Esirauad (e-sertifikaadita) . Autojen, maastureiden ja pakettiautojen lis\u00e4varusteet. Varaosat.","og_url":"https:\/\/www.castrum.ee\/fi\/toode\/esiraud-qt001-atlas\/","og_site_name":"Castrum","article_publisher":"https:\/\/www.facebook.com\/castrum.ee","article_modified_time":"2025-12-11T11:38:05+00:00","og_image":[{"width":2048,"height":1360,"url":"https:\/\/www.castrum.ee\/wp-content\/uploads\/2025\/08\/D10B7176-0DFC-4EA1-8343-B162EE027B72.jpeg","type":"image\/jpeg"}],"twitter_card":"summary_large_image","twitter_misc":{"Arvioitu lukuaika":"1 minuutti"},"schema":{"@context":"https:\/\/schema.org","@graph":[{"@type":"WebPage","@id":"https:\/\/www.castrum.ee\/fi\/toode\/esiraud-qt001-atlas\/","url":"https:\/\/www.castrum.ee\/fi\/toode\/esiraud-qt001-atlas\/","name":"Esiraud QT001 Atlas | 4x4 rauad, Esirauad (e-sertifikaadita)","isPartOf":{"@id":"https:\/\/www.castrum.ee\/fi\/#website"},"primaryImageOfPage":{"@id":"https:\/\/www.castrum.ee\/fi\/toode\/esiraud-qt001-atlas\/#primaryimage"},"image":{"@id":"https:\/\/www.castrum.ee\/fi\/toode\/esiraud-qt001-atlas\/#primaryimage"},"thumbnailUrl":"https:\/\/www.castrum.ee\/wp-content\/uploads\/2025\/08\/D10B7176-0DFC-4EA1-8343-B162EE027B72.jpeg","datePublished":"2025-08-22T09:00:54+00:00","dateModified":"2025-12-11T11:38:05+00:00","description":"Esiraud QT001 Atlas - 4x4 rauad, Esirauad (e-sertifikaadita) . Autojen, maastureiden ja pakettiautojen lis\u00e4varusteet. Varaosat.","breadcrumb":{"@id":"https:\/\/www.castrum.ee\/fi\/toode\/esiraud-qt001-atlas\/#breadcrumb"},"inLanguage":"fi","potentialAction":[{"@type":"ReadAction","target":["https:\/\/www.castrum.ee\/fi\/toode\/esiraud-qt001-atlas\/"]}]},{"@type":"ImageObject","inLanguage":"fi","@id":"https:\/\/www.castrum.ee\/fi\/toode\/esiraud-qt001-atlas\/#primaryimage","url":"https:\/\/www.castrum.ee\/wp-content\/uploads\/2025\/08\/D10B7176-0DFC-4EA1-8343-B162EE027B72.jpeg","contentUrl":"https:\/\/www.castrum.ee\/wp-content\/uploads\/2025\/08\/D10B7176-0DFC-4EA1-8343-B162EE027B72.jpeg","width":2048,"height":1360},{"@type":"BreadcrumbList","@id":"https:\/\/www.castrum.ee\/fi\/toode\/esiraud-qt001-atlas\/#breadcrumb","itemListElement":[{"@type":"ListItem","position":1,"name":"Home","item":"https:\/\/www.castrum.ee\/fi\/kotisivu\/"},{"@type":"ListItem","position":2,"name":"Verkkokauppa","item":"https:\/\/www.castrum.ee\/fi\/kauppa\/"},{"@type":"ListItem","position":3,"name":"Esiraud QT001 Atlas"}]},{"@type":"WebSite","@id":"https:\/\/www.castrum.ee\/fi\/#website","url":"https:\/\/www.castrum.ee\/fi\/","name":"Castrum","description":"Maasturite, s\u00f5iduautode ja v\u00e4ikebusside lisavarustus","publisher":{"@id":"https:\/\/www.castrum.ee\/fi\/#organization"},"potentialAction":[{"@type":"SearchAction","target":{"@type":"EntryPoint","urlTemplate":"https:\/\/www.castrum.ee\/fi\/?s={search_term_string}"},"query-input":{"@type":"PropertyValueSpecification","valueRequired":true,"valueName":"search_term_string"}}],"inLanguage":"fi"},{"@type":"Organization","@id":"https:\/\/www.castrum.ee\/fi\/#organization","name":"Castrum Grupp O\u00dc","url":"https:\/\/www.castrum.ee\/fi\/","logo":{"@type":"ImageObject","inLanguage":"fi","@id":"https:\/\/www.castrum.ee\/fi\/#\/schema\/logo\/image\/","url":"https:\/\/www.castrum.ee\/wp-content\/uploads\/2025\/03\/Castrum-logo-500.png","contentUrl":"https:\/\/www.castrum.ee\/wp-content\/uploads\/2025\/03\/Castrum-logo-500.png","width":500,"height":250,"caption":"Castrum Grupp O\u00dc"},"image":{"@id":"https:\/\/www.castrum.ee\/fi\/#\/schema\/logo\/image\/"},"sameAs":["https:\/\/www.facebook.com\/castrum.ee"]}]}},"_links":{"self":[{"href":"https:\/\/www.castrum.ee\/fi\/wp-json\/wp\/v2\/product\/9449","targetHints":{"allow":["GET"]}}],"collection":[{"href":"https:\/\/www.castrum.ee\/fi\/wp-json\/wp\/v2\/product"}],"about":[{"href":"https:\/\/www.castrum.ee\/fi\/wp-json\/wp\/v2\/types\/product"}],"wp:featuredmedia":[{"embeddable":true,"href":"https:\/\/www.castrum.ee\/fi\/wp-json\/wp\/v2\/media\/9551"}],"wp:attachment":[{"href":"https:\/\/www.castrum.ee\/fi\/wp-json\/wp\/v2\/media?parent=9449"}],"wp:term":[{"taxonomy":"mark-ja-mudel","embeddable":true,"href":"https:\/\/www.castrum.ee\/fi\/wp-json\/wp\/v2\/mark-ja-mudel?post=9449"},{"taxonomy":"product_brand","embeddable":true,"href":"https:\/\/www.castrum.ee\/fi\/wp-json\/wp\/v2\/product_brand?post=9449"},{"taxonomy":"product_cat","embeddable":true,"href":"https:\/\/www.castrum.ee\/fi\/wp-json\/wp\/v2\/product_cat?post=9449"},{"taxonomy":"product_tag","embeddable":true,"href":"https:\/\/www.castrum.ee\/fi\/wp-json\/wp\/v2\/product_tag?post=9449"}],"curies":[{"name":"wp","href":"https:\/\/api.w.org\/{rel}","templated":true}]}}